{"id":26,"date":"2014-09-18T12:24:32","date_gmt":"2014-09-18T11:24:32","guid":{"rendered":"http:\/\/agora.xtec.cat\/ceipcreixa\/?page_id=26"},"modified":"2017-05-19T16:02:27","modified_gmt":"2017-05-19T14:02:27","slug":"historia","status":"publish","type":"page","link":"https:\/\/agora.xtec.cat\/ceipcreixa\/lescola\/historia\/","title":{"rendered":"Hist\u00f2ria"},"content":{"rendered":"<p align=\"justify\">\n<p align=\"justify\"><span style=\"font-size: medium;\">A l&#8217;any 1931, despr\u00e9s d&#8217;un hivern molt dur, es va pensar que seria una bona idea tenir una escola pels masos que quedaven m\u00e9s allunyats del poble de Piera ja que quan nevava quedaven incomunicats i no podien anar a l&#8217;escola. Per aix\u00f2, es van escriure cartes al govern de la Rep\u00fablica demanant una escola. Els que manaven, els van dir que ho havien d&#8217;estudiar un arquitecte, els constructors i un metge.<\/span><\/p>\n<p align=\"justify\"><a href=\"http:\/\/agora.xtec.cat\/ceipcreixa\/wp-content\/uploads\/usu1518\/2014\/09\/alumnesantics.jpg\"><img loading=\"lazy\" decoding=\"async\" class=\"size-full wp-image-472 aligncenter\" src=\"http:\/\/agora.xtec.cat\/ceipcreixa\/wp-content\/uploads\/usu1518\/2014\/09\/alumnesantics.jpg\" alt=\"alumnesantics\" width=\"300\" height=\"234\" \/><\/a><\/p>\n<p align=\"justify\"><span style=\"font-size: medium;\">Despr\u00e9s de moltes visites, van decidir que Mas Figueres (un mas de Can Canals de Mas Bover) era un bon lloc per tenir una escola per als alumnes de Can Canals, Can Creixell i Can Cairot.<\/span><\/p>\n<p align=\"justify\"><span style=\"font-size: medium;\">A l&#8217;any 1935 va comen\u00e7ar a funcionar l&#8217;escola de Mas Figueres amb una mestra que era de Barcelona i que es passava la setmana vivint en una habitaci\u00f3 del costat de l&#8217;escola.<\/span><\/p>\n<p><span style=\"font-size: medium;\">L\u00b4esc<\/span><span style=\"font-size: medium;\">ola era molt petita , nom\u00e9s tenia una habitaci\u00f3. El material que feien servir era una pissarra petita, tinters, armaris, una estufa de llenya, una bola del m\u00f3n, diccionaris, llibres en<\/span><span style=\"font-size: medium;\"> castell\u00e0 i cadires i taules de fusta per als nens i nenes que anaven a l&#8217;escola.<\/span><\/p>\n<p><a href=\"http:\/\/agora.xtec.cat\/ceipcreixa\/wp-content\/uploads\/usu1518\/2014\/09\/escolaantiga.jpg\"><img loading=\"lazy\" decoding=\"async\" class=\"size-full wp-image-473 aligncenter\" src=\"http:\/\/agora.xtec.cat\/ceipcreixa\/wp-content\/uploads\/usu1518\/2014\/09\/escolaantiga.jpg\" alt=\"escolaantiga\" width=\"400\" height=\"298\" srcset=\"https:\/\/agora.xtec.cat\/ceipcreixa\/wp-content\/uploads\/usu1518\/2014\/09\/escolaantiga.jpg 400w, https:\/\/agora.xtec.cat\/ceipcreixa\/wp-content\/uploads\/usu1518\/2014\/09\/escolaantiga-300x224.jpg 300w, https:\/\/agora.xtec.cat\/ceipcreixa\/wp-content\/uploads\/usu1518\/2014\/09\/escolaantiga-200x150.jpg 200w\" sizes=\"auto, (max-width: 400px) 100vw, 400px\" \/><\/a><\/p>\n<p align=\"justify\"><span style=\"font-size: medium;\">A l&#8217;escola nom\u00e9s hi havia uns 20 nens i nenes i anaven a l&#8217;escola de dilluns a divendres encara que hi havia nens que quan era \u00e8poca de verema faltaven perqu\u00e8 anaven a ajudar als seus pares al camp.<\/span><\/p>\n<p><span style=\"font-size: medium;\">Els nens i les nenes jugaven a l\u00b4herba del camp del davant de l&#8217;escola per\u00f2 tamb\u00e9 tenien moltes feines a fer:<\/span><\/p>\n<p align=\"justify\"><span style=\"font-size: medium;\">-Cada dia al mat\u00ed, un nen o una nena treia la bandera espanyola a la fa\u00e7ana de l&#8217;escola i la penjava.<\/span><\/p>\n<p align=\"justify\"><span style=\"font-size: medium;\">-Cada mes, dos nens o nenes grans netejaven el jard\u00ed<\/span><\/p>\n<p align=\"justify\"><span style=\"font-size: medium;\">-Cada mes, els nens o les nenes m\u00e9s grans de l&#8217;escola treien els excrements que hi havia al lavabo.<\/span><\/p>\n<p align=\"justify\"><span style=\"font-size: medium;\">-La llenya de l&#8217;estufa la portaven les fam\u00edlies i l&#8217;estufa feia molta pudor.<\/span><\/p>\n","protected":false},"excerpt":{"rendered":"<p>A l&#8217;any 1931, despr\u00e9s d&#8217;un hivern molt dur, es va pensar que seria una bona idea tenir una escola pels masos que quedaven m\u00e9s allunyats del poble de Piera ja que quan nevava quedaven incomunicats i no podien anar a l&#8217;escola. Per aix\u00f2, es van escriure cartes al govern de la Rep\u00fablica demanant una escola. [&hellip;]<\/p>\n","protected":false},"author":1,"featured_media":0,"parent":22,"menu_order":20,"comment_status":"closed","ping_status":"closed","template":"page-templates\/side-menu.php","meta":{"_bbp_topic_count":0,"_bbp_reply_count":0,"_bbp_total_topic_count":0,"_bbp_total_reply_count":0,"_bbp_voice_count":0,"_bbp_anonymous_reply_count":0,"_bbp_topic_count_hidden":0,"_bbp_reply_count_hidden":0,"_bbp_forum_subforum_count":0,"site-sidebar-layout":"default","site-content-layout":"","ast-site-content-layout":"","site-content-style":"default","site-sidebar-style":"default","ast-global-header-display":"","ast-banner-title-visibility":"","ast-main-header-display":"","ast-hfb-above-header-display":"","ast-hfb-below-header-display":"","ast-hfb-mobile-header-display":"","site-post-title":"","ast-breadcrumbs-content":"","ast-featured-img":"","footer-sml-layout":"","theme-transparent-header-meta":"","adv-header-id-meta":"","stick-header-meta":"","header-above-stick-meta":"","header-main-stick-meta":"","header-below-stick-meta":"","astra-migrate-meta-layouts":"default","ast-page-background-enabled":"default","ast-page-background-meta":{"desktop":{"background-color":"var(--ast-global-color-4)","background-image":"","background-repeat":"repeat","background-position":"center center","background-size":"auto","background-attachment":"scroll","background-type":"","background-media":"","overlay-type":"","overlay-color":"","overlay-opacity":"","overlay-gradient":""},"tablet":{"background-color":"","background-image":"","background-repeat":"repeat","background-position":"center center","background-size":"auto","background-attachment":"scroll","background-type":"","background-media":"","overlay-type":"","overlay-color":"","overlay-opacity":"","overlay-gradient":""},"mobile":{"background-color":"","background-image":"","background-repeat":"repeat","background-position":"center center","background-size":"auto","background-attachment":"scroll","background-type":"","background-media":"","overlay-type":"","overlay-color":"","overlay-opacity":"","overlay-gradient":""}},"ast-content-background-meta":{"desktop":{"background-color":"var(--ast-global-color-5)","background-image":"","background-repeat":"repeat","background-position":"center center","background-size":"auto","background-attachment":"scroll","background-type":"","background-media":"","overlay-type":"","overlay-color":"","overlay-opacity":"","overlay-gradient":""},"tablet":{"background-color":"var(--ast-global-color-5)","background-image":"","background-repeat":"repeat","background-position":"center center","background-size":"auto","background-attachment":"scroll","background-type":"","background-media":"","overlay-type":"","overlay-color":"","overlay-opacity":"","overlay-gradient":""},"mobile":{"background-color":"var(--ast-global-color-5)","background-image":"","background-repeat":"repeat","background-position":"center center","background-size":"auto","background-attachment":"scroll","background-type":"","background-media":"","overlay-type":"","overlay-color":"","overlay-opacity":"","overlay-gradient":""}},"footnotes":""},"class_list":["post-26","page","type-page","status-publish","hentry"],"post_mailing_queue_ids":[],"_links":{"self":[{"href":"https:\/\/agora.xtec.cat\/ceipcreixa\/wp-json\/wp\/v2\/pages\/26","targetHints":{"allow":["GET"]}}],"collection":[{"href":"https:\/\/agora.xtec.cat\/ceipcreixa\/wp-json\/wp\/v2\/pages"}],"about":[{"href":"https:\/\/agora.xtec.cat\/ceipcreixa\/wp-json\/wp\/v2\/types\/page"}],"author":[{"embeddable":true,"href":"https:\/\/agora.xtec.cat\/ceipcreixa\/wp-json\/wp\/v2\/users\/1"}],"replies":[{"embeddable":true,"href":"https:\/\/agora.xtec.cat\/ceipcreixa\/wp-json\/wp\/v2\/comments?post=26"}],"version-history":[{"count":3,"href":"https:\/\/agora.xtec.cat\/ceipcreixa\/wp-json\/wp\/v2\/pages\/26\/revisions"}],"predecessor-version":[{"id":475,"href":"https:\/\/agora.xtec.cat\/ceipcreixa\/wp-json\/wp\/v2\/pages\/26\/revisions\/475"}],"up":[{"embeddable":true,"href":"https:\/\/agora.xtec.cat\/ceipcreixa\/wp-json\/wp\/v2\/pages\/22"}],"wp:attachment":[{"href":"https:\/\/agora.xtec.cat\/ceipcreixa\/wp-json\/wp\/v2\/media?parent=26"}],"curies":[{"name":"wp","href":"https:\/\/api.w.org\/{rel}","templated":true}]}}