{"id":80,"date":"2014-09-18T14:09:48","date_gmt":"2014-09-18T13:09:48","guid":{"rendered":"http:\/\/agora.xtec.cat\/ceipcorderoure\/?page_id=80"},"modified":"2021-03-08T17:19:28","modified_gmt":"2021-03-08T16:19:28","slug":"transport-escolar","status":"publish","type":"page","link":"https:\/\/agora.xtec.cat\/ceipcorderoure\/serveis\/transport-escolar\/","title":{"rendered":"Transport Escolar"},"content":{"rendered":"<p>&nbsp;<\/p>\n<p>L&#8217;escola disposa de tres rutes de transport, subvencionades pel Consell Comarcal de la Conca de Barber\u00e0. Les tres l\u00ednies passen per les seg\u00fcents poblacions:<\/p>\n<p>*\u00a0 Conesa &#8211; Les Piles &#8211; Biure de Gai\u00e0<\/p>\n<p>*\u00a0 Seguer &#8211; Pontils &#8211; Sant Gallard<\/p>\n<p>*\u00a0 Albi\u00f3 &#8211; Llorac<\/p>\n<p>&nbsp;<\/p>\n<p>&nbsp;<\/p>\n<p>&nbsp;<\/p>\n<p>&nbsp;<\/p>\n","protected":false},"excerpt":{"rendered":"<p>&nbsp;<br \/>\nL&#8217;escola disposa de tres rutes de transport, subvencionades pel Consell Comarcal de la Conca de Barber\u00e0. Les tres l\u00ednies passen per les seg\u00fcents poblacions:<br \/>\n*\u00a0 Conesa &#8211; Les Piles &#8211; Biure de Gai\u00e0<br \/>\n*\u00a0 Seguer &#8211; Pontils &#8211; Sant Gallard<br \/>\n*\u00a0 Albi\u00f3 &#8211; Llorac<br \/>\n&nbsp;<br \/>\n&nbsp;<br \/>\n&nbsp;<br \/>\n&nbsp;<\/p>\n","protected":false},"author":1,"featured_media":0,"parent":66,"menu_order":3,"comment_status":"closed","ping_status":"closed","template":"page-templates\/side-menu.php","meta":{"_bbp_topic_count":0,"_bbp_reply_count":0,"_bbp_total_topic_count":0,"_bbp_total_reply_count":0,"_bbp_voice_count":0,"_bbp_anonymous_reply_count":0,"_bbp_topic_count_hidden":0,"_bbp_reply_count_hidden":0,"_bbp_forum_subforum_count":0,"footnotes":""},"class_list":["post-80","page","type-page","status-publish","hentry"],"post_mailing_queue_ids":[],"_links":{"self":[{"href":"https:\/\/agora.xtec.cat\/ceipcorderoure\/wp-json\/wp\/v2\/pages\/80","targetHints":{"allow":["GET"]}}],"collection":[{"href":"https:\/\/agora.xtec.cat\/ceipcorderoure\/wp-json\/wp\/v2\/pages"}],"about":[{"href":"https:\/\/agora.xtec.cat\/ceipcorderoure\/wp-json\/wp\/v2\/types\/page"}],"author":[{"embeddable":true,"href":"https:\/\/agora.xtec.cat\/ceipcorderoure\/wp-json\/wp\/v2\/users\/1"}],"replies":[{"embeddable":true,"href":"https:\/\/agora.xtec.cat\/ceipcorderoure\/wp-json\/wp\/v2\/comments?post=80"}],"version-history":[{"count":3,"href":"https:\/\/agora.xtec.cat\/ceipcorderoure\/wp-json\/wp\/v2\/pages\/80\/revisions"}],"predecessor-version":[{"id":3678,"href":"https:\/\/agora.xtec.cat\/ceipcorderoure\/wp-json\/wp\/v2\/pages\/80\/revisions\/3678"}],"up":[{"embeddable":true,"href":"https:\/\/agora.xtec.cat\/ceipcorderoure\/wp-json\/wp\/v2\/pages\/66"}],"wp:attachment":[{"href":"https:\/\/agora.xtec.cat\/ceipcorderoure\/wp-json\/wp\/v2\/media?parent=80"}],"curies":[{"name":"wp","href":"https:\/\/api.w.org\/{rel}","templated":true}]}}