{"id":4960,"date":"2022-10-25T13:23:40","date_gmt":"2022-10-25T11:23:40","guid":{"rendered":"https:\/\/agora.xtec.cat\/ceipcorderoure\/?page_id=4960"},"modified":"2023-01-12T14:20:55","modified_gmt":"2023-01-12T13:20:55","slug":"shakespeare","status":"publish","type":"page","link":"https:\/\/agora.xtec.cat\/ceipcorderoure\/shakespeare\/","title":{"rendered":"Shakespeare"},"content":{"rendered":"<p><span style=\"font-weight: 400;\">El grup de mitjans de l\u2019escola fa el taller de Shakespeare on es treballa el teatre en angl\u00e8s. En grups internivell formats per alumnes de 1r, 2n i 3r durant les sessions que dura el taller, es treballa el conte d\u2019origen noruec <\/span><i><span style=\"font-weight: 400;\">The Three Billy Goats<\/span><\/i><span style=\"font-weight: 400;\">, tradu\u00eft a l\u2019angl\u00e8s per George Webbe Dasent. En aquest taller els alumnes preparen una petita dramatitzaci\u00f3 en angl\u00e8s que representen en petit grup a l\u2019\u00faltima sessi\u00f3. Aquests moments afavoreixen el di\u00e0leg, noves sensacions de parlar davant del grup i, en conseq\u00fc\u00e8ncia, l\u2019aprenentatge entre iguals. A trav\u00e9s del teatre en angl\u00e8s, els alumnes milloren l\u2019expressi\u00f3 oral en aquesta llengua.<\/span><\/p>\n<p><span style=\"font-weight: 400;\">A continuaci\u00f3, trobareu un recull de fotos i v\u00eddeos del<\/span><b>\u00a0taller Shakespeare<\/b><span style=\"font-weight: 400;\">.<\/span><\/p>\n<p><a href=\"https:\/\/drive.google.com\/file\/d\/1g9YEHnuSh3KO9Uw_1UAuJTuVwE120Kr-\/view?usp=share_link\"><span style=\"font-weight: 400;\">GRUP OCTUBRE &#8217;22<\/span><\/a><\/p>\n<p><a href=\"https:\/\/drive.google.com\/file\/d\/1urtIBfm0qYIVeLZ1CD9-J15j8TpmRe2x\/view?usp=share_link\"><span style=\"font-weight: 400;\">GRUP NOVEMBRE &#8217;22<\/span><\/a><\/p>\n<p><span style=\"font-weight: 400;\">GRUP DESEMBRE &#8217;22<\/span><\/p>\n<p><span style=\"font-weight: 400;\">GRUP GENER &#8217;23<\/span><\/p>\n","protected":false},"excerpt":{"rendered":"<p>El grup de mitjans de l\u2019escola fa el taller de Shakespeare on es treballa el teatre en angl\u00e8s. En grups internivell formats per alumnes de 1r, 2n i 3r durant les sessions que dura el taller, es treballa el conte d\u2019origen noruec The Three Billy&hellip;  <a href=\"https:\/\/agora.xtec.cat\/ceipcorderoure\/shakespeare\/\" title=\"Read Shakespeare\">Llegeix m\u00e9s\u00bb<\/a><\/p>\n","protected":false},"author":1,"featured_media":0,"parent":0,"menu_order":0,"comment_status":"closed","ping_status":"closed","template":"","meta":{"_bbp_topic_count":0,"_bbp_reply_count":0,"_bbp_total_topic_count":0,"_bbp_total_reply_count":0,"_bbp_voice_count":0,"_bbp_anonymous_reply_count":0,"_bbp_topic_count_hidden":0,"_bbp_reply_count_hidden":0,"_bbp_forum_subforum_count":0,"footnotes":""},"class_list":["post-4960","page","type-page","status-publish","hentry"],"post_mailing_queue_ids":[],"_links":{"self":[{"href":"https:\/\/agora.xtec.cat\/ceipcorderoure\/wp-json\/wp\/v2\/pages\/4960","targetHints":{"allow":["GET"]}}],"collection":[{"href":"https:\/\/agora.xtec.cat\/ceipcorderoure\/wp-json\/wp\/v2\/pages"}],"about":[{"href":"https:\/\/agora.xtec.cat\/ceipcorderoure\/wp-json\/wp\/v2\/types\/page"}],"author":[{"embeddable":true,"href":"https:\/\/agora.xtec.cat\/ceipcorderoure\/wp-json\/wp\/v2\/users\/1"}],"replies":[{"embeddable":true,"href":"https:\/\/agora.xtec.cat\/ceipcorderoure\/wp-json\/wp\/v2\/comments?post=4960"}],"version-history":[{"count":3,"href":"https:\/\/agora.xtec.cat\/ceipcorderoure\/wp-json\/wp\/v2\/pages\/4960\/revisions"}],"predecessor-version":[{"id":5113,"href":"https:\/\/agora.xtec.cat\/ceipcorderoure\/wp-json\/wp\/v2\/pages\/4960\/revisions\/5113"}],"wp:attachment":[{"href":"https:\/\/agora.xtec.cat\/ceipcorderoure\/wp-json\/wp\/v2\/media?parent=4960"}],"curies":[{"name":"wp","href":"https:\/\/api.w.org\/{rel}","templated":true}]}}