{"id":4959,"date":"2022-10-25T13:23:41","date_gmt":"2022-10-25T11:23:41","guid":{"rendered":"https:\/\/agora.xtec.cat\/ceipcorderoure\/?page_id=4959"},"modified":"2022-11-23T12:05:12","modified_gmt":"2022-11-23T11:05:12","slug":"marie-curie","status":"publish","type":"page","link":"https:\/\/agora.xtec.cat\/ceipcorderoure\/marie-curie\/","title":{"rendered":"Marie Curie"},"content":{"rendered":"<p>Al taller de Marie Curie hem fet experiments de tota mena. Vam fer pl\u00e0stic biodegradable amb llet i vinagre, vam descobrir la capil\u00b7laritat fent experiments amb paper de cuina i colorant, vam treure la clorofil\u00b7la de les plantes i hi vam posar un guix per veure qu\u00e8 passava i tamb\u00e9 vam descobrir la densitat fent barreges amb aigua i diferents quantitats de sucre. Ens ho vam passar d&#8217;all\u00f2 m\u00e9s b\u00e9!<\/p>\n<p>Si cliqueu <a href=\"https:\/\/drive.google.com\/drive\/folders\/1W4uaShoEHuMJXAaHWRjV_V_NSJhNLeIf\">aqu\u00ed<\/a>\u00a0en veureu una mostra!!!<\/p>\n","protected":false},"excerpt":{"rendered":"<p>Al taller de Marie Curie hem fet experiments de tota mena. Vam fer pl\u00e0stic biodegradable amb llet i vinagre, vam descobrir la capil\u00b7laritat fent experiments amb paper de cuina i colorant, vam treure la clorofil\u00b7la de les plantes i hi vam posar un guix per&hellip;  <a href=\"https:\/\/agora.xtec.cat\/ceipcorderoure\/marie-curie\/\" title=\"Read Marie Curie\">Llegeix m\u00e9s\u00bb<\/a><\/p>\n","protected":false},"author":1,"featured_media":0,"parent":0,"menu_order":0,"comment_status":"closed","ping_status":"closed","template":"","meta":{"_bbp_topic_count":0,"_bbp_reply_count":0,"_bbp_total_topic_count":0,"_bbp_total_reply_count":0,"_bbp_voice_count":0,"_bbp_anonymous_reply_count":0,"_bbp_topic_count_hidden":0,"_bbp_reply_count_hidden":0,"_bbp_forum_subforum_count":0,"footnotes":""},"class_list":["post-4959","page","type-page","status-publish","hentry"],"post_mailing_queue_ids":[],"_links":{"self":[{"href":"https:\/\/agora.xtec.cat\/ceipcorderoure\/wp-json\/wp\/v2\/pages\/4959","targetHints":{"allow":["GET"]}}],"collection":[{"href":"https:\/\/agora.xtec.cat\/ceipcorderoure\/wp-json\/wp\/v2\/pages"}],"about":[{"href":"https:\/\/agora.xtec.cat\/ceipcorderoure\/wp-json\/wp\/v2\/types\/page"}],"author":[{"embeddable":true,"href":"https:\/\/agora.xtec.cat\/ceipcorderoure\/wp-json\/wp\/v2\/users\/1"}],"replies":[{"embeddable":true,"href":"https:\/\/agora.xtec.cat\/ceipcorderoure\/wp-json\/wp\/v2\/comments?post=4959"}],"version-history":[{"count":3,"href":"https:\/\/agora.xtec.cat\/ceipcorderoure\/wp-json\/wp\/v2\/pages\/4959\/revisions"}],"predecessor-version":[{"id":5046,"href":"https:\/\/agora.xtec.cat\/ceipcorderoure\/wp-json\/wp\/v2\/pages\/4959\/revisions\/5046"}],"wp:attachment":[{"href":"https:\/\/agora.xtec.cat\/ceipcorderoure\/wp-json\/wp\/v2\/media?parent=4959"}],"curies":[{"name":"wp","href":"https:\/\/api.w.org\/{rel}","templated":true}]}}