{"id":4958,"date":"2022-10-25T13:23:24","date_gmt":"2022-10-25T11:23:24","guid":{"rendered":"https:\/\/agora.xtec.cat\/ceipcorderoure\/?page_id=4958"},"modified":"2023-03-30T16:35:01","modified_gmt":"2023-03-30T14:35:01","slug":"roald-dahl-mitjans","status":"publish","type":"page","link":"https:\/\/agora.xtec.cat\/ceipcorderoure\/roald-dahl-mitjans\/","title":{"rendered":"Roald Dahl  Mitjans"},"content":{"rendered":"<p><strong>GRUP MITJANS<\/strong><\/p>\n<p>Al taller de Roald Dahl hem explicat el conte de &#8220;Charlie i la f\u00e0brica de xocolata&#8221;. L&#8217;hem explicat durant les 3 sessions que ha durat el taller. Ha cada sessi\u00f3 hem treballat un tros del conte i hem pogut profunditzar amb els seus personatges i el seu comportament.<br \/>\nPer altra banda, hem obtingut informaci\u00f3 de l&#8217;escriptor Roald Dahl: la seva vida, la seva obra&#8230; i hem pogut comprovar que en Roald va escriure molts llibres i que d&#8217;alguns se n&#8217;ha fet pel\u00b7l\u00edcules, com \u00e9s el cas de &#8220;Charlie i la f\u00e0brica de xocolata&#8221;.<br \/>\nI per finalitzar, com que molts coneixem la pel\u00b7l\u00edcula de Tim Burton de &#8220;Charlie i la f\u00e0brica de xocolata&#8221;, hem fet la comparaci\u00f3 entre el llibre i la pel\u00b7l\u00edcula.<\/p>\n<p>La segona volta del taller de biblioteca, els mitjans estem treballant el llibre del &#8220;Petit Pr\u00edncep&#8221;.<br \/>\n<a href=\"https:\/\/drive.google.com\/drive\/folders\/1eAp7DrDZWw8tHtIyS85u7N37CJEBGjZJ?usp=share_link\">Aqu\u00ed<\/a> teniu algunes fotos del taller de biblioteca.<\/p>\n<p><strong>GRUP GRANS<\/strong><\/p>\n<p>El taller de biblioteca del grup de grans, durant la primera volta hem treballat l&#8217;escriptor Roald Dahl. Hem descobert tres llibres de l&#8217;autor: Agu-trot, Els Culdolla i En Jordi i la medicina meravellosa.<\/p>\n<p>Ens ha agradat molt descobrir\u00a0 aquest gran escriptor , del qual alguns llibres s&#8217;han portat a la gran pantalla; com Matilda i Charlie i la f\u00e0brica de Xocolata.<\/p>\n<p>Durant la segona volta, hem treballat &#8220;El petit pr\u00edncep&#8221;. I a partir del llibre fem un lapbook on hi resumim les principals idees.<\/p>\n<p>Si voleu veure les fotos podeu clicar <a href=\"https:\/\/drive.google.com\/drive\/folders\/1q-PRuvvfVz_2PVGZyq51iaHJXXHj8jvK?usp=sharing\">aqu\u00ed<\/a><\/p>\n<p>&nbsp;<\/p>\n<p>&nbsp;<\/p>\n<p>&nbsp;<\/p>\n","protected":false},"excerpt":{"rendered":"<p>GRUP MITJANS<br \/>\nAl taller de Roald Dahl hem explicat el conte de &#8220;Charlie i la f\u00e0brica de xocolata&#8221;. L&#8217;hem explicat durant les 3 sessions que ha durat el taller. Ha cada sessi\u00f3 hem treballat un tros del conte i hem pogut profunditzar amb els seus personatges&hellip;  <a href=\"https:\/\/agora.xtec.cat\/ceipcorderoure\/roald-dahl-mitjans\/\" title=\"Read Roald Dahl  Mitjans\">Llegeix m\u00e9s\u00bb<\/a><\/p>\n","protected":false},"author":16,"featured_media":0,"parent":0,"menu_order":0,"comment_status":"closed","ping_status":"closed","template":"","meta":{"_bbp_topic_count":0,"_bbp_reply_count":0,"_bbp_total_topic_count":0,"_bbp_total_reply_count":0,"_bbp_voice_count":0,"_bbp_anonymous_reply_count":0,"_bbp_topic_count_hidden":0,"_bbp_reply_count_hidden":0,"_bbp_forum_subforum_count":0,"footnotes":""},"class_list":["post-4958","page","type-page","status-publish","hentry"],"post_mailing_queue_ids":[],"_links":{"self":[{"href":"https:\/\/agora.xtec.cat\/ceipcorderoure\/wp-json\/wp\/v2\/pages\/4958","targetHints":{"allow":["GET"]}}],"collection":[{"href":"https:\/\/agora.xtec.cat\/ceipcorderoure\/wp-json\/wp\/v2\/pages"}],"about":[{"href":"https:\/\/agora.xtec.cat\/ceipcorderoure\/wp-json\/wp\/v2\/types\/page"}],"author":[{"embeddable":true,"href":"https:\/\/agora.xtec.cat\/ceipcorderoure\/wp-json\/wp\/v2\/users\/16"}],"replies":[{"embeddable":true,"href":"https:\/\/agora.xtec.cat\/ceipcorderoure\/wp-json\/wp\/v2\/comments?post=4958"}],"version-history":[{"count":3,"href":"https:\/\/agora.xtec.cat\/ceipcorderoure\/wp-json\/wp\/v2\/pages\/4958\/revisions"}],"predecessor-version":[{"id":5203,"href":"https:\/\/agora.xtec.cat\/ceipcorderoure\/wp-json\/wp\/v2\/pages\/4958\/revisions\/5203"}],"wp:attachment":[{"href":"https:\/\/agora.xtec.cat\/ceipcorderoure\/wp-json\/wp\/v2\/media?parent=4958"}],"curies":[{"name":"wp","href":"https:\/\/api.w.org\/{rel}","templated":true}]}}