{"id":4486,"date":"2022-03-08T12:37:45","date_gmt":"2022-03-08T11:37:45","guid":{"rendered":"https:\/\/agora.xtec.cat\/ceipcorderoure\/?page_id=4486"},"modified":"2025-03-25T13:51:50","modified_gmt":"2025-03-25T12:51:50","slug":"hort","status":"publish","type":"page","link":"https:\/\/agora.xtec.cat\/ceipcorderoure\/tallers\/hort\/","title":{"rendered":"Hort"},"content":{"rendered":"<p><strong>L&#8217;HORT<\/strong> \u00e9s un espai privilegiat que permet manipular, experimentar, con\u00e8ixer, tenir contacte amb la natura, afavorir el respecte per la biodiversitat\u2026 en definitiva, \u00e9s una font de vida i d&#8217;aprenentatges significatius. D&#8217;aquesta manera, l&#8217;hort es converteix en una eina pedag\u00f2gica que ens permet potenciar la transmissi\u00f3 del coneixement i els valors de la cura, el respecte per l&#8217;entorn, de l&#8217;ecologia i la sostenibilitat. Aix\u00ed mateix tamb\u00e9 esdev\u00e9 un espai de participaci\u00f3 activa, de treball en equip i de cooperaci\u00f3 entre els alumnes.<\/p>\n<p>Al llarg del curs, durant les sessions del taller internivell dedicat a aquest espai, som els i les alumnes d&#8217;educaci\u00f3 infantil qui el cuidem, hi plantem i intentem donar-li vida al mateix temps que aprenem molt\u00edssimes coses sobre l&#8217;agricultura, el respecte i la cura del medi ambient, les plantes i les verdures, etc.<\/p>\n<p>A continuaci\u00f3 us anirem detallant una mica les diferents sessions que realitzem, tot i que, evidentment, anem condicionats una mica pel clima i pel que el propi hort ens demana.<\/p>\n<p><strong>CURS 24-25<\/strong><\/p>\n<p><em><strong>Sessi\u00f3 1<\/strong><\/em>: CONEIXEM LES EINES DE L&#8217;HORT. Hem anat a veure on tenim l&#8217;hort de l&#8217;escola i seguidament, dins l&#8217;aula, hem pogut veure les eines que utilitzarem per treballar-hi. Hem conegut la regadora, la galleda, els guants, els rampins i el caveguet, entre d&#8217;altres. Hem acabat la sessi\u00f3 pintant les eines, per tenir un recordatori en format paper. (Si voleu visualitzar les fotos cliqueu <a href=\"https:\/\/drive.google.com\/drive\/folders\/1DEW9rvkuip0npuCC95Ljbpec9hi1SRc6?usp=sharing\">aqu\u00ed<\/a>).<\/p>\n<p><em><strong>Sessi\u00f3 2:\u00a0<\/strong><\/em>PREPAREM L&#8217;HORT I COMENCEM A PLANTAR. Amb les eines de l&#8217;hort hem acabat de treure les males herbes i ja ens hem disposat a plantar. Hem plantat dos palots de cebes, un palot d&#8217;enciam llarg i un palot d&#8217;enciam meravella. L&#8217;\u00faltim palot que ens quedava el vam fer d&#8217;alls que, pr\u00e8viament, vam desgranar.\u00a0 Aquesta vegada tamb\u00e9 hem d&#8217;agrair l&#8217;ajuda d&#8217;un pag\u00e8s que ens va aconsellar de les dist\u00e0ncies id\u00f2nies per cada tipus de planter. (Si voleu visualitzar les fotos cliqueu <a href=\"https:\/\/drive.google.com\/drive\/folders\/1IQy5SHDlA1EdmUawxcdmr8nZF1_jgVzA?usp=sharing\">aqu\u00ed<\/a>).<\/p>\n<p><strong><em>Sessi\u00f3 3<\/em><\/strong>: CONEIXEM LES HORTALISSES. Amb uns v\u00eddeos de &#8220;smile and learn&#8221; hem pogut recordar com son algunes de les verdures i hortalisses que treballem. Seguidament hem pintat i punxat diverses hortalisses que hem pogut prendre cap a casa dins un sobre.\u00a0 (Si voleu visualitzar les fotos cliqueu <a href=\"https:\/\/drive.google.com\/drive\/folders\/1mxl9trYLFIWULan9XYBbwSLZSCSCoa-d?usp=sharing\">aqu\u00ed<\/a>).<\/p>\n<p>&nbsp;<\/p>\n<p>&nbsp;<\/p>\n<p>&nbsp;<\/p>\n<p>&nbsp;<\/p>\n","protected":false},"excerpt":{"rendered":"<p>L&#8217;HORT \u00e9s un espai privilegiat que permet manipular, experimentar, con\u00e8ixer, tenir contacte amb la natura, afavorir el respecte per la biodiversitat\u2026 en definitiva, \u00e9s una font de vida i d&#8217;aprenentatges significatius. D&#8217;aquesta manera, l&#8217;hort es converteix en una eina pedag\u00f2gica que ens permet potenciar la&hellip;  <a href=\"https:\/\/agora.xtec.cat\/ceipcorderoure\/tallers\/hort\/\" title=\"Read Hort\">Llegeix m\u00e9s\u00bb<\/a><\/p>\n","protected":false},"author":29,"featured_media":0,"parent":4249,"menu_order":0,"comment_status":"closed","ping_status":"closed","template":"","meta":{"_bbp_topic_count":0,"_bbp_reply_count":0,"_bbp_total_topic_count":0,"_bbp_total_reply_count":0,"_bbp_voice_count":0,"_bbp_anonymous_reply_count":0,"_bbp_topic_count_hidden":0,"_bbp_reply_count_hidden":0,"_bbp_forum_subforum_count":0,"footnotes":""},"class_list":["post-4486","page","type-page","status-publish","hentry"],"post_mailing_queue_ids":[],"_links":{"self":[{"href":"https:\/\/agora.xtec.cat\/ceipcorderoure\/wp-json\/wp\/v2\/pages\/4486","targetHints":{"allow":["GET"]}}],"collection":[{"href":"https:\/\/agora.xtec.cat\/ceipcorderoure\/wp-json\/wp\/v2\/pages"}],"about":[{"href":"https:\/\/agora.xtec.cat\/ceipcorderoure\/wp-json\/wp\/v2\/types\/page"}],"author":[{"embeddable":true,"href":"https:\/\/agora.xtec.cat\/ceipcorderoure\/wp-json\/wp\/v2\/users\/29"}],"replies":[{"embeddable":true,"href":"https:\/\/agora.xtec.cat\/ceipcorderoure\/wp-json\/wp\/v2\/comments?post=4486"}],"version-history":[{"count":7,"href":"https:\/\/agora.xtec.cat\/ceipcorderoure\/wp-json\/wp\/v2\/pages\/4486\/revisions"}],"predecessor-version":[{"id":5788,"href":"https:\/\/agora.xtec.cat\/ceipcorderoure\/wp-json\/wp\/v2\/pages\/4486\/revisions\/5788"}],"up":[{"embeddable":true,"href":"https:\/\/agora.xtec.cat\/ceipcorderoure\/wp-json\/wp\/v2\/pages\/4249"}],"wp:attachment":[{"href":"https:\/\/agora.xtec.cat\/ceipcorderoure\/wp-json\/wp\/v2\/media?parent=4486"}],"curies":[{"name":"wp","href":"https:\/\/api.w.org\/{rel}","templated":true}]}}