{"id":4480,"date":"2022-03-08T13:03:54","date_gmt":"2022-03-08T12:03:54","guid":{"rendered":"https:\/\/agora.xtec.cat\/ceipcorderoure\/?page_id=4480"},"modified":"2024-04-11T17:53:43","modified_gmt":"2024-04-11T15:53:43","slug":"ioga","status":"publish","type":"page","link":"https:\/\/agora.xtec.cat\/ceipcorderoure\/tallers\/ioga\/","title":{"rendered":"Ioga"},"content":{"rendered":"<p>CURS 23\/24<\/p>\n<p>Al <strong>taller de Ioga<\/strong> coneixem el nostre cos i aprenem diferents t\u00e8cniques de relaxaci\u00f3 i meditaci\u00f3. La finalitat d&#8217;aquests tallers \u00e9s <strong>progressar en el domini del cos<\/strong> a trav\u00e9s del <strong>moviment<\/strong> i les &#8220;asanes&#8221; per assolir <strong>seguretat emocional<\/strong> i una <strong>autoimatge positiva.<\/strong><\/p>\n<p>Aquest taller el realitzem a la sala de psicomotricitat, per\u00f2 ja saben que estaran tranquils. Encetem un encens i comencem a respirar i a escoltar el silenci. Llavors s&#8217;explica la sessi\u00f3 que faran aquell dia:<\/p>\n<p>Sessi\u00f3 1:<\/p>\n<ul>\n<li><strong>Introducci\u00f3 al Ioga:<\/strong><\/li>\n<\/ul>\n<p><span style=\"font-weight: 400;\">En la primera sessi\u00f3 volem con\u00e8ixer la sala de Ioga, agafar l\u2019estoreta i seure tranquil\u00b7lament en silenci. Olorem l&#8217;encens i respirem tranquil\u00b7lament.\u00a0<\/span><span style=\"font-weight: 400;\">Es llegir\u00e0 el conte IOGA i aniran fent les postures que ens va guiant. Despr\u00e9s, farem unes respiracions a trav\u00e9s de diferents t\u00e8cniques:<\/span><\/p>\n<ul>\n<li style=\"font-weight: 400;\" aria-level=\"1\"><span style=\"font-weight: 400;\">Des de la postura del lle\u00f3 expirem fort per la boca.<\/span><\/li>\n<li style=\"font-weight: 400;\" aria-level=\"1\"><span style=\"font-weight: 400;\">Agafem una floreta del terra i l\u2019olorem<\/span><\/li>\n<\/ul>\n<p><span style=\"font-weight: 400;\">Finalment, es far\u00e0 un &#8220;savasana&#8221; amb m\u00fasica relaxant.\u00a0 La mestra fa massatges amb una tela.<\/span><\/p>\n<p>Observeu les fotografies en aquest <a href=\"https:\/\/drive.google.com\/drive\/folders\/1oZZb1Ua7nAF0uMKaKTmdB0Veg1U_OYN8?usp=drive_link\">enlla\u00e7<\/a>.<\/p>\n<p>&nbsp;<\/p>\n<p>Sessi\u00f3 2:<\/p>\n<ul>\n<li><strong>La papallona i el mussol:<\/strong><\/li>\n<\/ul>\n<p><span style=\"font-weight: 400;\">En una petita rotllana anem destapa i coneixen tots els personatges de la hist\u00f2ria. Amb cadascun fem l&#8217;asana de ioga que toqui. Despr\u00e9s repartim les estoretes i reprodu\u00efm les asanes amb l\u2019explicaci\u00f3 del conte.\u00a0<\/span><\/p>\n<p><span style=\"font-weight: 400;\">Finalment, es fa una relaxaci\u00f3 de dos en dos mentre es fan un massatge relaxant amb una pilota.\u00a0<\/span><\/p>\n<p>Observeu les fotografies en aquest <a href=\"https:\/\/drive.google.com\/drive\/folders\/1YgnIYWRD6myDVmJPIjvaABODcD6N53Dj?usp=drive_link\">enlla\u00e7<\/a>.<\/p>\n<p>&nbsp;<\/p>\n<p>Sessi\u00f3 3:<\/p>\n<ul>\n<li><strong>Estimo als altres:<\/strong><\/li>\n<\/ul>\n<p><span style=\"font-weight: 400;\">Primer de tot l&#8217;alumnat coneixer\u00e0 un instrument molt utilitzat al ioga, el bol tibet\u00e0 i el seu so m\u00e0gic. Deixem que nens i nenes toquin l\u2019instrument observant les seves particularitats.\u00a0<\/span><\/p>\n<p><span style=\"font-weight: 400;\">S\u2019explica com el ioga tamb\u00e9 ens ajuda a estar b\u00e9 amb els altres i a estimar-nos i cuidar-nos. Per aquest motiu, es repartir\u00e0 una estoreta per compartir amb parella. La sessi\u00f3 de ioga consistir\u00e0 a fer asanes en parella. Uns petits reptes que es podran aconseguir gr\u00e0cies a la plena confian\u00e7a en l&#8217;altre company o companya.<\/span><\/p>\n<p>Finalment, es fa una relaxaci\u00f3 en rotllana fent massatges a l&#8217;esquena i cap de l&#8217;infant del davant. Tamb\u00e9 escoltem el bol tibet\u00e0 amb ulls tancats.<\/p>\n<p><span style=\"font-weight: 400;\">Observeu les fotografies en aquest <a href=\"https:\/\/drive.google.com\/drive\/folders\/1c_H0B3-XjYYGkbB4nDdDZ1fbhHoYI1VM?usp=drive_link\">enlla\u00e7<\/a>.\u00a0<\/span><\/p>\n<p>&nbsp;<\/p>\n<p><span style=\"font-weight: 400;\">Sessi\u00f3 4: <\/span><\/p>\n<ul>\n<li><strong style=\"font-family: inherit; font-size: 1em;\">M&#8217;estimo a mi mateix:<\/strong><\/li>\n<\/ul>\n<p>A l&#8217;inici de la sessi\u00f3 i els mostrarem una capsa m\u00e0gica i una hist\u00f2ria per motivar-los a mirar qu\u00e8 hi ha dins. La capsa els mostrar\u00e0 una<strong> joia molt apreciada que han de cuidar<\/strong> (ells mateixos).<\/p>\n<p>Despr\u00e9s d&#8217;aquesta petita din\u00e0mica i de la conversa els animarem a fer el saludo al sol. Primer ensenyarem tots els passos i despr\u00e9s el farem amb una can\u00e7\u00f3.<\/p>\n<p>Tot seguit, deixarem que els infants agafin targetes de diferents asanes que els agradin per practicar-les en solitari o amb un company o companya.<\/p>\n<p>Acabarem la sessi\u00f3 amb una relaxaci\u00f3 final i uns massatges.<\/p>\n<p>Podeu veure les fotos en el seg\u00fcent <a href=\"https:\/\/drive.google.com\/drive\/folders\/1fFhfdBbOYhQUXzWNpyGynx8Cs3hlidLY?usp=drive_link\">enlla\u00e7<\/a>.<\/p>\n<p>&nbsp;<\/p>\n","protected":false},"excerpt":{"rendered":"<p>CURS 23\/24<br \/>\nAl taller de Ioga coneixem el nostre cos i aprenem diferents t\u00e8cniques de relaxaci\u00f3 i meditaci\u00f3. La finalitat d&#8217;aquests tallers \u00e9s progressar en el domini del cos a trav\u00e9s del moviment i les &#8220;asanes&#8221; per assolir seguretat emocional i una autoimatge positiva.<br \/>\nAquest taller el&hellip;  <a href=\"https:\/\/agora.xtec.cat\/ceipcorderoure\/tallers\/ioga\/\" title=\"Read Ioga\">Llegeix m\u00e9s\u00bb<\/a><\/p>\n","protected":false},"author":1,"featured_media":0,"parent":4249,"menu_order":0,"comment_status":"closed","ping_status":"closed","template":"","meta":{"_bbp_topic_count":0,"_bbp_reply_count":0,"_bbp_total_topic_count":0,"_bbp_total_reply_count":0,"_bbp_voice_count":0,"_bbp_anonymous_reply_count":0,"_bbp_topic_count_hidden":0,"_bbp_reply_count_hidden":0,"_bbp_forum_subforum_count":0,"footnotes":""},"class_list":["post-4480","page","type-page","status-publish","hentry"],"post_mailing_queue_ids":[],"_links":{"self":[{"href":"https:\/\/agora.xtec.cat\/ceipcorderoure\/wp-json\/wp\/v2\/pages\/4480","targetHints":{"allow":["GET"]}}],"collection":[{"href":"https:\/\/agora.xtec.cat\/ceipcorderoure\/wp-json\/wp\/v2\/pages"}],"about":[{"href":"https:\/\/agora.xtec.cat\/ceipcorderoure\/wp-json\/wp\/v2\/types\/page"}],"author":[{"embeddable":true,"href":"https:\/\/agora.xtec.cat\/ceipcorderoure\/wp-json\/wp\/v2\/users\/1"}],"replies":[{"embeddable":true,"href":"https:\/\/agora.xtec.cat\/ceipcorderoure\/wp-json\/wp\/v2\/comments?post=4480"}],"version-history":[{"count":6,"href":"https:\/\/agora.xtec.cat\/ceipcorderoure\/wp-json\/wp\/v2\/pages\/4480\/revisions"}],"predecessor-version":[{"id":5596,"href":"https:\/\/agora.xtec.cat\/ceipcorderoure\/wp-json\/wp\/v2\/pages\/4480\/revisions\/5596"}],"up":[{"embeddable":true,"href":"https:\/\/agora.xtec.cat\/ceipcorderoure\/wp-json\/wp\/v2\/pages\/4249"}],"wp:attachment":[{"href":"https:\/\/agora.xtec.cat\/ceipcorderoure\/wp-json\/wp\/v2\/media?parent=4480"}],"curies":[{"name":"wp","href":"https:\/\/api.w.org\/{rel}","templated":true}]}}