{"id":4443,"date":"2022-03-02T12:43:19","date_gmt":"2022-03-02T11:43:19","guid":{"rendered":"https:\/\/agora.xtec.cat\/ceipcorderoure\/?page_id=4443"},"modified":"2025-05-08T12:48:00","modified_gmt":"2025-05-08T10:48:00","slug":"biblioroure","status":"publish","type":"page","link":"https:\/\/agora.xtec.cat\/ceipcorderoure\/tallers\/biblioroure\/","title":{"rendered":"Biblioroure"},"content":{"rendered":"<p>CURS 24\/25<\/p>\n<p><em><strong>PINOTXO<\/strong><\/em><\/p>\n<p><span style=\"font-weight: 400;\">Hem comen\u00e7at\u00a0 el taller saludant el Sr. Savi i presentant-lo a l\u2019alumnat nou. Hem anat a veure\u00a0 la seva caseta i\u00a0 els seus ajudants. A continuaci\u00f3 hem conegut\u00a0 el funcionament, espai i \u00fas de la nostra biblioteca. Es tracta que tot jugant, els m\u00e9s menuts de l\u2019escola coneguin com\u00a0 funciona la nostra biblioteca, descobreixin les normes a trav\u00e9s d\u2019uns dibuixets, se s\u00e0piguen moure pels\u00a0 diferents espais, coneguin\u00a0 com\u00a0 estan classificats\u00a0 els llibres i quins s\u00f3n els que poden utilitzar,\u2026..<\/span><\/p>\n<p><span style=\"font-weight: 400;\">Un cop finalitzada la formaci\u00f3 d\u2019usuaris hem obert la capseta de m\u00fasica i hem explicat\u00a0 el conte del PINOTXO amb titelles i elements representatius.<\/span><\/p>\n<p>Despr\u00e9s de la hist\u00f2ria els i les alumnes han pogut representar-la ells utilitzant tots els elements que han anat sortint al llarg del conte: la <span style=\"font-weight: 400;\">\u00a0<\/span><span style=\"font-weight: 400;\">titella de fusta del Pinotxo, la bata i martell de fuster d&#8217;en Gepeto, la balena de paper, les fustes de la fusteria,&#8230;.. <\/span>En fi que hem gaudit una bona estona amb un altre dels grans cl\u00e0ssics de la literatura infantil.<\/p>\n<p>Abans d&#8217;acabar la sessi\u00f3 tamb\u00e9 hem tingut una estoneta per mirar i remenar alguns llibres de la biblioteca. Aqu\u00ed teniu les <a href=\"https:\/\/drive.google.com\/drive\/folders\/1ZVWmI3egzogazF0mxu2sTA0H2hVHH4UG?usp=sharing\">fotografies<\/a><\/p>\n<p>&nbsp;<\/p>\n<p><em><strong>ELS TRES PORQUETS<\/strong><\/em><\/p>\n<p>Amb el llibre adaptat de Xos\u00e9 Ballesteros i les il\u00b7lustracions de Marcos Som\u00e0 hem explicat un altre cl\u00e0ssic de la literatura, en aquest cas, el conte Els Tres Porquets. Hem gaudit d&#8217;aquest \u00e0lbum il\u00b7lustrat\u00a0 de l&#8217;editorial Kalandraka i la seva entretinguda\u00a0 hist\u00f2ria.<\/p>\n<p>Aquest curs volem donar molt protagonisme i posar en valor al llibre en format paper ja que \u00e9s un dels nostres predilectes.<\/p>\n<p>Un cop acabat el conte hem fet uns petits tallers de construcci\u00f3 de titelles. Tamb\u00e9 hem pogut jugar amb les titelles del conte que ja tenim.<\/p>\n<p>Aqu\u00ed teniu les <a href=\"https:\/\/drive.google.com\/drive\/folders\/13PfUhNyD-4kTio73k2VGl9Afqo4ggMSV?usp=drive_link\">fotografies<\/a><\/p>\n<p>&nbsp;<\/p>\n<p><em><strong>AL\u00cdCIA AL PA\u00cdS DE LES MERAVELLES<\/strong><\/em><\/p>\n<p>Aquest conte de Lewis Carrol, un altre cl\u00e0ssic de la literatura infantil, ens explica la hist\u00f2ria d&#8217;Al\u00edcia, una nena que\u00a0 s&#8217;adorm i somia que persegueix el Conill Blanc. En entrar al seu cau, hi descobreix un m\u00f3n on tot \u00e9s possible, el pa\u00eds de les meravelles. La mescla magistral de somni i realitat permet construir un espai imaginari, ple d\u2019animals i d\u2019objectes animats. El conte ha estat acompanyat per les titelles que surten a la hist\u00f2ria que han aparegut\u00a0 per sorpresa\u00a0 dins d&#8217;una capseta m\u00e0gica.<\/p>\n<p>Despr\u00e9s d&#8217;explicar el conte i jugar amb les titelles, hem gaudit d&#8217;una estoneta per mirar i remenar llibres tranquil\u00b7lament per la biblioteca. Alguns han escollit els contes gegants, altres els mini contes, altres han escollit contes d&#8217;animals,&#8230;. Ens ha agradat mirar contes i saber-los tornar a guardar.<\/p>\n<p>Aqu\u00ed teniu les<a href=\"https:\/\/drive.google.com\/drive\/folders\/1zLhIhTewWyUGW0QHtvHbJhd9vtXOpeMk?usp=drive_link\"> fotografies<\/a><\/p>\n<p><em><strong>DE QU\u00c8 FA GUST LA LLUNA?<\/strong><\/em><\/p>\n<p>De qu\u00e8 fa gust la lluna? \u00e9s una obra de Michael Grejniec, escriptor i il\u00b7lustrador, \u00a0referent de la literatura infantil i aquest conte, considerada la seva millor obra, \u00e9s un treball magn\u00edfic pel missatge que finalment transmet.\u00a0 La hist\u00f2ria comen\u00e7a amb el capritx de la tortuga per mossegar la lluna. Quan veu que no hi arriba, comen\u00e7a a cridar a diferents animals com l&#8217;elefant, la girafa, el lle\u00f3 i alguns m\u00e9s perqu\u00e8 l&#8217;ajudin. El seu objectiu \u00e9s arribar a mossegar la lluna i entre tots ho intentaran. Aix\u00ed doncs, els animals\u00a0<em>de la<\/em>\u00a0selva ens mostraran com les coses compartides sempre fan millor\u00a0<em>gust<\/em>.<\/p>\n<p>Un cop explicat el conte hem parlat sobre quin gust li hauria pogut trobar cadasc\u00fa de nosaltres. Llavors\u00a0 ho hem escrit en una petita\u00a0 lluna de cartolina i ho hem dibuixat. Els hem\u00a0 penjat tots a la finestra al voltant d&#8217;una lluna i ha quedat molt bonic. Cadasc\u00fa li ha descobert un gust diferent: maduixa, pl\u00e0tan, macarrons, &#8220;xuxes&#8221;, espaguetis,&#8230;&#8230;<\/p>\n<p>Aqu\u00ed teniu les <a href=\"https:\/\/drive.google.com\/drive\/folders\/19AHROB76f3NxYYSoyyMGKQ0mJf8VTkEk?usp=drive_link\">fotografies<\/a><\/p>\n<p>CURS 23\/24<\/p>\n<p><em><strong>TALLER DE FORMACI\u00d3 D&#8217;USUARIS<\/strong><\/em><\/p>\n<p>Despr\u00e9s d&#8217;haver conegut el Sr. Savi, la seva caseta i tots els seus ajudants, avui hem fet un taller \u00a0per afavorir l\u2019aprenentatge del funcionament, espai i \u00fas de la nostra biblioteca. Es tracta que tot jugant, els m\u00e9s menuts de l&#8217;escola coneguin com\u00a0 funciona la nostra biblioteca, descobreixin les normes a trav\u00e9s d&#8217;uns dibuixets, se s\u00e0piguen moure pels\u00a0 diferents espais, coneguin\u00a0 com\u00a0 estan ordenats els llibres i quins s\u00f3n els que poden utilitzar,&#8230;..<\/p>\n<p>Ahhh tamb\u00e9 hem escoltat la capseta de m\u00fasica i hem explicat un conte interactiu\u00a0 de l&#8217;<strong>Herv\u00e9 Tullet<\/strong> on tothom ha participat. Ha sigut divertit!<\/p>\n<p>Si voleu veure les fotos cliqueu <a href=\"https:\/\/drive.google.com\/drive\/folders\/18xg-NJrd7D39nwUghK7xmATwMgGFLscq?usp=drive_link\">aqu\u00ed<\/a><\/p>\n<p><em><strong>L&#8217;ANEGUET LLEIG<\/strong><\/em><\/p>\n<p>Dins el projecte dels grans cl\u00e0ssics de la literatura, aquest curs coneixerem <strong>Hans Christian Andersen<\/strong>\u00a0 i els seus contes.<\/p>\n<p>Resulta que aquest aneguet ni era lleig ni era un \u00e0nec; era simplement diferent. Encara que aquest conte\u00a0 data del segle XVIII, no ha perdut la vig\u00e8ncia i ens pot continuar sent \u00fatil per treballar diversos valors amb els nens i les nenes.<\/p>\n<p>A trav\u00e9s d&#8217;una escenificaci\u00f3 amb titelles aquesta faula ens ha ajudat a explicar als m\u00e9s petits que, de\u00a0 vegades, les persones jutgem per les aparences i creem estereotips sense fonaments. <strong><em>L\u2019aneguet lleig <\/em><\/strong>ens ha servit doncs<strong>,<\/strong>\u00a0per tractar <strong>valors<\/strong> com l\u2019autoestima, la humilitat i, fins i tot, problemes com l\u2019assetjament escolar.<\/p>\n<p>Despr\u00e9s de les titelles hem fet un petit debat\/reflexi\u00f3\u00a0 per poder opinar sobre aquests temes i un cop finalitzat , els infants han jugat amb les titelles , els animals i la granja.<\/p>\n<p>Si voleu veure fotos cliqueu <a href=\"https:\/\/drive.google.com\/drive\/folders\/1ElbLw7HRxlhPE6Y9sfbCGOZZqvXOsNXq?usp=sharing\">aqu\u00ed<\/a><\/p>\n<p><em><strong>EL SOLDADET DE PLOM<\/strong><\/em><\/p>\n<p>I continuant amb els contes del dan\u00e8s<strong> Hans Christian Andersen<\/strong> ha arribat el torn del Soldadet de Plom. Ens agradaria esmentar que sempre que ho creiem necessari en aquests contes tradicionals escrits fa molt de temps, hi realitzem les adaptacions que creiem convenients per tal d&#8217;evitar reproduir\u00a0 rols i estereotips de la societat i vetllar sempre per la igualtat de g\u00e8nere.<\/p>\n<p>En aquest cas, despr\u00e9s d&#8217; explicar el conte a trav\u00e9s d&#8217; unes il\u00b7lustracions molt boniques de Clara Luna , vam construir un vaixell de paper per cada infant i hi vam posar un soldadet a dins. Els hi va agradar molt poder-lo portar a casa i aix\u00ed poder explicar-los aquest hist\u00f2ria tan bonica!<\/p>\n<p>Si voleu veure fotos cliqueu <a href=\"https:\/\/drive.google.com\/drive\/folders\/1XJ2--QVqIlF6RhgHjR0hAyGWff7Ep1le?usp=sharing\">aqu\u00ed<\/a><\/p>\n<p><em><strong>EL CONILLET PERE<\/strong><\/em><\/p>\n<p><span style=\"font-weight: 400;\">Per fi ha arribat el torn de con\u00e8ixer una de\u00a0 les poques escriptores femenines\u00a0 de la literatura cl\u00e0ssica,<\/span><b> Beatrix Potter<\/b><span style=\"font-weight: 400;\"> i les seves populars hist\u00f2ries del conillet Pere<\/span><b>.<\/b><span style=\"font-weight: 400;\">\u00a0 Aquesta hist\u00f2ria ens explica\u00a0 que en Pere,tot\u00a0 desobeint les ordres de la seva mare, es cola al jard\u00ed del Sr. McGregor i menja tantes verdures com pot abans que el Sr. McGregor el descobreixi i comenci a perseguir-lo. Al final, en Pere aconsegueix escapar, per\u00f2 no sense perdre la seva jaqueta i els seus esclops, que el Sr. McGregor utilitza per fer\u00a0 el seu nou espantaocells.<\/span><\/p>\n<p><span style=\"font-weight: 400;\">Hem explicat el conte en paper, mostrant les boniques\u00a0 il\u00b7lustracions d\u2019aquest. Un cop finalitzada la hist\u00f2ria hem pintat\u00a0 el conillet Pere\u00a0 fet en cartolina i amb una pin\u00e7a d\u2019estendre roba, tamb\u00e9 pintada, l\u2019hem convertit en un bonic\u00a0 punt de llibre.<\/span><\/p>\n<p><span style=\"font-weight: 400;\">Podeu veure les fotos clicant <\/span><a href=\"https:\/\/drive.google.com\/drive\/folders\/1MH2EjS6M5RMwoq8kRdoK96VaVHcJH2Uz?usp=sharing\"><span style=\"font-weight: 400;\">aqu\u00ed<\/span><\/a><\/p>\n<p>&nbsp;<\/p>\n<p>&nbsp;<\/p>\n<p>CURS 22\/23<\/p>\n<p><em><strong>EL FLAUTISTA D&#8217;HAMEL\u00cdN<\/strong><\/em><\/p>\n<p>Per comen\u00e7ar el nostre taller internivells\u00a0 (P3, P4 i P5) a la Biblioroure hem conegut el Sr. SAVI i els seus ajudants en TIP i en TAP. Ells s\u00f3n els vigilants de la biblioteca de l&#8217;escola i els encarregats\u00a0 de\u00a0 qu\u00e8 tot estigui en ordre i a punt.<\/p>\n<p>El Sr. Savi viu en una caseta de fusta molt bonica i en Tip i en Tap, quan no fan alguna trapelleria, dormen dins la seva maleta vermella.<\/p>\n<p>Primer ens hem assegut als coixinets de la tarima de fusta i ens hem relaxat amb la capseta de m\u00fasica. Llavors, la S\u00edlvia, ens ha explicat el conte: <strong>El Flautista d&#8217;Hamel\u00edn.<\/strong> Caram quin munt de rates, ratetes i ratotes per tot arreu! Fins i tot quan el conte s&#8217;ha acabat hem pogut gaudir representant el conte i convertint-nos en rates i ratolins.<\/p>\n<p>Aquest curs ens iniciem en un cicle de tres anys on anirem coneixent autors i autores de la literatura cl\u00e0ssica infantil i algunes de les seves obres.\u00a0 Comen\u00e7arem\u00a0 coneixent\u00a0 qui van ser els famosos G<strong>ermans Grimm<\/strong> i alguns dels seus contes.<\/p>\n<p>Si voleu veure les fotos cliqueu <a href=\"https:\/\/drive.google.com\/drive\/folders\/1AQ2KxAM1LTHVargsHa3jlOZnIQmkKMXg?usp=share_link\">aqu\u00ed<\/a><\/p>\n<p>&nbsp;<\/p>\n<p><strong><em>HANSEL &amp; GRETEL<\/em><\/strong><\/p>\n<p>El segon taller d&#8217;aquest curs ha comen\u00e7at amb el conte que transcorre dins una\u00a0 caseta de Xocolata. Si, si, els seus protagonistes s\u00f3n en Hansel, la seva germana Gretel i la bruixa del bosc. Un cop explicat el conte\u00a0 ha vingut la part m\u00e9s divertida. Hem fet un taller de pintar\u00a0 amb XOCOLATA DESFETA! Si voleu que us diguem la veritat ha sigut dif\u00edcil no menjar-nos la pintura dels nostres quadres perqu\u00e8 feia una bona olor&#8230;&#8230; Tan aviat llep\u00e0vem com pint\u00e0vem&#8230;.<\/p>\n<p>Si voleu veure les fotos cliqueu<a href=\"https:\/\/drive.google.com\/drive\/folders\/1tao25My4aZGbpSBaDze_wb95XYYZpcwv?usp=share_link\"> aqu\u00ed<\/a><\/p>\n<p><em><strong>EL SASTRE VALENT<\/strong><\/em><\/p>\n<p>Aquesta vegada hem escollit la hist\u00f2ria\u00a0 d&#8217;un protagonista humil, un sastre, que, gr\u00e0cies al seu enginy\u00a0 aconsegueix ser reconegut i valorat. Un conte popular de tota la vida que no ha deixat als infants indiferents. Despr\u00e9s\u00a0 hem fet racons de joc molt divertits:\u00a0 una\u00a0 caixa\u00a0 \u00a0amb elements del conte per poder-lo representar,\u00a0 un espai d&#8217;enfilar tal i com feia el sastre i un altre espai per visualitzar diferents edicions del conte.<\/p>\n<p>Si voleu veure les imatges cliqueu <a href=\"https:\/\/drive.google.com\/drive\/folders\/1zWZoqEx8RGN_llNnzk9eASanfKt2ShyO?usp=share_link\">aqu\u00ed<\/a><\/p>\n<p><em><strong>BLANCANEU I ELS SET NANS<\/strong><\/em><\/p>\n<p>I continuant amb la selecci\u00f3 de contes cl\u00e0ssics escrits i recollits pels famosos germans Grimm, aquesta vegada ha arribat el torn del conte de la Blancaneu. Nom\u00e9s entrar, el senyor\u00a0 Savi ens esperava\u00a0 amb una sorpresa.\u00a0 A la biblioteca hi havia set\u00a0 nans de peluix, una poma, un mirall i una disfressa. Aviat hem endevinat quina seria la hist\u00f2ria d&#8217;avui.<\/p>\n<p>Si voleu veure les fotos cliqueu <a href=\"https:\/\/drive.google.com\/drive\/folders\/11T5yfAf1vFvjdgvhEFpoEwrtGGkRsqQr?usp=share_link\">aqu\u00ed<\/a>.<\/p>\n<p>&nbsp;<\/p>\n<p><em><strong>LES SET CABRETES I EL LLOP<\/strong><\/em><\/p>\n<p>Per finalitzar la ronda de tallers, hem escollit aquest conte, tamb\u00e9 escrit pels germans Grimm. Un cl\u00e0ssic que hem visualitzat al can\u00f3 de la biblioteca. A continuaci\u00f3 hem treballat la formaci\u00f3 d&#8217;usuaris tot explicant qu\u00e8 signifiquen els gomets que estan al llom dels llibres i com estan distribu\u00efts a la nostra\u00a0 biblioteca. Hem tingut temps lliure per mirar i remenar els contes que m\u00e9s ens han agradat!<\/p>\n<p>Podeu veure les fotos clicant<a href=\"https:\/\/drive.google.com\/drive\/folders\/12llVtKNlW_b7Rz0_tEq5zLSN94dMzxBN?usp=share_link\"> aqu\u00ed.<\/a><\/p>\n<p>&nbsp;<\/p>\n<p>CURS 21\/22<\/p>\n<p>Els contes s\u00f3n una eina molt \u00fatil per treballar els valors, s\u00f3n molt visuals i permeten que els alumnes reflexionin sobre tem\u00e0tiques molt diverses (Nati Bergad\u00e0).<\/p>\n<p>En el taller de Biblioroure els infants coneixen el Senyor Savi, una titella que estima molt tots els contes i llibres en general. Per a cada sessi\u00f3, el Senyor Savi ens escull un conte i ens prepara una activitat relacionada amb aquest amb l&#8217;objectiu de treballar diversos valors fonamentals: la llibertat i la responsabilitat personal, l&#8217;autoestima, les emocions, la solidaritat, el respecte, la igualtat, l&#8217;equitat, la resoluci\u00f3 de conflictes, la toler\u00e0ncia, la no discriminaci\u00f3, etc.<\/p>\n<p>A continuaci\u00f3 us deixem la relaci\u00f3 de contes que anem treballant:<\/p>\n<p>&nbsp;<\/p>\n<p><span style=\"text-decoration: underline;\"><strong>L&#8217;OVELLETA QUE VA VENIR A SOPAR<\/strong><\/span><strong> &#8211; Steve Samallman<\/strong><\/p>\n<p><a href=\"https:\/\/agora.xtec.cat\/ceipcorderoure\/wp-content\/uploads\/usu709\/2022\/03\/ovell.jpg\"><img loading=\"lazy\" decoding=\"async\" class=\"wp-image-4444 aligncenter\" src=\"https:\/\/agora.xtec.cat\/ceipcorderoure\/wp-content\/uploads\/usu709\/2022\/03\/ovell.jpg\" alt=\"\" width=\"126\" height=\"107\" \/><\/a><\/p>\n<p>Aquest conte est\u00e0 protagonitzat per un llop i una ovelleta, dos personatges molt cl\u00e0ssics en els contes infantils, que en aquesta ocasi\u00f3, a difer\u00e8ncia del que estem habituats, establiran una bonica i sincera amistat.<\/p>\n<p><em>L&#8217;Ovelleta que va venir a sopar<\/em> ens permet treballar valors com l&#8217;amistat, la tendresa, la solidaritat, la necessitat d&#8217;ajudar als m\u00e9s d\u00e8bils i l&#8217;empatia.<\/p>\n<p>Si voleu veure les fotografies del taller cliqueu <a href=\"https:\/\/drive.google.com\/drive\/folders\/1xUzjU_XNPX1cBd9jx_Z6cvCp1TeMiA-N?usp=sharing\"><strong>aqu\u00ed<\/strong><\/a>.<\/p>\n<p>&nbsp;<\/p>\n<p><span style=\"text-decoration: underline;\"><strong>T&#8217;ESTIMO (QUASI SEMPRE)<\/strong><\/span><strong> &#8211; Anna Llenas<\/strong><\/p>\n<p><a href=\"https:\/\/agora.xtec.cat\/ceipcorderoure\/wp-content\/uploads\/usu709\/2022\/03\/testimo-quasi-sempre.jpg\"><img loading=\"lazy\" decoding=\"async\" class=\"wp-image-4537 aligncenter\" src=\"https:\/\/agora.xtec.cat\/ceipcorderoure\/wp-content\/uploads\/usu709\/2022\/03\/testimo-quasi-sempre-1024x1024.jpg\" alt=\"\" width=\"117\" height=\"117\" srcset=\"https:\/\/agora.xtec.cat\/ceipcorderoure\/wp-content\/uploads\/usu709\/2022\/03\/testimo-quasi-sempre-1024x1024.jpg 1024w, https:\/\/agora.xtec.cat\/ceipcorderoure\/wp-content\/uploads\/usu709\/2022\/03\/testimo-quasi-sempre-300x300.jpg 300w, https:\/\/agora.xtec.cat\/ceipcorderoure\/wp-content\/uploads\/usu709\/2022\/03\/testimo-quasi-sempre-150x150.jpg 150w, https:\/\/agora.xtec.cat\/ceipcorderoure\/wp-content\/uploads\/usu709\/2022\/03\/testimo-quasi-sempre-768x768.jpg 768w, https:\/\/agora.xtec.cat\/ceipcorderoure\/wp-content\/uploads\/usu709\/2022\/03\/testimo-quasi-sempre-1536x1536.jpg 1536w, https:\/\/agora.xtec.cat\/ceipcorderoure\/wp-content\/uploads\/usu709\/2022\/03\/testimo-quasi-sempre.jpg 2000w\" sizes=\"auto, (max-width: 117px) 100vw, 117px\" \/><\/a><\/p>\n<p>Per qu\u00e8 un mateix tret d&#8217;una persona de vegades ens agrada i d&#8217;altres ens molesta?<\/p>\n<p>En Lolo i la Rita s\u00f3n molt diferents entre si. Acceptar la diversitat sovint no \u00e9s f\u00e0cil&#8230;Per\u00f2 qui els va dir que ho seria?<\/p>\n<p>Un conte per a infants i grans que convida a la comprensi\u00f3 d&#8217;all\u00f2 que ens fa diferents, mostrant el m\u00e0gic efecte dels pols oposats.<\/p>\n<p>Si voleu veure les fotografies del taller cliqueu <strong><a href=\"https:\/\/drive.google.com\/drive\/folders\/199pgVRnnvRlLMbyPVEF8-WKp7HKxOGaG?usp=sharing\">aqu\u00ed<\/a><\/strong>.<\/p>\n<p>&nbsp;<\/p>\n<p><span style=\"text-decoration: underline;\"><strong>UNA HIST\u00d2RIA DE DUES B\u00c8STIES<\/strong><\/span><strong> &#8211; Fiona Roberton<\/strong><\/p>\n<p><a href=\"https:\/\/agora.xtec.cat\/ceipcorderoure\/wp-content\/uploads\/usu709\/2022\/05\/historia-2-besties.jpg\"><img loading=\"lazy\" decoding=\"async\" class=\" wp-image-4667 aligncenter\" src=\"https:\/\/agora.xtec.cat\/ceipcorderoure\/wp-content\/uploads\/usu709\/2022\/05\/historia-2-besties.jpg\" alt=\"\" width=\"119\" height=\"123\" \/><\/a><\/p>\n<p>Una nena rescata una bestiola al bosc i se l&#8217;enduu a casa. Per\u00f2, per algun motiu, la bestiola no \u00e9s feli\u00e7!<\/p>\n<p>Aquesta divertida i encantadora hist\u00f2ria mostra dues cares sobre la import\u00e0ncia de veure el m\u00f3n de maneres diferents.<\/p>\n<p>Si voleu veure les fotografies del taller cliqueu <strong><a href=\"https:\/\/drive.google.com\/drive\/folders\/1dNP2_51wWIg22_mAmyMz6HkJPbs9XUqN?usp=sharing\">aqu\u00ed<\/a><\/strong>.<\/p>\n<p><span style=\"text-decoration: underline;\"><strong>EL PEIX IRISAT<\/strong><\/span><strong> &#8211; Marcus Pfister<\/strong><\/p>\n<p><a href=\"https:\/\/agora.xtec.cat\/ceipcorderoure\/wp-content\/uploads\/usu709\/2022\/06\/peix-irisat.jpg\"><img loading=\"lazy\" decoding=\"async\" class=\"wp-image-4812 aligncenter\" src=\"https:\/\/agora.xtec.cat\/ceipcorderoure\/wp-content\/uploads\/usu709\/2022\/06\/peix-irisat.jpg\" alt=\"\" width=\"99\" height=\"132\" \/><\/a><\/p>\n<p>Al fons del mar, hi viu el peix Irisat, l&#8217;animal m\u00e9s bonic de tot l&#8217;oce\u00e0 gr\u00e0cies a les seves escates brillants de colors. Per\u00f2 tamb\u00e9 \u00e9s el peix m\u00e9s solitari, ning\u00fa no vol estar amb ell. Com aconseguir\u00e0 tornar a ser feli\u00e7?<\/p>\n<p>Aquest \u00e9s un conte cl\u00e0ssic guardonat amb el qual els m\u00e9s petits aprenen valors tan importants com ara l&#8217;amistat i la generositat.<\/p>\n<p>Si voleu veure les fotografies del taller cliqueu <a href=\"https:\/\/drive.google.com\/drive\/folders\/10O3QkRU0yh94Wjs7liAIpdCrsyJNutGh?usp=sharing\"><strong>aqu\u00ed<\/strong><\/a>.<\/p>\n","protected":false},"excerpt":{"rendered":"<p>CURS 24\/25<br \/>\nPINOTXO<br \/>\nHem comen\u00e7at\u00a0 el taller saludant el Sr. Savi i presentant-lo a l\u2019alumnat nou. Hem anat a veure\u00a0 la seva caseta i\u00a0 els seus ajudants. A continuaci\u00f3 hem conegut\u00a0 el funcionament, espai i \u00fas de la nostra biblioteca. Es tracta que tot jugant, els m\u00e9s&hellip;  <a href=\"https:\/\/agora.xtec.cat\/ceipcorderoure\/tallers\/biblioroure\/\" title=\"Read Biblioroure\">Llegeix m\u00e9s\u00bb<\/a><\/p>\n","protected":false},"author":13,"featured_media":0,"parent":4249,"menu_order":0,"comment_status":"closed","ping_status":"closed","template":"","meta":{"_bbp_topic_count":0,"_bbp_reply_count":0,"_bbp_total_topic_count":0,"_bbp_total_reply_count":0,"_bbp_voice_count":0,"_bbp_anonymous_reply_count":0,"_bbp_topic_count_hidden":0,"_bbp_reply_count_hidden":0,"_bbp_forum_subforum_count":0,"footnotes":""},"class_list":["post-4443","page","type-page","status-publish","hentry"],"post_mailing_queue_ids":[],"_links":{"self":[{"href":"https:\/\/agora.xtec.cat\/ceipcorderoure\/wp-json\/wp\/v2\/pages\/4443","targetHints":{"allow":["GET"]}}],"collection":[{"href":"https:\/\/agora.xtec.cat\/ceipcorderoure\/wp-json\/wp\/v2\/pages"}],"about":[{"href":"https:\/\/agora.xtec.cat\/ceipcorderoure\/wp-json\/wp\/v2\/types\/page"}],"author":[{"embeddable":true,"href":"https:\/\/agora.xtec.cat\/ceipcorderoure\/wp-json\/wp\/v2\/users\/13"}],"replies":[{"embeddable":true,"href":"https:\/\/agora.xtec.cat\/ceipcorderoure\/wp-json\/wp\/v2\/comments?post=4443"}],"version-history":[{"count":7,"href":"https:\/\/agora.xtec.cat\/ceipcorderoure\/wp-json\/wp\/v2\/pages\/4443\/revisions"}],"predecessor-version":[{"id":5942,"href":"https:\/\/agora.xtec.cat\/ceipcorderoure\/wp-json\/wp\/v2\/pages\/4443\/revisions\/5942"}],"up":[{"embeddable":true,"href":"https:\/\/agora.xtec.cat\/ceipcorderoure\/wp-json\/wp\/v2\/pages\/4249"}],"wp:attachment":[{"href":"https:\/\/agora.xtec.cat\/ceipcorderoure\/wp-json\/wp\/v2\/media?parent=4443"}],"curies":[{"name":"wp","href":"https:\/\/api.w.org\/{rel}","templated":true}]}}