{"id":4395,"date":"2022-02-22T16:51:49","date_gmt":"2022-02-22T15:51:49","guid":{"rendered":"https:\/\/agora.xtec.cat\/ceipcorderoure\/?page_id=4395"},"modified":"2022-10-26T14:11:55","modified_gmt":"2022-10-26T12:11:55","slug":"experimentacio","status":"publish","type":"page","link":"https:\/\/agora.xtec.cat\/ceipcorderoure\/tallers\/experimentacio\/","title":{"rendered":"Experimentaci\u00f3 Grans"},"content":{"rendered":"<p><a href=\"https:\/\/drive.google.com\/drive\/folders\/1kJOR_EgDFUMPO8xu_6PpPjLtAobs9z9-?usp=sharing\">https:\/\/drive.google.com\/drive\/folders\/1kJOR_EgDFUMPO8xu_6PpPjLtAobs9z9-?usp=sharing<\/a><\/p>\n<p>En el taller d&#8217;enguany d&#8217;experimentaci\u00f3, ja hem pogut fer grups internivells i treballar junts els i les\u00a0 alumnes de 4t, 5\u00e8 i 6\u00e8.<\/p>\n<p>Hem experimentat amb aigua, parlant sobre la densitat, i ho hem practicat amb diferents materials com clips, ous, sal, escrivint missatges secrets i fent volcans de lava de colors i sucre.<\/p>\n<p>Hem treballat en grups combinats, de manera que els uns i els altres ens podem ajudar, i ha estat un taller molt profit\u00f3s.<\/p>\n<p><a href=\"https:\/\/agora.xtec.cat\/ceipcorderoure\/wp-content\/uploads\/usu709\/2022\/10\/tallers-scaled.jpg\"><img loading=\"lazy\" decoding=\"async\" class=\"alignnone size-large wp-image-4984\" src=\"https:\/\/agora.xtec.cat\/ceipcorderoure\/wp-content\/uploads\/usu709\/2022\/10\/tallers-1024x1024.jpg\" alt=\"\" width=\"1024\" height=\"1024\" srcset=\"https:\/\/agora.xtec.cat\/ceipcorderoure\/wp-content\/uploads\/usu709\/2022\/10\/tallers-1024x1024.jpg 1024w, https:\/\/agora.xtec.cat\/ceipcorderoure\/wp-content\/uploads\/usu709\/2022\/10\/tallers-300x300.jpg 300w, https:\/\/agora.xtec.cat\/ceipcorderoure\/wp-content\/uploads\/usu709\/2022\/10\/tallers-150x150.jpg 150w, https:\/\/agora.xtec.cat\/ceipcorderoure\/wp-content\/uploads\/usu709\/2022\/10\/tallers-768x768.jpg 768w, https:\/\/agora.xtec.cat\/ceipcorderoure\/wp-content\/uploads\/usu709\/2022\/10\/tallers-1536x1536.jpg 1536w, https:\/\/agora.xtec.cat\/ceipcorderoure\/wp-content\/uploads\/usu709\/2022\/10\/tallers-2048x2048.jpg 2048w\" sizes=\"auto, (max-width: 1024px) 100vw, 1024px\" \/><\/a><\/p>\n<p>&nbsp;<\/p>\n<p style=\"text-align: center;\">CURS 2021-2022<\/p>\n<p>Al taller d&#8217;experimentaci\u00f3 hem treballat amb diferents materials, els hem conegut i els hem interrelacionat entre ells obtenint-ne de nous. Hem aconseguit fer pl\u00e0stic biodegradable, con\u00e8ixer la capil\u00b7laritat, extreure la clorofil\u00b7la d&#8217;algunes plantes i explorar el concepte de gradients de densitat. Hem treballat en grup aprenent a respectar-nos, a esperar el nostre torn&#8230; i el m\u00e9s important, ens ho hem passat reb\u00e9 fent ci\u00e8ncia.<\/p>\n<p><a href=\"https:\/\/agora.xtec.cat\/ceipcorderoure\/wp-content\/uploads\/usu709\/2022\/02\/plastic1.jpg\"><img loading=\"lazy\" decoding=\"async\" class=\"alignnone size-full wp-image-4396\" src=\"https:\/\/agora.xtec.cat\/ceipcorderoure\/wp-content\/uploads\/usu709\/2022\/02\/plastic1.jpg\" alt=\"\" width=\"448\" height=\"336\" srcset=\"https:\/\/agora.xtec.cat\/ceipcorderoure\/wp-content\/uploads\/usu709\/2022\/02\/plastic1.jpg 448w, https:\/\/agora.xtec.cat\/ceipcorderoure\/wp-content\/uploads\/usu709\/2022\/02\/plastic1-300x225.jpg 300w, https:\/\/agora.xtec.cat\/ceipcorderoure\/wp-content\/uploads\/usu709\/2022\/02\/plastic1-200x150.jpg 200w\" sizes=\"auto, (max-width: 448px) 100vw, 448px\" \/><\/a> <a href=\"https:\/\/agora.xtec.cat\/ceipcorderoure\/wp-content\/uploads\/usu709\/2022\/02\/plastic.jpg\"><img loading=\"lazy\" decoding=\"async\" class=\"alignnone size-large wp-image-4397\" src=\"https:\/\/agora.xtec.cat\/ceipcorderoure\/wp-content\/uploads\/usu709\/2022\/02\/plastic.jpg\" alt=\"\" width=\"448\" height=\"336\" srcset=\"https:\/\/agora.xtec.cat\/ceipcorderoure\/wp-content\/uploads\/usu709\/2022\/02\/plastic.jpg 448w, https:\/\/agora.xtec.cat\/ceipcorderoure\/wp-content\/uploads\/usu709\/2022\/02\/plastic-300x225.jpg 300w, https:\/\/agora.xtec.cat\/ceipcorderoure\/wp-content\/uploads\/usu709\/2022\/02\/plastic-200x150.jpg 200w\" sizes=\"auto, (max-width: 448px) 100vw, 448px\" \/><\/a> <a href=\"https:\/\/agora.xtec.cat\/ceipcorderoure\/wp-content\/uploads\/usu709\/2022\/02\/estrella.jpg\"><img loading=\"lazy\" decoding=\"async\" class=\"alignnone size-large wp-image-4398\" src=\"https:\/\/agora.xtec.cat\/ceipcorderoure\/wp-content\/uploads\/usu709\/2022\/02\/estrella.jpg\" alt=\"\" width=\"448\" height=\"336\" srcset=\"https:\/\/agora.xtec.cat\/ceipcorderoure\/wp-content\/uploads\/usu709\/2022\/02\/estrella.jpg 448w, https:\/\/agora.xtec.cat\/ceipcorderoure\/wp-content\/uploads\/usu709\/2022\/02\/estrella-300x225.jpg 300w, https:\/\/agora.xtec.cat\/ceipcorderoure\/wp-content\/uploads\/usu709\/2022\/02\/estrella-200x150.jpg 200w\" sizes=\"auto, (max-width: 448px) 100vw, 448px\" \/><\/a> <a href=\"https:\/\/agora.xtec.cat\/ceipcorderoure\/wp-content\/uploads\/usu709\/2022\/02\/morter.jpg\"><img loading=\"lazy\" decoding=\"async\" class=\"alignnone size-large wp-image-4399\" src=\"https:\/\/agora.xtec.cat\/ceipcorderoure\/wp-content\/uploads\/usu709\/2022\/02\/morter.jpg\" alt=\"\" width=\"448\" height=\"336\" srcset=\"https:\/\/agora.xtec.cat\/ceipcorderoure\/wp-content\/uploads\/usu709\/2022\/02\/morter.jpg 448w, https:\/\/agora.xtec.cat\/ceipcorderoure\/wp-content\/uploads\/usu709\/2022\/02\/morter-300x225.jpg 300w, https:\/\/agora.xtec.cat\/ceipcorderoure\/wp-content\/uploads\/usu709\/2022\/02\/morter-200x150.jpg 200w\" sizes=\"auto, (max-width: 448px) 100vw, 448px\" \/><\/a> <a href=\"https:\/\/agora.xtec.cat\/ceipcorderoure\/wp-content\/uploads\/usu709\/2022\/02\/proveta.jpg\"><img loading=\"lazy\" decoding=\"async\" class=\"alignnone size-large wp-image-4400\" src=\"https:\/\/agora.xtec.cat\/ceipcorderoure\/wp-content\/uploads\/usu709\/2022\/02\/proveta.jpg\" alt=\"\" width=\"448\" height=\"336\" srcset=\"https:\/\/agora.xtec.cat\/ceipcorderoure\/wp-content\/uploads\/usu709\/2022\/02\/proveta.jpg 448w, https:\/\/agora.xtec.cat\/ceipcorderoure\/wp-content\/uploads\/usu709\/2022\/02\/proveta-300x225.jpg 300w, https:\/\/agora.xtec.cat\/ceipcorderoure\/wp-content\/uploads\/usu709\/2022\/02\/proveta-200x150.jpg 200w\" sizes=\"auto, (max-width: 448px) 100vw, 448px\" \/><\/a><\/p>\n","protected":false},"excerpt":{"rendered":"<p><a href=\"https:\/\/drive.google.com\/drive\/folders\/1kJOR_EgDFUMPO8xu_6PpPjLtAobs9z9-?usp=sharing\">https:\/\/drive.google.com\/drive\/folders\/1kJOR_EgDFUMPO8xu_6PpPjLtAobs9z9-?usp=sharing<\/a><br \/>\nEn el taller d&#8217;enguany d&#8217;experimentaci\u00f3, ja hem pogut fer grups internivells i treballar junts els i les\u00a0 alumnes de 4t, 5\u00e8 i 6\u00e8.<br \/>\nHem experimentat amb aigua, parlant sobre la densitat, i ho hem practicat amb diferents materials com clips, ous, sal, escrivint missatges secrets&hellip;  <a href=\"https:\/\/agora.xtec.cat\/ceipcorderoure\/tallers\/experimentacio\/\" title=\"Read Experimentaci\u00f3 Grans\">Llegeix m\u00e9s\u00bb<\/a><\/p>\n","protected":false},"author":15,"featured_media":0,"parent":4249,"menu_order":0,"comment_status":"closed","ping_status":"closed","template":"","meta":{"_bbp_topic_count":0,"_bbp_reply_count":0,"_bbp_total_topic_count":0,"_bbp_total_reply_count":0,"_bbp_voice_count":0,"_bbp_anonymous_reply_count":0,"_bbp_topic_count_hidden":0,"_bbp_reply_count_hidden":0,"_bbp_forum_subforum_count":0,"footnotes":""},"class_list":["post-4395","page","type-page","status-publish","hentry"],"post_mailing_queue_ids":[],"_links":{"self":[{"href":"https:\/\/agora.xtec.cat\/ceipcorderoure\/wp-json\/wp\/v2\/pages\/4395","targetHints":{"allow":["GET"]}}],"collection":[{"href":"https:\/\/agora.xtec.cat\/ceipcorderoure\/wp-json\/wp\/v2\/pages"}],"about":[{"href":"https:\/\/agora.xtec.cat\/ceipcorderoure\/wp-json\/wp\/v2\/types\/page"}],"author":[{"embeddable":true,"href":"https:\/\/agora.xtec.cat\/ceipcorderoure\/wp-json\/wp\/v2\/users\/15"}],"replies":[{"embeddable":true,"href":"https:\/\/agora.xtec.cat\/ceipcorderoure\/wp-json\/wp\/v2\/comments?post=4395"}],"version-history":[{"count":3,"href":"https:\/\/agora.xtec.cat\/ceipcorderoure\/wp-json\/wp\/v2\/pages\/4395\/revisions"}],"predecessor-version":[{"id":4987,"href":"https:\/\/agora.xtec.cat\/ceipcorderoure\/wp-json\/wp\/v2\/pages\/4395\/revisions\/4987"}],"up":[{"embeddable":true,"href":"https:\/\/agora.xtec.cat\/ceipcorderoure\/wp-json\/wp\/v2\/pages\/4249"}],"wp:attachment":[{"href":"https:\/\/agora.xtec.cat\/ceipcorderoure\/wp-json\/wp\/v2\/media?parent=4395"}],"curies":[{"name":"wp","href":"https:\/\/api.w.org\/{rel}","templated":true}]}}