{"id":4285,"date":"2022-02-01T15:47:11","date_gmt":"2022-02-01T14:47:11","guid":{"rendered":"https:\/\/agora.xtec.cat\/ceipcorderoure\/?page_id=4285"},"modified":"2022-10-25T13:08:42","modified_gmt":"2022-10-25T11:08:42","slug":"taller-dart","status":"publish","type":"page","link":"https:\/\/agora.xtec.cat\/ceipcorderoure\/tallers\/taller-dart\/","title":{"rendered":"Art"},"content":{"rendered":"<p><strong><em>L&#8217;art t\u00e9 moltes funcions diferents. Pot representar coses existents per\u00f2 pot construir coses que no existeixen. Tracta les coses que s\u00f3n externes a la persona per\u00f2 expressa la seva vida interior&#8230; <\/em><\/strong><\/p>\n<p>En aquest taller els alumnes de l&#8217;escola apliquen un conjunt de procediments per realitzar obres d&#8217;art: Pintura, dibuix, estampaci\u00f3, escultura i collage.<\/p>\n<p><strong>CURS 22-23<\/strong><\/p>\n<p>L&#8217;artista que\u00a0 ens han proposat treballar \u00e9s el <strong>Joan Mir\u00f3, <\/strong>pintor, escultor i ceramista catal\u00e0, considerat un dels m\u00e0xims representants del surrealisme. A les seves obres va reflectir el seu inter\u00e8s pel subconscient i pel seu pa\u00eds.Volia abandonar els m\u00e8todes convencionals de pintura i afavorir una expressi\u00f3 lliure.<\/p>\n<p style=\"text-align: center;\"><em>&#8220;Una forma mai \u00e9s algo abstracte, \u00e9s sempre un home, un ocell o alguna cosa m\u00e9s. Forma \u00e9s mai considerar la forma&#8221;.\u00a0<\/em><\/p>\n<p>Seguint els seus ideals, cada alumne ha creat una simbologia pr\u00f2pia i \u00fanica que ha plasmat en una obra.<\/p>\n<p>Aquests en s\u00f3n els resultats:\u00a0<a href=\"https:\/\/drive.google.com\/drive\/folders\/1NTwHMbnb3ScwJr-JnYBnhlMvOP7XhVFZ?usp=sharing\">Taller art fotos<\/a><\/p>\n<p><strong>CURS 21-22<\/strong><\/p>\n<p>Ens vam endinsar en el m\u00f3n m\u00e0gic i infinit d&#8217;una artista japonesa, la <strong>Yayoi Kusama<\/strong>. Vam plasmar a la paret del nostre pati algunes de les caracter\u00edstiques principals de la seva obra: Colors vius, puntilisme, formes arrodonides&#8230; i vam treballar conceptes com el patr\u00f3\/repetici\u00f3, pop art, minimalisme i feminisme.<\/p>\n<p>Entre tots i totes vam crear una gran obra d&#8217;art on es barrejava fantasia i realitat, sentiments i emocions. Som uns grans artistes!<\/p>\n<p>Aqu\u00ed teniu algunes\u00a0 fotos!<\/p>\n<p style=\"text-align: center;\"><em>\u201cVolia comen\u00e7ar una revoluci\u00f3, fer servir l\u2019art per construir el tipus de societat que jo mateix imaginava.\u201d<\/em><\/p>\n<p style=\"text-align: center;\"><span style=\"text-align: center; font-family: inherit; font-size: 1em;\">Yayoi Kusama<\/span><\/p>\n<p><a href=\"https:\/\/agora.xtec.cat\/ceipcorderoure\/wp-content\/uploads\/usu709\/2022\/02\/IMG_20220114_153758-scaled.jpg\"><img loading=\"lazy\" decoding=\"async\" class=\"wp-image-4316 aligncenter\" src=\"https:\/\/agora.xtec.cat\/ceipcorderoure\/wp-content\/uploads\/usu709\/2022\/02\/IMG_20220114_153758-1024x766.jpg\" alt=\"\" width=\"600\" height=\"448\" srcset=\"https:\/\/agora.xtec.cat\/ceipcorderoure\/wp-content\/uploads\/usu709\/2022\/02\/IMG_20220114_153758-1024x766.jpg 1024w, https:\/\/agora.xtec.cat\/ceipcorderoure\/wp-content\/uploads\/usu709\/2022\/02\/IMG_20220114_153758-300x224.jpg 300w, https:\/\/agora.xtec.cat\/ceipcorderoure\/wp-content\/uploads\/usu709\/2022\/02\/IMG_20220114_153758-768x574.jpg 768w, https:\/\/agora.xtec.cat\/ceipcorderoure\/wp-content\/uploads\/usu709\/2022\/02\/IMG_20220114_153758-1536x1149.jpg 1536w, https:\/\/agora.xtec.cat\/ceipcorderoure\/wp-content\/uploads\/usu709\/2022\/02\/IMG_20220114_153758-2048x1532.jpg 2048w, https:\/\/agora.xtec.cat\/ceipcorderoure\/wp-content\/uploads\/usu709\/2022\/02\/IMG_20220114_153758-200x150.jpg 200w\" sizes=\"auto, (max-width: 600px) 100vw, 600px\" \/><\/a><a href=\"https:\/\/agora.xtec.cat\/ceipcorderoure\/wp-content\/uploads\/usu709\/2022\/02\/IMG_20220204_161155-scaled.jpg\"><img loading=\"lazy\" decoding=\"async\" class=\"aligncenter wp-image-4318\" src=\"https:\/\/agora.xtec.cat\/ceipcorderoure\/wp-content\/uploads\/usu709\/2022\/02\/IMG_20220204_161155-766x1024.jpg\" alt=\"\" width=\"356\" height=\"475\" srcset=\"https:\/\/agora.xtec.cat\/ceipcorderoure\/wp-content\/uploads\/usu709\/2022\/02\/IMG_20220204_161155-766x1024.jpg 766w, https:\/\/agora.xtec.cat\/ceipcorderoure\/wp-content\/uploads\/usu709\/2022\/02\/IMG_20220204_161155-224x300.jpg 224w, https:\/\/agora.xtec.cat\/ceipcorderoure\/wp-content\/uploads\/usu709\/2022\/02\/IMG_20220204_161155-768x1027.jpg 768w, https:\/\/agora.xtec.cat\/ceipcorderoure\/wp-content\/uploads\/usu709\/2022\/02\/IMG_20220204_161155-1149x1536.jpg 1149w, https:\/\/agora.xtec.cat\/ceipcorderoure\/wp-content\/uploads\/usu709\/2022\/02\/IMG_20220204_161155-1532x2048.jpg 1532w, https:\/\/agora.xtec.cat\/ceipcorderoure\/wp-content\/uploads\/usu709\/2022\/02\/IMG_20220204_161155-scaled.jpg 1915w\" sizes=\"auto, (max-width: 356px) 100vw, 356px\" \/><\/a><\/p>\n<p style=\"text-align: center;\"><a href=\"https:\/\/agora.xtec.cat\/ceipcorderoure\/wp-content\/uploads\/usu709\/2022\/02\/IMG_20220121_164959_1_1.jpg\"><img loading=\"lazy\" decoding=\"async\" class=\"alignnone size-full wp-image-4324\" src=\"https:\/\/agora.xtec.cat\/ceipcorderoure\/wp-content\/uploads\/usu709\/2022\/02\/IMG_20220121_164959_1_1.jpg\" alt=\"\" width=\"580\" height=\"434\" srcset=\"https:\/\/agora.xtec.cat\/ceipcorderoure\/wp-content\/uploads\/usu709\/2022\/02\/IMG_20220121_164959_1_1.jpg 580w, https:\/\/agora.xtec.cat\/ceipcorderoure\/wp-content\/uploads\/usu709\/2022\/02\/IMG_20220121_164959_1_1-300x224.jpg 300w, https:\/\/agora.xtec.cat\/ceipcorderoure\/wp-content\/uploads\/usu709\/2022\/02\/IMG_20220121_164959_1_1-200x150.jpg 200w\" sizes=\"auto, (max-width: 580px) 100vw, 580px\" \/><\/a><\/p>\n<p style=\"text-align: center;\"><a href=\"https:\/\/agora.xtec.cat\/ceipcorderoure\/wp-content\/uploads\/usu709\/2022\/02\/IMG_20220204_153723_1.jpg\"><img loading=\"lazy\" decoding=\"async\" class=\"alignnone size-full wp-image-4325\" src=\"https:\/\/agora.xtec.cat\/ceipcorderoure\/wp-content\/uploads\/usu709\/2022\/02\/IMG_20220204_153723_1.jpg\" alt=\"\" width=\"580\" height=\"775\" srcset=\"https:\/\/agora.xtec.cat\/ceipcorderoure\/wp-content\/uploads\/usu709\/2022\/02\/IMG_20220204_153723_1.jpg 580w, https:\/\/agora.xtec.cat\/ceipcorderoure\/wp-content\/uploads\/usu709\/2022\/02\/IMG_20220204_153723_1-225x300.jpg 225w\" sizes=\"auto, (max-width: 580px) 100vw, 580px\" \/><\/a><a href=\"https:\/\/agora.xtec.cat\/ceipcorderoure\/wp-content\/uploads\/usu709\/2022\/03\/414.jpg\"><img loading=\"lazy\" decoding=\"async\" class=\"alignnone size-large wp-image-4565\" src=\"https:\/\/agora.xtec.cat\/ceipcorderoure\/wp-content\/uploads\/usu709\/2022\/03\/414-766x1024.jpg\" alt=\"\" width=\"766\" height=\"1024\" srcset=\"https:\/\/agora.xtec.cat\/ceipcorderoure\/wp-content\/uploads\/usu709\/2022\/03\/414-766x1024.jpg 766w, https:\/\/agora.xtec.cat\/ceipcorderoure\/wp-content\/uploads\/usu709\/2022\/03\/414-224x300.jpg 224w, https:\/\/agora.xtec.cat\/ceipcorderoure\/wp-content\/uploads\/usu709\/2022\/03\/414-768x1027.jpg 768w, https:\/\/agora.xtec.cat\/ceipcorderoure\/wp-content\/uploads\/usu709\/2022\/03\/414-1149x1536.jpg 1149w, https:\/\/agora.xtec.cat\/ceipcorderoure\/wp-content\/uploads\/usu709\/2022\/03\/414.jpg 1252w\" sizes=\"auto, (max-width: 766px) 100vw, 766px\" \/><\/a><a href=\"https:\/\/agora.xtec.cat\/ceipcorderoure\/wp-content\/uploads\/usu709\/2022\/03\/729.jpg\"><img loading=\"lazy\" decoding=\"async\" class=\"alignnone size-large wp-image-4566\" src=\"https:\/\/agora.xtec.cat\/ceipcorderoure\/wp-content\/uploads\/usu709\/2022\/03\/729-1024x766.jpg\" alt=\"\" width=\"1024\" height=\"766\" srcset=\"https:\/\/agora.xtec.cat\/ceipcorderoure\/wp-content\/uploads\/usu709\/2022\/03\/729-1024x766.jpg 1024w, https:\/\/agora.xtec.cat\/ceipcorderoure\/wp-content\/uploads\/usu709\/2022\/03\/729-300x224.jpg 300w, https:\/\/agora.xtec.cat\/ceipcorderoure\/wp-content\/uploads\/usu709\/2022\/03\/729-768x574.jpg 768w, https:\/\/agora.xtec.cat\/ceipcorderoure\/wp-content\/uploads\/usu709\/2022\/03\/729-1536x1149.jpg 1536w, https:\/\/agora.xtec.cat\/ceipcorderoure\/wp-content\/uploads\/usu709\/2022\/03\/729-200x150.jpg 200w, https:\/\/agora.xtec.cat\/ceipcorderoure\/wp-content\/uploads\/usu709\/2022\/03\/729.jpg 1674w\" sizes=\"auto, (max-width: 1024px) 100vw, 1024px\" \/><\/a><a href=\"https:\/\/agora.xtec.cat\/ceipcorderoure\/wp-content\/uploads\/usu709\/2022\/03\/735.jpg\"><img loading=\"lazy\" decoding=\"async\" class=\"alignnone size-large wp-image-4567\" src=\"https:\/\/agora.xtec.cat\/ceipcorderoure\/wp-content\/uploads\/usu709\/2022\/03\/735-766x1024.jpg\" alt=\"\" width=\"766\" height=\"1024\" srcset=\"https:\/\/agora.xtec.cat\/ceipcorderoure\/wp-content\/uploads\/usu709\/2022\/03\/735-766x1024.jpg 766w, https:\/\/agora.xtec.cat\/ceipcorderoure\/wp-content\/uploads\/usu709\/2022\/03\/735-224x300.jpg 224w, https:\/\/agora.xtec.cat\/ceipcorderoure\/wp-content\/uploads\/usu709\/2022\/03\/735-768x1027.jpg 768w, https:\/\/agora.xtec.cat\/ceipcorderoure\/wp-content\/uploads\/usu709\/2022\/03\/735-1149x1536.jpg 1149w, https:\/\/agora.xtec.cat\/ceipcorderoure\/wp-content\/uploads\/usu709\/2022\/03\/735.jpg 1252w\" sizes=\"auto, (max-width: 766px) 100vw, 766px\" \/><\/a><a href=\"https:\/\/agora.xtec.cat\/ceipcorderoure\/wp-content\/uploads\/usu709\/2022\/03\/515.jpg\"><img loading=\"lazy\" decoding=\"async\" class=\"alignnone size-large wp-image-4568\" src=\"https:\/\/agora.xtec.cat\/ceipcorderoure\/wp-content\/uploads\/usu709\/2022\/03\/515-1024x766.jpg\" alt=\"\" width=\"1024\" height=\"766\" srcset=\"https:\/\/agora.xtec.cat\/ceipcorderoure\/wp-content\/uploads\/usu709\/2022\/03\/515-1024x766.jpg 1024w, https:\/\/agora.xtec.cat\/ceipcorderoure\/wp-content\/uploads\/usu709\/2022\/03\/515-300x224.jpg 300w, https:\/\/agora.xtec.cat\/ceipcorderoure\/wp-content\/uploads\/usu709\/2022\/03\/515-768x574.jpg 768w, https:\/\/agora.xtec.cat\/ceipcorderoure\/wp-content\/uploads\/usu709\/2022\/03\/515-1536x1149.jpg 1536w, https:\/\/agora.xtec.cat\/ceipcorderoure\/wp-content\/uploads\/usu709\/2022\/03\/515-200x150.jpg 200w, https:\/\/agora.xtec.cat\/ceipcorderoure\/wp-content\/uploads\/usu709\/2022\/03\/515.jpg 1674w\" sizes=\"auto, (max-width: 1024px) 100vw, 1024px\" \/><\/a><a href=\"https:\/\/agora.xtec.cat\/ceipcorderoure\/wp-content\/uploads\/usu709\/2022\/05\/FOTO-GRUP-41-rotated.jpg\"><img loading=\"lazy\" decoding=\"async\" class=\"alignnone size-large wp-image-4702\" src=\"https:\/\/agora.xtec.cat\/ceipcorderoure\/wp-content\/uploads\/usu709\/2022\/05\/FOTO-GRUP-41-1024x768.jpg\" alt=\"\" width=\"1024\" height=\"768\" srcset=\"https:\/\/agora.xtec.cat\/ceipcorderoure\/wp-content\/uploads\/usu709\/2022\/05\/FOTO-GRUP-41-1024x768.jpg 1024w, https:\/\/agora.xtec.cat\/ceipcorderoure\/wp-content\/uploads\/usu709\/2022\/05\/FOTO-GRUP-41-300x225.jpg 300w, https:\/\/agora.xtec.cat\/ceipcorderoure\/wp-content\/uploads\/usu709\/2022\/05\/FOTO-GRUP-41-768x576.jpg 768w, https:\/\/agora.xtec.cat\/ceipcorderoure\/wp-content\/uploads\/usu709\/2022\/05\/FOTO-GRUP-41-1536x1152.jpg 1536w, https:\/\/agora.xtec.cat\/ceipcorderoure\/wp-content\/uploads\/usu709\/2022\/05\/FOTO-GRUP-41-200x150.jpg 200w, https:\/\/agora.xtec.cat\/ceipcorderoure\/wp-content\/uploads\/usu709\/2022\/05\/FOTO-GRUP-41-rotated.jpg 1672w\" sizes=\"auto, (max-width: 1024px) 100vw, 1024px\" \/><\/a><\/p>\n<p><a href=\"https:\/\/agora.xtec.cat\/ceipcorderoure\/wp-content\/uploads\/usu709\/2022\/06\/IMATGE-1.jpg\"><img loading=\"lazy\" decoding=\"async\" class=\"alignnone size-large wp-image-4843\" src=\"https:\/\/agora.xtec.cat\/ceipcorderoure\/wp-content\/uploads\/usu709\/2022\/06\/IMATGE-1-1024x768.jpg\" alt=\"\" width=\"1024\" height=\"768\" srcset=\"https:\/\/agora.xtec.cat\/ceipcorderoure\/wp-content\/uploads\/usu709\/2022\/06\/IMATGE-1-1024x768.jpg 1024w, https:\/\/agora.xtec.cat\/ceipcorderoure\/wp-content\/uploads\/usu709\/2022\/06\/IMATGE-1-300x225.jpg 300w, https:\/\/agora.xtec.cat\/ceipcorderoure\/wp-content\/uploads\/usu709\/2022\/06\/IMATGE-1-768x576.jpg 768w, https:\/\/agora.xtec.cat\/ceipcorderoure\/wp-content\/uploads\/usu709\/2022\/06\/IMATGE-1-1536x1152.jpg 1536w, https:\/\/agora.xtec.cat\/ceipcorderoure\/wp-content\/uploads\/usu709\/2022\/06\/IMATGE-1-200x150.jpg 200w, https:\/\/agora.xtec.cat\/ceipcorderoure\/wp-content\/uploads\/usu709\/2022\/06\/IMATGE-1.jpg 1672w\" sizes=\"auto, (max-width: 1024px) 100vw, 1024px\" \/><\/a><a href=\"https:\/\/agora.xtec.cat\/ceipcorderoure\/wp-content\/uploads\/usu709\/2022\/06\/IMATGE-2.jpg\"><img loading=\"lazy\" decoding=\"async\" class=\"alignnone size-large wp-image-4844\" src=\"https:\/\/agora.xtec.cat\/ceipcorderoure\/wp-content\/uploads\/usu709\/2022\/06\/IMATGE-2-1024x768.jpg\" alt=\"\" width=\"1024\" height=\"768\" srcset=\"https:\/\/agora.xtec.cat\/ceipcorderoure\/wp-content\/uploads\/usu709\/2022\/06\/IMATGE-2-1024x768.jpg 1024w, https:\/\/agora.xtec.cat\/ceipcorderoure\/wp-content\/uploads\/usu709\/2022\/06\/IMATGE-2-300x225.jpg 300w, https:\/\/agora.xtec.cat\/ceipcorderoure\/wp-content\/uploads\/usu709\/2022\/06\/IMATGE-2-768x576.jpg 768w, https:\/\/agora.xtec.cat\/ceipcorderoure\/wp-content\/uploads\/usu709\/2022\/06\/IMATGE-2-1536x1152.jpg 1536w, https:\/\/agora.xtec.cat\/ceipcorderoure\/wp-content\/uploads\/usu709\/2022\/06\/IMATGE-2-200x150.jpg 200w, https:\/\/agora.xtec.cat\/ceipcorderoure\/wp-content\/uploads\/usu709\/2022\/06\/IMATGE-2.jpg 1672w\" sizes=\"auto, (max-width: 1024px) 100vw, 1024px\" \/><\/a><\/p>\n<p><a href=\"https:\/\/agora.xtec.cat\/ceipcorderoure\/wp-content\/uploads\/usu709\/2022\/05\/FOTO-GRUP-42.jpg\"><img loading=\"lazy\" decoding=\"async\" class=\"alignnone size-large wp-image-4703\" src=\"https:\/\/agora.xtec.cat\/ceipcorderoure\/wp-content\/uploads\/usu709\/2022\/05\/FOTO-GRUP-42-1024x768.jpg\" alt=\"\" width=\"1024\" height=\"768\" srcset=\"https:\/\/agora.xtec.cat\/ceipcorderoure\/wp-content\/uploads\/usu709\/2022\/05\/FOTO-GRUP-42-1024x768.jpg 1024w, https:\/\/agora.xtec.cat\/ceipcorderoure\/wp-content\/uploads\/usu709\/2022\/05\/FOTO-GRUP-42-300x225.jpg 300w, https:\/\/agora.xtec.cat\/ceipcorderoure\/wp-content\/uploads\/usu709\/2022\/05\/FOTO-GRUP-42-768x576.jpg 768w, https:\/\/agora.xtec.cat\/ceipcorderoure\/wp-content\/uploads\/usu709\/2022\/05\/FOTO-GRUP-42-1536x1152.jpg 1536w, https:\/\/agora.xtec.cat\/ceipcorderoure\/wp-content\/uploads\/usu709\/2022\/05\/FOTO-GRUP-42-200x150.jpg 200w, https:\/\/agora.xtec.cat\/ceipcorderoure\/wp-content\/uploads\/usu709\/2022\/05\/FOTO-GRUP-42.jpg 1672w\" sizes=\"auto, (max-width: 1024px) 100vw, 1024px\" \/><\/a><\/p>\n<p>&nbsp;<\/p>\n<p>&nbsp;<\/p>\n","protected":false},"excerpt":{"rendered":"<p>L&#8217;art t\u00e9 moltes funcions diferents. Pot representar coses existents per\u00f2 pot construir coses que no existeixen. Tracta les coses que s\u00f3n externes a la persona per\u00f2 expressa la seva vida interior&#8230;<br \/>\nEn aquest taller els alumnes de l&#8217;escola apliquen un conjunt de procediments per realitzar&hellip;  <a href=\"https:\/\/agora.xtec.cat\/ceipcorderoure\/tallers\/taller-dart\/\" title=\"Read Art\">Llegeix m\u00e9s\u00bb<\/a><\/p>\n","protected":false},"author":24,"featured_media":0,"parent":4249,"menu_order":0,"comment_status":"closed","ping_status":"closed","template":"","meta":{"_bbp_topic_count":0,"_bbp_reply_count":0,"_bbp_total_topic_count":0,"_bbp_total_reply_count":0,"_bbp_voice_count":0,"_bbp_anonymous_reply_count":0,"_bbp_topic_count_hidden":0,"_bbp_reply_count_hidden":0,"_bbp_forum_subforum_count":0,"footnotes":""},"class_list":["post-4285","page","type-page","status-publish","hentry"],"post_mailing_queue_ids":[],"_links":{"self":[{"href":"https:\/\/agora.xtec.cat\/ceipcorderoure\/wp-json\/wp\/v2\/pages\/4285","targetHints":{"allow":["GET"]}}],"collection":[{"href":"https:\/\/agora.xtec.cat\/ceipcorderoure\/wp-json\/wp\/v2\/pages"}],"about":[{"href":"https:\/\/agora.xtec.cat\/ceipcorderoure\/wp-json\/wp\/v2\/types\/page"}],"author":[{"embeddable":true,"href":"https:\/\/agora.xtec.cat\/ceipcorderoure\/wp-json\/wp\/v2\/users\/24"}],"replies":[{"embeddable":true,"href":"https:\/\/agora.xtec.cat\/ceipcorderoure\/wp-json\/wp\/v2\/comments?post=4285"}],"version-history":[{"count":4,"href":"https:\/\/agora.xtec.cat\/ceipcorderoure\/wp-json\/wp\/v2\/pages\/4285\/revisions"}],"predecessor-version":[{"id":4955,"href":"https:\/\/agora.xtec.cat\/ceipcorderoure\/wp-json\/wp\/v2\/pages\/4285\/revisions\/4955"}],"up":[{"embeddable":true,"href":"https:\/\/agora.xtec.cat\/ceipcorderoure\/wp-json\/wp\/v2\/pages\/4249"}],"wp:attachment":[{"href":"https:\/\/agora.xtec.cat\/ceipcorderoure\/wp-json\/wp\/v2\/media?parent=4285"}],"curies":[{"name":"wp","href":"https:\/\/api.w.org\/{rel}","templated":true}]}}