{"id":4282,"date":"2022-02-01T12:38:13","date_gmt":"2022-02-01T11:38:13","guid":{"rendered":"https:\/\/agora.xtec.cat\/ceipcorderoure\/?page_id=4282"},"modified":"2022-11-02T07:19:18","modified_gmt":"2022-11-02T06:19:18","slug":"steam","status":"publish","type":"page","link":"https:\/\/agora.xtec.cat\/ceipcorderoure\/tallers\/steam\/","title":{"rendered":"Arqu\u00edmedes"},"content":{"rendered":"<p>En el taller Arqu\u00edmedes investiguem qu\u00e8 s\u00f3n les m\u00e0quines i com es diferencien.<\/p>\n<p><a href=\"https:\/\/agora.xtec.cat\/ceipcorderoure\/wp-content\/uploads\/usu709\/2022\/10\/IMG_20221027_160021.jpg\"><img loading=\"lazy\" decoding=\"async\" class=\"size-full wp-image-4998\" src=\"https:\/\/agora.xtec.cat\/ceipcorderoure\/wp-content\/uploads\/usu709\/2022\/10\/IMG_20221027_160021.jpg\" alt=\"\" width=\"640\" height=\"480\" srcset=\"https:\/\/agora.xtec.cat\/ceipcorderoure\/wp-content\/uploads\/usu709\/2022\/10\/IMG_20221027_160021.jpg 640w, https:\/\/agora.xtec.cat\/ceipcorderoure\/wp-content\/uploads\/usu709\/2022\/10\/IMG_20221027_160021-300x225.jpg 300w, https:\/\/agora.xtec.cat\/ceipcorderoure\/wp-content\/uploads\/usu709\/2022\/10\/IMG_20221027_160021-200x150.jpg 200w\" sizes=\"auto, (max-width: 640px) 100vw, 640px\" \/><\/a><\/p>\n<p>Al llarg de les tres sessions aprofundim de manera pr\u00e0ctica i vivencial el funcionament de les m\u00e0quines simples, les seves utilitats i com han ajudat a la humanitat a estalviar esfo\u00e7 en les feines del dia a dia.<\/p>\n<p>Entre altres activitats, experimentem amb la palanca canviant de lloc el fulcre o punt de suport, observem com influeix l&#8217;al\u00e7ada i el fregament en un pla inclinat, com la combinaci\u00f3 de politges redueix el pes a aixecar, el sentit de les rodes dentades d&#8217;un engranantge, el funcionament del cargol d&#8217;Arqu\u00edmedes i la facilitat de la roda per carregar pes amb el m\u00ednim fregament&#8230;.<\/p>\n<p><a href=\"https:\/\/drive.google.com\/drive\/folders\/185EkcjcjeZkqBbh8kJjwabr8wQ0m-pQ_?usp=sharing\">Aqu\u00ed teniu algunes fotos de la nostra investigaci\u00f3:\u00a0\u00a0<\/a><\/p>\n<p>&nbsp;<\/p>\n<p>&nbsp;<\/p>\n<p>&nbsp;<\/p>\n<p>&nbsp;<\/p>\n<p>&nbsp;<\/p>\n","protected":false},"excerpt":{"rendered":"<p>En el taller Arqu\u00edmedes investiguem qu\u00e8 s\u00f3n les m\u00e0quines i com es diferencien.<br \/>\n<a href=\"https:\/\/agora.xtec.cat\/ceipcorderoure\/wp-content\/uploads\/usu709\/2022\/10\/IMG_20221027_160021.jpg\"><\/a><br \/>\nAl llarg de les tres sessions aprofundim de manera pr\u00e0ctica i vivencial el funcionament de les m\u00e0quines simples, les seves utilitats i com han ajudat a la humanitat a estalviar esfo\u00e7 en&hellip;  <a href=\"https:\/\/agora.xtec.cat\/ceipcorderoure\/tallers\/steam\/\" title=\"Read Arqu\u00edmedes\">Llegeix m\u00e9s\u00bb<\/a><\/p>\n","protected":false},"author":18,"featured_media":0,"parent":4249,"menu_order":0,"comment_status":"closed","ping_status":"closed","template":"","meta":{"_bbp_topic_count":0,"_bbp_reply_count":0,"_bbp_total_topic_count":0,"_bbp_total_reply_count":0,"_bbp_voice_count":0,"_bbp_anonymous_reply_count":0,"_bbp_topic_count_hidden":0,"_bbp_reply_count_hidden":0,"_bbp_forum_subforum_count":0,"footnotes":""},"class_list":["post-4282","page","type-page","status-publish","hentry"],"post_mailing_queue_ids":[],"_links":{"self":[{"href":"https:\/\/agora.xtec.cat\/ceipcorderoure\/wp-json\/wp\/v2\/pages\/4282","targetHints":{"allow":["GET"]}}],"collection":[{"href":"https:\/\/agora.xtec.cat\/ceipcorderoure\/wp-json\/wp\/v2\/pages"}],"about":[{"href":"https:\/\/agora.xtec.cat\/ceipcorderoure\/wp-json\/wp\/v2\/types\/page"}],"author":[{"embeddable":true,"href":"https:\/\/agora.xtec.cat\/ceipcorderoure\/wp-json\/wp\/v2\/users\/18"}],"replies":[{"embeddable":true,"href":"https:\/\/agora.xtec.cat\/ceipcorderoure\/wp-json\/wp\/v2\/comments?post=4282"}],"version-history":[{"count":3,"href":"https:\/\/agora.xtec.cat\/ceipcorderoure\/wp-json\/wp\/v2\/pages\/4282\/revisions"}],"predecessor-version":[{"id":5001,"href":"https:\/\/agora.xtec.cat\/ceipcorderoure\/wp-json\/wp\/v2\/pages\/4282\/revisions\/5001"}],"up":[{"embeddable":true,"href":"https:\/\/agora.xtec.cat\/ceipcorderoure\/wp-json\/wp\/v2\/pages\/4249"}],"wp:attachment":[{"href":"https:\/\/agora.xtec.cat\/ceipcorderoure\/wp-json\/wp\/v2\/media?parent=4282"}],"curies":[{"name":"wp","href":"https:\/\/api.w.org\/{rel}","templated":true}]}}