{"id":3125,"date":"2020-05-12T18:53:07","date_gmt":"2020-05-12T16:53:07","guid":{"rendered":"http:\/\/agora.xtec.cat\/ceipcorderoure\/?page_id=3125"},"modified":"2020-05-12T19:27:02","modified_gmt":"2020-05-12T17:27:02","slug":"metodologies-aplicades","status":"publish","type":"page","link":"https:\/\/agora.xtec.cat\/ceipcorderoure\/lescola\/metodologies-aplicades\/","title":{"rendered":"Metodologies aplicades"},"content":{"rendered":"<p>L&#8217;escola Cor de Roure es defineix com una escola activa, innovadora, amb una mirada a la societat del segle XXI.<\/p>\n<p><strong><em>A Ed. Infantil<\/em><\/strong> es fomenta tant el treball aut\u00f2nom com el treball cooperatiu. Per aconseguir-ho:<\/p>\n<ul>\n<li>Treballen <strong>en espais<\/strong>:<span style=\"font-family: inherit; font-size: 1em;\">\u00a0el de <\/span><strong style=\"font-family: inherit; font-size: 1em;\">lectoescriptura<\/strong><span style=\"font-family: inherit; font-size: 1em;\">, el de <\/span><strong style=\"font-family: inherit; font-size: 1em;\">matem\u00e0tiques,<\/strong><span style=\"font-family: inherit; font-size: 1em;\"> el de <\/span><strong style=\"font-family: inherit; font-size: 1em;\">ci\u00e8ncies i experiments<\/strong><span style=\"font-family: inherit; font-size: 1em;\"> i el de j<\/span><strong style=\"font-family: inherit; font-size: 1em;\">ocs did\u00e0ctics<\/strong><span style=\"font-family: inherit; font-size: 1em;\">.<\/span><\/li>\n<li>Fan<strong> internivells<\/strong><\/li>\n<li>Fan <strong>projectes globalitzats<\/strong><\/li>\n<li>Treballen amb <strong>tauletes de llum<\/strong><\/li>\n<li>Aprenen en <strong>els ambients<\/strong> creats<\/li>\n<\/ul>\n<p><strong><em>A Ed. Prim\u00e0ria<\/em><\/strong> es fomenta el treball competencial a trav\u00e9s de la:<\/p>\n<ul>\n<li>Realitzaci\u00f3 de <strong>projectes basats en l&#8217;aprenentatge<\/strong> on s\u2019hi involucrin tots els \u00e0mbits del curr\u00edculum, mitjan\u00e7ant un enfocament totalment funcional i vivencial. L&#8217;alumne esdev\u00e9 el centre de l&#8217;aprenentatge, i el mestre \u00e9s el model i el guia que proporciona totes les eines necess\u00e0ries perqu\u00e8 els nens i nenes avancin al seu ritme, fomentant la curiositat, la creativitat i la reflexi\u00f3 en tot moment.<\/li>\n<li>Del<strong> treball sistem\u00e0tic<\/strong> de llengua i les matematem\u00e0tiques.<\/li>\n<li>Amb les <strong>noves tecnologies integrades a l&#8217;aula.<\/strong><\/li>\n<li>Amb <strong>metodologia AICLE<\/strong> (mat\u00e8ries no l\u00edng\u00fc\u00edstiques dutes a terme en angl\u00e8s: P.E, Science, Art)<\/li>\n<\/ul>\n","protected":false},"excerpt":{"rendered":"<p>L&#8217;escola Cor de Roure es defineix com una escola activa, innovadora, amb una mirada a la societat del segle XXI.<br \/>\nA Ed. Infantil es fomenta tant el treball aut\u00f2nom com el treball cooperatiu. Per aconseguir-ho:<\/p>\n<ul>\n<li>Treballen en espais:\u00a0el de lectoescriptura, el de matem\u00e0tiques, el de ci\u00e8ncies i&hellip;  <a href=\"https:\/\/agora.xtec.cat\/ceipcorderoure\/lescola\/metodologies-aplicades\/\" title=\"Read Metodologies aplicades\">Llegeix m\u00e9s\u00bb<\/a><br \/>\n","protected":false},"author":1,"featured_media":0,"parent":22,"menu_order":0,"comment_status":"closed","ping_status":"closed","template":"page-templates\/side-menu.php","meta":{"_bbp_topic_count":0,"_bbp_reply_count":0,"_bbp_total_topic_count":0,"_bbp_total_reply_count":0,"_bbp_voice_count":0,"_bbp_anonymous_reply_count":0,"_bbp_topic_count_hidden":0,"_bbp_reply_count_hidden":0,"_bbp_forum_subforum_count":0,"footnotes":""},"class_list":["post-3125","page","type-page","status-publish","hentry"],"post_mailing_queue_ids":[],"_links":{"self":[{"href":"https:\/\/agora.xtec.cat\/ceipcorderoure\/wp-json\/wp\/v2\/pages\/3125","targetHints":{"allow":["GET"]}}],"collection":[{"href":"https:\/\/agora.xtec.cat\/ceipcorderoure\/wp-json\/wp\/v2\/pages"}],"about":[{"href":"https:\/\/agora.xtec.cat\/ceipcorderoure\/wp-json\/wp\/v2\/types\/page"}],"author":[{"embeddable":true,"href":"https:\/\/agora.xtec.cat\/ceipcorderoure\/wp-json\/wp\/v2\/users\/1"}],"replies":[{"embeddable":true,"href":"https:\/\/agora.xtec.cat\/ceipcorderoure\/wp-json\/wp\/v2\/comments?post=3125"}],"version-history":[{"count":3,"href":"https:\/\/agora.xtec.cat\/ceipcorderoure\/wp-json\/wp\/v2\/pages\/3125\/revisions"}],"predecessor-version":[{"id":3130,"href":"https:\/\/agora.xtec.cat\/ceipcorderoure\/wp-json\/wp\/v2\/pages\/3125\/revisions\/3130"}],"up":[{"embeddable":true,"href":"https:\/\/agora.xtec.cat\/ceipcorderoure\/wp-json\/wp\/v2\/pages\/22"}],"wp:attachment":[{"href":"https:\/\/agora.xtec.cat\/ceipcorderoure\/wp-json\/wp\/v2\/media?parent=3125"}],"curies":[{"name":"wp","href":"https:\/\/api.w.org\/{rel}","templated":true}]}}