{"id":30,"date":"2014-09-18T12:30:23","date_gmt":"2014-09-18T11:30:23","guid":{"rendered":"http:\/\/agora.xtec.cat\/ceipcorderoure\/?page_id=30"},"modified":"2023-07-17T12:35:06","modified_gmt":"2023-07-17T10:35:06","slug":"instal%c2%b7lacions","status":"publish","type":"page","link":"https:\/\/agora.xtec.cat\/ceipcorderoure\/lescola\/instal%c2%b7lacions\/","title":{"rendered":"Instal\u00b7lacions"},"content":{"rendered":"<p><strong>El curs 2010-2011 v\u00e0rem estrenar l&#8217;ampliaci\u00f3 de l&#8217;escola i la remodelaci\u00f3 de l&#8217;edifici antic, fet que supos\u00e0 que l&#8217;actual Escola Cor de Roure pass\u00e9s a ser una de les m\u00e9s grans i modernes de la contrada.<\/strong><\/p>\n<ul style=\"list-style-type: circle;\">\n<li style=\"text-align: left;\"><strong>Espais<\/strong><\/li>\n<li style=\"font-weight: 400;\" aria-level=\"1\"><span style=\"font-weight: 400;\">aula-laboratori de ci\u00e8ncies (dotat dels armaris de ci\u00e8ncies experimentals per a cada cicle dels projectes 3\/6 i 6\/12)<\/span><\/li>\n<li style=\"font-weight: 400;\" aria-level=\"1\"><span style=\"font-weight: 400;\">aula d\u2019angl\u00e8s<\/span><\/li>\n<li style=\"font-weight: 400;\" aria-level=\"1\"><span style=\"font-weight: 400;\">aula d\u2019art<\/span><\/li>\n<li style=\"font-weight: 400;\" aria-level=\"1\"><span style=\"font-weight: 400;\">aules de tallers (rob\u00f2tica i stem)<\/span><\/li>\n<li style=\"font-weight: 400;\" aria-level=\"1\"><span style=\"font-weight: 400;\">botiga<\/span><\/li>\n<li style=\"font-weight: 400;\" aria-level=\"1\"><span style=\"font-weight: 400;\">\u00a0aula de m\u00fasica<\/span><\/li>\n<li style=\"font-weight: 400;\" aria-level=\"1\"><span style=\"font-weight: 400;\">aula d&#8217;educaci\u00f3 especial<\/span><\/li>\n<li style=\"font-weight: 400;\" aria-level=\"1\"><span style=\"font-weight: 400;\">\u00a0aules per atendre a grups redu\u00efts d&#8217;alumnes<\/span><\/li>\n<li style=\"font-weight: 400;\" aria-level=\"1\"><span style=\"font-weight: 400;\">\u00a0tutories<\/span><\/li>\n<li style=\"font-weight: 400;\" aria-level=\"1\"><span style=\"font-weight: 400;\">\u00a0aula de psicomotricitat<\/span><\/li>\n<li style=\"font-weight: 400;\" aria-level=\"1\"><span style=\"font-weight: 400;\">\u00a0ampl\u00edssims patis equipats amb el millor mobiliari l\u00fadic i esportiu (pista poliesportiva i camp de futbol)<\/span><\/li>\n<li style=\"font-weight: 400;\" aria-level=\"1\"><span style=\"font-weight: 400;\">\u00a0hort ecol\u00f2gic i jard\u00ed sostenible<\/span><\/li>\n<li style=\"font-weight: 400;\" aria-level=\"1\"><span style=\"font-weight: 400;\">\u00a0biblioteca escolar. Reuneix infinitat de llibres i material multim\u00e8dia en un espai id\u00edl\u00b7lic, creat especialment per fomentar el gust per la lectura. Tamb\u00e9 \u00e9s un punt d\u2019acc\u00e9s a la xarxa. En definitiva, la nostra biblioteca a m\u00e9s de ser un punt d\u2019acc\u00e9s al saber, ha estat creada sota unes rigoroses premisses pedag\u00f2giques i metodol\u00f2giques per tal que els nostres alumnes desenvolupin l\u2019h\u00e0bit de llegir per gust.<\/span><\/li>\n<li style=\"font-weight: 400;\" aria-level=\"1\"><span style=\"font-weight: 400;\">Menjador escolar<\/span><\/li>\n<\/ul>\n","protected":false},"excerpt":{"rendered":"<p>El curs 2010-2011 v\u00e0rem estrenar l&#8217;ampliaci\u00f3 de l&#8217;escola i la remodelaci\u00f3 de l&#8217;edifici antic, fet que supos\u00e0 que l&#8217;actual Escola Cor de Roure pass\u00e9s a ser una de les m\u00e9s grans i modernes de la contrada.<\/p>\n<ul style=\"list-style-type: circle;\">\n<li style=\"text-align: left;\">Espais<\/li>\n<li style=\"font-weight: 400;\" aria-level=\"1\">aula-laboratori de ci\u00e8ncies&hellip;  <a href=\"https:\/\/agora.xtec.cat\/ceipcorderoure\/lescola\/instal%c2%b7lacions\/\" title=\"Read Instal\u00b7lacions\">Llegeix m\u00e9s\u00bb<\/a><br \/>\n","protected":false},"author":1,"featured_media":0,"parent":22,"menu_order":40,"comment_status":"closed","ping_status":"closed","template":"page-templates\/side-menu.php","meta":{"_bbp_topic_count":0,"_bbp_reply_count":0,"_bbp_total_topic_count":0,"_bbp_total_reply_count":0,"_bbp_voice_count":0,"_bbp_anonymous_reply_count":0,"_bbp_topic_count_hidden":0,"_bbp_reply_count_hidden":0,"_bbp_forum_subforum_count":0,"footnotes":""},"class_list":["post-30","page","type-page","status-publish","hentry"],"post_mailing_queue_ids":[],"_links":{"self":[{"href":"https:\/\/agora.xtec.cat\/ceipcorderoure\/wp-json\/wp\/v2\/pages\/30","targetHints":{"allow":["GET"]}}],"collection":[{"href":"https:\/\/agora.xtec.cat\/ceipcorderoure\/wp-json\/wp\/v2\/pages"}],"about":[{"href":"https:\/\/agora.xtec.cat\/ceipcorderoure\/wp-json\/wp\/v2\/types\/page"}],"author":[{"embeddable":true,"href":"https:\/\/agora.xtec.cat\/ceipcorderoure\/wp-json\/wp\/v2\/users\/1"}],"replies":[{"embeddable":true,"href":"https:\/\/agora.xtec.cat\/ceipcorderoure\/wp-json\/wp\/v2\/comments?post=30"}],"version-history":[{"count":3,"href":"https:\/\/agora.xtec.cat\/ceipcorderoure\/wp-json\/wp\/v2\/pages\/30\/revisions"}],"predecessor-version":[{"id":5327,"href":"https:\/\/agora.xtec.cat\/ceipcorderoure\/wp-json\/wp\/v2\/pages\/30\/revisions\/5327"}],"up":[{"embeddable":true,"href":"https:\/\/agora.xtec.cat\/ceipcorderoure\/wp-json\/wp\/v2\/pages\/22"}],"wp:attachment":[{"href":"https:\/\/agora.xtec.cat\/ceipcorderoure\/wp-json\/wp\/v2\/media?parent=30"}],"curies":[{"name":"wp","href":"https:\/\/api.w.org\/{rel}","templated":true}]}}