{"id":26,"date":"2014-09-18T12:24:32","date_gmt":"2014-09-18T11:24:32","guid":{"rendered":"http:\/\/agora.xtec.cat\/ceipcorderoure\/?page_id=26"},"modified":"2015-11-24T09:53:30","modified_gmt":"2015-11-24T08:53:30","slug":"historia","status":"publish","type":"page","link":"https:\/\/agora.xtec.cat\/ceipcorderoure\/lescola\/historia\/","title":{"rendered":"Hist\u00f2ria"},"content":{"rendered":"<p><strong>Situaci\u00f3<\/strong><br \/>\nSanta Coloma \u00e9s la poblaci\u00f3 m\u00e9s important de l&#8217;altipl\u00e0 situat entre la Conca de Barber\u00e0, La Segarra i l&#8217;Anoia. Administrativament pertanyem a la Conca de Barber\u00e0.<br \/>\nL&#8217;altitud \u00e9s d&#8217;uns 650 metres sobre el nivell del mar. Aqu\u00ed neix el riu Gai\u00e0, que desemboca a Tamarit, prop de Tarragona. L&#8217;escola est\u00e0 situada al Passeig Moss\u00e8n Joan Segura, als afores de la vila.<br \/>\nEl clima \u00e9s for\u00e7a rigor\u00f3s, sobretot a l\u2019hivern, amb temperatures notablement baixes i amb freq\u00fcents nevades.<\/p>\n<p><strong>Per qu\u00e8 Cor de Roure?<\/strong><br \/>\nPotser molts us heu preguntat de qu\u00e8 ve el nom de &#8220;Cor de Roure&#8221;. Pels qui no coneguin l&#8217;origen d&#8217;aquest nom, aqu\u00ed en teniu la hist\u00f2ria:<br \/>\nAquest noble va n\u00e9ixer el primer quart del segle XIII i va morir el 1275 a Lleida. Era conegut com a Pere II de Queralt, i senyor dels llocs de Queralt, Sta. Coloma, Aguil\u00f3, Almenara, Colomers, Figuerola, Rocafort, Montlle\u00f3, Rauric i Sant Antol\u00ed. Va tenir dos fills: Pere III i Guillem de Queralt.<\/p>\n<p>Particip\u00e0 juntament amb el Rei Jaume I en la conquesta de Mallorca (1229) i tamb\u00e9 en les conquestes de Val\u00e8ncia i M\u00farcia. L&#8217;any 1222, a inst\u00e0ncies de Pere II de Queralt, un Reial Privilegi del Rei En Jaume va concedir a la nostra vila de celebrar mercat cada dilluns, com encara es fa avui dia.<\/p>\n<p>El personatge de qui parlem era conegut com a &#8220;Cor de Roure&#8221;. Segons la llegenda caigu\u00e9 presoner dels \u00e0rabs, que li proposaren de recuperar la llibertat si lluitava amb un lle\u00f3 i li donava mort. Ho va aconseguir i va quedar lliure. En record d&#8217;aquest fet, les armes dels senyors de Queralt porten un lle\u00f3 rampant amb un punyal al pit. Aquesta gesta es troba immortalitzada a la portalada rom\u00e0nica (s.XIII) de l&#8217;esgl\u00e9sia de Santa Maria de Bell-lloc.<br \/>\nVet aqu\u00ed, doncs, la hist\u00f2ria i la llegenda.<\/p>\n","protected":false},"excerpt":{"rendered":"<p>Situaci\u00f3<br \/>\nSanta Coloma \u00e9s la poblaci\u00f3 m\u00e9s important de l&#8217;altipl\u00e0 situat entre la Conca de Barber\u00e0, La Segarra i l&#8217;Anoia. Administrativament pertanyem a la Conca de Barber\u00e0.<br \/>\nL&#8217;altitud \u00e9s d&#8217;uns 650 metres sobre el nivell del mar. Aqu\u00ed neix el riu Gai\u00e0, que desemboca a Tamarit, prop&hellip;  <a href=\"https:\/\/agora.xtec.cat\/ceipcorderoure\/lescola\/historia\/\" title=\"Read Hist\u00f2ria\">Llegeix m\u00e9s\u00bb<\/a><\/p>\n","protected":false},"author":1,"featured_media":0,"parent":22,"menu_order":20,"comment_status":"closed","ping_status":"closed","template":"page-templates\/side-menu.php","meta":{"_bbp_topic_count":0,"_bbp_reply_count":0,"_bbp_total_topic_count":0,"_bbp_total_reply_count":0,"_bbp_voice_count":0,"_bbp_anonymous_reply_count":0,"_bbp_topic_count_hidden":0,"_bbp_reply_count_hidden":0,"_bbp_forum_subforum_count":0,"footnotes":""},"class_list":["post-26","page","type-page","status-publish","hentry"],"post_mailing_queue_ids":[],"_links":{"self":[{"href":"https:\/\/agora.xtec.cat\/ceipcorderoure\/wp-json\/wp\/v2\/pages\/26","targetHints":{"allow":["GET"]}}],"collection":[{"href":"https:\/\/agora.xtec.cat\/ceipcorderoure\/wp-json\/wp\/v2\/pages"}],"about":[{"href":"https:\/\/agora.xtec.cat\/ceipcorderoure\/wp-json\/wp\/v2\/types\/page"}],"author":[{"embeddable":true,"href":"https:\/\/agora.xtec.cat\/ceipcorderoure\/wp-json\/wp\/v2\/users\/1"}],"replies":[{"embeddable":true,"href":"https:\/\/agora.xtec.cat\/ceipcorderoure\/wp-json\/wp\/v2\/comments?post=26"}],"version-history":[{"count":2,"href":"https:\/\/agora.xtec.cat\/ceipcorderoure\/wp-json\/wp\/v2\/pages\/26\/revisions"}],"predecessor-version":[{"id":186,"href":"https:\/\/agora.xtec.cat\/ceipcorderoure\/wp-json\/wp\/v2\/pages\/26\/revisions\/186"}],"up":[{"embeddable":true,"href":"https:\/\/agora.xtec.cat\/ceipcorderoure\/wp-json\/wp\/v2\/pages\/22"}],"wp:attachment":[{"href":"https:\/\/agora.xtec.cat\/ceipcorderoure\/wp-json\/wp\/v2\/media?parent=26"}],"curies":[{"name":"wp","href":"https:\/\/api.w.org\/{rel}","templated":true}]}}