{"id":905,"date":"2018-08-29T18:45:41","date_gmt":"2018-08-29T16:45:41","guid":{"rendered":"http:\/\/agora.xtec.cat\/ceipconsolferre\/?page_id=905"},"modified":"2021-02-25T19:35:56","modified_gmt":"2021-02-25T18:35:56","slug":"documents","status":"publish","type":"page","link":"https:\/\/agora.xtec.cat\/ceipconsolferre\/secretaria\/documents\/","title":{"rendered":"Autoritzacions i sol\u00b7licituds"},"content":{"rendered":"<p>Cliqueu a sobre el t\u00edtol per a descarregar-vos el document<\/p>\n<p>&nbsp;<\/p>\n<h5><a href=\"https:\/\/drive.google.com\/file\/d\/1-dW4YYy2ryOurEECB00v-TnndnciCE5I\/view?usp=sharing\" target=\"_blank\" rel=\"noopener noreferrer\">Sol\u00b7licitud gen\u00e8rica<\/a><\/h5>\n<h5><\/h5>\n<h5><a href=\"https:\/\/drive.google.com\/file\/d\/1wEHxldKYFacDDcIIt5jYG85Bue53VYPQ\/view?usp=sharing\" target=\"_blank\" rel=\"noopener noreferrer\">Autoritzaci\u00f3 de drets d&#8217;imatge i drets d&#8217;autoria de l&#8217;alumnat del centre<\/a><\/h5>\n<h5><\/h5>\n<h5><a href=\"https:\/\/drive.google.com\/file\/d\/1NgtIjL-7A0y1DAY1SrzqiKcAroApYell\/view?usp=sharing\" target=\"_blank\" rel=\"noopener noreferrer\">Autoritzaci\u00f3 per a qu\u00e8 l&#8217;alumnat pugui sortir del centre sense la supervisi\u00f3 d&#8217;un adult<\/a><\/h5>\n<p>&nbsp;<\/p>\n<h5><a href=\"https:\/\/drive.google.com\/file\/d\/165UmbDVGs160wmcVS8kvTZbZsBjKAT03\/view?usp=sharing\" target=\"_blank\" rel=\"noopener noreferrer\">Sol\u00b7licitud d&#8217;administraci\u00f3 de medicaments a l&#8217;alumnat<\/a><\/h5>\n<p>Aquesta sol\u00b7licitud ha d&#8217;anar acompanyada d&#8217;un informe m\u00e8dic on s&#8217;indiqui la posologia i les pautes d&#8217;administraci\u00f3 del medicament.<\/p>\n<p>&nbsp;<\/p>\n","protected":false},"excerpt":{"rendered":"<p>Cliqueu a sobre el t\u00edtol per a descarregar-vos el document &nbsp; Sol\u00b7licitud gen\u00e8rica Autoritzaci\u00f3 de drets d&#8217;imatge i drets d&#8217;autoria de l&#8217;alumnat del centre Autoritzaci\u00f3 per a qu\u00e8 l&#8217;alumnat pugui sortir del centre sense la supervisi\u00f3 d&#8217;un adult &nbsp; Sol\u00b7licitud d&#8217;administraci\u00f3 de medicaments a l&#8217;alumnat Aquesta sol\u00b7licitud ha d&#8217;anar acompanyada d&#8217;un informe m\u00e8dic on s&#8217;indiqui [&hellip;]<\/p>\n","protected":false},"author":1,"featured_media":0,"parent":843,"menu_order":20,"comment_status":"closed","ping_status":"closed","template":"page-templates\/side-menu.php","meta":{"_bbp_topic_count":0,"_bbp_reply_count":0,"_bbp_total_topic_count":0,"_bbp_total_reply_count":0,"_bbp_voice_count":0,"_bbp_anonymous_reply_count":0,"_bbp_topic_count_hidden":0,"_bbp_reply_count_hidden":0,"_bbp_forum_subforum_count":0,"site-sidebar-layout":"default","site-content-layout":"","ast-site-content-layout":"","site-content-style":"default","site-sidebar-style":"default","ast-global-header-display":"","ast-banner-title-visibility":"","ast-main-header-display":"","ast-hfb-above-header-display":"","ast-hfb-below-header-display":"","ast-hfb-mobile-header-display":"","site-post-title":"","ast-breadcrumbs-content":"","ast-featured-img":"","footer-sml-layout":"","theme-transparent-header-meta":"","adv-header-id-meta":"","stick-header-meta":"","header-above-stick-meta":"","header-main-stick-meta":"","header-below-stick-meta":"","astra-migrate-meta-layouts":"default","ast-page-background-enabled":"default","ast-page-background-meta":{"desktop":{"background-color":"var(--ast-global-color-4)","background-image":"","background-repeat":"repeat","background-position":"center center","background-size":"auto","background-attachment":"scroll","background-type":"","background-media":"","overlay-type":"","overlay-color":"","overlay-opacity":"","overlay-gradient":""},"tablet":{"background-color":"","background-image":"","background-repeat":"repeat","background-position":"center center","background-size":"auto","background-attachment":"scroll","background-type":"","background-media":"","overlay-type":"","overlay-color":"","overlay-opacity":"","overlay-gradient":""},"mobile":{"background-color":"","background-image":"","background-repeat":"repeat","background-position":"center center","background-size":"auto","background-attachment":"scroll","background-type":"","background-media":"","overlay-type":"","overlay-color":"","overlay-opacity":"","overlay-gradient":""}},"ast-content-background-meta":{"desktop":{"background-color":"var(--ast-global-color-5)","background-image":"","background-repeat":"repeat","background-position":"center center","background-size":"auto","background-attachment":"scroll","background-type":"","background-media":"","overlay-type":"","overlay-color":"","overlay-opacity":"","overlay-gradient":""},"tablet":{"background-color":"var(--ast-global-color-5)","background-image":"","background-repeat":"repeat","background-position":"center center","background-size":"auto","background-attachment":"scroll","background-type":"","background-media":"","overlay-type":"","overlay-color":"","overlay-opacity":"","overlay-gradient":""},"mobile":{"background-color":"var(--ast-global-color-5)","background-image":"","background-repeat":"repeat","background-position":"center center","background-size":"auto","background-attachment":"scroll","background-type":"","background-media":"","overlay-type":"","overlay-color":"","overlay-opacity":"","overlay-gradient":""}},"footnotes":""},"class_list":["post-905","page","type-page","status-publish","hentry"],"post_mailing_queue_ids":[],"_links":{"self":[{"href":"https:\/\/agora.xtec.cat\/ceipconsolferre\/wp-json\/wp\/v2\/pages\/905","targetHints":{"allow":["GET"]}}],"collection":[{"href":"https:\/\/agora.xtec.cat\/ceipconsolferre\/wp-json\/wp\/v2\/pages"}],"about":[{"href":"https:\/\/agora.xtec.cat\/ceipconsolferre\/wp-json\/wp\/v2\/types\/page"}],"author":[{"embeddable":true,"href":"https:\/\/agora.xtec.cat\/ceipconsolferre\/wp-json\/wp\/v2\/users\/1"}],"replies":[{"embeddable":true,"href":"https:\/\/agora.xtec.cat\/ceipconsolferre\/wp-json\/wp\/v2\/comments?post=905"}],"version-history":[{"count":4,"href":"https:\/\/agora.xtec.cat\/ceipconsolferre\/wp-json\/wp\/v2\/pages\/905\/revisions"}],"predecessor-version":[{"id":2521,"href":"https:\/\/agora.xtec.cat\/ceipconsolferre\/wp-json\/wp\/v2\/pages\/905\/revisions\/2521"}],"up":[{"embeddable":true,"href":"https:\/\/agora.xtec.cat\/ceipconsolferre\/wp-json\/wp\/v2\/pages\/843"}],"wp:attachment":[{"href":"https:\/\/agora.xtec.cat\/ceipconsolferre\/wp-json\/wp\/v2\/media?parent=905"}],"curies":[{"name":"wp","href":"https:\/\/api.w.org\/{rel}","templated":true}]}}