{"id":873,"date":"2018-08-29T18:31:39","date_gmt":"2018-08-29T16:31:39","guid":{"rendered":"http:\/\/agora.xtec.cat\/ceipconsolferre\/?page_id=873"},"modified":"2019-01-31T20:37:13","modified_gmt":"2019-01-31T19:37:13","slug":"pla-catala-de-lesport","status":"publish","type":"page","link":"https:\/\/agora.xtec.cat\/ceipconsolferre\/pla-catala-de-lesport\/","title":{"rendered":"Pla catal\u00e0 de l&#8217;esport"},"content":{"rendered":"<p><span style=\"font-weight: 400;\">Continuem amb els objectius de\u00a0<\/span><b>fomentar l&#8217;h\u00e0bit de realitzar activitat f\u00edsica<\/b><span style=\"font-weight: 400;\">\u00a0per part del nostre alumnat i\u00a0<\/span><b>interioritzar-ne la import\u00e0ncia per tal de mantenir un bon estat de salut<\/b><span style=\"font-weight: 400;\">\u00a0dins del PCEE seguirem amb la l\u00ednia encetada els cursos anteriors.\u00a0<\/span><\/p>\n<p><span style=\"font-weight: 400;\">Com activitats eix del pla per tal de poder assolir els objectius esmentats anteriorment durem a terme les seg\u00fcents:<\/span><\/p>\n<p><span style=\"font-weight: 400;\">&#8211; Cros Escolar<\/span><\/p>\n<p><span style=\"font-weight: 400;\">&#8211; Oferta d&#8217;activitats extraescolar relacionades amb la pr\u00e0ctica esportiva.<\/span><\/p>\n<p><span style=\"font-weight: 400;\">&#8211; Participaci\u00f3 de l&#8217;alumnat de l&#8217;escola en aquelles activitats esportives que es realitzin a Amposta:<\/span><\/p>\n<ul>\n<li><span style=\"font-weight: 400;\">Festa del mercat d&#8217;Amposta (Jocs tradicionals)<\/span><\/li>\n<li><span style=\"font-weight: 400;\">Diada de l&#8217;esport al carrer<\/span><\/li>\n<li><span style=\"font-weight: 400;\">Diada poliesportiva<\/span><\/li>\n<\/ul>\n<p><span style=\"font-weight: 400;\">L&#8217;enfocament de les<\/span><b>\u00a0activitats extraescolars relacionades amb la pr\u00e0ctica esportiva\u00a0<\/b><span style=\"font-weight: 400;\">sempre tindran en compte el factor l\u00fadic i de relaci\u00f3 de les activitats esportives i entenent l&#8217;esperit competitiu de manera positiva.\u00a0<\/span><\/p>\n<h5><\/h5>\n<h5>Cros Escola Consol Ferr\u00e9<\/h5>\n<p><span style=\"font-weight: 400;\">Tenint en compte l&#8217;\u00e8xit i les valoracions positives de les jornades anteriors dins del Pla Catal\u00e0 de l\u2019Esport realitzem el\u00a0<\/span><b>Cros de l\u2019Escola Consol Ferr\u00e9.\u00a0<\/b><span style=\"font-weight: 400;\">Aquesta jornada va n\u00e8ixer amb la voluntat de donar un impuls i fomentar la pr\u00e0ctica de l\u2019activitat f\u00edsica per part de l&#8217;alumnat de l\u2019escola i des del departament d\u2019educaci\u00f3 f\u00edsica es va creure oport\u00fa plantejar una jornada on tant les fam\u00edlies com l\u2019alumnat, es trob\u00e9ssin per tal de realitzar activitat f\u00edsica.\u00a0<\/span><\/p>\n<p><span style=\"font-weight: 400;\">D\u2019aqu\u00ed va sorgir la idea de planificar el Cros de l\u2019Escola Consol Ferr\u00e9, una jornada oberta a tota la comunitat escolar i on l\u2019AMPA de l\u2019escola, professorat i entitats d\u2019Amposta (Ajuntament, Consell Esportiu, Club d\u2019Atletisme&#8230;) treballen conjuntament per la planificaci\u00f3 i desenvolupament d\u2019aquesta jornada.\u00a0<\/span><\/p>\n<p><span style=\"font-weight: 400;\">Existeix el grup de treball del Cros, on familiars voluntaris amb professorat de l\u2019escola unirem esfor\u00e7os per organitzar aquesta cursa, on l\u2019objectiu principal ser\u00e0 la promoci\u00f3 de l&#8217;activitat f\u00edsica amb la m\u00e0xima participaci\u00f3 de tota la comunitat educativa.<\/span><\/p>\n<p>&nbsp;<\/p>\n<h5>Col\u00b7laboraci\u00f3 amb entitats esportives d&#8217;Amposta<\/h5>\n<p><span style=\"font-weight: 400;\">Des del departament d&#8217;educaci\u00f3 f\u00edsica contactem amb diversos clubs esportius de la ciutat per tal de promoure la iniciaci\u00f3 esportiva dins dels nostres alumnes.\u00a0<\/span><\/p>\n<p><span style=\"font-weight: 400;\">Aix\u00ed amb l&#8217;objectiu d&#8217;oferir un ampli ventall d&#8217;activitats esportives, per tal que l&#8217;alumnat en practiqui alguna en el seu temps d&#8217;oci, entitats esportives realitzen sessions dins de les classes d&#8217;educaci\u00f3 f\u00edsica.<\/span><\/p>\n<p>&nbsp;<\/p>\n","protected":false},"excerpt":{"rendered":"<p>Continuem amb els objectius de\u00a0fomentar l&#8217;h\u00e0bit de realitzar activitat f\u00edsica\u00a0per part del nostre alumnat i\u00a0interioritzar-ne la import\u00e0ncia per tal de mantenir un bon estat de salut\u00a0dins del PCEE seguirem amb la l\u00ednia encetada els cursos anteriors.\u00a0 Com activitats eix del pla per tal de poder assolir els objectius esmentats anteriorment durem a terme les seg\u00fcents: [&hellip;]<\/p>\n","protected":false},"author":1,"featured_media":0,"parent":0,"menu_order":0,"comment_status":"closed","ping_status":"closed","template":"page-templates\/side-menu.php","meta":{"_bbp_topic_count":0,"_bbp_reply_count":0,"_bbp_total_topic_count":0,"_bbp_total_reply_count":0,"_bbp_voice_count":0,"_bbp_anonymous_reply_count":0,"_bbp_topic_count_hidden":0,"_bbp_reply_count_hidden":0,"_bbp_forum_subforum_count":0,"site-sidebar-layout":"default","site-content-layout":"","ast-site-content-layout":"","site-content-style":"default","site-sidebar-style":"default","ast-global-header-display":"","ast-banner-title-visibility":"","ast-main-header-display":"","ast-hfb-above-header-display":"","ast-hfb-below-header-display":"","ast-hfb-mobile-header-display":"","site-post-title":"","ast-breadcrumbs-content":"","ast-featured-img":"","footer-sml-layout":"","theme-transparent-header-meta":"","adv-header-id-meta":"","stick-header-meta":"","header-above-stick-meta":"","header-main-stick-meta":"","header-below-stick-meta":"","astra-migrate-meta-layouts":"default","ast-page-background-enabled":"default","ast-page-background-meta":{"desktop":{"background-color":"var(--ast-global-color-4)","background-image":"","background-repeat":"repeat","background-position":"center center","background-size":"auto","background-attachment":"scroll","background-type":"","background-media":"","overlay-type":"","overlay-color":"","overlay-opacity":"","overlay-gradient":""},"tablet":{"background-color":"","background-image":"","background-repeat":"repeat","background-position":"center center","background-size":"auto","background-attachment":"scroll","background-type":"","background-media":"","overlay-type":"","overlay-color":"","overlay-opacity":"","overlay-gradient":""},"mobile":{"background-color":"","background-image":"","background-repeat":"repeat","background-position":"center center","background-size":"auto","background-attachment":"scroll","background-type":"","background-media":"","overlay-type":"","overlay-color":"","overlay-opacity":"","overlay-gradient":""}},"ast-content-background-meta":{"desktop":{"background-color":"var(--ast-global-color-5)","background-image":"","background-repeat":"repeat","background-position":"center center","background-size":"auto","background-attachment":"scroll","background-type":"","background-media":"","overlay-type":"","overlay-color":"","overlay-opacity":"","overlay-gradient":""},"tablet":{"background-color":"var(--ast-global-color-5)","background-image":"","background-repeat":"repeat","background-position":"center center","background-size":"auto","background-attachment":"scroll","background-type":"","background-media":"","overlay-type":"","overlay-color":"","overlay-opacity":"","overlay-gradient":""},"mobile":{"background-color":"var(--ast-global-color-5)","background-image":"","background-repeat":"repeat","background-position":"center center","background-size":"auto","background-attachment":"scroll","background-type":"","background-media":"","overlay-type":"","overlay-color":"","overlay-opacity":"","overlay-gradient":""}},"footnotes":""},"class_list":["post-873","page","type-page","status-publish","hentry"],"post_mailing_queue_ids":[],"_links":{"self":[{"href":"https:\/\/agora.xtec.cat\/ceipconsolferre\/wp-json\/wp\/v2\/pages\/873","targetHints":{"allow":["GET"]}}],"collection":[{"href":"https:\/\/agora.xtec.cat\/ceipconsolferre\/wp-json\/wp\/v2\/pages"}],"about":[{"href":"https:\/\/agora.xtec.cat\/ceipconsolferre\/wp-json\/wp\/v2\/types\/page"}],"author":[{"embeddable":true,"href":"https:\/\/agora.xtec.cat\/ceipconsolferre\/wp-json\/wp\/v2\/users\/1"}],"replies":[{"embeddable":true,"href":"https:\/\/agora.xtec.cat\/ceipconsolferre\/wp-json\/wp\/v2\/comments?post=873"}],"version-history":[{"count":3,"href":"https:\/\/agora.xtec.cat\/ceipconsolferre\/wp-json\/wp\/v2\/pages\/873\/revisions"}],"predecessor-version":[{"id":1375,"href":"https:\/\/agora.xtec.cat\/ceipconsolferre\/wp-json\/wp\/v2\/pages\/873\/revisions\/1375"}],"wp:attachment":[{"href":"https:\/\/agora.xtec.cat\/ceipconsolferre\/wp-json\/wp\/v2\/media?parent=873"}],"curies":[{"name":"wp","href":"https:\/\/api.w.org\/{rel}","templated":true}]}}