{"id":869,"date":"2018-08-29T18:31:07","date_gmt":"2018-08-29T16:31:07","guid":{"rendered":"http:\/\/agora.xtec.cat\/ceipconsolferre\/?page_id=869"},"modified":"2022-06-27T14:15:53","modified_gmt":"2022-06-27T12:15:53","slug":"documents-de-centre","status":"publish","type":"page","link":"https:\/\/agora.xtec.cat\/ceipconsolferre\/lescola\/documents-de-centre\/","title":{"rendered":"Documents de centre"},"content":{"rendered":"<p><a href=\"https:\/\/drive.google.com\/file\/d\/1ly69xI2zdE28CoG0D4-qb157QM8bt_rV\/view?usp=sharing\" target=\"_blank\" rel=\"noopener noreferrer\"><strong>Carta de comprom\u00eds educatiu<\/strong><\/a><\/p>\n<p><a href=\"https:\/\/drive.google.com\/file\/d\/1gnay2ZZRxl0K-RCbNIcWMzhhIK_WLRJ8\/view?usp=sharing\" target=\"_blank\" rel=\"noopener noreferrer\"><strong>Projecte Educatiu de Centre &#8211; PEC<\/strong><\/a><\/p>\n<p><a href=\"https:\/\/drive.google.com\/file\/d\/12UgGVnjxa6bsomevtcQJXdvRPxR9cCQh\/view?usp=sharing\" target=\"_blank\" rel=\"noopener noreferrer\"><strong>Projecte Ling\u00fc\u00edstic<\/strong><\/a><\/p>\n<p><a href=\"https:\/\/drive.google.com\/file\/d\/1_QU_eQS6CNhGTRVkEIk5rQYv6tmhjD_b\/view?usp=sharing\" target=\"_blank\" rel=\"noopener noreferrer\"><strong>Projecte de Conviv\u00e8ncia<\/strong><\/a><\/p>\n<p><a href=\"https:\/\/drive.google.com\/file\/d\/12i8Wwk3DCz2a2Iz0OVZ2oFgl5AHOl2Ts\/view?usp=sharing\" target=\"_blank\" rel=\"noopener noreferrer\"><strong>Normes d&#8217;Organitzaci\u00f3 i Funcionament de Centre &#8211; NOFC<\/strong> \u00a0 Actualment s&#8217;est\u00e0 actualitzant el document.<\/a><\/p>\n<p><strong><a href=\"https:\/\/drive.google.com\/file\/d\/1oNPK16hhNA2TDGZhnf8e4U7NzlfSRRDp\/view?usp=sharing\" target=\"_blank\" rel=\"noopener noreferrer\">Pla de funcionament del menjador escolar<\/a><\/strong><\/p>\n","protected":false},"excerpt":{"rendered":"<p>Carta de comprom\u00eds educatiu Projecte Educatiu de Centre &#8211; PEC Projecte Ling\u00fc\u00edstic Projecte de Conviv\u00e8ncia Normes d&#8217;Organitzaci\u00f3 i Funcionament de Centre &#8211; NOFC \u00a0 Actualment s&#8217;est\u00e0 actualitzant el document. Pla de funcionament del menjador escolar<\/p>\n","protected":false},"author":1,"featured_media":0,"parent":22,"menu_order":80,"comment_status":"closed","ping_status":"closed","template":"page-templates\/side-menu.php","meta":{"_bbp_topic_count":0,"_bbp_reply_count":0,"_bbp_total_topic_count":0,"_bbp_total_reply_count":0,"_bbp_voice_count":0,"_bbp_anonymous_reply_count":0,"_bbp_topic_count_hidden":0,"_bbp_reply_count_hidden":0,"_bbp_forum_subforum_count":0,"site-sidebar-layout":"default","site-content-layout":"","ast-site-content-layout":"","site-content-style":"default","site-sidebar-style":"default","ast-global-header-display":"","ast-banner-title-visibility":"","ast-main-header-display":"","ast-hfb-above-header-display":"","ast-hfb-below-header-display":"","ast-hfb-mobile-header-display":"","site-post-title":"","ast-breadcrumbs-content":"","ast-featured-img":"","footer-sml-layout":"","theme-transparent-header-meta":"","adv-header-id-meta":"","stick-header-meta":"","header-above-stick-meta":"","header-main-stick-meta":"","header-below-stick-meta":"","astra-migrate-meta-layouts":"default","ast-page-background-enabled":"default","ast-page-background-meta":{"desktop":{"background-color":"var(--ast-global-color-4)","background-image":"","background-repeat":"repeat","background-position":"center center","background-size":"auto","background-attachment":"scroll","background-type":"","background-media":"","overlay-type":"","overlay-color":"","overlay-opacity":"","overlay-gradient":""},"tablet":{"background-color":"","background-image":"","background-repeat":"repeat","background-position":"center center","background-size":"auto","background-attachment":"scroll","background-type":"","background-media":"","overlay-type":"","overlay-color":"","overlay-opacity":"","overlay-gradient":""},"mobile":{"background-color":"","background-image":"","background-repeat":"repeat","background-position":"center center","background-size":"auto","background-attachment":"scroll","background-type":"","background-media":"","overlay-type":"","overlay-color":"","overlay-opacity":"","overlay-gradient":""}},"ast-content-background-meta":{"desktop":{"background-color":"var(--ast-global-color-5)","background-image":"","background-repeat":"repeat","background-position":"center center","background-size":"auto","background-attachment":"scroll","background-type":"","background-media":"","overlay-type":"","overlay-color":"","overlay-opacity":"","overlay-gradient":""},"tablet":{"background-color":"var(--ast-global-color-5)","background-image":"","background-repeat":"repeat","background-position":"center center","background-size":"auto","background-attachment":"scroll","background-type":"","background-media":"","overlay-type":"","overlay-color":"","overlay-opacity":"","overlay-gradient":""},"mobile":{"background-color":"var(--ast-global-color-5)","background-image":"","background-repeat":"repeat","background-position":"center center","background-size":"auto","background-attachment":"scroll","background-type":"","background-media":"","overlay-type":"","overlay-color":"","overlay-opacity":"","overlay-gradient":""}},"footnotes":""},"class_list":["post-869","page","type-page","status-publish","hentry"],"post_mailing_queue_ids":[],"_links":{"self":[{"href":"https:\/\/agora.xtec.cat\/ceipconsolferre\/wp-json\/wp\/v2\/pages\/869","targetHints":{"allow":["GET"]}}],"collection":[{"href":"https:\/\/agora.xtec.cat\/ceipconsolferre\/wp-json\/wp\/v2\/pages"}],"about":[{"href":"https:\/\/agora.xtec.cat\/ceipconsolferre\/wp-json\/wp\/v2\/types\/page"}],"author":[{"embeddable":true,"href":"https:\/\/agora.xtec.cat\/ceipconsolferre\/wp-json\/wp\/v2\/users\/1"}],"replies":[{"embeddable":true,"href":"https:\/\/agora.xtec.cat\/ceipconsolferre\/wp-json\/wp\/v2\/comments?post=869"}],"version-history":[{"count":4,"href":"https:\/\/agora.xtec.cat\/ceipconsolferre\/wp-json\/wp\/v2\/pages\/869\/revisions"}],"predecessor-version":[{"id":2890,"href":"https:\/\/agora.xtec.cat\/ceipconsolferre\/wp-json\/wp\/v2\/pages\/869\/revisions\/2890"}],"up":[{"embeddable":true,"href":"https:\/\/agora.xtec.cat\/ceipconsolferre\/wp-json\/wp\/v2\/pages\/22"}],"wp:attachment":[{"href":"https:\/\/agora.xtec.cat\/ceipconsolferre\/wp-json\/wp\/v2\/media?parent=869"}],"curies":[{"name":"wp","href":"https:\/\/api.w.org\/{rel}","templated":true}]}}