{"id":36,"date":"2017-07-18T12:33:11","date_gmt":"2017-07-18T10:33:11","guid":{"rendered":"http:\/\/agora.xtec.cat\/ceipconsolferre\/?page_id=36"},"modified":"2025-06-18T12:32:37","modified_gmt":"2025-06-18T10:32:37","slug":"material-escolar","status":"publish","type":"page","link":"https:\/\/agora.xtec.cat\/ceipconsolferre\/secretaria\/material-escolar\/","title":{"rendered":"Material escolar"},"content":{"rendered":"<p>Per a veure la llista de material escolar de cada comunitat per al curs 2025-26\u00a0 cliqueu al t\u00edtol:<\/p>\n<p><a href=\"https:\/\/docs.google.com\/document\/d\/1ldRK4PxzdyrkiRSwCxUeG_kklSi2uvLMaC5Kz3vJurk\/edit?usp=sharing\" target=\"_blank\" rel=\"noopener\">Llista de material 2025-26<\/a><\/p>\n<p>L&#8217;AFA<a href=\"https:\/\/agora.xtec.cat\/ceipconsolferre\/wp-content\/uploads\/usu665\/2019\/01\/material-escolar.jpg\"><img loading=\"lazy\" decoding=\"async\" class=\"alignright wp-image-1274 size-medium\" src=\"https:\/\/agora.xtec.cat\/ceipconsolferre\/wp-content\/uploads\/usu665\/2019\/01\/material-escolar-300x225.jpg\" alt=\"\" width=\"300\" height=\"225\" \/><\/a> s&#8217;encarrega de gestionar el pagament de les <strong>sortides i activitats pedag\u00f2giques, festes i material que no \u00e9s de papereria <\/strong>de tot l&#8217;alumnat del centre. Cada alumne ha de fer un ingr\u00e9s de <strong>80\u20ac <\/strong>amb aquest concepte. indicant el nom i cognom de l&#8217;infant i el curs.<\/p>\n<p>El pagament de la quota caldr\u00e0 que es faci efectiu entre l&#8217;1 de juliol i el 31 d&#8217;agost del 2025.<\/p>\n<h3 style=\"text-align: center;\">Compte BBVA: ES45 0182 4475 4002 0011 3195<\/h3>\n","protected":false},"excerpt":{"rendered":"<p>Per a veure la llista de material escolar de cada comunitat per al curs 2025-26\u00a0 cliqueu al t\u00edtol: Llista de material 2025-26 L&#8217;AFA s&#8217;encarrega de gestionar el pagament de les sortides i activitats pedag\u00f2giques, festes i material que no \u00e9s de papereria de tot l&#8217;alumnat del centre. Cada alumne ha de fer un ingr\u00e9s de [&hellip;]<\/p>\n","protected":false},"author":1,"featured_media":0,"parent":843,"menu_order":30,"comment_status":"closed","ping_status":"closed","template":"page-templates\/side-menu.php","meta":{"_bbp_topic_count":0,"_bbp_reply_count":0,"_bbp_total_topic_count":0,"_bbp_total_reply_count":0,"_bbp_voice_count":0,"_bbp_anonymous_reply_count":0,"_bbp_topic_count_hidden":0,"_bbp_reply_count_hidden":0,"_bbp_forum_subforum_count":0,"site-sidebar-layout":"default","site-content-layout":"","ast-site-content-layout":"","site-content-style":"default","site-sidebar-style":"default","ast-global-header-display":"","ast-banner-title-visibility":"","ast-main-header-display":"","ast-hfb-above-header-display":"","ast-hfb-below-header-display":"","ast-hfb-mobile-header-display":"","site-post-title":"","ast-breadcrumbs-content":"","ast-featured-img":"","footer-sml-layout":"","theme-transparent-header-meta":"","adv-header-id-meta":"","stick-header-meta":"","header-above-stick-meta":"","header-main-stick-meta":"","header-below-stick-meta":"","astra-migrate-meta-layouts":"default","ast-page-background-enabled":"default","ast-page-background-meta":{"desktop":{"background-color":"var(--ast-global-color-4)","background-image":"","background-repeat":"repeat","background-position":"center center","background-size":"auto","background-attachment":"scroll","background-type":"","background-media":"","overlay-type":"","overlay-color":"","overlay-opacity":"","overlay-gradient":""},"tablet":{"background-color":"","background-image":"","background-repeat":"repeat","background-position":"center center","background-size":"auto","background-attachment":"scroll","background-type":"","background-media":"","overlay-type":"","overlay-color":"","overlay-opacity":"","overlay-gradient":""},"mobile":{"background-color":"","background-image":"","background-repeat":"repeat","background-position":"center center","background-size":"auto","background-attachment":"scroll","background-type":"","background-media":"","overlay-type":"","overlay-color":"","overlay-opacity":"","overlay-gradient":""}},"ast-content-background-meta":{"desktop":{"background-color":"var(--ast-global-color-5)","background-image":"","background-repeat":"repeat","background-position":"center center","background-size":"auto","background-attachment":"scroll","background-type":"","background-media":"","overlay-type":"","overlay-color":"","overlay-opacity":"","overlay-gradient":""},"tablet":{"background-color":"var(--ast-global-color-5)","background-image":"","background-repeat":"repeat","background-position":"center center","background-size":"auto","background-attachment":"scroll","background-type":"","background-media":"","overlay-type":"","overlay-color":"","overlay-opacity":"","overlay-gradient":""},"mobile":{"background-color":"var(--ast-global-color-5)","background-image":"","background-repeat":"repeat","background-position":"center center","background-size":"auto","background-attachment":"scroll","background-type":"","background-media":"","overlay-type":"","overlay-color":"","overlay-opacity":"","overlay-gradient":""}},"footnotes":""},"class_list":["post-36","page","type-page","status-publish","hentry"],"post_mailing_queue_ids":[],"_links":{"self":[{"href":"https:\/\/agora.xtec.cat\/ceipconsolferre\/wp-json\/wp\/v2\/pages\/36","targetHints":{"allow":["GET"]}}],"collection":[{"href":"https:\/\/agora.xtec.cat\/ceipconsolferre\/wp-json\/wp\/v2\/pages"}],"about":[{"href":"https:\/\/agora.xtec.cat\/ceipconsolferre\/wp-json\/wp\/v2\/types\/page"}],"author":[{"embeddable":true,"href":"https:\/\/agora.xtec.cat\/ceipconsolferre\/wp-json\/wp\/v2\/users\/1"}],"replies":[{"embeddable":true,"href":"https:\/\/agora.xtec.cat\/ceipconsolferre\/wp-json\/wp\/v2\/comments?post=36"}],"version-history":[{"count":6,"href":"https:\/\/agora.xtec.cat\/ceipconsolferre\/wp-json\/wp\/v2\/pages\/36\/revisions"}],"predecessor-version":[{"id":3511,"href":"https:\/\/agora.xtec.cat\/ceipconsolferre\/wp-json\/wp\/v2\/pages\/36\/revisions\/3511"}],"up":[{"embeddable":true,"href":"https:\/\/agora.xtec.cat\/ceipconsolferre\/wp-json\/wp\/v2\/pages\/843"}],"wp:attachment":[{"href":"https:\/\/agora.xtec.cat\/ceipconsolferre\/wp-json\/wp\/v2\/media?parent=36"}],"curies":[{"name":"wp","href":"https:\/\/api.w.org\/{rel}","templated":true}]}}