{"id":2829,"date":"2022-03-15T13:07:07","date_gmt":"2022-03-15T12:07:07","guid":{"rendered":"https:\/\/agora.xtec.cat\/ceipconsolferre\/?page_id=2829"},"modified":"2022-03-23T16:02:33","modified_gmt":"2022-03-23T15:02:33","slug":"comunicacio-amb-la-comunitat-educativa","status":"publish","type":"page","link":"https:\/\/agora.xtec.cat\/ceipconsolferre\/comunicacio-amb-la-comunitat-educativa\/","title":{"rendered":"COMUNICACI\u00d3 AMB LA COMUNITAT EDUCATIVA"},"content":{"rendered":"<p>&nbsp;<\/p>\n<p>L&#8217;\u00fas de l&#8217;aplicaci\u00f3 &#8220;Classdojo&#8221; ens facilita la comunicaci\u00f3 fam\u00edlia-escola. A m\u00e9s d&#8217;eina educativa tamb\u00e9 la utilitzem com a plataforma per consultar el treball setmanal a classe mitjan\u00e7ant fotos, escrits i v\u00eddeos. \u00c9s una eina f\u00e0cil i intu\u00eftiva.<\/p>\n<p>Els missatges que s\u2019envien poden ser personals, d\u2019aula o d\u2019escola. La fam\u00edlia nom\u00e9s ha de descarregar-se l\u2019app o entrar a la web https:\/\/www.classdojo.com\/es-es\/ i amb el codi que facilita el\/la mestre\/a als i les alumnes nom\u00e9s cal registrar-se i posar el codi.<\/p>\n<p>En cas de problemes t\u00e8cnics en la desc\u00e0rrega i alta a l&#8217;aplicaci\u00f3 l&#8217;escola proporcionar\u00e0 l&#8217;acompanyament necessari.<\/p>\n<p><a href=\"https:\/\/agora.xtec.cat\/ceipconsolferre\/wp-content\/uploads\/usu665\/2022\/03\/unnamed.png\"><img loading=\"lazy\" decoding=\"async\" class=\"aligncenter  wp-image-2848\" src=\"https:\/\/agora.xtec.cat\/ceipconsolferre\/wp-content\/uploads\/usu665\/2022\/03\/unnamed-300x300.png\" alt=\"\" width=\"170\" height=\"170\" srcset=\"https:\/\/agora.xtec.cat\/ceipconsolferre\/wp-content\/uploads\/usu665\/2022\/03\/unnamed-300x300.png 300w, https:\/\/agora.xtec.cat\/ceipconsolferre\/wp-content\/uploads\/usu665\/2022\/03\/unnamed-150x150.png 150w, https:\/\/agora.xtec.cat\/ceipconsolferre\/wp-content\/uploads\/usu665\/2022\/03\/unnamed.png 512w\" sizes=\"auto, (max-width: 170px) 100vw, 170px\" \/><\/a><\/p>\n","protected":false},"excerpt":{"rendered":"<p>&nbsp; L&#8217;\u00fas de l&#8217;aplicaci\u00f3 &#8220;Classdojo&#8221; ens facilita la comunicaci\u00f3 fam\u00edlia-escola. A m\u00e9s d&#8217;eina educativa tamb\u00e9 la utilitzem com a plataforma per consultar el treball setmanal a classe mitjan\u00e7ant fotos, escrits i v\u00eddeos. \u00c9s una eina f\u00e0cil i intu\u00eftiva. Els missatges que s\u2019envien poden ser personals, d\u2019aula o d\u2019escola. La fam\u00edlia nom\u00e9s ha de descarregar-se l\u2019app [&hellip;]<\/p>\n","protected":false},"author":1,"featured_media":0,"parent":0,"menu_order":0,"comment_status":"closed","ping_status":"closed","template":"","meta":{"_bbp_topic_count":0,"_bbp_reply_count":0,"_bbp_total_topic_count":0,"_bbp_total_reply_count":0,"_bbp_voice_count":0,"_bbp_anonymous_reply_count":0,"_bbp_topic_count_hidden":0,"_bbp_reply_count_hidden":0,"_bbp_forum_subforum_count":0,"site-sidebar-layout":"default","site-content-layout":"","ast-site-content-layout":"","site-content-style":"default","site-sidebar-style":"default","ast-global-header-display":"","ast-banner-title-visibility":"","ast-main-header-display":"","ast-hfb-above-header-display":"","ast-hfb-below-header-display":"","ast-hfb-mobile-header-display":"","site-post-title":"","ast-breadcrumbs-content":"","ast-featured-img":"","footer-sml-layout":"","theme-transparent-header-meta":"","adv-header-id-meta":"","stick-header-meta":"","header-above-stick-meta":"","header-main-stick-meta":"","header-below-stick-meta":"","astra-migrate-meta-layouts":"default","ast-page-background-enabled":"default","ast-page-background-meta":{"desktop":{"background-color":"var(--ast-global-color-4)","background-image":"","background-repeat":"repeat","background-position":"center center","background-size":"auto","background-attachment":"scroll","background-type":"","background-media":"","overlay-type":"","overlay-color":"","overlay-opacity":"","overlay-gradient":""},"tablet":{"background-color":"","background-image":"","background-repeat":"repeat","background-position":"center center","background-size":"auto","background-attachment":"scroll","background-type":"","background-media":"","overlay-type":"","overlay-color":"","overlay-opacity":"","overlay-gradient":""},"mobile":{"background-color":"","background-image":"","background-repeat":"repeat","background-position":"center center","background-size":"auto","background-attachment":"scroll","background-type":"","background-media":"","overlay-type":"","overlay-color":"","overlay-opacity":"","overlay-gradient":""}},"ast-content-background-meta":{"desktop":{"background-color":"var(--ast-global-color-5)","background-image":"","background-repeat":"repeat","background-position":"center center","background-size":"auto","background-attachment":"scroll","background-type":"","background-media":"","overlay-type":"","overlay-color":"","overlay-opacity":"","overlay-gradient":""},"tablet":{"background-color":"var(--ast-global-color-5)","background-image":"","background-repeat":"repeat","background-position":"center center","background-size":"auto","background-attachment":"scroll","background-type":"","background-media":"","overlay-type":"","overlay-color":"","overlay-opacity":"","overlay-gradient":""},"mobile":{"background-color":"var(--ast-global-color-5)","background-image":"","background-repeat":"repeat","background-position":"center center","background-size":"auto","background-attachment":"scroll","background-type":"","background-media":"","overlay-type":"","overlay-color":"","overlay-opacity":"","overlay-gradient":""}},"footnotes":""},"class_list":["post-2829","page","type-page","status-publish","hentry"],"post_mailing_queue_ids":[],"_links":{"self":[{"href":"https:\/\/agora.xtec.cat\/ceipconsolferre\/wp-json\/wp\/v2\/pages\/2829","targetHints":{"allow":["GET"]}}],"collection":[{"href":"https:\/\/agora.xtec.cat\/ceipconsolferre\/wp-json\/wp\/v2\/pages"}],"about":[{"href":"https:\/\/agora.xtec.cat\/ceipconsolferre\/wp-json\/wp\/v2\/types\/page"}],"author":[{"embeddable":true,"href":"https:\/\/agora.xtec.cat\/ceipconsolferre\/wp-json\/wp\/v2\/users\/1"}],"replies":[{"embeddable":true,"href":"https:\/\/agora.xtec.cat\/ceipconsolferre\/wp-json\/wp\/v2\/comments?post=2829"}],"version-history":[{"count":3,"href":"https:\/\/agora.xtec.cat\/ceipconsolferre\/wp-json\/wp\/v2\/pages\/2829\/revisions"}],"predecessor-version":[{"id":2849,"href":"https:\/\/agora.xtec.cat\/ceipconsolferre\/wp-json\/wp\/v2\/pages\/2829\/revisions\/2849"}],"wp:attachment":[{"href":"https:\/\/agora.xtec.cat\/ceipconsolferre\/wp-json\/wp\/v2\/media?parent=2829"}],"curies":[{"name":"wp","href":"https:\/\/api.w.org\/{rel}","templated":true}]}}