{"id":2817,"date":"2022-03-15T13:04:18","date_gmt":"2022-03-15T12:04:18","guid":{"rendered":"https:\/\/agora.xtec.cat\/ceipconsolferre\/?page_id=2817"},"modified":"2022-05-10T12:38:59","modified_gmt":"2022-05-10T10:38:59","slug":"diagnosi","status":"publish","type":"page","link":"https:\/\/agora.xtec.cat\/ceipconsolferre\/diagnosi\/","title":{"rendered":"DIAGNOSI"},"content":{"rendered":"<p>Aquest curs hem iniciat l&#8217;Estrat\u00e8gia digital de Centre per tal de millorar l&#8217;organitzaci\u00f3 de l&#8217;\u00e0mbit digital de la nostra escola. Per aix\u00f2 hem comen\u00e7at fent una diagnosi per con\u00e8ixer el punt de partida.<\/p>\n<p>Per arribar a aquest punt hem fet servir l&#8217;eina Selfie que ens ha donat una radiografia completa de l&#8217;estat digital des de l&#8217;\u00f2ptica de l&#8217;equip directiu, professorat i l&#8217;alumnat.<\/p>\n<p><a href=\"https:\/\/agora.xtec.cat\/ceipconsolferre\/wp-content\/uploads\/usu665\/2022\/05\/Captura-selfie.png\"><img loading=\"lazy\" decoding=\"async\" class=\"aligncenter size-full wp-image-2864\" src=\"https:\/\/agora.xtec.cat\/ceipconsolferre\/wp-content\/uploads\/usu665\/2022\/05\/Captura-selfie.png\" alt=\"\" width=\"734\" height=\"125\" srcset=\"https:\/\/agora.xtec.cat\/ceipconsolferre\/wp-content\/uploads\/usu665\/2022\/05\/Captura-selfie.png 734w, https:\/\/agora.xtec.cat\/ceipconsolferre\/wp-content\/uploads\/usu665\/2022\/05\/Captura-selfie-300x51.png 300w\" sizes=\"auto, (max-width: 734px) 100vw, 734px\" \/><\/a><\/p>\n<p>Tamb\u00e9 hem tingut en compte l&#8217;opini\u00f3 de les fam\u00edlies, tot utilitzant un q\u00fcestionari digital.<\/p>\n<p>A partir d&#8217;aquesta diagnosi hem detectat els seg\u00fcents punts forts i aspectes a millorar:<\/p>\n<table style=\"border-collapse: collapse; width: 100%;\">\n<tbody>\n<tr>\n<td style=\"width: 50%; text-align: center;\"><strong>Punts forts<\/strong><\/td>\n<td style=\"width: 50%; text-align: center;\"><strong>Punts a aprofundir<\/strong><\/td>\n<\/tr>\n<tr>\n<td style=\"width: 50%; text-align: left;\">Lideratge<\/td>\n<td style=\"width: 50%; text-align: left;\">Col\u00b7laboraci\u00f3 i xarxes<\/td>\n<\/tr>\n<tr>\n<td style=\"width: 50%; text-align: left;\">Infraestructura i equips<\/td>\n<td style=\"width: 50%; text-align: left;\">Pr\u00e0ctiques d&#8217;avaluaci\u00f3<\/td>\n<\/tr>\n<tr>\n<td style=\"width: 50%; text-align: left;\">Pedagogia: Implementaci\u00f3 a l&#8217;aula<\/td>\n<td style=\"width: 50%; text-align: left;\">Compet\u00e8ncies digitals de l&#8217;alumnat<\/td>\n<\/tr>\n<tr>\n<td style=\"width: 50%;\"><\/td>\n<td style=\"width: 50%;\"><\/td>\n<\/tr>\n<\/tbody>\n<\/table>\n<p>&nbsp;<\/p>\n","protected":false},"excerpt":{"rendered":"<p>Aquest curs hem iniciat l&#8217;Estrat\u00e8gia digital de Centre per tal de millorar l&#8217;organitzaci\u00f3 de l&#8217;\u00e0mbit digital de la nostra escola. Per aix\u00f2 hem comen\u00e7at fent una diagnosi per con\u00e8ixer el punt de partida. Per arribar a aquest punt hem fet servir l&#8217;eina Selfie que ens ha donat una radiografia completa de l&#8217;estat digital des de [&hellip;]<\/p>\n","protected":false},"author":1,"featured_media":0,"parent":0,"menu_order":0,"comment_status":"closed","ping_status":"closed","template":"","meta":{"_bbp_topic_count":0,"_bbp_reply_count":0,"_bbp_total_topic_count":0,"_bbp_total_reply_count":0,"_bbp_voice_count":0,"_bbp_anonymous_reply_count":0,"_bbp_topic_count_hidden":0,"_bbp_reply_count_hidden":0,"_bbp_forum_subforum_count":0,"site-sidebar-layout":"default","site-content-layout":"","ast-site-content-layout":"","site-content-style":"default","site-sidebar-style":"default","ast-global-header-display":"","ast-banner-title-visibility":"","ast-main-header-display":"","ast-hfb-above-header-display":"","ast-hfb-below-header-display":"","ast-hfb-mobile-header-display":"","site-post-title":"","ast-breadcrumbs-content":"","ast-featured-img":"","footer-sml-layout":"","theme-transparent-header-meta":"","adv-header-id-meta":"","stick-header-meta":"","header-above-stick-meta":"","header-main-stick-meta":"","header-below-stick-meta":"","astra-migrate-meta-layouts":"default","ast-page-background-enabled":"default","ast-page-background-meta":{"desktop":{"background-color":"var(--ast-global-color-4)","background-image":"","background-repeat":"repeat","background-position":"center center","background-size":"auto","background-attachment":"scroll","background-type":"","background-media":"","overlay-type":"","overlay-color":"","overlay-opacity":"","overlay-gradient":""},"tablet":{"background-color":"","background-image":"","background-repeat":"repeat","background-position":"center center","background-size":"auto","background-attachment":"scroll","background-type":"","background-media":"","overlay-type":"","overlay-color":"","overlay-opacity":"","overlay-gradient":""},"mobile":{"background-color":"","background-image":"","background-repeat":"repeat","background-position":"center center","background-size":"auto","background-attachment":"scroll","background-type":"","background-media":"","overlay-type":"","overlay-color":"","overlay-opacity":"","overlay-gradient":""}},"ast-content-background-meta":{"desktop":{"background-color":"var(--ast-global-color-5)","background-image":"","background-repeat":"repeat","background-position":"center center","background-size":"auto","background-attachment":"scroll","background-type":"","background-media":"","overlay-type":"","overlay-color":"","overlay-opacity":"","overlay-gradient":""},"tablet":{"background-color":"var(--ast-global-color-5)","background-image":"","background-repeat":"repeat","background-position":"center center","background-size":"auto","background-attachment":"scroll","background-type":"","background-media":"","overlay-type":"","overlay-color":"","overlay-opacity":"","overlay-gradient":""},"mobile":{"background-color":"var(--ast-global-color-5)","background-image":"","background-repeat":"repeat","background-position":"center center","background-size":"auto","background-attachment":"scroll","background-type":"","background-media":"","overlay-type":"","overlay-color":"","overlay-opacity":"","overlay-gradient":""}},"footnotes":""},"class_list":["post-2817","page","type-page","status-publish","hentry"],"post_mailing_queue_ids":[],"_links":{"self":[{"href":"https:\/\/agora.xtec.cat\/ceipconsolferre\/wp-json\/wp\/v2\/pages\/2817","targetHints":{"allow":["GET"]}}],"collection":[{"href":"https:\/\/agora.xtec.cat\/ceipconsolferre\/wp-json\/wp\/v2\/pages"}],"about":[{"href":"https:\/\/agora.xtec.cat\/ceipconsolferre\/wp-json\/wp\/v2\/types\/page"}],"author":[{"embeddable":true,"href":"https:\/\/agora.xtec.cat\/ceipconsolferre\/wp-json\/wp\/v2\/users\/1"}],"replies":[{"embeddable":true,"href":"https:\/\/agora.xtec.cat\/ceipconsolferre\/wp-json\/wp\/v2\/comments?post=2817"}],"version-history":[{"count":3,"href":"https:\/\/agora.xtec.cat\/ceipconsolferre\/wp-json\/wp\/v2\/pages\/2817\/revisions"}],"predecessor-version":[{"id":2865,"href":"https:\/\/agora.xtec.cat\/ceipconsolferre\/wp-json\/wp\/v2\/pages\/2817\/revisions\/2865"}],"wp:attachment":[{"href":"https:\/\/agora.xtec.cat\/ceipconsolferre\/wp-json\/wp\/v2\/media?parent=2817"}],"curies":[{"name":"wp","href":"https:\/\/api.w.org\/{rel}","templated":true}]}}