{"id":28,"date":"2017-07-18T12:29:35","date_gmt":"2017-07-18T10:29:35","guid":{"rendered":"http:\/\/agora.xtec.cat\/ceipconsolferre\/?page_id=28"},"modified":"2025-08-25T19:32:19","modified_gmt":"2025-08-25T17:32:19","slug":"consell-escolar","status":"publish","type":"page","link":"https:\/\/agora.xtec.cat\/ceipconsolferre\/lescola\/consell-escolar\/","title":{"rendered":"Consell escolar"},"content":{"rendered":"<p>El Consell Escolar de Centre \u00e9s un \u00f2rgan de govern col\u00b7legiat on es troba representat tota la <a href=\"http:\/\/www.fapac.cat\/wiki\/comunitat_educativa\">comunitat educativa<\/a>.<\/p>\n<p>\u00c9s un \u00f2rgan de decisi\u00f3 i participaci\u00f3 que juga un paper important en el funcionament del centre.<\/p>\n<p>&nbsp;<\/p>\n<p><strong>Membres del Consell Escolar de Centre\u00a0<\/strong><\/p>\n<table>\n<tbody>\n<tr>\n<td style=\"text-align: left; vertical-align: top;\" width=\"300\">La directora, que el presideix:<\/td>\n<td style=\"text-align: left; vertical-align: top;\" width=\"347\">\u00c0ngela Arrufat<\/td>\n<\/tr>\n<tr>\n<td style=\"text-align: left; vertical-align: top;\" width=\"300\">La cap d&#8217;estudis:<\/td>\n<td style=\"text-align: left; vertical-align: top;\" width=\"347\">Paloma Geira<\/td>\n<\/tr>\n<tr>\n<td style=\"text-align: left; vertical-align: top;\" width=\"300\">Representant de l&#8217;Ajuntament d\u2019Amposta:<\/td>\n<td style=\"text-align: left; vertical-align: top;\" width=\"347\">N\u00faria Marco (Regidora d\u2019Ensenyament)<\/td>\n<\/tr>\n<tr>\n<td style=\"text-align: left; vertical-align: top;\" width=\"300\">Els i les representants del professorat elegits pel claustre:<\/td>\n<td style=\"text-align: left; vertical-align: top;\" width=\"347\">Ariadna Gil<\/p>\n<p>Josep Valls<\/p>\n<p>Laia Revert\u00e9<\/p>\n<p>Sandra Sol\u00e0<\/p>\n<p>Ana Nieto<\/td>\n<\/tr>\n<tr>\n<td style=\"text-align: left; vertical-align: top;\" width=\"300\">Els i les representants dels pares i mares o tutors, elegits respectivament per ells i entre ells:<\/td>\n<td style=\"text-align: left; vertical-align: top;\" width=\"347\">Roser Casanova<\/p>\n<p>S\u00edlvia Franch<\/p>\n<p>Laia Or\u00e1a<\/p>\n<p>Octavi Pla<\/td>\n<\/tr>\n<tr>\n<td style=\"text-align: left; vertical-align: top;\" width=\"300\">Representant AFA:<\/td>\n<td style=\"text-align: left; vertical-align: top;\" width=\"347\">Joana Tur\u00f3n<\/td>\n<\/tr>\n<tr>\n<td style=\"text-align: left; vertical-align: top;\" width=\"300\">Representant del personal d&#8217;administraci\u00f3 i serveis<\/td>\n<td style=\"text-align: left; vertical-align: top;\" width=\"347\">Dolors Llu\u00eds<\/td>\n<\/tr>\n<tr>\n<td width=\"300\">La secret\u00e0ria del centre:<\/td>\n<td width=\"347\">Saida Casanova<\/td>\n<\/tr>\n<\/tbody>\n<\/table>\n","protected":false},"excerpt":{"rendered":"<p>El Consell Escolar de Centre \u00e9s un \u00f2rgan de govern col\u00b7legiat on es troba representat tota la comunitat educativa. \u00c9s un \u00f2rgan de decisi\u00f3 i participaci\u00f3 que juga un paper important en el funcionament del centre. &nbsp; Membres del Consell Escolar de Centre\u00a0 La directora, que el presideix: \u00c0ngela Arrufat La cap d&#8217;estudis: Paloma Geira [&hellip;]<\/p>\n","protected":false},"author":1,"featured_media":0,"parent":22,"menu_order":40,"comment_status":"closed","ping_status":"closed","template":"","meta":{"_bbp_topic_count":0,"_bbp_reply_count":0,"_bbp_total_topic_count":0,"_bbp_total_reply_count":0,"_bbp_voice_count":0,"_bbp_anonymous_reply_count":0,"_bbp_topic_count_hidden":0,"_bbp_reply_count_hidden":0,"_bbp_forum_subforum_count":0,"site-sidebar-layout":"default","site-content-layout":"","ast-site-content-layout":"default","site-content-style":"default","site-sidebar-style":"default","ast-global-header-display":"","ast-banner-title-visibility":"","ast-main-header-display":"","ast-hfb-above-header-display":"","ast-hfb-below-header-display":"","ast-hfb-mobile-header-display":"","site-post-title":"","ast-breadcrumbs-content":"","ast-featured-img":"","footer-sml-layout":"","theme-transparent-header-meta":"default","adv-header-id-meta":"","stick-header-meta":"","header-above-stick-meta":"","header-main-stick-meta":"","header-below-stick-meta":"","astra-migrate-meta-layouts":"set","ast-page-background-enabled":"default","ast-page-background-meta":{"desktop":{"background-color":"var(--ast-global-color-4)","background-image":"","background-repeat":"repeat","background-position":"center center","background-size":"auto","background-attachment":"scroll","background-type":"","background-media":"","overlay-type":"","overlay-color":"","overlay-opacity":"","overlay-gradient":""},"tablet":{"background-color":"","background-image":"","background-repeat":"repeat","background-position":"center center","background-size":"auto","background-attachment":"scroll","background-type":"","background-media":"","overlay-type":"","overlay-color":"","overlay-opacity":"","overlay-gradient":""},"mobile":{"background-color":"","background-image":"","background-repeat":"repeat","background-position":"center center","background-size":"auto","background-attachment":"scroll","background-type":"","background-media":"","overlay-type":"","overlay-color":"","overlay-opacity":"","overlay-gradient":""}},"ast-content-background-meta":{"desktop":{"background-color":"var(--ast-global-color-5)","background-image":"","background-repeat":"repeat","background-position":"center center","background-size":"auto","background-attachment":"scroll","background-type":"","background-media":"","overlay-type":"","overlay-color":"","overlay-opacity":"","overlay-gradient":""},"tablet":{"background-color":"var(--ast-global-color-5)","background-image":"","background-repeat":"repeat","background-position":"center center","background-size":"auto","background-attachment":"scroll","background-type":"","background-media":"","overlay-type":"","overlay-color":"","overlay-opacity":"","overlay-gradient":""},"mobile":{"background-color":"var(--ast-global-color-5)","background-image":"","background-repeat":"repeat","background-position":"center center","background-size":"auto","background-attachment":"scroll","background-type":"","background-media":"","overlay-type":"","overlay-color":"","overlay-opacity":"","overlay-gradient":""}},"footnotes":""},"class_list":["post-28","page","type-page","status-publish","hentry"],"post_mailing_queue_ids":[],"_links":{"self":[{"href":"https:\/\/agora.xtec.cat\/ceipconsolferre\/wp-json\/wp\/v2\/pages\/28","targetHints":{"allow":["GET"]}}],"collection":[{"href":"https:\/\/agora.xtec.cat\/ceipconsolferre\/wp-json\/wp\/v2\/pages"}],"about":[{"href":"https:\/\/agora.xtec.cat\/ceipconsolferre\/wp-json\/wp\/v2\/types\/page"}],"author":[{"embeddable":true,"href":"https:\/\/agora.xtec.cat\/ceipconsolferre\/wp-json\/wp\/v2\/users\/1"}],"replies":[{"embeddable":true,"href":"https:\/\/agora.xtec.cat\/ceipconsolferre\/wp-json\/wp\/v2\/comments?post=28"}],"version-history":[{"count":5,"href":"https:\/\/agora.xtec.cat\/ceipconsolferre\/wp-json\/wp\/v2\/pages\/28\/revisions"}],"predecessor-version":[{"id":3557,"href":"https:\/\/agora.xtec.cat\/ceipconsolferre\/wp-json\/wp\/v2\/pages\/28\/revisions\/3557"}],"up":[{"embeddable":true,"href":"https:\/\/agora.xtec.cat\/ceipconsolferre\/wp-json\/wp\/v2\/pages\/22"}],"wp:attachment":[{"href":"https:\/\/agora.xtec.cat\/ceipconsolferre\/wp-json\/wp\/v2\/media?parent=28"}],"curies":[{"name":"wp","href":"https:\/\/api.w.org\/{rel}","templated":true}]}}