{"id":26,"date":"2017-07-18T12:24:32","date_gmt":"2017-07-18T10:24:32","guid":{"rendered":"http:\/\/agora.xtec.cat\/ceipconsolferre\/?page_id=26"},"modified":"2024-07-01T20:12:13","modified_gmt":"2024-07-01T18:12:13","slug":"historia","status":"publish","type":"page","link":"https:\/\/agora.xtec.cat\/ceipconsolferre\/lescola\/historia\/","title":{"rendered":"Hist\u00f2ria"},"content":{"rendered":"<p>El nostre centre \u00e9s una escola jove, l&#8217;any 2018 vam celebrar els 10 anys d&#8217;hist\u00f2ria.<\/p>\n<p>Van comen\u00e7ar a aixecar-lo a principis d&#8217;estiu de 2007. A l&#8217;inici del curs 2007\/08 encara estava en construcci\u00f3, per aix\u00f2 les dues aules de P-3 que formaven part del centre es van ubicar en dos\u00a0centres\u00a0 educatius de la mateixa poblaci\u00f3. Una aula\u00a0es trobava al CEIP Mestre Agust\u00ed Barber\u00e0 i l\u2019altra al CEIP Soriano Montagut.<\/p>\n<p>El divendres dia 1 de febrer de 2008 es va signar l&#8217;entrega d&#8217;obra i el\u00a0<strong>dilluns,\u00a0 4 febrer de 2008<\/strong>\u00a0van comen\u00e7ar les classes al nou centre. Va ser un gran dia\u00a0tant per als alumnes com per als pares i mares i com no, per a l&#8217;equip docent que s&#8217;iniciava en aquesta nova etapa. Per fi s&#8217;obrien les portes de l&#8217;ESCOLA CONSOL FERR\u00c9, al Carrer Valentins 20-26 a Amposta.<\/p>\n<p>En aquests pocs anys de vida hem experimentat un gran creixement, esdevenint a dia d&#8217;avui una escola de dos l\u00ednies.<\/p>\n<p>&nbsp;<\/p>\n<p><strong>Consol Ferr\u00e9<\/strong>, la mestra Consol,\u00a0 va n\u00e0ixer el 3 de febrer de 1921.<a href=\"https:\/\/agora.xtec.cat\/ceipconsolferre\/wp-content\/uploads\/usu665\/2024\/07\/Consol-Ferre.jpg\"><img loading=\"lazy\" decoding=\"async\" class=\"size-medium wp-image-3353 alignright\" src=\"https:\/\/agora.xtec.cat\/ceipconsolferre\/wp-content\/uploads\/usu665\/2024\/07\/Consol-Ferre-208x300.jpg\" alt=\"\" width=\"208\" height=\"300\" srcset=\"https:\/\/agora.xtec.cat\/ceipconsolferre\/wp-content\/uploads\/usu665\/2024\/07\/Consol-Ferre-208x300.jpg 208w, https:\/\/agora.xtec.cat\/ceipconsolferre\/wp-content\/uploads\/usu665\/2024\/07\/Consol-Ferre.jpg 710w\" sizes=\"auto, (max-width: 208px) 100vw, 208px\" \/><\/a><\/p>\n<p>Va dedicar la seua vida a l\u2019ensenyament i va viure els canvis en aquest camp, sempre amb la professionalitat i la dedicaci\u00f3 que la va fer respectada per tots els xiquets i xiquetes que van passar per les seues classes.<\/p>\n<p>Va comen\u00e7ar a fer de mestra\u00a0 a l\u2019acad\u00e8mia Verdaguer, va ser cofundadora del col\u00b7legi Cervantes i m\u00e9s tard en entrar a l\u2019ensenyament p\u00fablic, despr\u00e9s de passar per escoles de diversos llocs, va tornar a Amposta, primer al CEIP Miquel Granell quan estava ubicat al nostre parc i m\u00e9s tard al CEIP Soriano-Montagut on li va arribar el moment de la jubilaci\u00f3 l\u2019any 1985.<\/p>\n<p>Enamorada de la seua professi\u00f3, de la natura, de la seua llengua: el catal\u00e0, en definitiva enamorada de la vida, sabia transmetre la seua il\u00b7lusi\u00f3 i el seu respecte cap al seu alumnat i en general cap a tot el que l\u2019envoltava.<\/p>\n<p>Dona en\u00e8rgica amb inquietuds culturals i liter\u00e0ries, va escriure diversos contes i alguna novel\u00b7la on va saber transmetre la seua sensibilitat i i el seu amor per la bellesa de la seua terra.<\/p>\n<p>Al mar\u00e7 de 2007 ens va deixar, ja amb 85 anys, dedicats en cos i \u00e0nima a la seua professi\u00f3: el magisteri i a les seues aficions: la natura i la literatura.<\/p>\n<p>Ara la nova escola p\u00fablica d\u2019Amposta, la quarta de la nostra ciutat porta el seu nom. Gr\u00e0cies senyoreta Consol per haver-nos deixat aquest bagatge hum\u00e0 tan important!<\/p>\n","protected":false},"excerpt":{"rendered":"<p>El nostre centre \u00e9s una escola jove, l&#8217;any 2018 vam celebrar els 10 anys d&#8217;hist\u00f2ria. Van comen\u00e7ar a aixecar-lo a principis d&#8217;estiu de 2007. A l&#8217;inici del curs 2007\/08 encara estava en construcci\u00f3, per aix\u00f2 les dues aules de P-3 que formaven part del centre es van ubicar en dos\u00a0centres\u00a0 educatius de la mateixa poblaci\u00f3. [&hellip;]<\/p>\n","protected":false},"author":1,"featured_media":0,"parent":22,"menu_order":70,"comment_status":"closed","ping_status":"closed","template":"page-templates\/side-menu.php","meta":{"_bbp_topic_count":0,"_bbp_reply_count":0,"_bbp_total_topic_count":0,"_bbp_total_reply_count":0,"_bbp_voice_count":0,"_bbp_anonymous_reply_count":0,"_bbp_topic_count_hidden":0,"_bbp_reply_count_hidden":0,"_bbp_forum_subforum_count":0,"site-sidebar-layout":"default","site-content-layout":"","ast-site-content-layout":"","site-content-style":"default","site-sidebar-style":"default","ast-global-header-display":"","ast-banner-title-visibility":"","ast-main-header-display":"","ast-hfb-above-header-display":"","ast-hfb-below-header-display":"","ast-hfb-mobile-header-display":"","site-post-title":"","ast-breadcrumbs-content":"","ast-featured-img":"","footer-sml-layout":"","theme-transparent-header-meta":"","adv-header-id-meta":"","stick-header-meta":"","header-above-stick-meta":"","header-main-stick-meta":"","header-below-stick-meta":"","astra-migrate-meta-layouts":"default","ast-page-background-enabled":"default","ast-page-background-meta":{"desktop":{"background-color":"var(--ast-global-color-4)","background-image":"","background-repeat":"repeat","background-position":"center center","background-size":"auto","background-attachment":"scroll","background-type":"","background-media":"","overlay-type":"","overlay-color":"","overlay-opacity":"","overlay-gradient":""},"tablet":{"background-color":"","background-image":"","background-repeat":"repeat","background-position":"center center","background-size":"auto","background-attachment":"scroll","background-type":"","background-media":"","overlay-type":"","overlay-color":"","overlay-opacity":"","overlay-gradient":""},"mobile":{"background-color":"","background-image":"","background-repeat":"repeat","background-position":"center center","background-size":"auto","background-attachment":"scroll","background-type":"","background-media":"","overlay-type":"","overlay-color":"","overlay-opacity":"","overlay-gradient":""}},"ast-content-background-meta":{"desktop":{"background-color":"var(--ast-global-color-5)","background-image":"","background-repeat":"repeat","background-position":"center center","background-size":"auto","background-attachment":"scroll","background-type":"","background-media":"","overlay-type":"","overlay-color":"","overlay-opacity":"","overlay-gradient":""},"tablet":{"background-color":"var(--ast-global-color-5)","background-image":"","background-repeat":"repeat","background-position":"center center","background-size":"auto","background-attachment":"scroll","background-type":"","background-media":"","overlay-type":"","overlay-color":"","overlay-opacity":"","overlay-gradient":""},"mobile":{"background-color":"var(--ast-global-color-5)","background-image":"","background-repeat":"repeat","background-position":"center center","background-size":"auto","background-attachment":"scroll","background-type":"","background-media":"","overlay-type":"","overlay-color":"","overlay-opacity":"","overlay-gradient":""}},"footnotes":""},"class_list":["post-26","page","type-page","status-publish","hentry"],"post_mailing_queue_ids":[],"_links":{"self":[{"href":"https:\/\/agora.xtec.cat\/ceipconsolferre\/wp-json\/wp\/v2\/pages\/26","targetHints":{"allow":["GET"]}}],"collection":[{"href":"https:\/\/agora.xtec.cat\/ceipconsolferre\/wp-json\/wp\/v2\/pages"}],"about":[{"href":"https:\/\/agora.xtec.cat\/ceipconsolferre\/wp-json\/wp\/v2\/types\/page"}],"author":[{"embeddable":true,"href":"https:\/\/agora.xtec.cat\/ceipconsolferre\/wp-json\/wp\/v2\/users\/1"}],"replies":[{"embeddable":true,"href":"https:\/\/agora.xtec.cat\/ceipconsolferre\/wp-json\/wp\/v2\/comments?post=26"}],"version-history":[{"count":5,"href":"https:\/\/agora.xtec.cat\/ceipconsolferre\/wp-json\/wp\/v2\/pages\/26\/revisions"}],"predecessor-version":[{"id":3354,"href":"https:\/\/agora.xtec.cat\/ceipconsolferre\/wp-json\/wp\/v2\/pages\/26\/revisions\/3354"}],"up":[{"embeddable":true,"href":"https:\/\/agora.xtec.cat\/ceipconsolferre\/wp-json\/wp\/v2\/pages\/22"}],"wp:attachment":[{"href":"https:\/\/agora.xtec.cat\/ceipconsolferre\/wp-json\/wp\/v2\/media?parent=26"}],"curies":[{"name":"wp","href":"https:\/\/api.w.org\/{rel}","templated":true}]}}