{"id":66,"date":"2014-09-18T12:40:47","date_gmt":"2014-09-18T11:40:47","guid":{"rendered":"http:\/\/agora.xtec.cat\/ceipcoloniaguell\/?page_id=66"},"modified":"2026-02-04T21:51:08","modified_gmt":"2026-02-04T20:51:08","slug":"serveis","status":"publish","type":"page","link":"https:\/\/agora.xtec.cat\/ceipcoloniaguell\/serveis\/","title":{"rendered":"Serveis"},"content":{"rendered":"<ol style=\"list-style-type: upper-alpha;\">\n<li><strong>Servei d&#8217;acollida<\/strong>.\u00a0 Amb l\u2019objectiu de facilitar la conciliaci\u00f3 de la vida laboral de les nostres fam\u00edlies amb els horaris escolars, oferim el servei d\u2019acollida<\/li>\n<li><strong>Servei de menjador<\/strong>. <strong>Espai migdia<\/strong>. <strong>Servei p\u00edcnic<\/strong> qui ho demana.Oferim el servei de menjador escolar amb cuina pr\u00f2pia a les fam\u00edlies que necessiten que els seus fills i filles siguin atesos durant el temps de migdia. L\u2019equip de cuina s\u2019encarrega de preparar un seguit de men\u00fas variats que garanteixen una alimentaci\u00f3 equilibrada i adequada a les necessitats nutricionals dels infants.\n<p>Els servei de migdia es complementa amb activitats, jocs i tallers que reforcen l\u2019educaci\u00f3 integral dels alumnes.<\/li>\n<li><strong>Servei d&#8217;extraescolars.\u00a0 <\/strong>Les activitats extraescolars s\u00f3n un servei b\u00e0sic per a la conciliaci\u00f3 de la vida familiar. Les gestiona la comissi\u00f3 d&#8217;extraescolars de l\u2019AFA, que \u00e9s l\u2019encarregada de vetllar perqu\u00e8 les empreses ofereixin un servei de qualitat i es garanteixi la seguretat dels infants.<\/li>\n<\/ol>\n","protected":false},"excerpt":{"rendered":"<p>Servei d&#8217;acollida.\u00a0 Amb l\u2019objectiu de facilitar la conciliaci\u00f3 de la vida laboral de les nostres fam\u00edlies amb els horaris escolars, oferim el servei d\u2019acollida Servei de menjador. Espai migdia. Servei p\u00edcnic qui ho demana.Oferim el servei de menjador escolar amb cuina pr\u00f2pia a les fam\u00edlies que necessiten que els seus fills i filles siguin atesos [&hellip;]<\/p>\n","protected":false},"author":2,"featured_media":0,"parent":0,"menu_order":0,"comment_status":"closed","ping_status":"closed","template":"","meta":{"_bbp_topic_count":0,"_bbp_reply_count":0,"_bbp_total_topic_count":0,"_bbp_total_reply_count":0,"_bbp_voice_count":0,"_bbp_anonymous_reply_count":0,"_bbp_topic_count_hidden":0,"_bbp_reply_count_hidden":0,"_bbp_forum_subforum_count":0,"site-sidebar-layout":"default","site-content-layout":"","ast-site-content-layout":"default","site-content-style":"default","site-sidebar-style":"default","ast-global-header-display":"","ast-banner-title-visibility":"","ast-main-header-display":"","ast-hfb-above-header-display":"","ast-hfb-below-header-display":"","ast-hfb-mobile-header-display":"","site-post-title":"","ast-breadcrumbs-content":"","ast-featured-img":"","footer-sml-layout":"","theme-transparent-header-meta":"","adv-header-id-meta":"","stick-header-meta":"","header-above-stick-meta":"","header-main-stick-meta":"","header-below-stick-meta":"","astra-migrate-meta-layouts":"set","ast-page-background-enabled":"default","ast-page-background-meta":{"desktop":{"background-color":"var(--ast-global-color-4)","background-image":"","background-repeat":"repeat","background-position":"center center","background-size":"auto","background-attachment":"scroll","background-type":"","background-media":"","overlay-type":"","overlay-color":"","overlay-opacity":"","overlay-gradient":""},"tablet":{"background-color":"","background-image":"","background-repeat":"repeat","background-position":"center center","background-size":"auto","background-attachment":"scroll","background-type":"","background-media":"","overlay-type":"","overlay-color":"","overlay-opacity":"","overlay-gradient":""},"mobile":{"background-color":"","background-image":"","background-repeat":"repeat","background-position":"center center","background-size":"auto","background-attachment":"scroll","background-type":"","background-media":"","overlay-type":"","overlay-color":"","overlay-opacity":"","overlay-gradient":""}},"ast-content-background-meta":{"desktop":{"background-color":"var(--ast-global-color-5)","background-image":"","background-repeat":"repeat","background-position":"center center","background-size":"auto","background-attachment":"scroll","background-type":"","background-media":"","overlay-type":"","overlay-color":"","overlay-opacity":"","overlay-gradient":""},"tablet":{"background-color":"var(--ast-global-color-5)","background-image":"","background-repeat":"repeat","background-position":"center center","background-size":"auto","background-attachment":"scroll","background-type":"","background-media":"","overlay-type":"","overlay-color":"","overlay-opacity":"","overlay-gradient":""},"mobile":{"background-color":"var(--ast-global-color-5)","background-image":"","background-repeat":"repeat","background-position":"center center","background-size":"auto","background-attachment":"scroll","background-type":"","background-media":"","overlay-type":"","overlay-color":"","overlay-opacity":"","overlay-gradient":""}},"footnotes":""},"class_list":["post-66","page","type-page","status-publish","hentry"],"post_mailing_queue_ids":[],"_links":{"self":[{"href":"https:\/\/agora.xtec.cat\/ceipcoloniaguell\/wp-json\/wp\/v2\/pages\/66","targetHints":{"allow":["GET"]}}],"collection":[{"href":"https:\/\/agora.xtec.cat\/ceipcoloniaguell\/wp-json\/wp\/v2\/pages"}],"about":[{"href":"https:\/\/agora.xtec.cat\/ceipcoloniaguell\/wp-json\/wp\/v2\/types\/page"}],"author":[{"embeddable":true,"href":"https:\/\/agora.xtec.cat\/ceipcoloniaguell\/wp-json\/wp\/v2\/users\/2"}],"replies":[{"embeddable":true,"href":"https:\/\/agora.xtec.cat\/ceipcoloniaguell\/wp-json\/wp\/v2\/comments?post=66"}],"version-history":[{"count":5,"href":"https:\/\/agora.xtec.cat\/ceipcoloniaguell\/wp-json\/wp\/v2\/pages\/66\/revisions"}],"predecessor-version":[{"id":6827,"href":"https:\/\/agora.xtec.cat\/ceipcoloniaguell\/wp-json\/wp\/v2\/pages\/66\/revisions\/6827"}],"wp:attachment":[{"href":"https:\/\/agora.xtec.cat\/ceipcoloniaguell\/wp-json\/wp\/v2\/media?parent=66"}],"curies":[{"name":"wp","href":"https:\/\/api.w.org\/{rel}","templated":true}]}}