{"id":3606,"date":"2024-12-09T21:45:48","date_gmt":"2024-12-09T20:45:48","guid":{"rendered":"https:\/\/agora.xtec.cat\/ceipcoloniaguell\/?page_id=3606"},"modified":"2024-12-09T22:06:39","modified_gmt":"2024-12-09T21:06:39","slug":"participacio","status":"publish","type":"page","link":"https:\/\/agora.xtec.cat\/ceipcoloniaguell\/participacio\/","title":{"rendered":"Participaci\u00f3"},"content":{"rendered":"\n<p>En l\u2019\u00e0mbit educatiu la participaci\u00f3 implica que els diferents membres de la comunitat educativa prenguin part activa en les q\u00fcestions relacionades amb l\u2019educaci\u00f3 i el funcionament del centre.<\/p>\n\n\n\n<p>En el nostre centre la Comunitat hi participa de diverses formes, per\u00f2 per sobre de tot cal el respecte cap a totes les posicions i la tasca de cada membre, cal estar preparat i preparada per formar part d&#8217;una comunitat democr\u00e0tica: amb escolta activa, amb propostes actives i no reactives, amb confian\u00e7a i perseveran\u00e7a.<\/p>\n\n\n\n<div class=\"wp-block-media-text is-stacked-on-mobile\" style=\"grid-template-columns:16% auto\"><figure class=\"wp-block-media-text__media\"><img loading=\"lazy\" decoding=\"async\" width=\"1024\" height=\"930\" src=\"https:\/\/agora.xtec.cat\/ceipcoloniaguell\/wp-content\/uploads\/usu27\/2024\/12\/Families-1-1024x930.jpg\" alt=\"\" class=\"wp-image-3607 size-full\" srcset=\"https:\/\/agora.xtec.cat\/ceipcoloniaguell\/wp-content\/uploads\/usu27\/2024\/12\/Families-1-1024x930.jpg 1024w, https:\/\/agora.xtec.cat\/ceipcoloniaguell\/wp-content\/uploads\/usu27\/2024\/12\/Families-1-300x273.jpg 300w, https:\/\/agora.xtec.cat\/ceipcoloniaguell\/wp-content\/uploads\/usu27\/2024\/12\/Families-1-768x698.jpg 768w, https:\/\/agora.xtec.cat\/ceipcoloniaguell\/wp-content\/uploads\/usu27\/2024\/12\/Families-1.jpg 1080w\" sizes=\"auto, (max-width: 1024px) 100vw, 1024px\" \/><\/figure><div class=\"wp-block-media-text__content\">\n<p class=\"has-drop-cap\">Participaci\u00f3 Fam\u00edlies: AFA, Fam\u00edlies delegades, Voluntariat hort i grups interactius, Consell Escolar, experts-expertes dins les aules.<\/p>\n<\/div><\/div>\n\n\n\n<div class=\"wp-block-media-text is-stacked-on-mobile\" style=\"grid-template-columns:15% auto\"><figure class=\"wp-block-media-text__media\"><img loading=\"lazy\" decoding=\"async\" width=\"1024\" height=\"576\" src=\"https:\/\/agora.xtec.cat\/ceipcoloniaguell\/wp-content\/uploads\/usu27\/2024\/12\/Delegades1-1024x576.jpg\" alt=\"\" class=\"wp-image-3608 size-full\" srcset=\"https:\/\/agora.xtec.cat\/ceipcoloniaguell\/wp-content\/uploads\/usu27\/2024\/12\/Delegades1-1024x576.jpg 1024w, https:\/\/agora.xtec.cat\/ceipcoloniaguell\/wp-content\/uploads\/usu27\/2024\/12\/Delegades1-300x169.jpg 300w, https:\/\/agora.xtec.cat\/ceipcoloniaguell\/wp-content\/uploads\/usu27\/2024\/12\/Delegades1-768x432.jpg 768w, https:\/\/agora.xtec.cat\/ceipcoloniaguell\/wp-content\/uploads\/usu27\/2024\/12\/Delegades1-1536x864.jpg 1536w, https:\/\/agora.xtec.cat\/ceipcoloniaguell\/wp-content\/uploads\/usu27\/2024\/12\/Delegades1.jpg 1920w\" sizes=\"auto, (max-width: 1024px) 100vw, 1024px\" \/><\/figure><div class=\"wp-block-media-text__content\">\n<p class=\"has-drop-cap\">Participaci\u00f3 Alumnat: Assemblees d&#8217;aula, Consell d&#8217;Ecodelegades, Tutories, Consell de Delegades o Delegats, pres\u00e8ncia en les juntes d&#8217;avaluaci\u00f3 ( 6\u00e8).<\/p>\n<\/div><\/div>\n\n\n\n<div class=\"wp-block-media-text is-stacked-on-mobile\" style=\"grid-template-columns:15% auto\"><figure class=\"wp-block-media-text__media\"><img loading=\"lazy\" decoding=\"async\" width=\"717\" height=\"502\" src=\"https:\/\/agora.xtec.cat\/ceipcoloniaguell\/wp-content\/uploads\/usu27\/2024\/12\/banner-800x600px2.jpg\" alt=\"\" class=\"wp-image-3609 size-full\" srcset=\"https:\/\/agora.xtec.cat\/ceipcoloniaguell\/wp-content\/uploads\/usu27\/2024\/12\/banner-800x600px2.jpg 717w, https:\/\/agora.xtec.cat\/ceipcoloniaguell\/wp-content\/uploads\/usu27\/2024\/12\/banner-800x600px2-300x210.jpg 300w\" sizes=\"auto, (max-width: 717px) 100vw, 717px\" \/><\/figure><div class=\"wp-block-media-text__content\">\n<p class=\"has-drop-cap\">Participaci\u00f3 d&#8217;entitats municipals: creaci\u00f3 de xarxa amb col\u00b7laboracions entre escoles i institut del poble, col\u00b7laboracions amb entitats culturals i associacionisme ( solidaritat,&#8230;), Consell Escolar Municipal, Consell per la Igualtat&#8230;<\/p>\n<\/div><\/div>\n\n\n\n<div class=\"wp-block-media-text is-stacked-on-mobile\" style=\"grid-template-columns:15% auto\"><figure class=\"wp-block-media-text__media\"><img loading=\"lazy\" decoding=\"async\" width=\"1024\" height=\"686\" src=\"https:\/\/agora.xtec.cat\/ceipcoloniaguell\/wp-content\/uploads\/usu27\/2024\/12\/aa-prof-participacio-1024x686.png\" alt=\"\" class=\"wp-image-3610 size-full\" srcset=\"https:\/\/agora.xtec.cat\/ceipcoloniaguell\/wp-content\/uploads\/usu27\/2024\/12\/aa-prof-participacio-1024x686.png 1024w, https:\/\/agora.xtec.cat\/ceipcoloniaguell\/wp-content\/uploads\/usu27\/2024\/12\/aa-prof-participacio-300x201.png 300w, https:\/\/agora.xtec.cat\/ceipcoloniaguell\/wp-content\/uploads\/usu27\/2024\/12\/aa-prof-participacio-768x514.png 768w, https:\/\/agora.xtec.cat\/ceipcoloniaguell\/wp-content\/uploads\/usu27\/2024\/12\/aa-prof-participacio.png 1080w\" sizes=\"auto, (max-width: 1024px) 100vw, 1024px\" \/><\/figure><div class=\"wp-block-media-text__content\">\n<p class=\"has-drop-cap\">Participaci\u00f3 Professorat: Claustres, Comissions, Coordinacions, Reunions amb fam\u00edlies, Xarxes amb serveis interns i externs (EAP-Logopedes,&#8230;)Formacions, Consell Escolar de Centre i Municipal, Xarxes entre escoles, coordinaci\u00f3 prim\u00e0ria-secund\u00e0ria, Seminaris de direcci\u00f3, caps d&#8217;estudis, secret\u00e0ries,&#8230;..<\/p>\n<\/div><\/div>\n","protected":false},"excerpt":{"rendered":"<p>En l\u2019\u00e0mbit educatiu la participaci\u00f3 implica que els diferents membres de la comunitat educativa prenguin part activa en les q\u00fcestions relacionades amb l\u2019educaci\u00f3 i el funcionament del centre. En el nostre centre la Comunitat hi participa de diverses formes, per\u00f2 per sobre de tot cal el respecte cap a totes les posicions i la tasca [&hellip;]<\/p>\n","protected":false},"author":1,"featured_media":3611,"parent":0,"menu_order":0,"comment_status":"closed","ping_status":"close","template":"","meta":{"_bbp_topic_count":0,"_bbp_reply_count":0,"_bbp_total_topic_count":0,"_bbp_total_reply_count":0,"_bbp_voice_count":0,"_bbp_anonymous_reply_count":0,"_bbp_topic_count_hidden":0,"_bbp_reply_count_hidden":0,"_bbp_forum_subforum_count":0,"site-sidebar-layout":"default","site-content-layout":"","ast-site-content-layout":"","site-content-style":"default","site-sidebar-style":"default","ast-global-header-display":"","ast-banner-title-visibility":"","ast-main-header-display":"","ast-hfb-above-header-display":"","ast-hfb-below-header-display":"","ast-hfb-mobile-header-display":"","site-post-title":"","ast-breadcrumbs-content":"","ast-featured-img":"","footer-sml-layout":"","theme-transparent-header-meta":"","adv-header-id-meta":"","stick-header-meta":"","header-above-stick-meta":"","header-main-stick-meta":"","header-below-stick-meta":"","astra-migrate-meta-layouts":"default","ast-page-background-enabled":"default","ast-page-background-meta":{"desktop":{"background-color":"var(--ast-global-color-4)","background-image":"","background-repeat":"repeat","background-position":"center center","background-size":"auto","background-attachment":"scroll","background-type":"","background-media":"","overlay-type":"","overlay-color":"","overlay-opacity":"","overlay-gradient":""},"tablet":{"background-color":"","background-image":"","background-repeat":"repeat","background-position":"center center","background-size":"auto","background-attachment":"scroll","background-type":"","background-media":"","overlay-type":"","overlay-color":"","overlay-opacity":"","overlay-gradient":""},"mobile":{"background-color":"","background-image":"","background-repeat":"repeat","background-position":"center center","background-size":"auto","background-attachment":"scroll","background-type":"","background-media":"","overlay-type":"","overlay-color":"","overlay-opacity":"","overlay-gradient":""}},"ast-content-background-meta":{"desktop":{"background-color":"var(--ast-global-color-5)","background-image":"","background-repeat":"repeat","background-position":"center center","background-size":"auto","background-attachment":"scroll","background-type":"","background-media":"","overlay-type":"","overlay-color":"","overlay-opacity":"","overlay-gradient":""},"tablet":{"background-color":"var(--ast-global-color-5)","background-image":"","background-repeat":"repeat","background-position":"center center","background-size":"auto","background-attachment":"scroll","background-type":"","background-media":"","overlay-type":"","overlay-color":"","overlay-opacity":"","overlay-gradient":""},"mobile":{"background-color":"var(--ast-global-color-5)","background-image":"","background-repeat":"repeat","background-position":"center center","background-size":"auto","background-attachment":"scroll","background-type":"","background-media":"","overlay-type":"","overlay-color":"","overlay-opacity":"","overlay-gradient":""}},"footnotes":""},"class_list":["post-3606","page","type-page","status-publish","has-post-thumbnail","hentry"],"post_mailing_queue_ids":[],"_links":{"self":[{"href":"https:\/\/agora.xtec.cat\/ceipcoloniaguell\/wp-json\/wp\/v2\/pages\/3606","targetHints":{"allow":["GET"]}}],"collection":[{"href":"https:\/\/agora.xtec.cat\/ceipcoloniaguell\/wp-json\/wp\/v2\/pages"}],"about":[{"href":"https:\/\/agora.xtec.cat\/ceipcoloniaguell\/wp-json\/wp\/v2\/types\/page"}],"author":[{"embeddable":true,"href":"https:\/\/agora.xtec.cat\/ceipcoloniaguell\/wp-json\/wp\/v2\/users\/1"}],"replies":[{"embeddable":true,"href":"https:\/\/agora.xtec.cat\/ceipcoloniaguell\/wp-json\/wp\/v2\/comments?post=3606"}],"version-history":[{"count":2,"href":"https:\/\/agora.xtec.cat\/ceipcoloniaguell\/wp-json\/wp\/v2\/pages\/3606\/revisions"}],"predecessor-version":[{"id":3618,"href":"https:\/\/agora.xtec.cat\/ceipcoloniaguell\/wp-json\/wp\/v2\/pages\/3606\/revisions\/3618"}],"wp:featuredmedia":[{"embeddable":true,"href":"https:\/\/agora.xtec.cat\/ceipcoloniaguell\/wp-json\/wp\/v2\/media\/3611"}],"wp:attachment":[{"href":"https:\/\/agora.xtec.cat\/ceipcoloniaguell\/wp-json\/wp\/v2\/media?parent=3606"}],"curies":[{"name":"wp","href":"https:\/\/api.w.org\/{rel}","templated":true}]}}