{"id":3057,"date":"2024-10-26T18:57:11","date_gmt":"2024-10-26T16:57:11","guid":{"rendered":"https:\/\/agora.xtec.cat\/ceipcoloniaguell\/?page_id=3057"},"modified":"2026-01-10T17:52:48","modified_gmt":"2026-01-10T16:52:48","slug":"formacio","status":"publish","type":"page","link":"https:\/\/agora.xtec.cat\/ceipcoloniaguell\/formacio\/","title":{"rendered":"Formaci\u00f3"},"content":{"rendered":"\n<p>La formaci\u00f3 cont\u00ednua dels docents \u00e9s un element clau per garantir una educaci\u00f3 de qualitat i equitativa. L\u2019escola evoluciona al ritme de la societat, i aix\u00f2 exigeix mestres preparats per donar resposta a nous reptes educatius, socials i emocionals de l\u2019alumnat.<\/p>\n\n\n\n<p>Formar-se permet als docents actualitzar metodologies, incorporar pr\u00e0ctiques inclusives, treballar per compet\u00e8ncies i adaptar l\u2019ensenyament a la diversitat real de l\u2019aula. A m\u00e9s, una bona formaci\u00f3 refor\u00e7a la seguretat professional, fomenta la reflexi\u00f3 pedag\u00f2gica i afavoreix el treball en equip dins dels centres educatius.<\/p>\n\n\n\n<p>Invertir en la formaci\u00f3 del professorat \u00e9s invertir en el futur dels infants i joves: docents formats s\u00f3n sin\u00f2nim d\u2019aules m\u00e9s motivadores, aprenentatges significatius i una educaci\u00f3 que posa l\u2019alumne al centre. \ud83c\udf31<\/p>\n\n\n\n<p>La primera formaci\u00f3 que hem realitzat ha estat una din\u00e0mica de grup en format Scape Room. Ha estat divertit i a la vegada ens ha ajudat a con\u00e8ixer-nos millor tant els que ja som coneguts com les\/els nouvinguts. Ha estat un bon comen\u00e7ament de curs!!<\/p>\n\n\n\n<figure class=\"wp-block-image size-large is-resized\"><a href=\"https:\/\/agora.xtec.cat\/ceipcoloniaguell\/wp-content\/uploads\/usu27\/2024\/09\/e9239230-cd5f-4a03-b1d3-9386c05e78f7.jpeg\"><img loading=\"lazy\" decoding=\"async\" width=\"1024\" height=\"768\" src=\"https:\/\/agora.xtec.cat\/ceipcoloniaguell\/wp-content\/uploads\/usu27\/2024\/09\/e9239230-cd5f-4a03-b1d3-9386c05e78f7-1024x768.jpeg\" alt=\"\" class=\"wp-image-2822\" style=\"width:653px;height:auto\" srcset=\"https:\/\/agora.xtec.cat\/ceipcoloniaguell\/wp-content\/uploads\/usu27\/2024\/09\/e9239230-cd5f-4a03-b1d3-9386c05e78f7-1024x768.jpeg 1024w, https:\/\/agora.xtec.cat\/ceipcoloniaguell\/wp-content\/uploads\/usu27\/2024\/09\/e9239230-cd5f-4a03-b1d3-9386c05e78f7-300x225.jpeg 300w, https:\/\/agora.xtec.cat\/ceipcoloniaguell\/wp-content\/uploads\/usu27\/2024\/09\/e9239230-cd5f-4a03-b1d3-9386c05e78f7-768x576.jpeg 768w, https:\/\/agora.xtec.cat\/ceipcoloniaguell\/wp-content\/uploads\/usu27\/2024\/09\/e9239230-cd5f-4a03-b1d3-9386c05e78f7-1536x1152.jpeg 1536w, https:\/\/agora.xtec.cat\/ceipcoloniaguell\/wp-content\/uploads\/usu27\/2024\/09\/e9239230-cd5f-4a03-b1d3-9386c05e78f7-200x150.jpeg 200w, https:\/\/agora.xtec.cat\/ceipcoloniaguell\/wp-content\/uploads\/usu27\/2024\/09\/e9239230-cd5f-4a03-b1d3-9386c05e78f7.jpeg 2048w\" sizes=\"auto, (max-width: 1024px) 100vw, 1024px\" \/><\/a><\/figure>\n","protected":false},"excerpt":{"rendered":"<p>La formaci\u00f3 cont\u00ednua dels docents \u00e9s un element clau per garantir una educaci\u00f3 de qualitat i equitativa. L\u2019escola evoluciona al ritme de la societat, i aix\u00f2 exigeix mestres preparats per donar resposta a nous reptes educatius, socials i emocionals de l\u2019alumnat. Formar-se permet als docents actualitzar metodologies, incorporar pr\u00e0ctiques inclusives, treballar per compet\u00e8ncies i adaptar [&hellip;]<\/p>\n","protected":false},"author":1,"featured_media":0,"parent":0,"menu_order":0,"comment_status":"closed","ping_status":"close","template":"","meta":{"_bbp_topic_count":0,"_bbp_reply_count":0,"_bbp_total_topic_count":0,"_bbp_total_reply_count":0,"_bbp_voice_count":0,"_bbp_anonymous_reply_count":0,"_bbp_topic_count_hidden":0,"_bbp_reply_count_hidden":0,"_bbp_forum_subforum_count":0,"site-sidebar-layout":"default","site-content-layout":"","ast-site-content-layout":"","site-content-style":"default","site-sidebar-style":"default","ast-global-header-display":"","ast-banner-title-visibility":"","ast-main-header-display":"","ast-hfb-above-header-display":"","ast-hfb-below-header-display":"","ast-hfb-mobile-header-display":"","site-post-title":"","ast-breadcrumbs-content":"","ast-featured-img":"","footer-sml-layout":"","theme-transparent-header-meta":"","adv-header-id-meta":"","stick-header-meta":"","header-above-stick-meta":"","header-main-stick-meta":"","header-below-stick-meta":"","astra-migrate-meta-layouts":"default","ast-page-background-enabled":"default","ast-page-background-meta":{"desktop":{"background-color":"var(--ast-global-color-4)","background-image":"","background-repeat":"repeat","background-position":"center center","background-size":"auto","background-attachment":"scroll","background-type":"","background-media":"","overlay-type":"","overlay-color":"","overlay-opacity":"","overlay-gradient":""},"tablet":{"background-color":"","background-image":"","background-repeat":"repeat","background-position":"center center","background-size":"auto","background-attachment":"scroll","background-type":"","background-media":"","overlay-type":"","overlay-color":"","overlay-opacity":"","overlay-gradient":""},"mobile":{"background-color":"","background-image":"","background-repeat":"repeat","background-position":"center center","background-size":"auto","background-attachment":"scroll","background-type":"","background-media":"","overlay-type":"","overlay-color":"","overlay-opacity":"","overlay-gradient":""}},"ast-content-background-meta":{"desktop":{"background-color":"var(--ast-global-color-5)","background-image":"","background-repeat":"repeat","background-position":"center center","background-size":"auto","background-attachment":"scroll","background-type":"","background-media":"","overlay-type":"","overlay-color":"","overlay-opacity":"","overlay-gradient":""},"tablet":{"background-color":"var(--ast-global-color-5)","background-image":"","background-repeat":"repeat","background-position":"center center","background-size":"auto","background-attachment":"scroll","background-type":"","background-media":"","overlay-type":"","overlay-color":"","overlay-opacity":"","overlay-gradient":""},"mobile":{"background-color":"var(--ast-global-color-5)","background-image":"","background-repeat":"repeat","background-position":"center center","background-size":"auto","background-attachment":"scroll","background-type":"","background-media":"","overlay-type":"","overlay-color":"","overlay-opacity":"","overlay-gradient":""}},"footnotes":""},"class_list":["post-3057","page","type-page","status-publish","hentry"],"post_mailing_queue_ids":[],"_links":{"self":[{"href":"https:\/\/agora.xtec.cat\/ceipcoloniaguell\/wp-json\/wp\/v2\/pages\/3057","targetHints":{"allow":["GET"]}}],"collection":[{"href":"https:\/\/agora.xtec.cat\/ceipcoloniaguell\/wp-json\/wp\/v2\/pages"}],"about":[{"href":"https:\/\/agora.xtec.cat\/ceipcoloniaguell\/wp-json\/wp\/v2\/types\/page"}],"author":[{"embeddable":true,"href":"https:\/\/agora.xtec.cat\/ceipcoloniaguell\/wp-json\/wp\/v2\/users\/1"}],"replies":[{"embeddable":true,"href":"https:\/\/agora.xtec.cat\/ceipcoloniaguell\/wp-json\/wp\/v2\/comments?post=3057"}],"version-history":[{"count":3,"href":"https:\/\/agora.xtec.cat\/ceipcoloniaguell\/wp-json\/wp\/v2\/pages\/3057\/revisions"}],"predecessor-version":[{"id":6517,"href":"https:\/\/agora.xtec.cat\/ceipcoloniaguell\/wp-json\/wp\/v2\/pages\/3057\/revisions\/6517"}],"wp:attachment":[{"href":"https:\/\/agora.xtec.cat\/ceipcoloniaguell\/wp-json\/wp\/v2\/media?parent=3057"}],"curies":[{"name":"wp","href":"https:\/\/api.w.org\/{rel}","templated":true}]}}