{"id":283,"date":"2015-09-06T08:46:32","date_gmt":"2015-09-06T06:46:32","guid":{"rendered":"http:\/\/agora.xtec.cat\/ceipcoloniaguell\/?page_id=283"},"modified":"2024-04-18T15:51:09","modified_gmt":"2024-04-18T13:51:09","slug":"premis-i-reconeixements","status":"publish","type":"page","link":"https:\/\/agora.xtec.cat\/ceipcoloniaguell\/premis-i-reconeixements\/","title":{"rendered":"Premis i reconeixements"},"content":{"rendered":"<ul>\n<li>Alumne Mart\u00ed Moreno Sanahuja, guanyador del <span style=\"color: #00ccff;\">XIV CERTAMEN NACIONAL INFANTIL I JUVENIL DE LECTURA EN VEU ALTA. <\/span><span style=\"color: #00ccff;\"><span style=\"color: #000000;\">Representant de l&#8217;escola en la categoria grumets verds (infants de 5\u00e8 i 6\u00e8 de prim\u00e0ria).Un Certamen on s&#8217;han inscrit 80.000 alumnes de 956 centres educatius en les diferents categories. <a href=\"https:\/\/agora.xtec.cat\/ceipcoloniaguell\/wp-content\/uploads\/usu27\/2018\/06\/FINAL-DEL-XIV-CERTAMEN-DE-LECTURA-EN-VEU-ALTA-YouTube-8.png\"><img loading=\"lazy\" decoding=\"async\" class=\"wp-image-1197 alignright\" src=\"https:\/\/agora.xtec.cat\/ceipcoloniaguell\/wp-content\/uploads\/usu27\/2018\/06\/FINAL-DEL-XIV-CERTAMEN-DE-LECTURA-EN-VEU-ALTA-YouTube-8.png\" alt=\"\" width=\"269\" height=\"151\" srcset=\"https:\/\/agora.xtec.cat\/ceipcoloniaguell\/wp-content\/uploads\/usu27\/2018\/06\/FINAL-DEL-XIV-CERTAMEN-DE-LECTURA-EN-VEU-ALTA-YouTube-8.png 854w, https:\/\/agora.xtec.cat\/ceipcoloniaguell\/wp-content\/uploads\/usu27\/2018\/06\/FINAL-DEL-XIV-CERTAMEN-DE-LECTURA-EN-VEU-ALTA-YouTube-8-300x169.png 300w, https:\/\/agora.xtec.cat\/ceipcoloniaguell\/wp-content\/uploads\/usu27\/2018\/06\/FINAL-DEL-XIV-CERTAMEN-DE-LECTURA-EN-VEU-ALTA-YouTube-8-768x432.png 768w\" sizes=\"auto, (max-width: 269px) 100vw, 269px\" \/><\/a>La final va tenir lloc el 5 de juny de 2018 al TNC (Teatre Nacional de Catalunya).<\/span><\/span><img loading=\"lazy\" decoding=\"async\" class=\"wp-image-1193 alignleft\" src=\"https:\/\/agora.xtec.cat\/ceipcoloniaguell\/wp-content\/uploads\/usu27\/2018\/06\/FINAL-DEL-XIV-CERTAMEN-DE-LECTURA-EN-VEU-ALTA-YouTube-4-1.png\" alt=\"\" width=\"386\" height=\"217\" srcset=\"https:\/\/agora.xtec.cat\/ceipcoloniaguell\/wp-content\/uploads\/usu27\/2018\/06\/FINAL-DEL-XIV-CERTAMEN-DE-LECTURA-EN-VEU-ALTA-YouTube-4-1.png 854w, https:\/\/agora.xtec.cat\/ceipcoloniaguell\/wp-content\/uploads\/usu27\/2018\/06\/FINAL-DEL-XIV-CERTAMEN-DE-LECTURA-EN-VEU-ALTA-YouTube-4-1-300x169.png 300w, https:\/\/agora.xtec.cat\/ceipcoloniaguell\/wp-content\/uploads\/usu27\/2018\/06\/FINAL-DEL-XIV-CERTAMEN-DE-LECTURA-EN-VEU-ALTA-YouTube-4-1-768x432.png 768w\" sizes=\"auto, (max-width: 386px) 100vw, 386px\" \/><\/li>\n<\/ul>\n<p>&nbsp;<\/p>\n<p>&nbsp;<\/p>\n<p>&nbsp;<\/p>\n<p>&nbsp;<\/p>\n<p>&nbsp;<\/p>\n<ul>\n<li>Article al Diari ARA (Secci\u00f3 ARA Criatures), amb el t\u00edtol &#8220;<a href=\"http:\/\/criatures.ara.cat\/escola\/patis-tambe-eduquen_0_1643835611.html\">Patis que tamb\u00e9 eduquen<\/a>&#8220;. <span style=\"text-decoration: underline;\">3 de setembre de 2016<\/span>.<\/li>\n<\/ul>\n<p><a href=\"http:\/\/agora.xtec.cat\/ceipcoloniaguell\/wp-content\/uploads\/usu27\/2015\/09\/dirari-ARA-el-pati.png\"><img loading=\"lazy\" decoding=\"async\" class=\"alignnone wp-image-673\" src=\"http:\/\/agora.xtec.cat\/ceipcoloniaguell\/wp-content\/uploads\/usu27\/2015\/09\/dirari-ARA-el-pati.png\" alt=\"dirari ARA el pati\" width=\"324\" height=\"286\" srcset=\"https:\/\/agora.xtec.cat\/ceipcoloniaguell\/wp-content\/uploads\/usu27\/2015\/09\/dirari-ARA-el-pati.png 569w, https:\/\/agora.xtec.cat\/ceipcoloniaguell\/wp-content\/uploads\/usu27\/2015\/09\/dirari-ARA-el-pati-300x265.png 300w\" sizes=\"auto, (max-width: 324px) 100vw, 324px\" \/><\/a><\/p>\n<p>&nbsp;<\/p>\n<ul>\n<li>Pres\u00e8ncia del projecte de pati de la nostra escola &#8220;El pati que volem&#8221; a la p\u00e0gina principal de l&#8217;XTEC (Xarxa Telem\u00e0tica Educativa de Catalunya),\u00a0que \u00e9s la web de refer\u00e8ncia i de consulta per a tot el professorat. <u>11 de novembre de 2014.<a href=\"https:\/\/agora.xtec.cat\/ceipcoloniaguell\/wp-content\/uploads\/usu27\/2024\/04\/El-pati-que-volem-a-lxtec.jpg\"><img loading=\"lazy\" decoding=\"async\" class=\"alignnone size-large wp-image-2135\" src=\"https:\/\/agora.xtec.cat\/ceipcoloniaguell\/wp-content\/uploads\/usu27\/2024\/04\/El-pati-que-volem-a-lxtec-1024x744.jpg\" alt=\"\" width=\"1024\" height=\"744\" srcset=\"https:\/\/agora.xtec.cat\/ceipcoloniaguell\/wp-content\/uploads\/usu27\/2024\/04\/El-pati-que-volem-a-lxtec-1024x744.jpg 1024w, https:\/\/agora.xtec.cat\/ceipcoloniaguell\/wp-content\/uploads\/usu27\/2024\/04\/El-pati-que-volem-a-lxtec-300x218.jpg 300w, https:\/\/agora.xtec.cat\/ceipcoloniaguell\/wp-content\/uploads\/usu27\/2024\/04\/El-pati-que-volem-a-lxtec-768x558.jpg 768w, https:\/\/agora.xtec.cat\/ceipcoloniaguell\/wp-content\/uploads\/usu27\/2024\/04\/El-pati-que-volem-a-lxtec.jpg 1235w\" sizes=\"auto, (max-width: 1024px) 100vw, 1024px\" \/><\/a><\/u><\/li>\n<\/ul>\n<p>&nbsp;<\/p>\n<ul>\n<li>Alumna semifinalista al <a href=\"http:\/\/www.certamendelecturaenveualta.cat\/\" target=\"_blank\" rel=\"nofollow noopener noreferrer\">X Certamen Nacional Infantil i Juvenil de Lectura en Veu Alta<\/a>. La semifinal es disput\u00e0 el dia <u>8 de maig de 2014<\/u> a l&#8217;auditori del Caixaforum.<\/li>\n<\/ul>\n<p><a href=\"https:\/\/docs.google.com\/a\/xtec.cat\/file\/d\/0B6yO4qIN6CBhN0ZBd1o0Q1pZYTdTaURCQXpHb042NUZXdWx3\/edit?usp=drive_web\"><img loading=\"lazy\" decoding=\"async\" class=\" alignleft\" src=\"https:\/\/drive.google.com\/uc?id=0B6yO4qIN6CBhN0ZBd1o0Q1pZYTdTaURCQXpHb042NUZXdWx3\" alt=\"\" width=\"320\" height=\"240\" border=\"0\" \/><\/a>\u00a0L&#8217;alumna ha estat la Vinyet Sanch\u00eds, de 3r B, representant de l&#8217;escola en la categoria grumets vermells (infants de 3r i 4t de prim\u00e0ria). El dia 4 d&#8217;abril va passar de ronda als Quarts de final disputats a Martorell.<\/p>\n<p>&nbsp;<\/p>\n<p>&nbsp;<\/p>\n<p>&nbsp;<\/p>\n<p>&nbsp;<\/p>\n<p>&nbsp;<\/p>\n<ul style=\"list-style-type: disc;\">\n<li><span style=\"font-size: medium;\">Reportatge al diari ARA (Secci\u00f3 ARA Criatures). <\/span><span style=\"font-size: medium;\"><u>14 de desembre de 2013<\/u>. <b>A l&#8217;escola fem compost.<\/b><\/span><\/li>\n<li><a href=\"http:\/\/4.bp.blogspot.com\/-Bh9nvojV0MU\/Us8QacrAN3I\/AAAAAAAAEaA\/5PRYDKm4Wt8\/s1600\/ARA31_AMB+Residus.+Autocompostatge_14+desembre.JPG\" rel=\"nofollow\"><img decoding=\"async\" class=\" alignleft\" src=\"http:\/\/4.bp.blogspot.com\/-Bh9nvojV0MU\/Us8QacrAN3I\/AAAAAAAAEaA\/5PRYDKm4Wt8\/s400\/ARA31_AMB+Residus.+Autocompostatge_14+desembre.JPG\" alt=\"\" border=\"0\" \/><\/a><\/li>\n<\/ul>\n<p>&nbsp;<\/p>\n<p>&nbsp;<\/p>\n<p>&nbsp;<\/p>\n<p>&nbsp;<\/p>\n<p>&nbsp;<\/p>\n<p>&nbsp;<\/p>\n<p>&nbsp;<\/p>\n<p>&nbsp;<\/p>\n<p>&nbsp;<\/p>\n<p>&nbsp;<\/p>\n<p>&nbsp;<\/p>\n<ul>\n<li><span style=\"font-size: medium;\">\u00a0Reportatge a El Peri\u00f3dico de Catalunya. <u>7 de desembre de 2013<\/u>. Secci\u00f3 Medi Ambient. <b>Adob casol\u00e0.<\/b><\/span><\/li>\n<\/ul>\n<div><\/div>\n<table border=\"1\" cellspacing=\"0\">\n<tbody>\n<tr>\n<td>\u00a0<a href=\"http:\/\/3.bp.blogspot.com\/-bMjco6_OWlo\/Us8QUuReM-I\/AAAAAAAAEZw\/dz3dqH04kpQ\/s1600\/2014-01-09_2155.png\" rel=\"nofollow\"><img decoding=\"async\" src=\"http:\/\/3.bp.blogspot.com\/-bMjco6_OWlo\/Us8QUuReM-I\/AAAAAAAAEZw\/dz3dqH04kpQ\/s400\/2014-01-09_2155.png\" alt=\"\" border=\"0\" \/><\/a><\/td>\n<td>\n<div><a href=\"http:\/\/2.bp.blogspot.com\/-n4GHm18MWik\/Us8QWhemk2I\/AAAAAAAAEZ4\/MPUpy8Cdi18\/s1600\/2014-01-09_2156.png\" rel=\"nofollow\"><img decoding=\"async\" src=\"http:\/\/2.bp.blogspot.com\/-n4GHm18MWik\/Us8QWhemk2I\/AAAAAAAAEZ4\/MPUpy8Cdi18\/s400\/2014-01-09_2156.png\" alt=\"\" border=\"0\" \/><\/a><\/div>\n<\/td>\n<\/tr>\n<\/tbody>\n<\/table>\n<div><\/div>\n<ul>\n<li><span style=\"font-size: medium;\">Renovaci\u00f3 de l&#8217;<b>acreditaci\u00f3 com a <a href=\"http:\/\/www20.gencat.cat\/portal\/site\/ensenyament\/menuitem.e79d96e9bc498691c65d3082b0c0e1a0\/?vgnextoid=b89adcd3a581f310VgnVCM2000009b0c1e0aRCRD&amp;vgnextchannel=b89adcd3a581f310VgnVCM2000009b0c1e0aRCRD&amp;vgnextfmt=default\" target=\"_blank\" rel=\"nofollow noopener noreferrer\">centre formador\u00a0 d&#8217;estudiants en pr\u00e0ctiques<\/a><\/b> en els Graus de Mestre de les Universitats Catalanes, per al per\u00edode 2013-2017.<\/span>\n<ul>\n<li><span style=\"font-size: medium;\"><b>Baldufa d&#8217;or (primer classificat) per al bloc de ci\u00e8ncies<\/b>. Concurs de blocs educatius de l&#8217;Associaci\u00f3 Espiral. Curs 2012-2013.<br \/>\n<\/span><\/li>\n<\/ul>\n<\/li>\n<li>\n<div><a href=\"http:\/\/4.bp.blogspot.com\/-mZCsPmrOz5M\/UbUF9uciDQI\/AAAAAAAAD2Y\/UV0ZlwZFJjw\/s1600\/DSCN9774.JPG\" rel=\"nofollow\"><img decoding=\"async\" src=\"http:\/\/4.bp.blogspot.com\/-mZCsPmrOz5M\/UbUF9uciDQI\/AAAAAAAAD2Y\/UV0ZlwZFJjw\/s320\/DSCN9774.JPG\" alt=\"\" border=\"0\" \/><\/a><\/div>\n<p><span style=\"font-size: medium;\">Concurs d&#8217;abast internacional. Aqu\u00ed teniu <a href=\"http:\/\/espiraledublogs.org\/2013\/\" target=\"_blank\" rel=\"nofollow noopener noreferrer\">m\u00e9s informaci\u00f3<\/a> sobre el Premi.<br \/>\n<\/span><\/p>\n<p><span style=\"font-size: medium;\">Cerim\u00f2nia de lliurament de premis: <u>8 de juny de 2013<\/u>.<\/span><\/p>\n<ul>\n<li><span style=\"font-size: medium;\"><b>Reconeixement oficial com a Escola Verda<\/b>. <a href=\"http:\/\/www20.gencat.cat\/portal\/site\/mediambient\/menuitem.718bbc75771059204e9cac3bb0c0e1a0\/?vgnextoid=4d8960adde597210VgnVCM1000008d0c1e0aRCRD&amp;vgnextchannel=4d8960adde597210VgnVCM1000008d0c1e0aRCRD&amp;vgnextfmt=default\" target=\"_blank\" rel=\"nofollow noopener noreferrer\">Xarxa catalana d&#8217;escoles verdes<\/a>. 15 de desembre de 2012<\/span><\/li>\n<\/ul>\n<div><a href=\"http:\/\/3.bp.blogspot.com\/-ldGGT1g5_9c\/UM-SJSILf2I\/AAAAAAAACoc\/ic3M1a2OV8I\/s1600\/DSC_0130.JPG\" rel=\"nofollow\"><img decoding=\"async\" src=\"http:\/\/3.bp.blogspot.com\/-ldGGT1g5_9c\/UM-SJSILf2I\/AAAAAAAACoc\/ic3M1a2OV8I\/s400\/DSC_0130.JPG\" alt=\"\" border=\"0\" \/><\/a><\/div>\n<ul>\n<li><span style=\"font-size: medium;\"><b>Finalista Premis Blocs Catalunya 2012<\/b>, categoria Educaci\u00f3 \/ Blocs corporatius. Organitzat per <a href=\"http:\/\/www.stic.cat\/\" rel=\"nofollow\">www.stic.cat<\/a>. Curs 12-13.<\/span><\/li>\n<\/ul>\n<div><a href=\"http:\/\/3.bp.blogspot.com\/-qStjLvl76eE\/UFX4iZjIxLI\/AAAAAAAABzY\/a3qia-nlOdM\/s1600\/2012-09-16_1801.png\" rel=\"nofollow\"><img decoding=\"async\" src=\"http:\/\/3.bp.blogspot.com\/-qStjLvl76eE\/UFX4iZjIxLI\/AAAAAAAABzY\/a3qia-nlOdM\/s400\/2012-09-16_1801.png\" alt=\"\" border=\"0\" \/><\/a><\/div>\n<ul>\n<li><span style=\"font-size: medium;\"><b>Premi x(p)rimenta 2012 al millor video de ci\u00e8ncia d&#8217;escolars catalans, en la categoria d&#8217;educaci\u00f3 prim\u00e0ria<\/b>. Organitzat per l&#8217;<\/span><span style=\"font-size: medium;\">Associaci\u00f3 Catalana de Comunicaci\u00f3 Cient\u00edfica (ACCC) i la Fundaci\u00f3 Catalana per a la Recerca i la Innovaci\u00f3.\u00a0 <u>26 de juny de 2012.<\/u><\/span><\/li>\n<\/ul>\n<div><a href=\"http:\/\/2.bp.blogspot.com\/-OvLQFga2HfQ\/T-y1zP8Cg9I\/AAAAAAAABcg\/t_Fvv-e2z40\/s1600\/DSC09216.JPG\" rel=\"nofollow\"><img decoding=\"async\" src=\"http:\/\/2.bp.blogspot.com\/-OvLQFga2HfQ\/T-y1zP8Cg9I\/AAAAAAAABcg\/t_Fvv-e2z40\/s400\/DSC09216.JPG\" alt=\"\" border=\"0\" \/><\/a><\/div>\n<ul>\n<li><span style=\"font-size: medium;\"><b>III Premi Miquel Siguan-Linguapax Escoles, <\/b>convocat pel departament de diversitat ling\u00fc\u00edstica del<b> Centre UNESCO de Catalunya, <\/b>pel treball de rutines de P4 anomenat &#8220;<a href=\"http:\/\/www.santacolomadecervello.cat\/AJUNTAMENT\/PDF\/educacio\/moltesllengues_moltscolors.pdf\" target=\"_blank\" rel=\"nofollow noopener noreferrer\">Moltes lleng\u00fces, molts colors<\/a>&#8220;<b>. <\/b><u>23 de maig de 2012<\/u><b><br \/>\n<\/b><\/span><\/li>\n<\/ul>\n<div><a href=\"http:\/\/www.santacolomadecervello.cat\/NOTICIES\/2012\/IMATGES\/juliol03_linguapax\/linguapax_700_02.jpg\" rel=\"nofollow\"><img loading=\"lazy\" decoding=\"async\" src=\"http:\/\/www.santacolomadecervello.cat\/NOTICIES\/2012\/IMATGES\/juliol03_linguapax\/linguapax_700_02.jpg\" alt=\"\" width=\"400\" height=\"300\" border=\"0\" \/><\/a><\/div>\n<ul>\n<li><span style=\"font-size: medium;\"><b>Guard\u00f3 de la Generalitat de Catalunya<\/b><\/span> <span style=\"font-size: medium;\">per haver portat a terme el programa &#8220;Desenvolupem h\u00e0bits saludables a l&#8217;escola&#8221; . <u>21 de juny de 2010<\/u><\/span><\/li>\n<\/ul>\n<div><a href=\"http:\/\/www.santacolomadecervello.cat\/NOTICIES\/2010\/IMATGES%20pdf\/juny06_habitsaludablesescoles\/juny06_habitsaludable_03_700.jpg\" rel=\"nofollow\"><img loading=\"lazy\" decoding=\"async\" src=\"http:\/\/www.santacolomadecervello.cat\/NOTICIES\/2010\/IMATGES%20pdf\/juny06_habitsaludablesescoles\/juny06_habitsaludable_03_700.jpg\" alt=\"\" width=\"400\" height=\"266\" border=\"0\" \/><\/a><\/div>\n<ul>\n<li><span style=\"font-size: medium;\"><b>Reportatge del programa de r\u00e0dio<\/b> Blog de mestres, de Catalunya R\u00e0dio. <a href=\"http:\/\/www.catradio.cat\/audio\/675418\/Blog-de-mestres-Una-escola-de-7-ciencies\" target=\"_blank\" rel=\"nofollow noopener noreferrer\">Escolta l&#8217;emissi\u00f3 del dia 30 d&#8217;octubre de 2012 titolada &#8220;Una escola de 7 ci\u00e8ncies<\/a>.\u00a0<\/span><\/li>\n<\/ul>\n<div><\/div>\n<ul>\n<li><span style=\"font-size: medium;\"><b>Finalistes del concurs de r\u00e0dio &#8220;Digues Com&#8221;,<\/b> de l&#8217;emissora p\u00fablica COM R\u00e0dio, en la categoria de Not\u00edcies (Cicle Superior de Prim\u00e0ria) pel treball &#8220;La marat\u00f3 de Barcelona&#8221;. <u>Juny de 2008<\/u>.<br \/>\n<\/span><\/li>\n<\/ul>\n<ul>\n<li><span style=\"font-size: medium;\"><b>Segell eTwinning<\/b> (agermanaments europeus escolars) despr\u00e9s del projecte amb l&#8217;escola Louny, de Prokopa Hol\u00e9ho (Rep\u00fablica Txeca) anomenat \u201cShared Story\u201d.<\/span>\u00a0 <span style=\"font-size: medium;\">Febrer a juny de 2007.<\/span><\/li>\n<\/ul>\n<ul>\n<li><span style=\"font-size: medium;\"><b><span style=\"font-size: medium;\"><b>2n premi a la <\/b><\/span>V edici\u00f3 del Premi Leandre Colomer<\/b> per al foment de la <b>Hist\u00f2ria de Catalunya<\/b> per al projecte de centre anomenat &#8220;El Modernisme&#8221;.<u>Juny de 2001<\/u>.<\/span><\/li>\n<\/ul>\n<\/li>\n<\/ul>\n","protected":false},"excerpt":{"rendered":"<p>Alumne Mart\u00ed Moreno Sanahuja, guanyador del XIV CERTAMEN NACIONAL INFANTIL I JUVENIL DE LECTURA EN VEU ALTA. Representant de l&#8217;escola en la categoria grumets verds (infants de 5\u00e8 i 6\u00e8 de prim\u00e0ria).Un Certamen on s&#8217;han inscrit 80.000 alumnes de 956 centres educatius en les diferents categories. La final va tenir lloc el 5 de juny [&hellip;]<\/p>\n","protected":false},"author":1,"featured_media":0,"parent":0,"menu_order":0,"comment_status":"closed","ping_status":"closed","template":"","meta":{"_bbp_topic_count":0,"_bbp_reply_count":0,"_bbp_total_topic_count":0,"_bbp_total_reply_count":0,"_bbp_voice_count":0,"_bbp_anonymous_reply_count":0,"_bbp_topic_count_hidden":0,"_bbp_reply_count_hidden":0,"_bbp_forum_subforum_count":0,"site-sidebar-layout":"default","site-content-layout":"","ast-site-content-layout":"","site-content-style":"default","site-sidebar-style":"default","ast-global-header-display":"","ast-banner-title-visibility":"","ast-main-header-display":"","ast-hfb-above-header-display":"","ast-hfb-below-header-display":"","ast-hfb-mobile-header-display":"","site-post-title":"","ast-breadcrumbs-content":"","ast-featured-img":"","footer-sml-layout":"","theme-transparent-header-meta":"","adv-header-id-meta":"","stick-header-meta":"","header-above-stick-meta":"","header-main-stick-meta":"","header-below-stick-meta":"","astra-migrate-meta-layouts":"default","ast-page-background-enabled":"default","ast-page-background-meta":{"desktop":{"background-color":"var(--ast-global-color-4)","background-image":"","background-repeat":"repeat","background-position":"center center","background-size":"auto","background-attachment":"scroll","background-type":"","background-media":"","overlay-type":"","overlay-color":"","overlay-opacity":"","overlay-gradient":""},"tablet":{"background-color":"","background-image":"","background-repeat":"repeat","background-position":"center center","background-size":"auto","background-attachment":"scroll","background-type":"","background-media":"","overlay-type":"","overlay-color":"","overlay-opacity":"","overlay-gradient":""},"mobile":{"background-color":"","background-image":"","background-repeat":"repeat","background-position":"center center","background-size":"auto","background-attachment":"scroll","background-type":"","background-media":"","overlay-type":"","overlay-color":"","overlay-opacity":"","overlay-gradient":""}},"ast-content-background-meta":{"desktop":{"background-color":"var(--ast-global-color-5)","background-image":"","background-repeat":"repeat","background-position":"center center","background-size":"auto","background-attachment":"scroll","background-type":"","background-media":"","overlay-type":"","overlay-color":"","overlay-opacity":"","overlay-gradient":""},"tablet":{"background-color":"var(--ast-global-color-5)","background-image":"","background-repeat":"repeat","background-position":"center center","background-size":"auto","background-attachment":"scroll","background-type":"","background-media":"","overlay-type":"","overlay-color":"","overlay-opacity":"","overlay-gradient":""},"mobile":{"background-color":"var(--ast-global-color-5)","background-image":"","background-repeat":"repeat","background-position":"center center","background-size":"auto","background-attachment":"scroll","background-type":"","background-media":"","overlay-type":"","overlay-color":"","overlay-opacity":"","overlay-gradient":""}},"footnotes":""},"class_list":["post-283","page","type-page","status-publish","hentry"],"post_mailing_queue_ids":[],"_links":{"self":[{"href":"https:\/\/agora.xtec.cat\/ceipcoloniaguell\/wp-json\/wp\/v2\/pages\/283","targetHints":{"allow":["GET"]}}],"collection":[{"href":"https:\/\/agora.xtec.cat\/ceipcoloniaguell\/wp-json\/wp\/v2\/pages"}],"about":[{"href":"https:\/\/agora.xtec.cat\/ceipcoloniaguell\/wp-json\/wp\/v2\/types\/page"}],"author":[{"embeddable":true,"href":"https:\/\/agora.xtec.cat\/ceipcoloniaguell\/wp-json\/wp\/v2\/users\/1"}],"replies":[{"embeddable":true,"href":"https:\/\/agora.xtec.cat\/ceipcoloniaguell\/wp-json\/wp\/v2\/comments?post=283"}],"version-history":[{"count":4,"href":"https:\/\/agora.xtec.cat\/ceipcoloniaguell\/wp-json\/wp\/v2\/pages\/283\/revisions"}],"predecessor-version":[{"id":2136,"href":"https:\/\/agora.xtec.cat\/ceipcoloniaguell\/wp-json\/wp\/v2\/pages\/283\/revisions\/2136"}],"wp:attachment":[{"href":"https:\/\/agora.xtec.cat\/ceipcoloniaguell\/wp-json\/wp\/v2\/media?parent=283"}],"curies":[{"name":"wp","href":"https:\/\/api.w.org\/{rel}","templated":true}]}}