{"id":28,"date":"2014-09-18T12:29:35","date_gmt":"2014-09-18T10:29:35","guid":{"rendered":"http:\/\/agora.xtec.cat\/ceipcoloniaguell\/?page_id=28"},"modified":"2025-12-09T21:47:30","modified_gmt":"2025-12-09T20:47:30","slug":"consell-escolar","status":"publish","type":"page","link":"https:\/\/agora.xtec.cat\/ceipcoloniaguell\/activacio-i-cessio-del-val-escolar\/organitzacio\/consell-escolar\/","title":{"rendered":"Consell escolar"},"content":{"rendered":"<p>Constituci\u00f3 del Consell Escolar, en el nou mandat de direcci\u00f3:<\/p>\n<p><strong>Representants de mares i pares:<\/strong><\/p>\n<ul>\n<li>Arnau Latorre<\/li>\n<li>N\u00faria Mart\u00edn<\/li>\n<li>Mireia Llopart<\/li>\n<li>Francisco Pino<\/li>\n<li>Eva Rom\u00e1n<\/li>\n<\/ul>\n<p>Si voleu contactar amb les persones que formen part del sector de fam\u00edlies del Consell Escolar, podeu fer servir el correu:<br \/>\n<a href=\"mailto:consell.escolar@escolacoloniaguell.cat\" target=\"_blank\" rel=\"noopener\">consell.escolar@escolacoloniaguell.cat<\/a><\/p>\n<p><strong>Representant de l&#8217;AFA (per designaci\u00f3 directa):<\/strong><\/p>\n<p>Lourdes Garc\u00eda<\/p>\n<p>Si voleu contactar amb l\u2019AFA, feu servir l\u2019adre\u00e7a:\u00a0 <a href=\"mailto:afacoloniaguell@gmail.com\" target=\"_blank\" rel=\"noopener\">afacoloniaguell@gmail.com<\/a><\/p>\n<p><strong>Representant de l&#8217;Ajuntament (per designaci\u00f3 directa):\u00a0\u00a0<\/strong><\/p>\n<p>Adri\u00e0 Garc\u00eda (Regidor d&#8217;Educaci\u00f3)<\/p>\n<p><strong>Representant del PAE (Personal d&#8217;Atenci\u00f3 Educativa):<\/strong><\/p>\n<p>Maria D\u00edaz (TEI)<\/p>\n<div><strong>Representant del PAS (personal d&#8217;administraci\u00f3 i serveis):<\/strong><\/div>\n<div><\/div>\n<div>Xavi Sol\u00e9 (conserge)<\/div>\n<p><strong>Representants del professorat:<\/strong><\/p>\n<ul>\n<li>Clara \u00c1lvarez<\/li>\n<li>Judit Ram\u00edrez<\/li>\n<li>Francesc M\u00e1rquez<\/li>\n<li>Ester Fouce<\/li>\n<li>Ana Pardo<\/li>\n<li>Isabel Rayas<\/li>\n<\/ul>\n<p><strong>Equip directiu:<br \/>\n<\/strong><\/p>\n<ul>\n<li>Presidenta: Assumpta Calv\u00eds<\/li>\n<li>Cap d&#8217;estudis: Marta Rodrigo<\/li>\n<li>Secret\u00e0ria: Mireia Villagordo<\/li>\n<\/ul>\n","protected":false},"excerpt":{"rendered":"<p>Constituci\u00f3 del Consell Escolar, en el nou mandat de direcci\u00f3: Representants de mares i pares: Arnau Latorre N\u00faria Mart\u00edn Mireia Llopart Francisco Pino Eva Rom\u00e1n Si voleu contactar amb les persones que formen part del sector de fam\u00edlies del Consell Escolar, podeu fer servir el correu: consell.escolar@escolacoloniaguell.cat Representant de l&#8217;AFA (per designaci\u00f3 directa): Lourdes Garc\u00eda [&hellip;]<\/p>\n","protected":false},"author":2,"featured_media":0,"parent":243,"menu_order":30,"comment_status":"closed","ping_status":"closed","template":"page-templates\/side-menu.php","meta":{"_bbp_topic_count":0,"_bbp_reply_count":0,"_bbp_total_topic_count":0,"_bbp_total_reply_count":0,"_bbp_voice_count":0,"_bbp_anonymous_reply_count":0,"_bbp_topic_count_hidden":0,"_bbp_reply_count_hidden":0,"_bbp_forum_subforum_count":0,"site-sidebar-layout":"default","site-content-layout":"","ast-site-content-layout":"","site-content-style":"default","site-sidebar-style":"default","ast-global-header-display":"","ast-banner-title-visibility":"","ast-main-header-display":"","ast-hfb-above-header-display":"","ast-hfb-below-header-display":"","ast-hfb-mobile-header-display":"","site-post-title":"","ast-breadcrumbs-content":"","ast-featured-img":"","footer-sml-layout":"","theme-transparent-header-meta":"","adv-header-id-meta":"","stick-header-meta":"","header-above-stick-meta":"","header-main-stick-meta":"","header-below-stick-meta":"","astra-migrate-meta-layouts":"default","ast-page-background-enabled":"default","ast-page-background-meta":{"desktop":{"background-color":"var(--ast-global-color-4)","background-image":"","background-repeat":"repeat","background-position":"center center","background-size":"auto","background-attachment":"scroll","background-type":"","background-media":"","overlay-type":"","overlay-color":"","overlay-opacity":"","overlay-gradient":""},"tablet":{"background-color":"","background-image":"","background-repeat":"repeat","background-position":"center center","background-size":"auto","background-attachment":"scroll","background-type":"","background-media":"","overlay-type":"","overlay-color":"","overlay-opacity":"","overlay-gradient":""},"mobile":{"background-color":"","background-image":"","background-repeat":"repeat","background-position":"center center","background-size":"auto","background-attachment":"scroll","background-type":"","background-media":"","overlay-type":"","overlay-color":"","overlay-opacity":"","overlay-gradient":""}},"ast-content-background-meta":{"desktop":{"background-color":"var(--ast-global-color-5)","background-image":"","background-repeat":"repeat","background-position":"center center","background-size":"auto","background-attachment":"scroll","background-type":"","background-media":"","overlay-type":"","overlay-color":"","overlay-opacity":"","overlay-gradient":""},"tablet":{"background-color":"var(--ast-global-color-5)","background-image":"","background-repeat":"repeat","background-position":"center center","background-size":"auto","background-attachment":"scroll","background-type":"","background-media":"","overlay-type":"","overlay-color":"","overlay-opacity":"","overlay-gradient":""},"mobile":{"background-color":"var(--ast-global-color-5)","background-image":"","background-repeat":"repeat","background-position":"center center","background-size":"auto","background-attachment":"scroll","background-type":"","background-media":"","overlay-type":"","overlay-color":"","overlay-opacity":"","overlay-gradient":""}},"footnotes":""},"class_list":["post-28","page","type-page","status-publish","hentry"],"post_mailing_queue_ids":[],"_links":{"self":[{"href":"https:\/\/agora.xtec.cat\/ceipcoloniaguell\/wp-json\/wp\/v2\/pages\/28","targetHints":{"allow":["GET"]}}],"collection":[{"href":"https:\/\/agora.xtec.cat\/ceipcoloniaguell\/wp-json\/wp\/v2\/pages"}],"about":[{"href":"https:\/\/agora.xtec.cat\/ceipcoloniaguell\/wp-json\/wp\/v2\/types\/page"}],"author":[{"embeddable":true,"href":"https:\/\/agora.xtec.cat\/ceipcoloniaguell\/wp-json\/wp\/v2\/users\/2"}],"replies":[{"embeddable":true,"href":"https:\/\/agora.xtec.cat\/ceipcoloniaguell\/wp-json\/wp\/v2\/comments?post=28"}],"version-history":[{"count":6,"href":"https:\/\/agora.xtec.cat\/ceipcoloniaguell\/wp-json\/wp\/v2\/pages\/28\/revisions"}],"predecessor-version":[{"id":6438,"href":"https:\/\/agora.xtec.cat\/ceipcoloniaguell\/wp-json\/wp\/v2\/pages\/28\/revisions\/6438"}],"up":[{"embeddable":true,"href":"https:\/\/agora.xtec.cat\/ceipcoloniaguell\/wp-json\/wp\/v2\/pages\/243"}],"wp:attachment":[{"href":"https:\/\/agora.xtec.cat\/ceipcoloniaguell\/wp-json\/wp\/v2\/media?parent=28"}],"curies":[{"name":"wp","href":"https:\/\/api.w.org\/{rel}","templated":true}]}}