{"id":261,"date":"2015-08-29T08:25:05","date_gmt":"2015-08-29T06:25:05","guid":{"rendered":"http:\/\/agora.xtec.cat\/ceipcoloniaguell\/?page_id=261"},"modified":"2025-09-07T17:15:17","modified_gmt":"2025-09-07T15:15:17","slug":"qui-som","status":"publish","type":"page","link":"https:\/\/agora.xtec.cat\/ceipcoloniaguell\/activacio-i-cessio-del-val-escolar\/organitzacio\/qui-som\/","title":{"rendered":"Qui Som"},"content":{"rendered":"<p><b><u>CURS 2025-2026<\/u><\/b><\/p>\n<p><span style=\"color: #000000;\"><b><u>Educaci\u00f3 Infantil (<\/u> <\/b><\/span><span style=\"color: #008000;\"><b>Comunitat de Petites<\/b><\/span><span style=\"color: #000000;\"><b><u>)<br \/>\n<\/u><\/b><\/span><\/p>\n<p><strong>I3:<\/strong>\u00a0 \u00a0 \u00a0 \u00a0Esther Fouce<\/p>\n<p><strong>I4A:<\/strong>\u00a0 \u00a0 Mireia Villagordo\u00a0 <strong>I4B: <\/strong>Ana Pardo<\/p>\n<p><strong>I5:\u00a0 \u00a0 \u00a0 <\/strong>Isabel Rayas<\/p>\n<table style=\"border-collapse: collapse; width: 100%; height: 33px;\">\n<tbody>\n<tr style=\"height: 23px;\">\n<td style=\"width: 100%; text-align: center; height: 23px;\" colspan=\"2\"><strong>Refor\u00e7os<\/strong><\/td>\n<\/tr>\n<tr style=\"height: 23px;\">\n<td style=\"width: 48.3334%; height: 10px; text-align: center;\">\u00a0 \u00a0 \u00a0 \u00a0Mery Roig\/Francesc M\u00e1rquez<\/td>\n<td style=\"width: 51.6667%; height: 10px; text-align: center;\"><strong>TEI<\/strong> ( T\u00e8cnica d&#8217;Educaci\u00f3 Infantil)<strong>:<\/strong> \u00a0\u00a0 Mar\u00eda D\u00edaz<\/td>\n<\/tr>\n<\/tbody>\n<\/table>\n<p><span style=\"color: #000000;\"><b><u>Educaci\u00f3 Prim\u00e0ria:<\/u><\/b><\/span><\/p>\n<p><span style=\"color: #339966;\"><strong>Comunitat Mitjanes<\/strong><\/span><\/p>\n<p><strong>1rA:<\/strong> Raquel Ord\u00f3\u00f1ez\/ V\u00edctor Melgar\u00a0 \u00a0 \u00a0 \u00a0<strong>\u00a01rB:<\/strong>\u00a0 Montserrat Gallego<\/p>\n<p><strong>2nA:<\/strong> Desir\u00e9e Ruiz\u00a0 \u00a0 \u00a0 \u00a0 \u00a0 \u00a0 \u00a0 \u00a0 \u00a0 \u00a0 \u00a0 \u00a0 \u00a0 \u00a0 \u00a0 \u00a0 \u00a0 \u00a0 <strong>2nB:<\/strong> Sara Barrio\/Ariadna Andorr\u00e0<\/p>\n<p><strong>3rA:<\/strong> Dolors Corominas\u00a0 \u00a0 \u00a0 \u00a0 \u00a0 \u00a0 \u00a0 \u00a0<strong>\u00a0 \u00a0 \u00a0 \u00a0 \u00a0 \u00a0 \u00a03rB:\u00a0 <\/strong>Sandra Milla<\/p>\n<p><span style=\"color: #339966;\"><strong>Comunitat de Grans<\/strong><\/span><\/p>\n<p><span style=\"color: #000000;\"><strong>4tA:<\/strong> Judit Ram\u00edrez\u00a0 \u00a0 \u00a0 \u00a0 \u00a0 \u00a0 \u00a0 \u00a0 \u00a0 \u00a0 \u00a0 <strong>4tB:<\/strong> Oriol Romero<\/span><\/p>\n<p><strong>5\u00e8A:<\/strong>\u00a0 Clara \u00c1lvarez\u00a0 \u00a0 \u00a0 \u00a0 \u00a0 \u00a0 \u00a0 \u00a0 \u00a0 \u00a0 \u00a0<strong>5\u00e8B:<\/strong> Montserrat Sacrest<\/p>\n<p><strong>6\u00e8A:<\/strong> Berta Vidal\u00a0 \u00a0 \u00a0 \u00a0 \u00a0 \u00a0 \u00a0 \u00a0 \u00a0 \u00a0 \u00a0 \u00a0 \u00a0<strong>6\u00e8B:<\/strong> Sara Carri\u00f3n<\/p>\n<p><strong><span style=\"color: #000000;\">Refor\u00e7os:\u00a0 <\/span><\/strong><span style=\"color: #000000; font-family: inherit; font-size: 1em;\"><br \/>\n<\/span><\/p>\n<table>\n<tbody>\n<tr>\n<td style=\"width: 271px; text-align: center;\">Assumpta Calv\u00eds<\/td>\n<td style=\"width: 270px; text-align: center;\">Marta Rodrigo<b><br \/>\n<\/b><\/td>\n<td style=\"width: 277px; text-align: center;\">N\u00faria Beltr\u00e1n<\/td>\n<\/tr>\n<tr>\n<td style=\"width: 271px; text-align: center;\"><\/td>\n<td style=\"width: 270px; text-align: center;\">Judit Perales<\/td>\n<td style=\"width: 277px; text-align: center;\"><\/td>\n<\/tr>\n<\/tbody>\n<\/table>\n<p><span style=\"color: #000000;\"><b><u>Especialistes:<\/u><\/b><\/span><\/p>\n<p><strong>M\u00fasica:<\/strong><\/p>\n<table style=\"border-collapse: collapse; width: 100%;\">\n<tbody>\n<tr>\n<td style=\"width: 100%;\">Diego Z\u00e1rate<\/td>\n<\/tr>\n<\/tbody>\n<\/table>\n<p><span style=\"color: #000000;\"><strong>Educaci\u00f3 F\u00edsica:<br \/>\n<\/strong><\/span><\/p>\n<table style=\"width: 69.3384%;\">\n<tbody>\n<tr>\n<td style=\"width: 32.8244%; text-align: center;\">Francesc M\u00e1rquez<\/td>\n<td style=\"width: 32.8244%; text-align: center;\"><span style=\"color: #000000;\">Judit Perales<\/span><strong><span style=\"color: #000000;\"><br \/>\n<\/span><\/strong><\/td>\n<\/tr>\n<\/tbody>\n<\/table>\n<p><span style=\"color: #000000;\"><strong>Educaci\u00f3 Especial:\u00a0<\/strong><\/span><\/p>\n<table>\n<tbody>\n<tr>\n<td style=\"width: 271px; text-align: center;\">Assumpta Calv\u00eds<\/td>\n<td style=\"width: 270px; text-align: center;\"><span style=\"color: #000000;\">M\u00f2nica Bellver<\/span><\/td>\n<td style=\"width: 277px; text-align: center;\">Al\u00edcia Lara<\/td>\n<\/tr>\n<\/tbody>\n<\/table>\n<p><span style=\"color: #000000;\"><strong>Angl\u00e8s:\u00a0<\/strong> <\/span><\/p>\n<table style=\"border-collapse: collapse; width: 56.3452%; height: 48px;\">\n<tbody>\n<tr>\n<td style=\"width: 33.3333%; text-align: center;\">Maria Busom<strong><br \/>\n<\/strong><\/td>\n<td style=\"width: 33.3333%; text-align: center;\">Alba Mart\u00ednez<\/td>\n<\/tr>\n<\/tbody>\n<\/table>\n<p><span style=\"color: #000000;\"><b><u>Equip Directiu:<\/u><\/b><\/span><\/p>\n<p><span style=\"color: #000000;\"><strong>Direcci\u00f3:<\/strong> \u00a0 \u00a0 \u00a0 \u00a0 \u00a0 \u00a0 \u00a0 \u00a0 \u00a0 \u00a0 \u00a0 \u00a0 \u00a0\u00a0 Assumpta Calv\u00eds<br \/>\n<\/span><\/p>\n<p><span style=\"color: #000000;\"><strong>Cap d&#8217;Estudis:<\/strong> \u00a0 \u00a0 \u00a0 \u00a0 \u00a0 \u00a0 \u00a0 \u00a0 \u00a0 Marta Rodrigo<br \/>\n<\/span><\/p>\n<p><span style=\"color: #000000;\"><strong>Secret\u00e0ria:<\/strong> \u00a0 \u00a0 \u00a0 \u00a0 \u00a0 \u00a0 \u00a0 \u00a0 \u00a0 \u00a0 \u00a0\u00a0 Mireia Villagordo<br \/>\n<\/span><\/p>\n<p><span style=\"text-decoration: underline;\"><strong>Equip de Coordinaci\u00f3:<\/strong><\/span><\/p>\n<p><span style=\"color: #000000;\"><b>Coordinaci\u00f3 de Comunitats:<\/b>\u00a0 Ana Pardo, Maria Busom,\u00a0 Clara \u00c1lvarez<\/span><\/p>\n<p><span style=\"color: #000000;\"><b>Coordinaci\u00f3 de Cultura Digital:\u00a0 <\/b>Oriol Romero\/Sara Carri\u00f3n<b><u><br \/>\n<\/u><\/b><\/span><\/p>\n<p><b>Coordinaci\u00f3 Prevenci\u00f3 Riscos:<\/b>\u00a0 Sandra Milla<u><\/u><b><u><br \/>\n<\/u><\/b><\/p>\n<p><span style=\"color: #000000;\"><b>Coordinaci\u00f3 Biblioteca:\u00a0 <\/b>Mery Roig\/ Marta Rodrigo<\/span><\/p>\n<p><span style=\"color: #000000;\"><b>Coordinaci\u00f3 Escola Verda:<\/b>\u00a0 Isabel Rayas\/Maria D\u00edaz<\/span><\/p>\n<p><span style=\"color: #000000;\"><b>Coordinaci\u00f3 Atenci\u00f3 a la Diversitat:\u00a0<\/b> M\u00f2nica Bellver\/Al\u00edcia Lara<\/span><\/p>\n<p><strong>Coordinaci\u00f3 de Conviv\u00e8ncia i Benestar (cocobe):<\/strong> Desir\u00e9e Ruiz\/Mireia Villagordo<\/p>\n<p><strong>Coordinaci\u00f3 LIC:<\/strong>\u00a0 Judith Ram\u00edrez<\/p>\n<p><span style=\"color: #000000;\"><b><u>ALTRES PROFESSIONALS:<\/u><\/b><\/span><\/p>\n<p><span style=\"color: #000000;\"><strong>Conserges<\/strong>:\u00a0 Xavier Sol\u00e9 i Enric Comas<br \/>\n<\/span><\/p>\n<p><strong>Coordinaci\u00f3 de l&#8217;espai migdia:<\/strong>\u00a0 Amara\u00a0 Garc\u00eda\u00a0 \/ Albert Ruart<\/p>\n<p><span style=\"color: #000000;\"><strong>Administrativa<\/strong>: Pilar Mart\u00edn\/Anna Rios<\/span><\/p>\n<p><span style=\"color: #000000;\"><strong>Auxiliars d\u2019Educaci\u00f3 Especial<\/strong>: Llu\u00efsa Amurrio i Silvia Majo<\/span><\/p>\n<p><span style=\"color: #000000;\"><strong>Psicopedagoga EAP<\/strong>: Josep Aguilar<\/span><\/p>\n<p><span style=\"color: #000000;\"><strong>Treballador social EAP<\/strong>: Laia Flores<br \/>\n<\/span><\/p>\n<p><strong>Fisioterapeuta: <\/strong>Lorena Rabarte<\/p>\n<p><span style=\"color: #000000;\"><strong>Logopeda CREDA<\/strong>: N\u00faria Cejudo<\/span><\/p>\n<div><\/div>\n","protected":false},"excerpt":{"rendered":"<p>CURS 2025-2026 Educaci\u00f3 Infantil ( Comunitat de Petites) I3:\u00a0 \u00a0 \u00a0 \u00a0Esther Fouce I4A:\u00a0 \u00a0 Mireia Villagordo\u00a0 I4B: Ana Pardo I5:\u00a0 \u00a0 \u00a0 Isabel Rayas Refor\u00e7os \u00a0 \u00a0 \u00a0 \u00a0Mery Roig\/Francesc M\u00e1rquez TEI ( T\u00e8cnica d&#8217;Educaci\u00f3 Infantil): \u00a0\u00a0 Mar\u00eda D\u00edaz Educaci\u00f3 Prim\u00e0ria: Comunitat Mitjanes 1rA: Raquel Ord\u00f3\u00f1ez\/ V\u00edctor Melgar\u00a0 \u00a0 \u00a0 \u00a0\u00a01rB:\u00a0 Montserrat Gallego 2nA: [&hellip;]<\/p>\n","protected":false},"author":1,"featured_media":0,"parent":243,"menu_order":90,"comment_status":"closed","ping_status":"closed","template":"page-templates\/side-menu.php","meta":{"_bbp_topic_count":0,"_bbp_reply_count":0,"_bbp_total_topic_count":0,"_bbp_total_reply_count":0,"_bbp_voice_count":0,"_bbp_anonymous_reply_count":0,"_bbp_topic_count_hidden":0,"_bbp_reply_count_hidden":0,"_bbp_forum_subforum_count":0,"site-sidebar-layout":"default","site-content-layout":"","ast-site-content-layout":"","site-content-style":"default","site-sidebar-style":"default","ast-global-header-display":"","ast-banner-title-visibility":"","ast-main-header-display":"","ast-hfb-above-header-display":"","ast-hfb-below-header-display":"","ast-hfb-mobile-header-display":"","site-post-title":"","ast-breadcrumbs-content":"","ast-featured-img":"","footer-sml-layout":"","theme-transparent-header-meta":"","adv-header-id-meta":"","stick-header-meta":"","header-above-stick-meta":"","header-main-stick-meta":"","header-below-stick-meta":"","astra-migrate-meta-layouts":"default","ast-page-background-enabled":"default","ast-page-background-meta":{"desktop":{"background-color":"var(--ast-global-color-4)","background-image":"","background-repeat":"repeat","background-position":"center center","background-size":"auto","background-attachment":"scroll","background-type":"","background-media":"","overlay-type":"","overlay-color":"","overlay-opacity":"","overlay-gradient":""},"tablet":{"background-color":"","background-image":"","background-repeat":"repeat","background-position":"center center","background-size":"auto","background-attachment":"scroll","background-type":"","background-media":"","overlay-type":"","overlay-color":"","overlay-opacity":"","overlay-gradient":""},"mobile":{"background-color":"","background-image":"","background-repeat":"repeat","background-position":"center center","background-size":"auto","background-attachment":"scroll","background-type":"","background-media":"","overlay-type":"","overlay-color":"","overlay-opacity":"","overlay-gradient":""}},"ast-content-background-meta":{"desktop":{"background-color":"var(--ast-global-color-5)","background-image":"","background-repeat":"repeat","background-position":"center center","background-size":"auto","background-attachment":"scroll","background-type":"","background-media":"","overlay-type":"","overlay-color":"","overlay-opacity":"","overlay-gradient":""},"tablet":{"background-color":"var(--ast-global-color-5)","background-image":"","background-repeat":"repeat","background-position":"center center","background-size":"auto","background-attachment":"scroll","background-type":"","background-media":"","overlay-type":"","overlay-color":"","overlay-opacity":"","overlay-gradient":""},"mobile":{"background-color":"var(--ast-global-color-5)","background-image":"","background-repeat":"repeat","background-position":"center center","background-size":"auto","background-attachment":"scroll","background-type":"","background-media":"","overlay-type":"","overlay-color":"","overlay-opacity":"","overlay-gradient":""}},"footnotes":""},"class_list":["post-261","page","type-page","status-publish","hentry"],"post_mailing_queue_ids":[],"_links":{"self":[{"href":"https:\/\/agora.xtec.cat\/ceipcoloniaguell\/wp-json\/wp\/v2\/pages\/261","targetHints":{"allow":["GET"]}}],"collection":[{"href":"https:\/\/agora.xtec.cat\/ceipcoloniaguell\/wp-json\/wp\/v2\/pages"}],"about":[{"href":"https:\/\/agora.xtec.cat\/ceipcoloniaguell\/wp-json\/wp\/v2\/types\/page"}],"author":[{"embeddable":true,"href":"https:\/\/agora.xtec.cat\/ceipcoloniaguell\/wp-json\/wp\/v2\/users\/1"}],"replies":[{"embeddable":true,"href":"https:\/\/agora.xtec.cat\/ceipcoloniaguell\/wp-json\/wp\/v2\/comments?post=261"}],"version-history":[{"count":6,"href":"https:\/\/agora.xtec.cat\/ceipcoloniaguell\/wp-json\/wp\/v2\/pages\/261\/revisions"}],"predecessor-version":[{"id":5711,"href":"https:\/\/agora.xtec.cat\/ceipcoloniaguell\/wp-json\/wp\/v2\/pages\/261\/revisions\/5711"}],"up":[{"embeddable":true,"href":"https:\/\/agora.xtec.cat\/ceipcoloniaguell\/wp-json\/wp\/v2\/pages\/243"}],"wp:attachment":[{"href":"https:\/\/agora.xtec.cat\/ceipcoloniaguell\/wp-json\/wp\/v2\/media?parent=261"}],"curies":[{"name":"wp","href":"https:\/\/api.w.org\/{rel}","templated":true}]}}