{"id":26,"date":"2014-09-18T12:24:32","date_gmt":"2014-09-18T10:24:32","guid":{"rendered":"http:\/\/agora.xtec.cat\/ceipcoloniaguell\/?page_id=26"},"modified":"2015-09-07T07:41:26","modified_gmt":"2015-09-07T05:41:26","slug":"historia","status":"publish","type":"page","link":"https:\/\/agora.xtec.cat\/ceipcoloniaguell\/lescola\/historia\/","title":{"rendered":"Hist\u00f2ria"},"content":{"rendered":"<p align=\"justify\"><span style=\"font-size: medium;\"><span style=\"color: #333333;\"><span style=\"font-family: Tahoma, Arial, Helvetica, sans-serif;\">L\u2019Escola Col\u00f2nia G\u00fcell t\u00e9 una llarga traject\u00f2ria hist\u00f2rica, com ho demostra el fet que l&#8217;<\/span><\/span><a href=\"http:\/\/www.santacolomadecervello.cat\/municipi\/colonia_guell\/edificis_escola.htm\" target=\"_blank\"><span style=\"color: #333333;\"><span style=\"font-family: Tahoma, Arial, Helvetica, sans-serif;\"><u>antic edifici<\/u><\/span><\/span><\/a><span style=\"color: #333333;\"><span style=\"font-family: Tahoma, Arial, Helvetica, sans-serif;\">\u00a0que ocup\u00e0vem va fer cent anys l\u2019any 2011.\u00a0<\/span><\/span><\/span><\/p>\n<p align=\"justify\"><span style=\"color: #333333;\"><span style=\"font-family: Tahoma, Arial, Helvetica, sans-serif;\"><span style=\"font-size: medium;\">Els nostres or\u00edgens com a escola van lligats a la f\u00e0brica, com passa amb la resta de la col\u00f2nia. Inicialment l\u2019escola va ser un m\u00e9s dels serveis que s\u2019oferien treballadors i treballadores, que aix\u00ed podien dedicar-se plenament a les seves tasques a la f\u00e0brica, despreocupant-se de l\u2019atenci\u00f3 i formaci\u00f3 de la canalla.<\/span><\/span><\/span><\/p>\n<p align=\"justify\"><span style=\"color: #333333;\"><span style=\"font-family: Tahoma, Arial, Helvetica, sans-serif;\"><span style=\"font-size: medium;\">En els inicis l\u2019ensenyament de nois i noies era diferenciat per g\u00e8nere: un grup de monges s\u2019encarregaven de l\u2019educaci\u00f3 de les nenes (sobretot treballs manuals i dom\u00e8stics) i un mestre s\u2019ocupava dels nois, fent una formaci\u00f3 m\u00e9s escolar, tal i com l\u2019entenem avui en dia.<\/span><\/span><\/span><\/p>\n<p align=\"justify\"><span style=\"font-size: medium;\"><span style=\"color: #333333;\"><span style=\"font-family: Tahoma, Arial, Helvetica, sans-serif;\">L\u2019any 1988 l\u2019escola va passar a integrar-se a la xarxa de centres docents p\u00fablics de la Generalitat de Catalunya, amb la Llei del 1983 que va permetre fer aquest pas a les escoles del CEPEPC (Col\u00b7lectiu d\u2019Escoles per l\u2019Escola P\u00fablica Catalana). Malgrat no ser part del CEPEPC s\u00ed que es podia identificar la nostra escola amb bona part de les <\/span><\/span><a href=\"http:\/\/www.google.es\/url?sa=t&amp;rct=j&amp;q=&amp;esrc=s&amp;source=web&amp;cd=1&amp;ved=0CC0QFjAA&amp;url=http%3A%2F%2Fwww.raco.cat%2Findex.php%2FMaterials%2Farticle%2Fdownload%2F137419%2F189115&amp;ei=-Fo3UeSGLYurPLXKgHg&amp;usg=AFQjCNEICs1UnoueSa81KYwCe11_l68l5Q&amp;cad=rja\" target=\"_blank\"><span style=\"color: #333333;\"><span style=\"font-family: Tahoma, Arial, Helvetica, sans-serif;\"><u>caracter\u00edstiques d\u2019aquest moviment de renovaci\u00f3 pedag\u00f2gica<\/u><\/span><\/span><\/a><span style=\"color: #333333;\"><span style=\"font-family: Tahoma, Arial, Helvetica, sans-serif;\">.\u00a0<\/span><\/span><\/span><\/p>\n<p align=\"justify\"><span style=\"color: #333333;\"><span style=\"font-family: Tahoma, Arial, Helvetica, sans-serif;\"><span style=\"font-size: medium;\">L\u2019\u00faltima etapa arrenca amb el trasllat a les actuals instal\u00b7lacions a l\u2019estiu del 2006, procurant, aix\u00f2 s\u00ed, no oblidar d\u2019on venim: una escola petita, ubicada en un entorn natural i arquitect\u00f2nic privilegiat, amb uns trets d\u2019identitat dels quals ens sentim orgullosos.<\/span><\/span><\/span><\/p>\n","protected":false},"excerpt":{"rendered":"<p>L\u2019Escola Col\u00f2nia G\u00fcell t\u00e9 una llarga traject\u00f2ria hist\u00f2rica, com ho demostra el fet que l&#8217;antic edifici\u00a0que ocup\u00e0vem va fer cent anys l\u2019any 2011.\u00a0 Els nostres or\u00edgens com a escola van lligats a la f\u00e0brica, com passa amb la resta de la col\u00f2nia. Inicialment l\u2019escola va ser un m\u00e9s dels serveis que s\u2019oferien treballadors i treballadores, [&hellip;]<\/p>\n","protected":false},"author":2,"featured_media":0,"parent":22,"menu_order":0,"comment_status":"closed","ping_status":"closed","template":"page-templates\/side-menu.php","meta":{"_bbp_topic_count":0,"_bbp_reply_count":0,"_bbp_total_topic_count":0,"_bbp_total_reply_count":0,"_bbp_voice_count":0,"_bbp_anonymous_reply_count":0,"_bbp_topic_count_hidden":0,"_bbp_reply_count_hidden":0,"_bbp_forum_subforum_count":0,"site-sidebar-layout":"default","site-content-layout":"","ast-site-content-layout":"","site-content-style":"default","site-sidebar-style":"default","ast-global-header-display":"","ast-banner-title-visibility":"","ast-main-header-display":"","ast-hfb-above-header-display":"","ast-hfb-below-header-display":"","ast-hfb-mobile-header-display":"","site-post-title":"","ast-breadcrumbs-content":"","ast-featured-img":"","footer-sml-layout":"","theme-transparent-header-meta":"","adv-header-id-meta":"","stick-header-meta":"","header-above-stick-meta":"","header-main-stick-meta":"","header-below-stick-meta":"","astra-migrate-meta-layouts":"default","ast-page-background-enabled":"default","ast-page-background-meta":{"desktop":{"background-color":"var(--ast-global-color-4)","background-image":"","background-repeat":"repeat","background-position":"center center","background-size":"auto","background-attachment":"scroll","background-type":"","background-media":"","overlay-type":"","overlay-color":"","overlay-opacity":"","overlay-gradient":""},"tablet":{"background-color":"","background-image":"","background-repeat":"repeat","background-position":"center center","background-size":"auto","background-attachment":"scroll","background-type":"","background-media":"","overlay-type":"","overlay-color":"","overlay-opacity":"","overlay-gradient":""},"mobile":{"background-color":"","background-image":"","background-repeat":"repeat","background-position":"center center","background-size":"auto","background-attachment":"scroll","background-type":"","background-media":"","overlay-type":"","overlay-color":"","overlay-opacity":"","overlay-gradient":""}},"ast-content-background-meta":{"desktop":{"background-color":"var(--ast-global-color-5)","background-image":"","background-repeat":"repeat","background-position":"center center","background-size":"auto","background-attachment":"scroll","background-type":"","background-media":"","overlay-type":"","overlay-color":"","overlay-opacity":"","overlay-gradient":""},"tablet":{"background-color":"var(--ast-global-color-5)","background-image":"","background-repeat":"repeat","background-position":"center center","background-size":"auto","background-attachment":"scroll","background-type":"","background-media":"","overlay-type":"","overlay-color":"","overlay-opacity":"","overlay-gradient":""},"mobile":{"background-color":"var(--ast-global-color-5)","background-image":"","background-repeat":"repeat","background-position":"center center","background-size":"auto","background-attachment":"scroll","background-type":"","background-media":"","overlay-type":"","overlay-color":"","overlay-opacity":"","overlay-gradient":""}},"footnotes":""},"class_list":["post-26","page","type-page","status-publish","hentry"],"post_mailing_queue_ids":[],"_links":{"self":[{"href":"https:\/\/agora.xtec.cat\/ceipcoloniaguell\/wp-json\/wp\/v2\/pages\/26","targetHints":{"allow":["GET"]}}],"collection":[{"href":"https:\/\/agora.xtec.cat\/ceipcoloniaguell\/wp-json\/wp\/v2\/pages"}],"about":[{"href":"https:\/\/agora.xtec.cat\/ceipcoloniaguell\/wp-json\/wp\/v2\/types\/page"}],"author":[{"embeddable":true,"href":"https:\/\/agora.xtec.cat\/ceipcoloniaguell\/wp-json\/wp\/v2\/users\/2"}],"replies":[{"embeddable":true,"href":"https:\/\/agora.xtec.cat\/ceipcoloniaguell\/wp-json\/wp\/v2\/comments?post=26"}],"version-history":[{"count":3,"href":"https:\/\/agora.xtec.cat\/ceipcoloniaguell\/wp-json\/wp\/v2\/pages\/26\/revisions"}],"predecessor-version":[{"id":174,"href":"https:\/\/agora.xtec.cat\/ceipcoloniaguell\/wp-json\/wp\/v2\/pages\/26\/revisions\/174"}],"up":[{"embeddable":true,"href":"https:\/\/agora.xtec.cat\/ceipcoloniaguell\/wp-json\/wp\/v2\/pages\/22"}],"wp:attachment":[{"href":"https:\/\/agora.xtec.cat\/ceipcoloniaguell\/wp-json\/wp\/v2\/media?parent=26"}],"curies":[{"name":"wp","href":"https:\/\/api.w.org\/{rel}","templated":true}]}}