{"id":243,"date":"2015-08-29T07:24:27","date_gmt":"2015-08-29T06:24:27","guid":{"rendered":"http:\/\/agora.xtec.cat\/ceipcoloniaguell\/?page_id=243"},"modified":"2025-08-22T15:39:55","modified_gmt":"2025-08-22T13:39:55","slug":"organitzacio","status":"publish","type":"page","link":"https:\/\/agora.xtec.cat\/ceipcoloniaguell\/activacio-i-cessio-del-val-escolar\/organitzacio\/","title":{"rendered":"Organitzaci\u00f3"},"content":{"rendered":"<p><img loading=\"lazy\" decoding=\"async\" class=\"aligncenter wp-image-2228 \" src=\"https:\/\/agora.xtec.cat\/ceipcoloniaguell\/wp-content\/uploads\/usu27\/2024\/07\/Quan-somnia-300x169.jpg\" alt=\"\" width=\"376\" height=\"212\" srcset=\"https:\/\/agora.xtec.cat\/ceipcoloniaguell\/wp-content\/uploads\/usu27\/2024\/07\/Quan-somnia-300x169.jpg 300w, https:\/\/agora.xtec.cat\/ceipcoloniaguell\/wp-content\/uploads\/usu27\/2024\/07\/Quan-somnia-1024x576.jpg 1024w, https:\/\/agora.xtec.cat\/ceipcoloniaguell\/wp-content\/uploads\/usu27\/2024\/07\/Quan-somnia-768x432.jpg 768w, https:\/\/agora.xtec.cat\/ceipcoloniaguell\/wp-content\/uploads\/usu27\/2024\/07\/Quan-somnia.jpg 1440w\" sizes=\"auto, (max-width: 376px) 100vw, 376px\" \/><\/p>\n<h3>L&#8217;equip que formem l&#8217;escola aquest curs 24-25 som:<\/h3>\n<h4>Equip de coordinaci\u00f3<\/h4>\n<p>Directora: Assumpta Calv\u00eds<\/p>\n<p>Cap d&#8217;estudis: Marta Rodrigo<\/p>\n<p>Secret\u00e0ria: Mireia Villagordo<\/p>\n<p>Comunitat de petites: Ana\u00a0 Pardo<\/p>\n<p>Comunitat de Mitjanes: Maria Busom<\/p>\n<p>Comunitat de Grans: Clara Cid<\/p>\n\n\n<p><a href=\"https:\/\/agora.xtec.cat\/ceipcoloniaguell\/activacio-i-cessio-del-val-escolar\/organitzacio\/qui-som\/\">TOT L&#8217;EQUIP HUM\u00c0 DEL CENTRE<\/a><\/p>\n","protected":false},"excerpt":{"rendered":"<p>L&#8217;equip que formem l&#8217;escola aquest curs 24-25 som: Equip de coordinaci\u00f3 Directora: Assumpta Calv\u00eds Cap d&#8217;estudis: Marta Rodrigo Secret\u00e0ria: Mireia Villagordo Comunitat de petites: Ana\u00a0 Pardo Comunitat de Mitjanes: Maria Busom Comunitat de Grans: Clara Cid TOT L&#8217;EQUIP HUM\u00c0 DEL CENTRE<\/p>\n","protected":false},"author":1,"featured_media":0,"parent":2194,"menu_order":0,"comment_status":"closed","ping_status":"closed","template":"page-templates\/side-menu.php","meta":{"_bbp_topic_count":0,"_bbp_reply_count":0,"_bbp_total_topic_count":0,"_bbp_total_reply_count":0,"_bbp_voice_count":0,"_bbp_anonymous_reply_count":0,"_bbp_topic_count_hidden":0,"_bbp_reply_count_hidden":0,"_bbp_forum_subforum_count":0,"site-sidebar-layout":"default","site-content-layout":"","ast-site-content-layout":"","site-content-style":"default","site-sidebar-style":"default","ast-global-header-display":"","ast-banner-title-visibility":"","ast-main-header-display":"","ast-hfb-above-header-display":"","ast-hfb-below-header-display":"","ast-hfb-mobile-header-display":"","site-post-title":"","ast-breadcrumbs-content":"","ast-featured-img":"","footer-sml-layout":"","theme-transparent-header-meta":"","adv-header-id-meta":"","stick-header-meta":"","header-above-stick-meta":"","header-main-stick-meta":"","header-below-stick-meta":"","astra-migrate-meta-layouts":"default","ast-page-background-enabled":"default","ast-page-background-meta":{"desktop":{"background-color":"var(--ast-global-color-4)","background-image":"","background-repeat":"repeat","background-position":"center center","background-size":"auto","background-attachment":"scroll","background-type":"","background-media":"","overlay-type":"","overlay-color":"","overlay-opacity":"","overlay-gradient":""},"tablet":{"background-color":"","background-image":"","background-repeat":"repeat","background-position":"center center","background-size":"auto","background-attachment":"scroll","background-type":"","background-media":"","overlay-type":"","overlay-color":"","overlay-opacity":"","overlay-gradient":""},"mobile":{"background-color":"","background-image":"","background-repeat":"repeat","background-position":"center center","background-size":"auto","background-attachment":"scroll","background-type":"","background-media":"","overlay-type":"","overlay-color":"","overlay-opacity":"","overlay-gradient":""}},"ast-content-background-meta":{"desktop":{"background-color":"var(--ast-global-color-5)","background-image":"","background-repeat":"repeat","background-position":"center center","background-size":"auto","background-attachment":"scroll","background-type":"","background-media":"","overlay-type":"","overlay-color":"","overlay-opacity":"","overlay-gradient":""},"tablet":{"background-color":"var(--ast-global-color-5)","background-image":"","background-repeat":"repeat","background-position":"center center","background-size":"auto","background-attachment":"scroll","background-type":"","background-media":"","overlay-type":"","overlay-color":"","overlay-opacity":"","overlay-gradient":""},"mobile":{"background-color":"var(--ast-global-color-5)","background-image":"","background-repeat":"repeat","background-position":"center center","background-size":"auto","background-attachment":"scroll","background-type":"","background-media":"","overlay-type":"","overlay-color":"","overlay-opacity":"","overlay-gradient":""}},"footnotes":""},"class_list":["post-243","page","type-page","status-publish","hentry"],"post_mailing_queue_ids":[],"_links":{"self":[{"href":"https:\/\/agora.xtec.cat\/ceipcoloniaguell\/wp-json\/wp\/v2\/pages\/243","targetHints":{"allow":["GET"]}}],"collection":[{"href":"https:\/\/agora.xtec.cat\/ceipcoloniaguell\/wp-json\/wp\/v2\/pages"}],"about":[{"href":"https:\/\/agora.xtec.cat\/ceipcoloniaguell\/wp-json\/wp\/v2\/types\/page"}],"author":[{"embeddable":true,"href":"https:\/\/agora.xtec.cat\/ceipcoloniaguell\/wp-json\/wp\/v2\/users\/1"}],"replies":[{"embeddable":true,"href":"https:\/\/agora.xtec.cat\/ceipcoloniaguell\/wp-json\/wp\/v2\/comments?post=243"}],"version-history":[{"count":6,"href":"https:\/\/agora.xtec.cat\/ceipcoloniaguell\/wp-json\/wp\/v2\/pages\/243\/revisions"}],"predecessor-version":[{"id":5689,"href":"https:\/\/agora.xtec.cat\/ceipcoloniaguell\/wp-json\/wp\/v2\/pages\/243\/revisions\/5689"}],"up":[{"embeddable":true,"href":"https:\/\/agora.xtec.cat\/ceipcoloniaguell\/wp-json\/wp\/v2\/pages\/2194"}],"wp:attachment":[{"href":"https:\/\/agora.xtec.cat\/ceipcoloniaguell\/wp-json\/wp\/v2\/media?parent=243"}],"curies":[{"name":"wp","href":"https:\/\/api.w.org\/{rel}","templated":true}]}}