{"id":1461,"date":"2020-02-14T06:54:22","date_gmt":"2020-02-14T05:54:22","guid":{"rendered":"https:\/\/agora.xtec.cat\/ceipcoloniaguell\/?page_id=1461"},"modified":"2026-02-28T19:59:02","modified_gmt":"2026-02-28T18:59:02","slug":"temes-treballats-al-consell-escolar","status":"publish","type":"page","link":"https:\/\/agora.xtec.cat\/ceipcoloniaguell\/activacio-i-cessio-del-val-escolar\/organitzacio\/consell-escolar\/temes-treballats-al-consell-escolar\/","title":{"rendered":"Acords del Consell Escolar"},"content":{"rendered":"\n<p>En aquesta p\u00e0gina fem difusi\u00f3 dels acords presos a les reunions del Consell Escolar. Recordeu que podeu fer arribar propostes al s\u00ed del Consell Escolar a trav\u00e9s de les representants de cadascun dels sectors de la Comunitat Educativa.<\/p>\n\n\n\n<ul class=\"wp-block-list\">\n<li>Si voleu contactar amb les persones que formen part del sector de fam\u00edlies del Consell Escolar, podeu fer servir el correu:\u00a0 <a href=\"mailto:consell.escolar@escolacoloniaguell.cat\">consell.escolar@escolacoloniaguell.cat<\/a><\/li>\n<\/ul>\n\n\n\n<p>Tot seguit teniu les certificacions amb tots els acords de cada Consell Escolar.<\/p>\n\n\n\n<p><span style=\"text-decoration: underline;\"><strong>Curs 2025-2026<\/strong><\/span><\/p>\n\n\n\n<figure class=\"wp-block-table\"><table class=\"has-fixed-layout\"><tbody><tr><td><a href=\"https:\/\/drive.google.com\/file\/d\/1XoWT4sZ1JlRmEC7N_8mCWWU4ezpulGNR\/view?usp=sharing\">1r Consell escolar 15\/10\/25<\/a><\/td><td>&nbsp;<\/td><\/tr><tr><td><a href=\"https:\/\/drive.google.com\/file\/d\/1DzWTPiPwRwJASGrFww4YquTJHWIZRdlA\/view?usp=sharing\">2n Consell escolar 11\/12\/25<\/a><\/td><td>&nbsp;<\/td><\/tr><\/tbody><\/table><\/figure>\n\n\n\n<p class=\"has-text-align-left\"><span style=\"text-decoration: underline;\"><strong>Curs 2024-2025<\/strong><\/span><\/p>\n\n\n\n<div class=\"wp-block-columns is-layout-flex wp-container-core-columns-is-layout-2 wp-block-columns-is-layout-flex\">\n<div class=\"wp-block-column is-layout-flow wp-block-column-is-layout-flow\" style=\"flex-basis:100%\">\n<div class=\"wp-block-columns is-layout-flex wp-container-core-columns-is-layout-1 wp-block-columns-is-layout-flex\">\n<div class=\"wp-block-column is-layout-flow wp-block-column-is-layout-flow\" style=\"flex-basis:100%\">\n<figure class=\"wp-block-table alignleft is-style-stripes\"><table><tbody><tr><td><a href=\"https:\/\/drive.google.com\/file\/d\/1nRETZEmtPVCUuGtyJziyDeh91KPuu_bm\/view?usp=sharing\">1r Consell escolar 14\/10\/24<\/a>              <\/td><td class=\"has-text-align-left\" data-align=\"left\"><a href=\"https:\/\/drive.google.com\/file\/d\/1LfQHQYKU4Aexz1ZA-rOGtPxbY6BbOEOh\/view?usp=sharing\">3r Consell escolar 10\/02\/25 <\/a><\/td><\/tr><tr><td><a href=\"https:\/\/drive.google.com\/file\/d\/1q7ujtxkGicwvz89J4XLpHUwKnzwn1PDx\/view?usp=sharing\">2n Consell escolar 16\/12\/24<\/a><\/td><td class=\"has-text-align-left\" data-align=\"left\"><a href=\"https:\/\/drive.google.com\/file\/d\/1vS8M0dNCDF2kCu2QWLzV60HQrZ3zd4IP\/view?usp=sharing\">4rt Consell escolar 03\/06\/2025<\/a><\/td><\/tr><tr><td><\/td><td class=\"has-text-align-left\" data-align=\"left\"><a href=\"https:\/\/drive.google.com\/file\/d\/1dezFJ0BUP31r-D6ZfRPdlVv_Bzb1602S\/view?usp=sharing\">5\u00e8 Consell escolar 26\/06\/2025<\/a><\/td><\/tr><\/tbody><\/table><\/figure>\n<\/div>\n<\/div>\n<\/div>\n<\/div>\n","protected":false},"excerpt":{"rendered":"<p>En aquesta p\u00e0gina fem difusi\u00f3 dels acords presos a les reunions del Consell Escolar. Recordeu que podeu fer arribar propostes al s\u00ed del Consell Escolar a trav\u00e9s de les representants de cadascun dels sectors de la Comunitat Educativa. Tot seguit teniu les certificacions amb tots els acords de cada Consell Escolar. Curs 2025-2026 1r Consell [&hellip;]<\/p>\n","protected":false},"author":1,"featured_media":0,"parent":28,"menu_order":0,"comment_status":"closed","ping_status":"closed","template":"","meta":{"_bbp_topic_count":0,"_bbp_reply_count":0,"_bbp_total_topic_count":0,"_bbp_total_reply_count":0,"_bbp_voice_count":0,"_bbp_anonymous_reply_count":0,"_bbp_topic_count_hidden":0,"_bbp_reply_count_hidden":0,"_bbp_forum_subforum_count":0,"site-sidebar-layout":"default","site-content-layout":"","ast-site-content-layout":"default","site-content-style":"default","site-sidebar-style":"default","ast-global-header-display":"","ast-banner-title-visibility":"","ast-main-header-display":"","ast-hfb-above-header-display":"","ast-hfb-below-header-display":"","ast-hfb-mobile-header-display":"","site-post-title":"","ast-breadcrumbs-content":"","ast-featured-img":"","footer-sml-layout":"","theme-transparent-header-meta":"","adv-header-id-meta":"","stick-header-meta":"","header-above-stick-meta":"","header-main-stick-meta":"","header-below-stick-meta":"","astra-migrate-meta-layouts":"set","ast-page-background-enabled":"default","ast-page-background-meta":{"desktop":{"background-color":"var(--ast-global-color-4)","background-image":"","background-repeat":"repeat","background-position":"center center","background-size":"auto","background-attachment":"scroll","background-type":"","background-media":"","overlay-type":"","overlay-color":"","overlay-opacity":"","overlay-gradient":""},"tablet":{"background-color":"","background-image":"","background-repeat":"repeat","background-position":"center center","background-size":"auto","background-attachment":"scroll","background-type":"","background-media":"","overlay-type":"","overlay-color":"","overlay-opacity":"","overlay-gradient":""},"mobile":{"background-color":"","background-image":"","background-repeat":"repeat","background-position":"center center","background-size":"auto","background-attachment":"scroll","background-type":"","background-media":"","overlay-type":"","overlay-color":"","overlay-opacity":"","overlay-gradient":""}},"ast-content-background-meta":{"desktop":{"background-color":"var(--ast-global-color-5)","background-image":"","background-repeat":"repeat","background-position":"center center","background-size":"auto","background-attachment":"scroll","background-type":"","background-media":"","overlay-type":"","overlay-color":"","overlay-opacity":"","overlay-gradient":""},"tablet":{"background-color":"var(--ast-global-color-5)","background-image":"","background-repeat":"repeat","background-position":"center center","background-size":"auto","background-attachment":"scroll","background-type":"","background-media":"","overlay-type":"","overlay-color":"","overlay-opacity":"","overlay-gradient":""},"mobile":{"background-color":"var(--ast-global-color-5)","background-image":"","background-repeat":"repeat","background-position":"center center","background-size":"auto","background-attachment":"scroll","background-type":"","background-media":"","overlay-type":"","overlay-color":"","overlay-opacity":"","overlay-gradient":""}},"footnotes":""},"class_list":["post-1461","page","type-page","status-publish","hentry"],"post_mailing_queue_ids":[],"_links":{"self":[{"href":"https:\/\/agora.xtec.cat\/ceipcoloniaguell\/wp-json\/wp\/v2\/pages\/1461","targetHints":{"allow":["GET"]}}],"collection":[{"href":"https:\/\/agora.xtec.cat\/ceipcoloniaguell\/wp-json\/wp\/v2\/pages"}],"about":[{"href":"https:\/\/agora.xtec.cat\/ceipcoloniaguell\/wp-json\/wp\/v2\/types\/page"}],"author":[{"embeddable":true,"href":"https:\/\/agora.xtec.cat\/ceipcoloniaguell\/wp-json\/wp\/v2\/users\/1"}],"replies":[{"embeddable":true,"href":"https:\/\/agora.xtec.cat\/ceipcoloniaguell\/wp-json\/wp\/v2\/comments?post=1461"}],"version-history":[{"count":6,"href":"https:\/\/agora.xtec.cat\/ceipcoloniaguell\/wp-json\/wp\/v2\/pages\/1461\/revisions"}],"predecessor-version":[{"id":7126,"href":"https:\/\/agora.xtec.cat\/ceipcoloniaguell\/wp-json\/wp\/v2\/pages\/1461\/revisions\/7126"}],"up":[{"embeddable":true,"href":"https:\/\/agora.xtec.cat\/ceipcoloniaguell\/wp-json\/wp\/v2\/pages\/28"}],"wp:attachment":[{"href":"https:\/\/agora.xtec.cat\/ceipcoloniaguell\/wp-json\/wp\/v2\/media?parent=1461"}],"curies":[{"name":"wp","href":"https:\/\/api.w.org\/{rel}","templated":true}]}}