{"id":7860,"date":"2025-01-22T08:14:46","date_gmt":"2025-01-22T07:14:46","guid":{"rendered":"https:\/\/agora.xtec.cat\/ceipcolnous\/?page_id=7860"},"modified":"2025-01-27T09:42:04","modified_gmt":"2025-01-27T08:42:04","slug":"padrins-i-fillols","status":"publish","type":"page","link":"https:\/\/agora.xtec.cat\/ceipcolnous\/projectes-escola\/padrins-i-fillols\/","title":{"rendered":"Padrins i fillols"},"content":{"rendered":"\n<div class=\"wp-block-getwid-section alignfull alignfull getwid-section-content-full-width\"><div class=\"wp-block-getwid-section__wrapper getwid-padding-left-medium getwid-padding-right-medium\"><div class=\"wp-block-getwid-section__inner-wrapper\"><div class=\"wp-block-getwid-section__background-holder\"><div class=\"wp-block-getwid-section__background\"><\/div><div class=\"wp-block-getwid-section__foreground\"><\/div><\/div><div class=\"wp-block-getwid-section__content\"><div class=\"wp-block-getwid-section__inner-content\">\n<figure class=\"wp-block-image aligncenter size-full is-resized\"><a href=\"https:\/\/agora.xtec.cat\/ceipcolnous\/wp-content\/uploads\/usu139\/2025\/01\/a42578db-e12d-4c3f-8ea3-0dc8b013a686-5c982c8f3ba7f76cf0576df2.jpeg\"><img loading=\"lazy\" decoding=\"async\" width=\"770\" height=\"479\" src=\"https:\/\/agora.xtec.cat\/ceipcolnous\/wp-content\/uploads\/usu139\/2025\/01\/a42578db-e12d-4c3f-8ea3-0dc8b013a686-5c982c8f3ba7f76cf0576df2.jpeg\" alt=\"\" class=\"wp-image-7864\" style=\"width:420px;height:auto\" srcset=\"https:\/\/agora.xtec.cat\/ceipcolnous\/wp-content\/uploads\/usu139\/2025\/01\/a42578db-e12d-4c3f-8ea3-0dc8b013a686-5c982c8f3ba7f76cf0576df2.jpeg 770w, https:\/\/agora.xtec.cat\/ceipcolnous\/wp-content\/uploads\/usu139\/2025\/01\/a42578db-e12d-4c3f-8ea3-0dc8b013a686-5c982c8f3ba7f76cf0576df2-300x187.jpeg 300w, https:\/\/agora.xtec.cat\/ceipcolnous\/wp-content\/uploads\/usu139\/2025\/01\/a42578db-e12d-4c3f-8ea3-0dc8b013a686-5c982c8f3ba7f76cf0576df2-768x478.jpeg 768w\" sizes=\"auto, (max-width: 770px) 100vw, 770px\" \/><\/a><\/figure>\n\n\n\n<p><\/p>\n\n\n\n<p>El nostre alumnat de la comunitat de grans i de la comunitat de petits estableixen una relaci\u00f3 de padrins i fillols. Aix\u00f2 permet que, en determinades activitats o dies especials, els padrins poden ajudar i guiar als seus fillols en la realitzaci\u00f3 d&#8217;all\u00f2 que estigui previst fer aquell dia. Tamb\u00e9 ens ajuden a acompanyar-los si tota l&#8217;escola anem d&#8217;excursi\u00f3 pel municipi.<\/p>\n\n\n\n<p>La relaci\u00f3 s&#8217;estableix de la seg\u00fcent manera:<\/p>\n\n\n\n<ul class=\"wp-block-list\">\n<li>L&#8217;alumnat de 4t seran els padrins dels infants d&#8217;I3<\/li>\n\n\n\n<li>L&#8217;alumnat de 5\u00e8 seran els padrins dels infants d&#8217;I4<\/li>\n\n\n\n<li>L&#8217;alumnat de 6\u00e8 seran els padrins dels infants d&#8217;I5<\/li>\n<\/ul>\n\n\n\n<p>D&#8217;aquesta manera, es mant\u00e9 un vincle que dura 3 cursos, fent que hi hagi una gran complicitat entre el padr\u00ed i el fillol.<\/p>\n\n\n\n<p><\/p>\n\n\n\n<p>Alguns exemples d&#8217;activitats que es realitzen entre padrins i fillols s\u00f3n:<\/p>\n\n\n\n<ul class=\"wp-block-list\">\n<li>Modelatge de lectura<\/li>\n\n\n\n<li>Els fillols poden assistir a les confer\u00e8ncies que realitzin els seus padrins<\/li>\n\n\n\n<li>Els padrins poden assistir a les exposicions que realitzin els seus fillols sobre el llibre gran<\/li>\n\n\n\n<li>Activitats de joc lliure al pati<\/li>\n\n\n\n<li>Activitats conjuntes en dies de festes de l&#8217;escola<\/li>\n<\/ul>\n<\/div><\/div><\/div><\/div><\/div>\n","protected":false},"excerpt":{"rendered":"","protected":false},"author":1,"featured_media":0,"parent":64,"menu_order":120,"comment_status":"closed","ping_status":"close","template":"page-templates\/side-menu.php","meta":{"_bbp_topic_count":0,"_bbp_reply_count":0,"_bbp_total_topic_count":0,"_bbp_total_reply_count":0,"_bbp_voice_count":0,"_bbp_anonymous_reply_count":0,"_bbp_topic_count_hidden":0,"_bbp_reply_count_hidden":0,"_bbp_forum_subforum_count":0,"site-sidebar-layout":"default","site-content-layout":"","ast-site-content-layout":"","site-content-style":"default","site-sidebar-style":"default","ast-global-header-display":"","ast-banner-title-visibility":"","ast-main-header-display":"","ast-hfb-above-header-display":"","ast-hfb-below-header-display":"","ast-hfb-mobile-header-display":"","site-post-title":"","ast-breadcrumbs-content":"","ast-featured-img":"","footer-sml-layout":"","theme-transparent-header-meta":"","adv-header-id-meta":"","stick-header-meta":"","header-above-stick-meta":"","header-main-stick-meta":"","header-below-stick-meta":"","astra-migrate-meta-layouts":"default","ast-page-background-enabled":"default","ast-page-background-meta":{"desktop":{"background-color":"var(--ast-global-color-4)","background-image":"","background-repeat":"repeat","background-position":"center center","background-size":"auto","background-attachment":"scroll","background-type":"","background-media":"","overlay-type":"","overlay-color":"","overlay-opacity":"","overlay-gradient":""},"tablet":{"background-color":"","background-image":"","background-repeat":"repeat","background-position":"center center","background-size":"auto","background-attachment":"scroll","background-type":"","background-media":"","overlay-type":"","overlay-color":"","overlay-opacity":"","overlay-gradient":""},"mobile":{"background-color":"","background-image":"","background-repeat":"repeat","background-position":"center center","background-size":"auto","background-attachment":"scroll","background-type":"","background-media":"","overlay-type":"","overlay-color":"","overlay-opacity":"","overlay-gradient":""}},"ast-content-background-meta":{"desktop":{"background-color":"var(--ast-global-color-5)","background-image":"","background-repeat":"repeat","background-position":"center center","background-size":"auto","background-attachment":"scroll","background-type":"","background-media":"","overlay-type":"","overlay-color":"","overlay-opacity":"","overlay-gradient":""},"tablet":{"background-color":"var(--ast-global-color-5)","background-image":"","background-repeat":"repeat","background-position":"center center","background-size":"auto","background-attachment":"scroll","background-type":"","background-media":"","overlay-type":"","overlay-color":"","overlay-opacity":"","overlay-gradient":""},"mobile":{"background-color":"var(--ast-global-color-5)","background-image":"","background-repeat":"repeat","background-position":"center center","background-size":"auto","background-attachment":"scroll","background-type":"","background-media":"","overlay-type":"","overlay-color":"","overlay-opacity":"","overlay-gradient":""}},"footnotes":""},"class_list":["post-7860","page","type-page","status-publish","hentry"],"post_mailing_queue_ids":[],"_links":{"self":[{"href":"https:\/\/agora.xtec.cat\/ceipcolnous\/wp-json\/wp\/v2\/pages\/7860","targetHints":{"allow":["GET"]}}],"collection":[{"href":"https:\/\/agora.xtec.cat\/ceipcolnous\/wp-json\/wp\/v2\/pages"}],"about":[{"href":"https:\/\/agora.xtec.cat\/ceipcolnous\/wp-json\/wp\/v2\/types\/page"}],"author":[{"embeddable":true,"href":"https:\/\/agora.xtec.cat\/ceipcolnous\/wp-json\/wp\/v2\/users\/1"}],"replies":[{"embeddable":true,"href":"https:\/\/agora.xtec.cat\/ceipcolnous\/wp-json\/wp\/v2\/comments?post=7860"}],"version-history":[{"count":6,"href":"https:\/\/agora.xtec.cat\/ceipcolnous\/wp-json\/wp\/v2\/pages\/7860\/revisions"}],"predecessor-version":[{"id":7945,"href":"https:\/\/agora.xtec.cat\/ceipcolnous\/wp-json\/wp\/v2\/pages\/7860\/revisions\/7945"}],"up":[{"embeddable":true,"href":"https:\/\/agora.xtec.cat\/ceipcolnous\/wp-json\/wp\/v2\/pages\/64"}],"wp:attachment":[{"href":"https:\/\/agora.xtec.cat\/ceipcolnous\/wp-json\/wp\/v2\/media?parent=7860"}],"curies":[{"name":"wp","href":"https:\/\/api.w.org\/{rel}","templated":true}]}}