{"id":7858,"date":"2025-01-22T08:43:53","date_gmt":"2025-01-22T07:43:53","guid":{"rendered":"https:\/\/agora.xtec.cat\/ceipcolnous\/?page_id=7858"},"modified":"2025-01-27T20:09:29","modified_gmt":"2025-01-27T19:09:29","slug":"la-conferencia","status":"publish","type":"page","link":"https:\/\/agora.xtec.cat\/ceipcolnous\/projectes-escola\/la-conferencia\/","title":{"rendered":"La confer\u00e8ncia"},"content":{"rendered":"\n<figure class=\"wp-block-image aligncenter size-large is-resized\"><a href=\"https:\/\/agora.xtec.cat\/ceipcolnous\/wp-content\/uploads\/usu139\/2025\/01\/Imatge-de-WhatsApp-2025-01-27-a-les-13.59.44_d42d9190.jpg\"><img loading=\"lazy\" decoding=\"async\" width=\"1024\" height=\"680\" src=\"https:\/\/agora.xtec.cat\/ceipcolnous\/wp-content\/uploads\/usu139\/2025\/01\/Imatge-de-WhatsApp-2025-01-27-a-les-13.59.44_d42d9190-1024x680.jpg\" alt=\"\" class=\"wp-image-7962\" style=\"width:587px;height:auto\" srcset=\"https:\/\/agora.xtec.cat\/ceipcolnous\/wp-content\/uploads\/usu139\/2025\/01\/Imatge-de-WhatsApp-2025-01-27-a-les-13.59.44_d42d9190-1024x680.jpg 1024w, https:\/\/agora.xtec.cat\/ceipcolnous\/wp-content\/uploads\/usu139\/2025\/01\/Imatge-de-WhatsApp-2025-01-27-a-les-13.59.44_d42d9190-300x199.jpg 300w, https:\/\/agora.xtec.cat\/ceipcolnous\/wp-content\/uploads\/usu139\/2025\/01\/Imatge-de-WhatsApp-2025-01-27-a-les-13.59.44_d42d9190-768x510.jpg 768w, https:\/\/agora.xtec.cat\/ceipcolnous\/wp-content\/uploads\/usu139\/2025\/01\/Imatge-de-WhatsApp-2025-01-27-a-les-13.59.44_d42d9190.jpg 1189w\" sizes=\"auto, (max-width: 1024px) 100vw, 1024px\" \/><\/a><\/figure>\n\n\n\n<p><\/p>\n\n\n\n<p>La confer\u00e8ncia \u00e9s una activitat que es realitza a partir de 1r i fins a 6\u00e8. Cada curs treballa una tem\u00e0tica concreta. Dins la tem\u00e0tica proposada, cada infant pot escollir sobre qu\u00e8 voldr\u00e0 fer la confer\u00e8ncia.<\/p>\n\n\n\n<p>Els infants hauran de fer a casa un treball d&#8217;investigaci\u00f3, cercar informaci\u00f3, reelaborar-la amb les seves paraules i preparar la presentaci\u00f3 que faran davant els seus companys i companyes de classe quan arribi el seu torn. Hauran de preparar tamb\u00e9 un material de suport amb imatges que faciliti als assistents la comprensi\u00f3 del contingut que presentar\u00e0.<br>L&#8217;alumnat m\u00e9s petit elaborar\u00e0 un material de suport en una cartolina gran, que ensenyaran el dia de la presentaci\u00f3, mentre que l&#8217;alumnat m\u00e9s gran elaborar\u00e0 una producci\u00f3 digital que es projectar\u00e0 durant la seva confer\u00e8ncia.<\/p>\n\n\n\n<p>Aquesta \u00e9s una activitat molt enriquidora, ja que es fa un treball competencial multidisciplinar on es treballen compet\u00e8ncies de l&#8217;\u00e0rea de llengua mentre fan la cerca d&#8217;informaci\u00f3, la reelaboren i preparen l&#8217;explicaci\u00f3 que faran, alhora que es treballen altres \u00e0rees com coneixement del medi.<br>Un altre aspecte destacable d&#8217;aquesta activitat \u00e9s que es realitza una coavaluaci\u00f3 on els companys i companyes de grup avaluaran diferents aspectes sobre com s&#8217;ha realitzat la confer\u00e8ncia, mitjan\u00e7ant una r\u00fabrica facilitada pel tutor\/a.<\/p>\n\n\n\n<p>Quan arriba el dia en que un infant ha de fer la seva confer\u00e8ncia, la fam\u00edlia pot assistir a l&#8217;aula per veure com ho far\u00e0.<\/p>\n","protected":false},"excerpt":{"rendered":"<p>La confer\u00e8ncia \u00e9s una activitat que es realitza a partir de 1r i fins a 6\u00e8. Cada curs treballa una [&hellip;]<\/p>\n","protected":false},"author":1,"featured_media":0,"parent":64,"menu_order":60,"comment_status":"closed","ping_status":"close","template":"page-templates\/side-menu.php","meta":{"_bbp_topic_count":0,"_bbp_reply_count":0,"_bbp_total_topic_count":0,"_bbp_total_reply_count":0,"_bbp_voice_count":0,"_bbp_anonymous_reply_count":0,"_bbp_topic_count_hidden":0,"_bbp_reply_count_hidden":0,"_bbp_forum_subforum_count":0,"site-sidebar-layout":"default","site-content-layout":"","ast-site-content-layout":"","site-content-style":"default","site-sidebar-style":"default","ast-global-header-display":"","ast-banner-title-visibility":"","ast-main-header-display":"","ast-hfb-above-header-display":"","ast-hfb-below-header-display":"","ast-hfb-mobile-header-display":"","site-post-title":"","ast-breadcrumbs-content":"","ast-featured-img":"","footer-sml-layout":"","theme-transparent-header-meta":"","adv-header-id-meta":"","stick-header-meta":"","header-above-stick-meta":"","header-main-stick-meta":"","header-below-stick-meta":"","astra-migrate-meta-layouts":"default","ast-page-background-enabled":"default","ast-page-background-meta":{"desktop":{"background-color":"var(--ast-global-color-4)","background-image":"","background-repeat":"repeat","background-position":"center center","background-size":"auto","background-attachment":"scroll","background-type":"","background-media":"","overlay-type":"","overlay-color":"","overlay-opacity":"","overlay-gradient":""},"tablet":{"background-color":"","background-image":"","background-repeat":"repeat","background-position":"center center","background-size":"auto","background-attachment":"scroll","background-type":"","background-media":"","overlay-type":"","overlay-color":"","overlay-opacity":"","overlay-gradient":""},"mobile":{"background-color":"","background-image":"","background-repeat":"repeat","background-position":"center center","background-size":"auto","background-attachment":"scroll","background-type":"","background-media":"","overlay-type":"","overlay-color":"","overlay-opacity":"","overlay-gradient":""}},"ast-content-background-meta":{"desktop":{"background-color":"var(--ast-global-color-5)","background-image":"","background-repeat":"repeat","background-position":"center center","background-size":"auto","background-attachment":"scroll","background-type":"","background-media":"","overlay-type":"","overlay-color":"","overlay-opacity":"","overlay-gradient":""},"tablet":{"background-color":"var(--ast-global-color-5)","background-image":"","background-repeat":"repeat","background-position":"center center","background-size":"auto","background-attachment":"scroll","background-type":"","background-media":"","overlay-type":"","overlay-color":"","overlay-opacity":"","overlay-gradient":""},"mobile":{"background-color":"var(--ast-global-color-5)","background-image":"","background-repeat":"repeat","background-position":"center center","background-size":"auto","background-attachment":"scroll","background-type":"","background-media":"","overlay-type":"","overlay-color":"","overlay-opacity":"","overlay-gradient":""}},"footnotes":""},"class_list":["post-7858","page","type-page","status-publish","hentry"],"post_mailing_queue_ids":[],"_links":{"self":[{"href":"https:\/\/agora.xtec.cat\/ceipcolnous\/wp-json\/wp\/v2\/pages\/7858","targetHints":{"allow":["GET"]}}],"collection":[{"href":"https:\/\/agora.xtec.cat\/ceipcolnous\/wp-json\/wp\/v2\/pages"}],"about":[{"href":"https:\/\/agora.xtec.cat\/ceipcolnous\/wp-json\/wp\/v2\/types\/page"}],"author":[{"embeddable":true,"href":"https:\/\/agora.xtec.cat\/ceipcolnous\/wp-json\/wp\/v2\/users\/1"}],"replies":[{"embeddable":true,"href":"https:\/\/agora.xtec.cat\/ceipcolnous\/wp-json\/wp\/v2\/comments?post=7858"}],"version-history":[{"count":6,"href":"https:\/\/agora.xtec.cat\/ceipcolnous\/wp-json\/wp\/v2\/pages\/7858\/revisions"}],"predecessor-version":[{"id":7966,"href":"https:\/\/agora.xtec.cat\/ceipcolnous\/wp-json\/wp\/v2\/pages\/7858\/revisions\/7966"}],"up":[{"embeddable":true,"href":"https:\/\/agora.xtec.cat\/ceipcolnous\/wp-json\/wp\/v2\/pages\/64"}],"wp:attachment":[{"href":"https:\/\/agora.xtec.cat\/ceipcolnous\/wp-json\/wp\/v2\/media?parent=7858"}],"curies":[{"name":"wp","href":"https:\/\/api.w.org\/{rel}","templated":true}]}}