{"id":7848,"date":"2025-01-21T20:49:11","date_gmt":"2025-01-21T19:49:11","guid":{"rendered":"https:\/\/agora.xtec.cat\/ceipcolnous\/?page_id=7848"},"modified":"2025-03-23T22:17:12","modified_gmt":"2025-03-23T21:17:12","slug":"escola-verda","status":"publish","type":"page","link":"https:\/\/agora.xtec.cat\/ceipcolnous\/lescola\/escola-verda\/","title":{"rendered":"Escola verda"},"content":{"rendered":"\n<figure class=\"wp-block-image alignleft size-full is-resized\"><a href=\"https:\/\/agora.xtec.cat\/ceipcolnous\/wp-content\/uploads\/usu139\/2025\/01\/pagina-escola-verda-t.png\"><img loading=\"lazy\" decoding=\"async\" width=\"271\" height=\"245\" src=\"https:\/\/agora.xtec.cat\/ceipcolnous\/wp-content\/uploads\/usu139\/2025\/01\/pagina-escola-verda-t.png\" alt=\"\" class=\"wp-image-7850\" style=\"width:229px;height:auto\"\/><\/a><\/figure>\n\n\n\n<p>La nostra escola va ser la primera escola p\u00fablica de Mollet del Vall\u00e8s en aconseguir aquesta distinci\u00f3. Aix\u00f2 implica formar part de la <strong>Xarxa d&#8217;Escoles Verdes de Catalunya<\/strong>. La nostra responsabilitat com a escola encara \u00e9s m\u00e9s gran.<br>Tota la nostra comunitat ha de ser m\u00e9s sensible en la cura del nostre entorn. Som, doncs, els principals actors i actrius per educar en el respecte a la natura i als \u00e9ssers vius m\u00e9s indefensos.<\/p>\n\n\n\n<p>Per treballar aquesta consci\u00e8ncia mediambiental en el nostre alumnat i professorat, tenim uns organismes de funcionament: la <strong>Comissi\u00f3 Mediambiental<\/strong>, que programa les l\u00ednies a seguir al llarg del curs en mat\u00e8ria ecologista i el <strong>Comit\u00e8 verd<\/strong>, format per mestres i tots els Delegats i Delegades verds de cada classe. Ells i elles porten les activitats i els seguiments del dia a dia sobre la sostenibilitat de la nostra escola i es reuneixen peri\u00f2dicament per millorar com a escola verda.<\/p>\n\n\n\n<p>Com a escola verda, algunes de les activitats que realitzem s\u00f3n:<\/p>\n\n\n\n<ul class=\"wp-block-list\">\n<li>Fem tallers, a cada nivell, relacionats amb el reciclatge de residus.<\/li>\n\n\n\n<li>Fomentem el reciclatge, el consum sostenible i l&#8217;alimentaci\u00f3 saludable al llarg de la jornada escolar.<\/li>\n\n\n\n<li>Es realitzen sortides pel poble per con\u00e8ixer la biodiversitat de parcs i jardins de la ciutat i d&#8217;altres vinculades amb la sostenibilitat, el curr\u00edculum i els ODS de l&#8217;Agenda 2030.<\/li>\n\n\n\n<li>Formem part del projecte Revivim les plantes, col\u00b7laborant amb els Vivers Ernest de Lli\u00e7\u00e0 de Munt, donant una segona vida a aquelles plantes que necessiten que alg\u00fa en tingui cura i que ja no es poden vendre.<\/li>\n\n\n\n<li>Participem en el Programa Apilo XII (reciclatge de piles), el Projecte Anella (reciclatge de les anelles de pl\u00e0stic dels <em>packs<\/em> de llaunes) i el Projecte OLIKLACK (recollida d&#8217;oli usat).<\/li>\n<\/ul>\n\n\n\n<p>El curs 2024-2025, dins del projecte urban\u00edstic de vianalitzaci\u00f3 de l&#8217;entorn de Col\u00b7legis Nous, vam col\u00b7laborar amb l&#8217;Ajuntament en la plantaci\u00f3 de les jardineres situades prop de la porta principal de l&#8217;escola.<\/p>\n\n\n\n<p>Tenim previst, a partir del curs 2025-2026, potenciar el projecte del nou hort escolar situat prop de La Rambla, on hi ha moltes m\u00e9s hores de sol.<\/p>\n\n\n\n<p>Petits gestos aconsegueixen objectius molt grans.<\/p>\n","protected":false},"excerpt":{"rendered":"<p>La nostra escola va ser la primera escola p\u00fablica de Mollet del Vall\u00e8s en aconseguir aquesta distinci\u00f3. Aix\u00f2 implica formar [&hellip;]<\/p>\n","protected":false},"author":1,"featured_media":0,"parent":22,"menu_order":80,"comment_status":"closed","ping_status":"close","template":"","meta":{"_bbp_topic_count":0,"_bbp_reply_count":0,"_bbp_total_topic_count":0,"_bbp_total_reply_count":0,"_bbp_voice_count":0,"_bbp_anonymous_reply_count":0,"_bbp_topic_count_hidden":0,"_bbp_reply_count_hidden":0,"_bbp_forum_subforum_count":0,"site-sidebar-layout":"default","site-content-layout":"","ast-site-content-layout":"default","site-content-style":"default","site-sidebar-style":"default","ast-global-header-display":"","ast-banner-title-visibility":"","ast-main-header-display":"","ast-hfb-above-header-display":"","ast-hfb-below-header-display":"","ast-hfb-mobile-header-display":"","site-post-title":"","ast-breadcrumbs-content":"","ast-featured-img":"","footer-sml-layout":"","theme-transparent-header-meta":"","adv-header-id-meta":"","stick-header-meta":"","header-above-stick-meta":"","header-main-stick-meta":"","header-below-stick-meta":"","astra-migrate-meta-layouts":"set","ast-page-background-enabled":"default","ast-page-background-meta":{"desktop":{"background-color":"var(--ast-global-color-4)","background-image":"","background-repeat":"repeat","background-position":"center center","background-size":"auto","background-attachment":"scroll","background-type":"","background-media":"","overlay-type":"","overlay-color":"","overlay-opacity":"","overlay-gradient":""},"tablet":{"background-color":"","background-image":"","background-repeat":"repeat","background-position":"center center","background-size":"auto","background-attachment":"scroll","background-type":"","background-media":"","overlay-type":"","overlay-color":"","overlay-opacity":"","overlay-gradient":""},"mobile":{"background-color":"","background-image":"","background-repeat":"repeat","background-position":"center center","background-size":"auto","background-attachment":"scroll","background-type":"","background-media":"","overlay-type":"","overlay-color":"","overlay-opacity":"","overlay-gradient":""}},"ast-content-background-meta":{"desktop":{"background-color":"var(--ast-global-color-5)","background-image":"","background-repeat":"repeat","background-position":"center center","background-size":"auto","background-attachment":"scroll","background-type":"","background-media":"","overlay-type":"","overlay-color":"","overlay-opacity":"","overlay-gradient":""},"tablet":{"background-color":"var(--ast-global-color-5)","background-image":"","background-repeat":"repeat","background-position":"center center","background-size":"auto","background-attachment":"scroll","background-type":"","background-media":"","overlay-type":"","overlay-color":"","overlay-opacity":"","overlay-gradient":""},"mobile":{"background-color":"var(--ast-global-color-5)","background-image":"","background-repeat":"repeat","background-position":"center center","background-size":"auto","background-attachment":"scroll","background-type":"","background-media":"","overlay-type":"","overlay-color":"","overlay-opacity":"","overlay-gradient":""}},"footnotes":""},"class_list":["post-7848","page","type-page","status-publish","hentry"],"post_mailing_queue_ids":[],"_links":{"self":[{"href":"https:\/\/agora.xtec.cat\/ceipcolnous\/wp-json\/wp\/v2\/pages\/7848","targetHints":{"allow":["GET"]}}],"collection":[{"href":"https:\/\/agora.xtec.cat\/ceipcolnous\/wp-json\/wp\/v2\/pages"}],"about":[{"href":"https:\/\/agora.xtec.cat\/ceipcolnous\/wp-json\/wp\/v2\/types\/page"}],"author":[{"embeddable":true,"href":"https:\/\/agora.xtec.cat\/ceipcolnous\/wp-json\/wp\/v2\/users\/1"}],"replies":[{"embeddable":true,"href":"https:\/\/agora.xtec.cat\/ceipcolnous\/wp-json\/wp\/v2\/comments?post=7848"}],"version-history":[{"count":6,"href":"https:\/\/agora.xtec.cat\/ceipcolnous\/wp-json\/wp\/v2\/pages\/7848\/revisions"}],"predecessor-version":[{"id":8346,"href":"https:\/\/agora.xtec.cat\/ceipcolnous\/wp-json\/wp\/v2\/pages\/7848\/revisions\/8346"}],"up":[{"embeddable":true,"href":"https:\/\/agora.xtec.cat\/ceipcolnous\/wp-json\/wp\/v2\/pages\/22"}],"wp:attachment":[{"href":"https:\/\/agora.xtec.cat\/ceipcolnous\/wp-json\/wp\/v2\/media?parent=7848"}],"curies":[{"name":"wp","href":"https:\/\/api.w.org\/{rel}","templated":true}]}}