{"id":7843,"date":"2025-01-21T20:19:56","date_gmt":"2025-01-21T19:19:56","guid":{"rendered":"https:\/\/agora.xtec.cat\/ceipcolnous\/?page_id=7843"},"modified":"2025-01-27T09:30:59","modified_gmt":"2025-01-27T08:30:59","slug":"certamen-de-lectura-en-veu-alta","status":"publish","type":"page","link":"https:\/\/agora.xtec.cat\/ceipcolnous\/projectes-escola\/certamen-de-lectura-en-veu-alta\/","title":{"rendered":"Certamen de lectura en veu alta"},"content":{"rendered":"\n<figure class=\"wp-block-image aligncenter size-full\"><a href=\"https:\/\/agora.xtec.cat\/ceipcolnous\/wp-content\/uploads\/usu139\/2025\/01\/image-13.png\"><img loading=\"lazy\" decoding=\"async\" width=\"904\" height=\"156\" src=\"https:\/\/agora.xtec.cat\/ceipcolnous\/wp-content\/uploads\/usu139\/2025\/01\/image-13.png\" alt=\"\" class=\"wp-image-7842\" srcset=\"https:\/\/agora.xtec.cat\/ceipcolnous\/wp-content\/uploads\/usu139\/2025\/01\/image-13.png 904w, https:\/\/agora.xtec.cat\/ceipcolnous\/wp-content\/uploads\/usu139\/2025\/01\/image-13-300x52.png 300w, https:\/\/agora.xtec.cat\/ceipcolnous\/wp-content\/uploads\/usu139\/2025\/01\/image-13-768x133.png 768w\" sizes=\"auto, (max-width: 904px) 100vw, 904px\" \/><\/a><\/figure>\n\n\n\n<p><\/p>\n\n\n\n<p>El certamen de lectura en veu alta est\u00e0 adre\u00e7at a alumnat a partir de 3r de prim\u00e0ria. Cada centre participant aporta un\/a alumne\/a a la categoria de grumets vermells (cicle mitj\u00e0) i un\/a alumne\/a a la categoria de grumets verds (cicle superior), que assistiran al certamen per poder realitzar lectura individual en veu alta.<\/p>\n\n\n\n<p>El nostre alumnat t\u00e9 l&#8217;oportunitat de participar en aquesta activitat. Es realitza un casting intern a l&#8217;escola per decidir qui seran els infants que puguin representar al centre. Tamb\u00e9 se selecciona un\/a suplent per cada categoria, per casos de malaltia o necessitat.<\/p>\n\n\n\n<p>M\u00e9s informaci\u00f3 a <a href=\"https:\/\/www.lecturaenveualta.cat\/certamen-de-lectura-en-veu-alta-escolar\/\">https:\/\/www.lecturaenveualta.cat\/certamen-de-lectura-en-veu-alta-escolar\/<\/a><\/p>\n","protected":false},"excerpt":{"rendered":"<p>El certamen de lectura en veu alta est\u00e0 adre\u00e7at a alumnat a partir de 3r de prim\u00e0ria. Cada centre participant [&hellip;]<\/p>\n","protected":false},"author":1,"featured_media":0,"parent":64,"menu_order":50,"comment_status":"closed","ping_status":"close","template":"page-templates\/side-menu.php","meta":{"_bbp_topic_count":0,"_bbp_reply_count":0,"_bbp_total_topic_count":0,"_bbp_total_reply_count":0,"_bbp_voice_count":0,"_bbp_anonymous_reply_count":0,"_bbp_topic_count_hidden":0,"_bbp_reply_count_hidden":0,"_bbp_forum_subforum_count":0,"site-sidebar-layout":"default","site-content-layout":"","ast-site-content-layout":"","site-content-style":"default","site-sidebar-style":"default","ast-global-header-display":"","ast-banner-title-visibility":"","ast-main-header-display":"","ast-hfb-above-header-display":"","ast-hfb-below-header-display":"","ast-hfb-mobile-header-display":"","site-post-title":"","ast-breadcrumbs-content":"","ast-featured-img":"","footer-sml-layout":"","theme-transparent-header-meta":"","adv-header-id-meta":"","stick-header-meta":"","header-above-stick-meta":"","header-main-stick-meta":"","header-below-stick-meta":"","astra-migrate-meta-layouts":"default","ast-page-background-enabled":"default","ast-page-background-meta":{"desktop":{"background-color":"var(--ast-global-color-4)","background-image":"","background-repeat":"repeat","background-position":"center center","background-size":"auto","background-attachment":"scroll","background-type":"","background-media":"","overlay-type":"","overlay-color":"","overlay-opacity":"","overlay-gradient":""},"tablet":{"background-color":"","background-image":"","background-repeat":"repeat","background-position":"center center","background-size":"auto","background-attachment":"scroll","background-type":"","background-media":"","overlay-type":"","overlay-color":"","overlay-opacity":"","overlay-gradient":""},"mobile":{"background-color":"","background-image":"","background-repeat":"repeat","background-position":"center center","background-size":"auto","background-attachment":"scroll","background-type":"","background-media":"","overlay-type":"","overlay-color":"","overlay-opacity":"","overlay-gradient":""}},"ast-content-background-meta":{"desktop":{"background-color":"var(--ast-global-color-5)","background-image":"","background-repeat":"repeat","background-position":"center center","background-size":"auto","background-attachment":"scroll","background-type":"","background-media":"","overlay-type":"","overlay-color":"","overlay-opacity":"","overlay-gradient":""},"tablet":{"background-color":"var(--ast-global-color-5)","background-image":"","background-repeat":"repeat","background-position":"center center","background-size":"auto","background-attachment":"scroll","background-type":"","background-media":"","overlay-type":"","overlay-color":"","overlay-opacity":"","overlay-gradient":""},"mobile":{"background-color":"var(--ast-global-color-5)","background-image":"","background-repeat":"repeat","background-position":"center center","background-size":"auto","background-attachment":"scroll","background-type":"","background-media":"","overlay-type":"","overlay-color":"","overlay-opacity":"","overlay-gradient":""}},"footnotes":""},"class_list":["post-7843","page","type-page","status-publish","hentry"],"post_mailing_queue_ids":[],"_links":{"self":[{"href":"https:\/\/agora.xtec.cat\/ceipcolnous\/wp-json\/wp\/v2\/pages\/7843","targetHints":{"allow":["GET"]}}],"collection":[{"href":"https:\/\/agora.xtec.cat\/ceipcolnous\/wp-json\/wp\/v2\/pages"}],"about":[{"href":"https:\/\/agora.xtec.cat\/ceipcolnous\/wp-json\/wp\/v2\/types\/page"}],"author":[{"embeddable":true,"href":"https:\/\/agora.xtec.cat\/ceipcolnous\/wp-json\/wp\/v2\/users\/1"}],"replies":[{"embeddable":true,"href":"https:\/\/agora.xtec.cat\/ceipcolnous\/wp-json\/wp\/v2\/comments?post=7843"}],"version-history":[{"count":3,"href":"https:\/\/agora.xtec.cat\/ceipcolnous\/wp-json\/wp\/v2\/pages\/7843\/revisions"}],"predecessor-version":[{"id":7943,"href":"https:\/\/agora.xtec.cat\/ceipcolnous\/wp-json\/wp\/v2\/pages\/7843\/revisions\/7943"}],"up":[{"embeddable":true,"href":"https:\/\/agora.xtec.cat\/ceipcolnous\/wp-json\/wp\/v2\/pages\/64"}],"wp:attachment":[{"href":"https:\/\/agora.xtec.cat\/ceipcolnous\/wp-json\/wp\/v2\/media?parent=7843"}],"curies":[{"name":"wp","href":"https:\/\/api.w.org\/{rel}","templated":true}]}}