{"id":7719,"date":"2025-01-20T11:19:12","date_gmt":"2025-01-20T10:19:12","guid":{"rendered":"https:\/\/agora.xtec.cat\/ceipcolnous\/?page_id=7719"},"modified":"2025-01-22T16:43:02","modified_gmt":"2025-01-22T15:43:02","slug":"projecte-eleven","status":"publish","type":"page","link":"https:\/\/agora.xtec.cat\/ceipcolnous\/serveis\/projecte-eleven\/","title":{"rendered":"Projecte Eleven (futbol femen\u00ed)"},"content":{"rendered":"\n<figure class=\"wp-block-image aligncenter size-large is-resized\"><a href=\"https:\/\/agora.xtec.cat\/ceipcolnous\/wp-content\/uploads\/usu139\/2025\/01\/Reunio-pares-fundacio-ELEVEN-1.png\"><img loading=\"lazy\" decoding=\"async\" width=\"1024\" height=\"576\" src=\"https:\/\/agora.xtec.cat\/ceipcolnous\/wp-content\/uploads\/usu139\/2025\/01\/Reunio-pares-fundacio-ELEVEN-1-1024x576.png\" alt=\"\" class=\"wp-image-7721\" style=\"width:699px;height:auto\" srcset=\"https:\/\/agora.xtec.cat\/ceipcolnous\/wp-content\/uploads\/usu139\/2025\/01\/Reunio-pares-fundacio-ELEVEN-1-1024x576.png 1024w, https:\/\/agora.xtec.cat\/ceipcolnous\/wp-content\/uploads\/usu139\/2025\/01\/Reunio-pares-fundacio-ELEVEN-1-300x169.png 300w, https:\/\/agora.xtec.cat\/ceipcolnous\/wp-content\/uploads\/usu139\/2025\/01\/Reunio-pares-fundacio-ELEVEN-1-768x432.png 768w, https:\/\/agora.xtec.cat\/ceipcolnous\/wp-content\/uploads\/usu139\/2025\/01\/Reunio-pares-fundacio-ELEVEN-1-1536x864.png 1536w, https:\/\/agora.xtec.cat\/ceipcolnous\/wp-content\/uploads\/usu139\/2025\/01\/Reunio-pares-fundacio-ELEVEN-1.png 1920w\" sizes=\"auto, (max-width: 1024px) 100vw, 1024px\" \/><\/a><\/figure>\n\n\n\n<p><\/p>\n\n\n\n<p>La fundaci\u00f3 Eleven, de la molletana i jugadora del FC Barcelona femen\u00ed Alexia Putellas, ha iniciat aquest curs 2024-2025 una iniciativa per donar impuls a l&#8217;esport femen\u00ed, en concret al futbol. \u00c9s un projecte en el que 100 nenes de la nostra ciutat tenen la sort de poder entrenar durant 2 dies a la setmana a les instal\u00b7lacions de la UE Mollet i rebre tamb\u00e9 el suport i acompanyament d&#8217;educadors\/es socials.<\/p>\n\n\n\n<p>En aquesta acad\u00e8mia rebran tot el suport necessari per poder integrar l&#8217;esport dins les seves vides, sobretot en el canvi d&#8217;escola a institut, on hi ha hagut sempre un pic d&#8217;abandonament de l&#8217;esport femen\u00ed. Tamb\u00e9 es vol utilitzar l&#8217;esport com una eina de transformaci\u00f3 personal i, sobretot, que les nenes i noies trobin en aquesta acad\u00e8mia un lloc segur per elles, amb un vincle de germanor entre iguals.<\/p>\n\n\n\n<p>Aquest curs 2024-2025, <strong>12 nenes de la nostra escola, des de 3r fins a 6\u00e8, han pogut gaudir d&#8217;aquesta oportunitat<\/strong>.<\/p>\n\n\n\n<p>M\u00e9s informaci\u00f3 a <a href=\"https:\/\/morethaneleven.com\/\">https:\/\/morethaneleven.com\/<\/a><\/p>\n","protected":false},"excerpt":{"rendered":"<p>La fundaci\u00f3 Eleven, de la molletana i jugadora del FC Barcelona femen\u00ed Alexia Putellas, ha iniciat aquest curs 2024-2025 una [&hellip;]<\/p>\n","protected":false},"author":1,"featured_media":0,"parent":66,"menu_order":40,"comment_status":"closed","ping_status":"close","template":"page-templates\/side-menu.php","meta":{"_bbp_topic_count":0,"_bbp_reply_count":0,"_bbp_total_topic_count":0,"_bbp_total_reply_count":0,"_bbp_voice_count":0,"_bbp_anonymous_reply_count":0,"_bbp_topic_count_hidden":0,"_bbp_reply_count_hidden":0,"_bbp_forum_subforum_count":0,"site-sidebar-layout":"default","site-content-layout":"","ast-site-content-layout":"","site-content-style":"default","site-sidebar-style":"default","ast-global-header-display":"","ast-banner-title-visibility":"","ast-main-header-display":"","ast-hfb-above-header-display":"","ast-hfb-below-header-display":"","ast-hfb-mobile-header-display":"","site-post-title":"","ast-breadcrumbs-content":"","ast-featured-img":"","footer-sml-layout":"","theme-transparent-header-meta":"","adv-header-id-meta":"","stick-header-meta":"","header-above-stick-meta":"","header-main-stick-meta":"","header-below-stick-meta":"","astra-migrate-meta-layouts":"default","ast-page-background-enabled":"default","ast-page-background-meta":{"desktop":{"background-color":"var(--ast-global-color-4)","background-image":"","background-repeat":"repeat","background-position":"center center","background-size":"auto","background-attachment":"scroll","background-type":"","background-media":"","overlay-type":"","overlay-color":"","overlay-opacity":"","overlay-gradient":""},"tablet":{"background-color":"","background-image":"","background-repeat":"repeat","background-position":"center center","background-size":"auto","background-attachment":"scroll","background-type":"","background-media":"","overlay-type":"","overlay-color":"","overlay-opacity":"","overlay-gradient":""},"mobile":{"background-color":"","background-image":"","background-repeat":"repeat","background-position":"center center","background-size":"auto","background-attachment":"scroll","background-type":"","background-media":"","overlay-type":"","overlay-color":"","overlay-opacity":"","overlay-gradient":""}},"ast-content-background-meta":{"desktop":{"background-color":"var(--ast-global-color-5)","background-image":"","background-repeat":"repeat","background-position":"center center","background-size":"auto","background-attachment":"scroll","background-type":"","background-media":"","overlay-type":"","overlay-color":"","overlay-opacity":"","overlay-gradient":""},"tablet":{"background-color":"var(--ast-global-color-5)","background-image":"","background-repeat":"repeat","background-position":"center center","background-size":"auto","background-attachment":"scroll","background-type":"","background-media":"","overlay-type":"","overlay-color":"","overlay-opacity":"","overlay-gradient":""},"mobile":{"background-color":"var(--ast-global-color-5)","background-image":"","background-repeat":"repeat","background-position":"center center","background-size":"auto","background-attachment":"scroll","background-type":"","background-media":"","overlay-type":"","overlay-color":"","overlay-opacity":"","overlay-gradient":""}},"footnotes":""},"class_list":["post-7719","page","type-page","status-publish","hentry"],"post_mailing_queue_ids":[],"_links":{"self":[{"href":"https:\/\/agora.xtec.cat\/ceipcolnous\/wp-json\/wp\/v2\/pages\/7719","targetHints":{"allow":["GET"]}}],"collection":[{"href":"https:\/\/agora.xtec.cat\/ceipcolnous\/wp-json\/wp\/v2\/pages"}],"about":[{"href":"https:\/\/agora.xtec.cat\/ceipcolnous\/wp-json\/wp\/v2\/types\/page"}],"author":[{"embeddable":true,"href":"https:\/\/agora.xtec.cat\/ceipcolnous\/wp-json\/wp\/v2\/users\/1"}],"replies":[{"embeddable":true,"href":"https:\/\/agora.xtec.cat\/ceipcolnous\/wp-json\/wp\/v2\/comments?post=7719"}],"version-history":[{"count":6,"href":"https:\/\/agora.xtec.cat\/ceipcolnous\/wp-json\/wp\/v2\/pages\/7719\/revisions"}],"predecessor-version":[{"id":7938,"href":"https:\/\/agora.xtec.cat\/ceipcolnous\/wp-json\/wp\/v2\/pages\/7719\/revisions\/7938"}],"up":[{"embeddable":true,"href":"https:\/\/agora.xtec.cat\/ceipcolnous\/wp-json\/wp\/v2\/pages\/66"}],"wp:attachment":[{"href":"https:\/\/agora.xtec.cat\/ceipcolnous\/wp-json\/wp\/v2\/media?parent=7719"}],"curies":[{"name":"wp","href":"https:\/\/api.w.org\/{rel}","templated":true}]}}