{"id":7660,"date":"2025-01-17T22:18:36","date_gmt":"2025-01-17T21:18:36","guid":{"rendered":"https:\/\/agora.xtec.cat\/ceipcolnous\/?page_id=7660"},"modified":"2026-03-17T06:42:28","modified_gmt":"2026-03-17T05:42:28","slug":"tutorials-per-families","status":"publish","type":"page","link":"https:\/\/agora.xtec.cat\/ceipcolnous\/participa-a-lescola\/tutorials-per-families-i-alumnat\/tutorials-per-families\/","title":{"rendered":"Tutorials per fam\u00edlies"},"content":{"rendered":"\n<p>En aquest apartat les fam\u00edlies podreu trobar diferents tutorials que us ajudaran amb les necessitats que pugueu anar tenint al llarg del curs:<\/p>\n\n\n\n<div class=\"wp-block-columns is-layout-flex wp-container-core-columns-is-layout-1 wp-block-columns-is-layout-flex\">\n<div class=\"wp-block-column is-layout-flow wp-block-column-is-layout-flow\">\n<figure class=\"wp-block-image aligncenter size-full\"><a href=\"https:\/\/youtu.be\/J1dAKJ4yjqg\" target=\"_blank\" rel=\" noreferrer noopener\"><img loading=\"lazy\" decoding=\"async\" width=\"280\" height=\"180\" src=\"https:\/\/agora.xtec.cat\/ceipcolnous\/wp-content\/uploads\/usu139\/2025\/01\/images.png\" alt=\"\" class=\"wp-image-7674\"\/><\/a><\/figure>\n\n\n\n<p class=\"has-text-align-center\"><a href=\"https:\/\/youtu.be\/J1dAKJ4yjqg\" target=\"_blank\" rel=\"noreferrer noopener\"><strong>Obtenci\u00f3 del certificat de delictes de naturalesa sexual (v\u00eddeotutorial amb el m\u00f2bil)<\/strong><\/a><\/p>\n<\/div>\n\n\n\n<div class=\"wp-block-column is-layout-flow wp-block-column-is-layout-flow\">\n<figure class=\"wp-block-image aligncenter size-full is-resized\"><a href=\"https:\/\/youtu.be\/tBk1j_3DnJg\"><img loading=\"lazy\" decoding=\"async\" width=\"256\" height=\"256\" src=\"https:\/\/agora.xtec.cat\/ceipcolnous\/wp-content\/uploads\/usu139\/2025\/01\/image-1.png\" alt=\"\" class=\"wp-image-7675\" style=\"width:180px;height:auto\" srcset=\"https:\/\/agora.xtec.cat\/ceipcolnous\/wp-content\/uploads\/usu139\/2025\/01\/image-1.png 256w, https:\/\/agora.xtec.cat\/ceipcolnous\/wp-content\/uploads\/usu139\/2025\/01\/image-1-150x150.png 150w\" sizes=\"auto, (max-width: 256px) 100vw, 256px\" \/><\/a><\/figure>\n\n\n\n<p class=\"has-text-align-center\"><a href=\"https:\/\/youtu.be\/tBk1j_3DnJg\"><strong>Introduir adre\u00e7a de correu electr\u00f2nic <\/strong><\/a><br><a href=\"https:\/\/youtu.be\/tBk1j_3DnJg\"><strong>a l&#8217;ordinador<\/strong><\/a><\/p>\n<\/div>\n\n\n\n<div class=\"wp-block-column is-layout-flow wp-block-column-is-layout-flow\">\n<figure class=\"wp-block-image aligncenter size-full is-resized\"><a href=\"https:\/\/youtu.be\/eeKiPcNvsBg\"><img loading=\"lazy\" decoding=\"async\" width=\"256\" height=\"256\" src=\"https:\/\/agora.xtec.cat\/ceipcolnous\/wp-content\/uploads\/usu139\/2025\/01\/image-1.png\" alt=\"\" class=\"wp-image-7675\" style=\"width:180px;height:auto\" srcset=\"https:\/\/agora.xtec.cat\/ceipcolnous\/wp-content\/uploads\/usu139\/2025\/01\/image-1.png 256w, https:\/\/agora.xtec.cat\/ceipcolnous\/wp-content\/uploads\/usu139\/2025\/01\/image-1-150x150.png 150w\" sizes=\"auto, (max-width: 256px) 100vw, 256px\" \/><\/a><\/figure>\n\n\n\n<p class=\"has-text-align-center\"><a href=\"https:\/\/youtu.be\/eeKiPcNvsBg\"><strong>Introduir adre\u00e7a de correu electr\u00f2nic <\/strong><\/a><br><a href=\"https:\/\/youtu.be\/eeKiPcNvsBg\"><strong>a un m\u00f2bil\/tablet<\/strong><\/a><\/p>\n<\/div>\n<\/div>\n\n\n\n<div class=\"wp-block-columns is-layout-flex wp-container-core-columns-is-layout-2 wp-block-columns-is-layout-flex\">\n<div class=\"wp-block-column is-layout-flow wp-block-column-is-layout-flow\">\n<figure class=\"wp-block-image aligncenter size-full is-resized\"><a href=\"https:\/\/youtu.be\/qxc8b2nImww\"><img loading=\"lazy\" decoding=\"async\" width=\"242\" height=\"209\" src=\"https:\/\/agora.xtec.cat\/ceipcolnous\/wp-content\/uploads\/usu139\/2025\/01\/image-2.png\" alt=\"\" class=\"wp-image-7680\" style=\"width:206px;height:auto\"\/><\/a><\/figure>\n\n\n\n<p class=\"has-text-align-center\"><a href=\"https:\/\/youtu.be\/qxc8b2nImww\"><strong>Accedir al Classroom <br>des d&#8217;un ordinador<\/strong><\/a><\/p>\n<\/div>\n\n\n\n<div class=\"wp-block-column is-layout-flow wp-block-column-is-layout-flow\">\n<figure class=\"wp-block-image aligncenter size-full is-resized\"><a href=\"https:\/\/youtube.com\/shorts\/FeqBJj1XE_o\"><img loading=\"lazy\" decoding=\"async\" width=\"242\" height=\"209\" src=\"https:\/\/agora.xtec.cat\/ceipcolnous\/wp-content\/uploads\/usu139\/2025\/01\/image-2.png\" alt=\"\" class=\"wp-image-7680\" style=\"width:206px;height:auto\"\/><\/a><\/figure>\n\n\n\n<p class=\"has-text-align-center\"><a href=\"https:\/\/youtube.com\/shorts\/FeqBJj1XE_o\"><strong>Accedir al Classroom <br>des d&#8217;un m\u00f2bil\/tablet<\/strong><\/a><\/p>\n<\/div>\n\n\n\n<div class=\"wp-block-column is-layout-flow wp-block-column-is-layout-flow\">\n<figure class=\"wp-block-image aligncenter size-large is-resized\"><a href=\"https:\/\/youtu.be\/1jDtTsNTtK8\"><img loading=\"lazy\" decoding=\"async\" width=\"1024\" height=\"1024\" src=\"https:\/\/agora.xtec.cat\/ceipcolnous\/wp-content\/uploads\/usu139\/2025\/01\/image-4-1024x1024.png\" alt=\"\" class=\"wp-image-7700\" style=\"width:175px;height:auto\" srcset=\"https:\/\/agora.xtec.cat\/ceipcolnous\/wp-content\/uploads\/usu139\/2025\/01\/image-4-1024x1024.png 1024w, https:\/\/agora.xtec.cat\/ceipcolnous\/wp-content\/uploads\/usu139\/2025\/01\/image-4-300x300.png 300w, https:\/\/agora.xtec.cat\/ceipcolnous\/wp-content\/uploads\/usu139\/2025\/01\/image-4-150x150.png 150w, https:\/\/agora.xtec.cat\/ceipcolnous\/wp-content\/uploads\/usu139\/2025\/01\/image-4-768x768.png 768w, https:\/\/agora.xtec.cat\/ceipcolnous\/wp-content\/uploads\/usu139\/2025\/01\/image-4.png 1200w\" sizes=\"auto, (max-width: 1024px) 100vw, 1024px\" \/><\/a><\/figure>\n\n\n\n<p class=\"has-text-align-center\"><a href=\"https:\/\/youtu.be\/bMjjSd94niY\"><strong><a href=\"https:\/\/youtu.be\/1jDtTsNTtK8\"><strong>Concertar cita pr\u00e8via per una entrevista de final de curs amb el tutor\/a del vostre fill\/a<\/strong><\/a><\/strong><\/a><\/p>\n<\/div>\n<\/div>\n","protected":false},"excerpt":{"rendered":"<p>En aquest apartat les fam\u00edlies podreu trobar diferents tutorials que us ajudaran amb les necessitats que pugueu anar tenint al [&hellip;]<\/p>\n","protected":false},"author":1,"featured_media":0,"parent":7653,"menu_order":10,"comment_status":"closed","ping_status":"close","template":"","meta":{"_bbp_topic_count":0,"_bbp_reply_count":0,"_bbp_total_topic_count":0,"_bbp_total_reply_count":0,"_bbp_voice_count":0,"_bbp_anonymous_reply_count":0,"_bbp_topic_count_hidden":0,"_bbp_reply_count_hidden":0,"_bbp_forum_subforum_count":0,"site-sidebar-layout":"default","site-content-layout":"","ast-site-content-layout":"default","site-content-style":"default","site-sidebar-style":"default","ast-global-header-display":"","ast-banner-title-visibility":"","ast-main-header-display":"","ast-hfb-above-header-display":"","ast-hfb-below-header-display":"","ast-hfb-mobile-header-display":"","site-post-title":"","ast-breadcrumbs-content":"","ast-featured-img":"","footer-sml-layout":"","theme-transparent-header-meta":"","adv-header-id-meta":"","stick-header-meta":"","header-above-stick-meta":"","header-main-stick-meta":"","header-below-stick-meta":"","astra-migrate-meta-layouts":"set","ast-page-background-enabled":"default","ast-page-background-meta":{"desktop":{"background-color":"var(--ast-global-color-4)","background-image":"","background-repeat":"repeat","background-position":"center center","background-size":"auto","background-attachment":"scroll","background-type":"","background-media":"","overlay-type":"","overlay-color":"","overlay-opacity":"","overlay-gradient":""},"tablet":{"background-color":"","background-image":"","background-repeat":"repeat","background-position":"center center","background-size":"auto","background-attachment":"scroll","background-type":"","background-media":"","overlay-type":"","overlay-color":"","overlay-opacity":"","overlay-gradient":""},"mobile":{"background-color":"","background-image":"","background-repeat":"repeat","background-position":"center center","background-size":"auto","background-attachment":"scroll","background-type":"","background-media":"","overlay-type":"","overlay-color":"","overlay-opacity":"","overlay-gradient":""}},"ast-content-background-meta":{"desktop":{"background-color":"var(--ast-global-color-5)","background-image":"","background-repeat":"repeat","background-position":"center center","background-size":"auto","background-attachment":"scroll","background-type":"","background-media":"","overlay-type":"","overlay-color":"","overlay-opacity":"","overlay-gradient":""},"tablet":{"background-color":"var(--ast-global-color-5)","background-image":"","background-repeat":"repeat","background-position":"center center","background-size":"auto","background-attachment":"scroll","background-type":"","background-media":"","overlay-type":"","overlay-color":"","overlay-opacity":"","overlay-gradient":""},"mobile":{"background-color":"var(--ast-global-color-5)","background-image":"","background-repeat":"repeat","background-position":"center center","background-size":"auto","background-attachment":"scroll","background-type":"","background-media":"","overlay-type":"","overlay-color":"","overlay-opacity":"","overlay-gradient":""}},"footnotes":""},"class_list":["post-7660","page","type-page","status-publish","hentry"],"post_mailing_queue_ids":[],"_links":{"self":[{"href":"https:\/\/agora.xtec.cat\/ceipcolnous\/wp-json\/wp\/v2\/pages\/7660","targetHints":{"allow":["GET"]}}],"collection":[{"href":"https:\/\/agora.xtec.cat\/ceipcolnous\/wp-json\/wp\/v2\/pages"}],"about":[{"href":"https:\/\/agora.xtec.cat\/ceipcolnous\/wp-json\/wp\/v2\/types\/page"}],"author":[{"embeddable":true,"href":"https:\/\/agora.xtec.cat\/ceipcolnous\/wp-json\/wp\/v2\/users\/1"}],"replies":[{"embeddable":true,"href":"https:\/\/agora.xtec.cat\/ceipcolnous\/wp-json\/wp\/v2\/comments?post=7660"}],"version-history":[{"count":6,"href":"https:\/\/agora.xtec.cat\/ceipcolnous\/wp-json\/wp\/v2\/pages\/7660\/revisions"}],"predecessor-version":[{"id":8835,"href":"https:\/\/agora.xtec.cat\/ceipcolnous\/wp-json\/wp\/v2\/pages\/7660\/revisions\/8835"}],"up":[{"embeddable":true,"href":"https:\/\/agora.xtec.cat\/ceipcolnous\/wp-json\/wp\/v2\/pages\/7653"}],"wp:attachment":[{"href":"https:\/\/agora.xtec.cat\/ceipcolnous\/wp-json\/wp\/v2\/media?parent=7660"}],"curies":[{"name":"wp","href":"https:\/\/api.w.org\/{rel}","templated":true}]}}