{"id":7604,"date":"2024-12-16T12:28:00","date_gmt":"2024-12-16T11:28:00","guid":{"rendered":"https:\/\/agora.xtec.cat\/ceipcolnous\/?page_id=7604"},"modified":"2025-01-22T16:52:23","modified_gmt":"2025-01-22T15:52:23","slug":"projecte-plepcrec-gust-per-la-lectura","status":"publish","type":"page","link":"https:\/\/agora.xtec.cat\/ceipcolnous\/projectes-escola\/projecte-plepcrec-gust-per-la-lectura\/","title":{"rendered":"Projecte Plepcrec"},"content":{"rendered":"\n<div class=\"wp-block-columns is-layout-flex wp-container-core-columns-is-layout-1 wp-block-columns-is-layout-flex\">\n<div class=\"wp-block-column is-layout-flow wp-block-column-is-layout-flow\" style=\"flex-basis:66.66%\">\n<p>Vam iniciar el projecte Plepcrec a l\u2019escola el curs 2023-2024 per incentivar el gust per la lectura. Tots els infants de l\u2019escola i de la m\u00e0 de la Gemma Vilardell, especialista en dinamitzaci\u00f3 cultural del foment lector a trav\u00e9s de la narraci\u00f3, l&#8217;art i el joc. El Plepcrec \u00e9s un pla lector personalitzat per les escoles a trav\u00e9s de la narraci\u00f3 oral, clubs de lectura, tallers, xerrades i formacions sobre literatura infantil i juvenil.<\/p>\n\n\n\n<p>Un cop al mes la Gemma ve a la nostra escola a fer lectures als infants de tota la prim\u00e0ria, oferint t\u00edtols que generin l\u2019inter\u00e8s i el gust per la lectura dels nostres infants. Per l&#8217;alumat de quart, cinqu\u00e8 i sis\u00e8 tamb\u00e9 hi ha la possibilitat de participar en els clubs de lectura. \u00c9s un treball m\u00e9s en petit grup, que permet la reflexi\u00f3 el di\u00e0leg a trav\u00e9s de lectures pr\u00e8vies de temes que interessen als infants.<\/p>\n\n\n\n<p>Els infants d&#8217;educaci\u00f3 infantil tamb\u00e9 fan algunes activitats amb la Gemma al llarg del curs.<\/p>\n<\/div>\n\n\n\n<div class=\"wp-block-column is-layout-flow wp-block-column-is-layout-flow\" style=\"flex-basis:33.33%\">\n<figure class=\"wp-block-image size-full\"><a href=\"https:\/\/agora.xtec.cat\/ceipcolnous\/wp-content\/uploads\/usu139\/2024\/12\/Imatges-Firma.jpg\"><img loading=\"lazy\" decoding=\"async\" width=\"213\" height=\"275\" src=\"https:\/\/agora.xtec.cat\/ceipcolnous\/wp-content\/uploads\/usu139\/2024\/12\/Imatges-Firma.jpg\" alt=\"\" class=\"wp-image-7605\"\/><\/a><\/figure>\n<\/div>\n<\/div>\n","protected":false},"excerpt":{"rendered":"<p>Vam iniciar el projecte Plepcrec a l\u2019escola el curs 2023-2024 per incentivar el gust per la lectura. Tots els infants [&hellip;]<\/p>\n","protected":false},"author":1,"featured_media":0,"parent":64,"menu_order":40,"comment_status":"closed","ping_status":"close","template":"page-templates\/side-menu.php","meta":{"_bbp_topic_count":0,"_bbp_reply_count":0,"_bbp_total_topic_count":0,"_bbp_total_reply_count":0,"_bbp_voice_count":0,"_bbp_anonymous_reply_count":0,"_bbp_topic_count_hidden":0,"_bbp_reply_count_hidden":0,"_bbp_forum_subforum_count":0,"site-sidebar-layout":"default","site-content-layout":"","ast-site-content-layout":"","site-content-style":"default","site-sidebar-style":"default","ast-global-header-display":"","ast-banner-title-visibility":"","ast-main-header-display":"","ast-hfb-above-header-display":"","ast-hfb-below-header-display":"","ast-hfb-mobile-header-display":"","site-post-title":"","ast-breadcrumbs-content":"","ast-featured-img":"","footer-sml-layout":"","theme-transparent-header-meta":"","adv-header-id-meta":"","stick-header-meta":"","header-above-stick-meta":"","header-main-stick-meta":"","header-below-stick-meta":"","astra-migrate-meta-layouts":"default","ast-page-background-enabled":"default","ast-page-background-meta":{"desktop":{"background-color":"var(--ast-global-color-4)","background-image":"","background-repeat":"repeat","background-position":"center center","background-size":"auto","background-attachment":"scroll","background-type":"","background-media":"","overlay-type":"","overlay-color":"","overlay-opacity":"","overlay-gradient":""},"tablet":{"background-color":"","background-image":"","background-repeat":"repeat","background-position":"center center","background-size":"auto","background-attachment":"scroll","background-type":"","background-media":"","overlay-type":"","overlay-color":"","overlay-opacity":"","overlay-gradient":""},"mobile":{"background-color":"","background-image":"","background-repeat":"repeat","background-position":"center center","background-size":"auto","background-attachment":"scroll","background-type":"","background-media":"","overlay-type":"","overlay-color":"","overlay-opacity":"","overlay-gradient":""}},"ast-content-background-meta":{"desktop":{"background-color":"var(--ast-global-color-5)","background-image":"","background-repeat":"repeat","background-position":"center center","background-size":"auto","background-attachment":"scroll","background-type":"","background-media":"","overlay-type":"","overlay-color":"","overlay-opacity":"","overlay-gradient":""},"tablet":{"background-color":"var(--ast-global-color-5)","background-image":"","background-repeat":"repeat","background-position":"center center","background-size":"auto","background-attachment":"scroll","background-type":"","background-media":"","overlay-type":"","overlay-color":"","overlay-opacity":"","overlay-gradient":""},"mobile":{"background-color":"var(--ast-global-color-5)","background-image":"","background-repeat":"repeat","background-position":"center center","background-size":"auto","background-attachment":"scroll","background-type":"","background-media":"","overlay-type":"","overlay-color":"","overlay-opacity":"","overlay-gradient":""}},"footnotes":""},"class_list":["post-7604","page","type-page","status-publish","hentry"],"post_mailing_queue_ids":[],"_links":{"self":[{"href":"https:\/\/agora.xtec.cat\/ceipcolnous\/wp-json\/wp\/v2\/pages\/7604","targetHints":{"allow":["GET"]}}],"collection":[{"href":"https:\/\/agora.xtec.cat\/ceipcolnous\/wp-json\/wp\/v2\/pages"}],"about":[{"href":"https:\/\/agora.xtec.cat\/ceipcolnous\/wp-json\/wp\/v2\/types\/page"}],"author":[{"embeddable":true,"href":"https:\/\/agora.xtec.cat\/ceipcolnous\/wp-json\/wp\/v2\/users\/1"}],"replies":[{"embeddable":true,"href":"https:\/\/agora.xtec.cat\/ceipcolnous\/wp-json\/wp\/v2\/comments?post=7604"}],"version-history":[{"count":3,"href":"https:\/\/agora.xtec.cat\/ceipcolnous\/wp-json\/wp\/v2\/pages\/7604\/revisions"}],"predecessor-version":[{"id":7937,"href":"https:\/\/agora.xtec.cat\/ceipcolnous\/wp-json\/wp\/v2\/pages\/7604\/revisions\/7937"}],"up":[{"embeddable":true,"href":"https:\/\/agora.xtec.cat\/ceipcolnous\/wp-json\/wp\/v2\/pages\/64"}],"wp:attachment":[{"href":"https:\/\/agora.xtec.cat\/ceipcolnous\/wp-json\/wp\/v2\/media?parent=7604"}],"curies":[{"name":"wp","href":"https:\/\/api.w.org\/{rel}","templated":true}]}}