{"id":712,"date":"2016-05-02T11:23:25","date_gmt":"2016-05-02T10:23:25","guid":{"rendered":"http:\/\/agora.xtec.cat\/ceipcolnous\/?page_id=712"},"modified":"2026-03-02T12:03:45","modified_gmt":"2026-03-02T11:03:45","slug":"documents-descola","status":"publish","type":"page","link":"https:\/\/agora.xtec.cat\/ceipcolnous\/lescola\/documents-descola\/","title":{"rendered":"Documents d&#8217;escola i autoritzacions"},"content":{"rendered":"\n<div class=\"wp-block-columns is-layout-flex wp-container-core-columns-is-layout-1 wp-block-columns-is-layout-flex\">\n<div class=\"wp-block-column is-layout-flow wp-block-column-is-layout-flow\">\n<p><strong><span style=\"text-decoration: underline\" class=\"underline\">DOCUMENTS D&#8217;ESCOLA<\/span><\/strong><\/p>\n\n\n\n<ul class=\"wp-block-list has-medium-font-size\">\n<li class=\"has-medium-font-size\"><a href=\"https:\/\/agora.xtec.cat\/ceipcolnous\/wp-content\/uploads\/usu139\/2024\/01\/NOFC-Collegis-Nous-aprovacio-14-12-2023.pdf\" target=\"_blank\" rel=\"noreferrer noopener\">Normes d&#8217;Organitzaci\u00f3 i Funcionament del Centre (aprovaci\u00f3 14-12-2023)<\/a><\/li>\n\n\n\n<li class=\"has-medium-font-size\"><a href=\"https:\/\/drive.google.com\/file\/d\/1fWdsnZY2jYi-ERcQXX7-sjSrPV0gTMqJ\/view?usp=sharing\" target=\"_blank\" rel=\"noreferrer noopener\">Projecte Educatiu de Centre<\/a><\/li>\n\n\n\n<li class=\"has-medium-font-size\"><a href=\"https:\/\/drive.google.com\/file\/d\/1SQC_ewpfUG4UgDuUsEBWWN496A5cXf6a\/view?usp=sharing\" target=\"_blank\" rel=\"noreferrer noopener\">Pla Estrat\u00e8gic per a la millora de l&#8217;\u00e8xit educatiu de tot l&#8217;alumnat.<\/a><\/li>\n\n\n\n<li class=\"has-medium-font-size\"><a href=\"https:\/\/drive.google.com\/file\/d\/1d3_jCXloTOlzRICq5kKMftAngpnR0glb\/view?usp=sharing\" target=\"_blank\" rel=\"noreferrer noopener\">Projecte de Conviv\u00e8ncia<\/a><\/li>\n\n\n\n<li class=\"has-medium-font-size\"><a href=\"https:\/\/docs.google.com\/document\/d\/10-a8N47G7x66zlhN5JLvgMDgVqlCINON_qqqQ1PySHg\/edit?usp=drive_link\" target=\"_blank\" rel=\"noreferrer noopener\">Projecte Esportiu de Centre<\/a><\/li>\n\n\n\n<li class=\"has-medium-font-size\">Projecte Ling\u00fc\u00edstic de Centre&nbsp;(en proc\u00e9s d&#8217;elaboraci\u00f3)<\/li>\n\n\n\n<li class=\"has-medium-font-size\"><a href=\"https:\/\/drive.google.com\/file\/d\/1utweMdn7pUbAfYrncers0GMKVgEm1yV-\/view?usp=sharing\" target=\"_blank\" rel=\"noreferrer noopener\">Economia: pressupost any 2025<\/a><\/li>\n\n\n\n<li class=\"has-medium-font-size\"><a href=\"https:\/\/drive.google.com\/file\/d\/138pa-XyoKuccRE8OAOsg5ssoKdJJPNBm\/view?usp=sharing\" target=\"_blank\" rel=\"noreferrer noopener\">Carta de comprom\u00eds<\/a><\/li>\n<\/ul>\n<\/div>\n\n\n\n<div class=\"wp-block-column is-layout-flow wp-block-column-is-layout-flow\">\n<p><strong><span style=\"text-decoration: underline\" class=\"underline\">AUTORITZACIONS<\/span><\/strong><\/p>\n\n\n\n<ul class=\"wp-block-list has-medium-font-size\">\n<li><a href=\"https:\/\/drive.google.com\/file\/d\/1dmSznmelPvULD50KxfGYLpbtfnR1aeHa\/view?usp=sharing\" target=\"_blank\" rel=\"noreferrer noopener\">Autoritzaci\u00f3 de drets d&#8217;imatge<\/a><\/li>\n\n\n\n<li><a href=\"https:\/\/drive.google.com\/file\/d\/1EGxsf-iUdyg6VN7rfiouWx2ae3o5NKzB\/view?usp=drive_link\" target=\"_blank\" rel=\"noreferrer noopener\">Autoritzaci\u00f3 per les sortides escolars que es realitzaran durant el curs<\/a><\/li>\n\n\n\n<li><a href=\"https:\/\/drive.google.com\/file\/d\/1W6hs4sVgV1roXLpUK8SayRlbR7u2aknN\/view?usp=sharing\" target=\"_blank\" rel=\"noreferrer noopener\">Autoritzaci\u00f3 de sortida i recollida de l&#8217;alumnat<\/a><\/li>\n\n\n\n<li><a href=\"https:\/\/drive.google.com\/drive\/folders\/1uz-digivn592l0Q7uQ5M3eG-9SNXQkzZ?usp=sharing\" target=\"_blank\" rel=\"noreferrer noopener\">Autoritzacions per administrar medicaci\u00f3 i Paracetamol<\/a><\/li>\n\n\n\n<li><a href=\"https:\/\/drive.google.com\/file\/d\/1wRpW9gZlsV6PMBziuBdpA8QdGC9z0ePG\/view?usp=sharing\" target=\"_blank\" rel=\"noreferrer noopener\">Autoritzaci\u00f3 + annex per l&#8217;\u00fas de Google Workspace per educaci\u00f3<\/a><\/li>\n<\/ul>\n<\/div>\n<\/div>\n","protected":false},"excerpt":{"rendered":"<p>DOCUMENTS D&#8217;ESCOLA AUTORITZACIONS<\/p>\n","protected":false},"author":1,"featured_media":0,"parent":22,"menu_order":70,"comment_status":"closed","ping_status":"closed","template":"","meta":{"_bbp_topic_count":0,"_bbp_reply_count":0,"_bbp_total_topic_count":0,"_bbp_total_reply_count":0,"_bbp_voice_count":0,"_bbp_anonymous_reply_count":0,"_bbp_topic_count_hidden":0,"_bbp_reply_count_hidden":0,"_bbp_forum_subforum_count":0,"site-sidebar-layout":"default","site-content-layout":"","ast-site-content-layout":"default","site-content-style":"default","site-sidebar-style":"default","ast-global-header-display":"","ast-banner-title-visibility":"","ast-main-header-display":"","ast-hfb-above-header-display":"","ast-hfb-below-header-display":"","ast-hfb-mobile-header-display":"","site-post-title":"","ast-breadcrumbs-content":"","ast-featured-img":"","footer-sml-layout":"","theme-transparent-header-meta":"","adv-header-id-meta":"","stick-header-meta":"","header-above-stick-meta":"","header-main-stick-meta":"","header-below-stick-meta":"","astra-migrate-meta-layouts":"set","ast-page-background-enabled":"default","ast-page-background-meta":{"desktop":{"background-color":"var(--ast-global-color-4)","background-image":"","background-repeat":"repeat","background-position":"center center","background-size":"auto","background-attachment":"scroll","background-type":"","background-media":"","overlay-type":"","overlay-color":"","overlay-opacity":"","overlay-gradient":""},"tablet":{"background-color":"","background-image":"","background-repeat":"repeat","background-position":"center center","background-size":"auto","background-attachment":"scroll","background-type":"","background-media":"","overlay-type":"","overlay-color":"","overlay-opacity":"","overlay-gradient":""},"mobile":{"background-color":"","background-image":"","background-repeat":"repeat","background-position":"center center","background-size":"auto","background-attachment":"scroll","background-type":"","background-media":"","overlay-type":"","overlay-color":"","overlay-opacity":"","overlay-gradient":""}},"ast-content-background-meta":{"desktop":{"background-color":"var(--ast-global-color-5)","background-image":"","background-repeat":"repeat","background-position":"center center","background-size":"auto","background-attachment":"scroll","background-type":"","background-media":"","overlay-type":"","overlay-color":"","overlay-opacity":"","overlay-gradient":""},"tablet":{"background-color":"var(--ast-global-color-5)","background-image":"","background-repeat":"repeat","background-position":"center center","background-size":"auto","background-attachment":"scroll","background-type":"","background-media":"","overlay-type":"","overlay-color":"","overlay-opacity":"","overlay-gradient":""},"mobile":{"background-color":"var(--ast-global-color-5)","background-image":"","background-repeat":"repeat","background-position":"center center","background-size":"auto","background-attachment":"scroll","background-type":"","background-media":"","overlay-type":"","overlay-color":"","overlay-opacity":"","overlay-gradient":""}},"footnotes":""},"class_list":["post-712","page","type-page","status-publish","hentry"],"post_mailing_queue_ids":[],"_links":{"self":[{"href":"https:\/\/agora.xtec.cat\/ceipcolnous\/wp-json\/wp\/v2\/pages\/712","targetHints":{"allow":["GET"]}}],"collection":[{"href":"https:\/\/agora.xtec.cat\/ceipcolnous\/wp-json\/wp\/v2\/pages"}],"about":[{"href":"https:\/\/agora.xtec.cat\/ceipcolnous\/wp-json\/wp\/v2\/types\/page"}],"author":[{"embeddable":true,"href":"https:\/\/agora.xtec.cat\/ceipcolnous\/wp-json\/wp\/v2\/users\/1"}],"replies":[{"embeddable":true,"href":"https:\/\/agora.xtec.cat\/ceipcolnous\/wp-json\/wp\/v2\/comments?post=712"}],"version-history":[{"count":6,"href":"https:\/\/agora.xtec.cat\/ceipcolnous\/wp-json\/wp\/v2\/pages\/712\/revisions"}],"predecessor-version":[{"id":8805,"href":"https:\/\/agora.xtec.cat\/ceipcolnous\/wp-json\/wp\/v2\/pages\/712\/revisions\/8805"}],"up":[{"embeddable":true,"href":"https:\/\/agora.xtec.cat\/ceipcolnous\/wp-json\/wp\/v2\/pages\/22"}],"wp:attachment":[{"href":"https:\/\/agora.xtec.cat\/ceipcolnous\/wp-json\/wp\/v2\/media?parent=712"}],"curies":[{"name":"wp","href":"https:\/\/api.w.org\/{rel}","templated":true}]}}