{"id":6887,"date":"2023-12-16T15:25:49","date_gmt":"2023-12-16T14:25:49","guid":{"rendered":"https:\/\/agora.xtec.cat\/ceipcolnous\/?page_id=6887"},"modified":"2026-03-28T14:47:09","modified_gmt":"2026-03-28T13:47:09","slug":"el-nostre-equip-professional","status":"publish","type":"page","link":"https:\/\/agora.xtec.cat\/ceipcolnous\/lescola\/el-nostre-equip-professional\/","title":{"rendered":"El nostre equip professional 2025-2026"},"content":{"rendered":"\n<div class=\"wp-block-getwid-toggle has-icon-left\">\n<div class=\"wp-block-getwid-toggle__row\"><div class=\"wp-block-getwid-toggle__header-wrapper\"><h4 class=\"wp-block-getwid-toggle__header\"><a href=\"#\"><span class=\"wp-block-getwid-toggle__header-title\"><strong>EQUIP DIRECTIU<\/strong><\/span><span class=\"wp-block-getwid-toggle__icon is-active\"><i class=\"fas fa-chevron-down\"><\/i><\/span><span class=\"wp-block-getwid-toggle__icon is-passive\"><i class=\"fas fa-chevron-up\"><\/i><\/span><\/a><\/h4><\/div><div class=\"wp-block-getwid-toggle__content-wrapper\"><div class=\"wp-block-getwid-toggle__content\">\n<p><b>Director<\/b>: Franc R. <em>(podeu veure <a href=\"https:\/\/drive.google.com\/file\/d\/1T4vaoO1yzyElhOnAf5shUlvxhKBxxcl9\/view?usp=drive_link\"><strong>la seva traject\u00f2ria professional<\/strong><\/a>)<\/em><\/p>\n\n\n\n<p><b>Cap d\u2019Estudis<\/b>: Gemma P. <em>(podeu veure <a href=\"https:\/\/drive.google.com\/file\/d\/1BYAx9ZUQ0h1-5D6xrX-jHdjKo5qj05OK\/view?usp=drive_link\"><strong>la seva traject\u00f2ria professional<\/strong><\/a>)<\/em><\/p>\n\n\n\n<p><b>Secret\u00e0ria<\/b>: Zaida D. <em>(podeu veure <a href=\"https:\/\/drive.google.com\/file\/d\/1_0z0JaLi2FUuZ68-w-n66IMQ0S7Mrdfe\/view?usp=drive_link\"><strong>la seva traject\u00f2ria professional<\/strong><\/a><strong>)<\/strong><\/em><\/p>\n<\/div><\/div><\/div>\n\n\n\n<div class=\"wp-block-getwid-toggle__row\"><div class=\"wp-block-getwid-toggle__header-wrapper\"><h4 class=\"wp-block-getwid-toggle__header\"><a href=\"#\"><span class=\"wp-block-getwid-toggle__header-title\"><strong>COMUNITAT DE PETITS<\/strong><\/span><span class=\"wp-block-getwid-toggle__icon is-active\"><i class=\"fas fa-chevron-down\"><\/i><\/span><span class=\"wp-block-getwid-toggle__icon is-passive\"><i class=\"fas fa-chevron-up\"><\/i><\/span><\/a><\/h4><\/div><div class=\"wp-block-getwid-toggle__content-wrapper\"><div class=\"wp-block-getwid-toggle__content\">\n<p><b>I3:<\/b> Anna S. (Coordinadora comunitat de petits)<\/p>\n\n\n\n<p><b>I4:&nbsp;<\/b>Elisa A.<\/p>\n\n\n\n<p><b>I5:&nbsp;<\/b>Dolors M.<\/p>\n<\/div><\/div><\/div>\n\n\n\n<div class=\"wp-block-getwid-toggle__row\"><div class=\"wp-block-getwid-toggle__header-wrapper\"><h4 class=\"wp-block-getwid-toggle__header\"><a href=\"#\"><span class=\"wp-block-getwid-toggle__header-title\"><strong>COMUNITAT DE MITJANS<\/strong><\/span><span class=\"wp-block-getwid-toggle__icon is-active\"><i class=\"fas fa-chevron-down\"><\/i><\/span><span class=\"wp-block-getwid-toggle__icon is-passive\"><i class=\"fas fa-chevron-up\"><\/i><\/span><\/a><\/h4><\/div><div class=\"wp-block-getwid-toggle__content-wrapper\"><div class=\"wp-block-getwid-toggle__content\">\n<p><b>1r:&nbsp;<\/b>Judit R.<\/p>\n\n\n\n<p><b>2n:&nbsp;<\/b>Laura G. (Coordinadora comunitat de mitjans)<\/p>\n\n\n\n<p><b>3r:<\/b> Bel\u00e9n L.<\/p>\n<\/div><\/div><\/div>\n\n\n\n<div class=\"wp-block-getwid-toggle__row\"><div class=\"wp-block-getwid-toggle__header-wrapper\"><h4 class=\"wp-block-getwid-toggle__header\"><a href=\"#\"><span class=\"wp-block-getwid-toggle__header-title\"><strong>COMUNITAT DE GRANS<\/strong><\/span><span class=\"wp-block-getwid-toggle__icon is-active\"><i class=\"fas fa-chevron-down\"><\/i><\/span><span class=\"wp-block-getwid-toggle__icon is-passive\"><i class=\"fas fa-chevron-up\"><\/i><\/span><\/a><\/h4><\/div><div class=\"wp-block-getwid-toggle__content-wrapper\"><div class=\"wp-block-getwid-toggle__content\">\n<p><strong>4t:<\/strong>&nbsp;Akira P. (Coordinadora comunitat de grans)<\/p>\n\n\n\n<p><strong>5\u00e8:<\/strong> David P.<\/p>\n\n\n\n<p><strong>6\u00e8:<\/strong> Javi L.<\/p>\n<\/div><\/div><\/div>\n\n\n\n<div class=\"wp-block-getwid-toggle__row\"><div class=\"wp-block-getwid-toggle__header-wrapper\"><h4 class=\"wp-block-getwid-toggle__header\"><a href=\"#\"><span class=\"wp-block-getwid-toggle__header-title\"><strong>MESTRES ESPECIALISTES<\/strong> I REFOR\u00c7OS<\/span><span class=\"wp-block-getwid-toggle__icon is-active\"><i class=\"fas fa-chevron-down\"><\/i><\/span><span class=\"wp-block-getwid-toggle__icon is-passive\"><i class=\"fas fa-chevron-up\"><\/i><\/span><\/a><\/h4><\/div><div class=\"wp-block-getwid-toggle__content-wrapper\"><div class=\"wp-block-getwid-toggle__content\">\n<p><b>Educaci\u00f3 especial<\/b><strong>:<\/strong> Mari C. i Andrea G.<\/p>\n\n\n\n<p><b>Psicomotricitat i educaci\u00f3 f\u00edsica<\/b><strong>:<\/strong> Ferran R.<\/p>\n\n\n\n<p><b>Angl\u00e8s:&nbsp;<\/b>Montserrat P.<\/p>\n\n\n\n<p><b>M\u00fasica<\/b><strong>:<\/strong> Laura C.<\/p>\n\n\n\n<p><b>Aula d\u2019acollida<\/b><strong>:<\/strong> &#8211;<\/p>\n\n\n\n<p><strong>Religi\u00f3 cat\u00f2lica:\u00a0<\/strong>\u00c1ngela S.<\/p>\n\n\n\n<p><strong>Religi\u00f3 evang\u00e8lica:&nbsp;<\/strong>Ester R.<\/p>\n\n\n\n<p><strong>Refor\u00e7 educaci\u00f3 infantil: <\/strong>N\u00faria M.<\/p>\n\n\n\n<p><strong>Refor\u00e7 educaci\u00f3 prim\u00e0ria:<\/strong> Betty M.<\/p>\n<\/div><\/div><\/div>\n\n\n\n<div class=\"wp-block-getwid-toggle__row\"><div class=\"wp-block-getwid-toggle__header-wrapper\"><h4 class=\"wp-block-getwid-toggle__header\"><a href=\"#\"><span class=\"wp-block-getwid-toggle__header-title\"><strong>VETLLADORES<\/strong><\/span><span class=\"wp-block-getwid-toggle__icon is-active\"><i class=\"fas fa-chevron-down\"><\/i><\/span><span class=\"wp-block-getwid-toggle__icon is-passive\"><i class=\"fas fa-chevron-up\"><\/i><\/span><\/a><\/h4><\/div><div class=\"wp-block-getwid-toggle__content-wrapper\"><div class=\"wp-block-getwid-toggle__content\">\n<p>Judith M.<\/p>\n<\/div><\/div><\/div>\n\n\n\n<div class=\"wp-block-getwid-toggle__row\"><div class=\"wp-block-getwid-toggle__header-wrapper\"><h4 class=\"wp-block-getwid-toggle__header\"><a href=\"#\"><span class=\"wp-block-getwid-toggle__header-title\"><strong>PAS, PAE<\/strong><\/span><span class=\"wp-block-getwid-toggle__icon is-active\"><i class=\"fas fa-chevron-down\"><\/i><\/span><span class=\"wp-block-getwid-toggle__icon is-passive\"><i class=\"fas fa-chevron-up\"><\/i><\/span><\/a><\/h4><\/div><div class=\"wp-block-getwid-toggle__content-wrapper\"><div class=\"wp-block-getwid-toggle__content\">\n<p><strong>T\u00e8cnica Especialista d&#8217;Educaci\u00f3 Infantil (TEEI):<\/strong> M\u00edriam V.<\/p>\n\n\n\n<p><b>T\u00e8cnica d\u2019Integraci\u00f3 Social (TIS):<\/b> Laura M.<\/p>\n\n\n\n<p><b>Auxiliar administrativa:<\/b>&nbsp;Marta L.<\/p>\n\n\n\n<p><b>Conserge (Col\u00b7legis Nous):<\/b>&nbsp;Juanjo T.<\/p>\n\n\n\n<p><strong>Conserge (Petit Col\u00b7legis Nous):<\/strong> Henry P.<\/p>\n<\/div><\/div><\/div>\n<\/div>\n\n\n\n<p><\/p>\n","protected":false},"excerpt":{"rendered":"","protected":false},"author":1,"featured_media":0,"parent":22,"menu_order":30,"comment_status":"closed","ping_status":"closed","template":"","meta":{"_bbp_topic_count":0,"_bbp_reply_count":0,"_bbp_total_topic_count":0,"_bbp_total_reply_count":0,"_bbp_voice_count":0,"_bbp_anonymous_reply_count":0,"_bbp_topic_count_hidden":0,"_bbp_reply_count_hidden":0,"_bbp_forum_subforum_count":0,"site-sidebar-layout":"default","site-content-layout":"","ast-site-content-layout":"default","site-content-style":"default","site-sidebar-style":"default","ast-global-header-display":"","ast-banner-title-visibility":"","ast-main-header-display":"","ast-hfb-above-header-display":"","ast-hfb-below-header-display":"","ast-hfb-mobile-header-display":"","site-post-title":"","ast-breadcrumbs-content":"","ast-featured-img":"","footer-sml-layout":"","theme-transparent-header-meta":"","adv-header-id-meta":"","stick-header-meta":"","header-above-stick-meta":"","header-main-stick-meta":"","header-below-stick-meta":"","astra-migrate-meta-layouts":"set","ast-page-background-enabled":"default","ast-page-background-meta":{"desktop":{"background-color":"var(--ast-global-color-4)","background-image":"","background-repeat":"repeat","background-position":"center center","background-size":"auto","background-attachment":"scroll","background-type":"","background-media":"","overlay-type":"","overlay-color":"","overlay-opacity":"","overlay-gradient":""},"tablet":{"background-color":"","background-image":"","background-repeat":"repeat","background-position":"center center","background-size":"auto","background-attachment":"scroll","background-type":"","background-media":"","overlay-type":"","overlay-color":"","overlay-opacity":"","overlay-gradient":""},"mobile":{"background-color":"","background-image":"","background-repeat":"repeat","background-position":"center center","background-size":"auto","background-attachment":"scroll","background-type":"","background-media":"","overlay-type":"","overlay-color":"","overlay-opacity":"","overlay-gradient":""}},"ast-content-background-meta":{"desktop":{"background-color":"var(--ast-global-color-5)","background-image":"","background-repeat":"repeat","background-position":"center center","background-size":"auto","background-attachment":"scroll","background-type":"","background-media":"","overlay-type":"","overlay-color":"","overlay-opacity":"","overlay-gradient":""},"tablet":{"background-color":"var(--ast-global-color-5)","background-image":"","background-repeat":"repeat","background-position":"center center","background-size":"auto","background-attachment":"scroll","background-type":"","background-media":"","overlay-type":"","overlay-color":"","overlay-opacity":"","overlay-gradient":""},"mobile":{"background-color":"var(--ast-global-color-5)","background-image":"","background-repeat":"repeat","background-position":"center center","background-size":"auto","background-attachment":"scroll","background-type":"","background-media":"","overlay-type":"","overlay-color":"","overlay-opacity":"","overlay-gradient":""}},"footnotes":""},"class_list":["post-6887","page","type-page","status-publish","hentry"],"post_mailing_queue_ids":[],"_links":{"self":[{"href":"https:\/\/agora.xtec.cat\/ceipcolnous\/wp-json\/wp\/v2\/pages\/6887","targetHints":{"allow":["GET"]}}],"collection":[{"href":"https:\/\/agora.xtec.cat\/ceipcolnous\/wp-json\/wp\/v2\/pages"}],"about":[{"href":"https:\/\/agora.xtec.cat\/ceipcolnous\/wp-json\/wp\/v2\/types\/page"}],"author":[{"embeddable":true,"href":"https:\/\/agora.xtec.cat\/ceipcolnous\/wp-json\/wp\/v2\/users\/1"}],"replies":[{"embeddable":true,"href":"https:\/\/agora.xtec.cat\/ceipcolnous\/wp-json\/wp\/v2\/comments?post=6887"}],"version-history":[{"count":6,"href":"https:\/\/agora.xtec.cat\/ceipcolnous\/wp-json\/wp\/v2\/pages\/6887\/revisions"}],"predecessor-version":[{"id":8850,"href":"https:\/\/agora.xtec.cat\/ceipcolnous\/wp-json\/wp\/v2\/pages\/6887\/revisions\/8850"}],"up":[{"embeddable":true,"href":"https:\/\/agora.xtec.cat\/ceipcolnous\/wp-json\/wp\/v2\/pages\/22"}],"wp:attachment":[{"href":"https:\/\/agora.xtec.cat\/ceipcolnous\/wp-json\/wp\/v2\/media?parent=6887"}],"curies":[{"name":"wp","href":"https:\/\/api.w.org\/{rel}","templated":true}]}}