{"id":6414,"date":"2023-05-14T09:12:36","date_gmt":"2023-05-14T07:12:36","guid":{"rendered":"https:\/\/agora.xtec.cat\/ceipcolnous\/?page_id=6414"},"modified":"2025-03-04T14:01:41","modified_gmt":"2025-03-04T13:01:41","slug":"part-estrategica","status":"publish","type":"page","link":"https:\/\/agora.xtec.cat\/ceipcolnous\/lescola\/estrategia-digital-de-centre-edc\/part-estrategica\/","title":{"rendered":"Part estrat\u00e8gica"},"content":{"rendered":"\n<p>En aquest apartat us compartirem tota la informaci\u00f3 relacionada amb la part estrat\u00e8gia de la nostra Estrat\u00e8gia Digital de Centre (EDC), la qual va iniciar-se al curs 2021-22 i s&#8217;anir\u00e0 assolint gradualment fins el curs 2025-26.<\/p>\n\n\n\n<p>Seguin les indicacions del document definici\u00f3 de l&#8217;EDC, s&#8217;ha estructurat aquesta part en 4 fases:<\/p>\n\n\n\n<ul class=\"wp-block-list\">\n<li><a href=\"https:\/\/agora.xtec.cat\/ceipcolnous\/estrategia-digital-de-centre-edc\/part-estrategica\/part-estrategica-diagnosi\/\" rel=\"noopener\">Diagnosi<\/a><\/li>\n\n\n\n<li><a href=\"https:\/\/agora.xtec.cat\/ceipcolnous\/estrategia-digital-de-centre-edc\/part-estrategica\/part-estrategica-objectius\/\" rel=\"noopener\">Objectius<\/a><\/li>\n\n\n\n<li><a href=\"https:\/\/agora.xtec.cat\/ceipcolnous\/estrategia-digital-de-centre-edc\/part-estrategica\/part-estrategica-planificacio-i-seguiment\/\" rel=\"noopener\">Planificaci\u00f3 i seguiment<\/a><\/li>\n\n\n\n<li><a href=\"https:\/\/agora.xtec.cat\/ceipcolnous\/estrategia-digital-de-centre-edc\/part-estrategica\/part-estrategica-avaluacio-i-millora\/\" rel=\"noopener\">Avaluaci\u00f3 i millora<\/a><\/li>\n<\/ul>\n","protected":false},"excerpt":{"rendered":"<p>En aquest apartat us compartirem tota la informaci\u00f3 relacionada amb la part estrat\u00e8gia de la nostra Estrat\u00e8gia Digital de Centre [&hellip;]<\/p>\n","protected":false},"author":1,"featured_media":0,"parent":6434,"menu_order":1,"comment_status":"closed","ping_status":"closed","template":"page-templates\/side-menu.php","meta":{"_bbp_topic_count":0,"_bbp_reply_count":0,"_bbp_total_topic_count":0,"_bbp_total_reply_count":0,"_bbp_voice_count":0,"_bbp_anonymous_reply_count":0,"_bbp_topic_count_hidden":0,"_bbp_reply_count_hidden":0,"_bbp_forum_subforum_count":0,"site-sidebar-layout":"default","site-content-layout":"","ast-site-content-layout":"default","site-content-style":"default","site-sidebar-style":"default","ast-global-header-display":"","ast-banner-title-visibility":"","ast-main-header-display":"","ast-hfb-above-header-display":"","ast-hfb-below-header-display":"","ast-hfb-mobile-header-display":"","site-post-title":"","ast-breadcrumbs-content":"","ast-featured-img":"","footer-sml-layout":"","theme-transparent-header-meta":"","adv-header-id-meta":"","stick-header-meta":"","header-above-stick-meta":"","header-main-stick-meta":"","header-below-stick-meta":"","astra-migrate-meta-layouts":"set","ast-page-background-enabled":"default","ast-page-background-meta":{"desktop":{"background-color":"var(--ast-global-color-4)","background-image":"","background-repeat":"repeat","background-position":"center center","background-size":"auto","background-attachment":"scroll","background-type":"","background-media":"","overlay-type":"","overlay-color":"","overlay-opacity":"","overlay-gradient":""},"tablet":{"background-color":"","background-image":"","background-repeat":"repeat","background-position":"center center","background-size":"auto","background-attachment":"scroll","background-type":"","background-media":"","overlay-type":"","overlay-color":"","overlay-opacity":"","overlay-gradient":""},"mobile":{"background-color":"","background-image":"","background-repeat":"repeat","background-position":"center center","background-size":"auto","background-attachment":"scroll","background-type":"","background-media":"","overlay-type":"","overlay-color":"","overlay-opacity":"","overlay-gradient":""}},"ast-content-background-meta":{"desktop":{"background-color":"var(--ast-global-color-5)","background-image":"","background-repeat":"repeat","background-position":"center center","background-size":"auto","background-attachment":"scroll","background-type":"","background-media":"","overlay-type":"","overlay-color":"","overlay-opacity":"","overlay-gradient":""},"tablet":{"background-color":"var(--ast-global-color-5)","background-image":"","background-repeat":"repeat","background-position":"center center","background-size":"auto","background-attachment":"scroll","background-type":"","background-media":"","overlay-type":"","overlay-color":"","overlay-opacity":"","overlay-gradient":""},"mobile":{"background-color":"var(--ast-global-color-5)","background-image":"","background-repeat":"repeat","background-position":"center center","background-size":"auto","background-attachment":"scroll","background-type":"","background-media":"","overlay-type":"","overlay-color":"","overlay-opacity":"","overlay-gradient":""}},"footnotes":""},"class_list":["post-6414","page","type-page","status-publish","hentry"],"post_mailing_queue_ids":[],"_links":{"self":[{"href":"https:\/\/agora.xtec.cat\/ceipcolnous\/wp-json\/wp\/v2\/pages\/6414","targetHints":{"allow":["GET"]}}],"collection":[{"href":"https:\/\/agora.xtec.cat\/ceipcolnous\/wp-json\/wp\/v2\/pages"}],"about":[{"href":"https:\/\/agora.xtec.cat\/ceipcolnous\/wp-json\/wp\/v2\/types\/page"}],"author":[{"embeddable":true,"href":"https:\/\/agora.xtec.cat\/ceipcolnous\/wp-json\/wp\/v2\/users\/1"}],"replies":[{"embeddable":true,"href":"https:\/\/agora.xtec.cat\/ceipcolnous\/wp-json\/wp\/v2\/comments?post=6414"}],"version-history":[{"count":4,"href":"https:\/\/agora.xtec.cat\/ceipcolnous\/wp-json\/wp\/v2\/pages\/6414\/revisions"}],"predecessor-version":[{"id":8141,"href":"https:\/\/agora.xtec.cat\/ceipcolnous\/wp-json\/wp\/v2\/pages\/6414\/revisions\/8141"}],"up":[{"embeddable":true,"href":"https:\/\/agora.xtec.cat\/ceipcolnous\/wp-json\/wp\/v2\/pages\/6434"}],"wp:attachment":[{"href":"https:\/\/agora.xtec.cat\/ceipcolnous\/wp-json\/wp\/v2\/media?parent=6414"}],"curies":[{"name":"wp","href":"https:\/\/api.w.org\/{rel}","templated":true}]}}