{"id":4330,"date":"2021-04-06T20:37:34","date_gmt":"2021-04-06T18:37:34","guid":{"rendered":"https:\/\/agora.xtec.cat\/ceipcolnous\/?page_id=4330"},"modified":"2025-07-03T14:13:53","modified_gmt":"2025-07-03T12:13:53","slug":"quota","status":"publish","type":"page","link":"https:\/\/agora.xtec.cat\/ceipcolnous\/lescola\/quota\/","title":{"rendered":"Quota"},"content":{"rendered":"\n<p>S\u2019estableix una quota \u00fanica, des de&#8217;I3 fins a 6\u00e8. Tot el material ser\u00e0 a l\u2019escola. Les fam\u00edlies no hauran de portar res.<\/p>\n\n\n\n<p>La quota inclou diferents conceptes:<\/p>\n\n\n\n<div class=\"wp-block-columns is-layout-flex wp-container-core-columns-is-layout-1 wp-block-columns-is-layout-flex\">\n<div class=\"wp-block-column is-layout-flow wp-block-column-is-layout-flow\">\n<figure class=\"wp-block-image size-full is-resized\"><a href=\"https:\/\/agora.xtec.cat\/ceipcolnous\/wp-content\/uploads\/usu139\/2024\/07\/image-5.png\"><img loading=\"lazy\" decoding=\"async\" width=\"225\" height=\"225\" src=\"https:\/\/agora.xtec.cat\/ceipcolnous\/wp-content\/uploads\/usu139\/2024\/07\/image-5.png\" alt=\"\" class=\"wp-image-7460\" style=\"width:118px;height:auto\" srcset=\"https:\/\/agora.xtec.cat\/ceipcolnous\/wp-content\/uploads\/usu139\/2024\/07\/image-5.png 225w, https:\/\/agora.xtec.cat\/ceipcolnous\/wp-content\/uploads\/usu139\/2024\/07\/image-5-150x150.png 150w\" sizes=\"auto, (max-width: 225px) 100vw, 225px\" \/><\/a><\/figure>\n\n\n\n<p><strong>Material fungible:<\/strong> agenda, carpeta, arxivadors, llibretes, llapis, bol\u00edgrafs, estoig, pintures, plastilina, vernissos, fulls, fulls de colors, fulls de dibuix, gomets, retoladors gruixuts, pinzells, cartolines, coles, tisores, paper d\u2019embalar, paper de xarol, paper Pinotxo, paper metal\u00b7litzat, aquarel\u00b7les, eines per modelar plastilina i motllos, punxons, felpes, fang, cinta adhesiva, fundes de pl\u00e0stic, adaptadors per a escriptura, fotoc\u00f2pies, enquadernacions, plastificacions&#8230;<\/p>\n<\/div>\n\n\n\n<div class=\"wp-block-column is-layout-flow wp-block-column-is-layout-flow\">\n<figure class=\"wp-block-image size-full is-resized\"><a href=\"https:\/\/agora.xtec.cat\/ceipcolnous\/wp-content\/uploads\/usu139\/2024\/07\/image-6.png\"><img loading=\"lazy\" decoding=\"async\" width=\"311\" height=\"162\" src=\"https:\/\/agora.xtec.cat\/ceipcolnous\/wp-content\/uploads\/usu139\/2024\/07\/image-6.png\" alt=\"\" class=\"wp-image-7462\" style=\"width:230px;height:auto\" srcset=\"https:\/\/agora.xtec.cat\/ceipcolnous\/wp-content\/uploads\/usu139\/2024\/07\/image-6.png 311w, https:\/\/agora.xtec.cat\/ceipcolnous\/wp-content\/uploads\/usu139\/2024\/07\/image-6-300x156.png 300w\" sizes=\"auto, (max-width: 311px) 100vw, 311px\" \/><\/a><\/figure>\n\n\n\n<p><strong>Material did\u00e0ctic:<\/strong> Projectes, reprografia, rob\u00f2tica, llic\u00e8ncies digitals, plataformes d\u2019aprenentatge, material audiovisual, ambients, racons, jocs did\u00e0ctics, llibres de text, quaderns did\u00e0ctics, eines pedag\u00f2giques, materials TIC, diccionaris, instruments, joguines i carpetes d\u2019aprenentatge. (Alguns materials seran d\u2019\u00fas individual de l\u2019alumnat i, en finalitzar el curs, se\u2019ls enduran a casa)<\/p>\n<\/div>\n<\/div>\n\n\n\n<div class=\"wp-block-columns is-layout-flex wp-container-core-columns-is-layout-2 wp-block-columns-is-layout-flex\">\n<div class=\"wp-block-column is-layout-flow wp-block-column-is-layout-flow\">\n<figure class=\"wp-block-image size-full is-resized\"><a href=\"https:\/\/agora.xtec.cat\/ceipcolnous\/wp-content\/uploads\/usu139\/2024\/07\/Bus.png\"><img loading=\"lazy\" decoding=\"async\" width=\"500\" height=\"375\" src=\"https:\/\/agora.xtec.cat\/ceipcolnous\/wp-content\/uploads\/usu139\/2024\/07\/Bus-edited.png\" alt=\"\" class=\"wp-image-7466\" style=\"width:179px;height:auto\" srcset=\"https:\/\/agora.xtec.cat\/ceipcolnous\/wp-content\/uploads\/usu139\/2024\/07\/Bus-edited.png 500w, https:\/\/agora.xtec.cat\/ceipcolnous\/wp-content\/uploads\/usu139\/2024\/07\/Bus-edited-300x225.png 300w, https:\/\/agora.xtec.cat\/ceipcolnous\/wp-content\/uploads\/usu139\/2024\/07\/Bus-edited-200x150.png 200w\" sizes=\"auto, (max-width: 500px) 100vw, 500px\" \/><\/a><\/figure>\n\n\n\n<p><strong>Sortides i activitats escolars:<\/strong> Espec\u00edfiques per a cada curs; s\u2019aproven al mes de setembre.<\/p>\n<\/div>\n\n\n\n<div class=\"wp-block-column is-layout-flow wp-block-column-is-layout-flow\">\n<figure class=\"wp-block-image size-full is-resized\"><a href=\"https:\/\/agora.xtec.cat\/ceipcolnous\/wp-content\/uploads\/usu139\/2024\/07\/image-8.png\"><img loading=\"lazy\" decoding=\"async\" width=\"270\" height=\"186\" src=\"https:\/\/agora.xtec.cat\/ceipcolnous\/wp-content\/uploads\/usu139\/2024\/07\/image-8.png\" alt=\"\" class=\"wp-image-7464\" style=\"width:199px;height:auto\"\/><\/a><\/figure>\n\n\n\n<p><b>Renovaci\u00f3 d\u2019espais: <\/b>L\u2019escola est\u00e0 en un proc\u00e9s de renovaci\u00f3 pedag\u00f2gica que implica l\u2019establiment d\u2019espais m\u00e9s din\u00e0mics, confortables, i polivalents.<\/p>\n<\/div>\n<\/div>\n\n\n\n<p>En acord del Consell Escolar es va establir una quota anual de 220 \u20ac pel curs 2025-2026.<\/p>\n","protected":false},"excerpt":{"rendered":"<p>S\u2019estableix una quota \u00fanica, des de&#8217;I3 fins a 6\u00e8. Tot el material ser\u00e0 a l\u2019escola. Les fam\u00edlies no hauran de [&hellip;]<\/p>\n","protected":false},"author":1,"featured_media":0,"parent":22,"menu_order":100,"comment_status":"closed","ping_status":"closed","template":"","meta":{"_bbp_topic_count":0,"_bbp_reply_count":0,"_bbp_total_topic_count":0,"_bbp_total_reply_count":0,"_bbp_voice_count":0,"_bbp_anonymous_reply_count":0,"_bbp_topic_count_hidden":0,"_bbp_reply_count_hidden":0,"_bbp_forum_subforum_count":0,"site-sidebar-layout":"default","site-content-layout":"","ast-site-content-layout":"default","site-content-style":"default","site-sidebar-style":"default","ast-global-header-display":"","ast-banner-title-visibility":"","ast-main-header-display":"","ast-hfb-above-header-display":"","ast-hfb-below-header-display":"","ast-hfb-mobile-header-display":"","site-post-title":"","ast-breadcrumbs-content":"","ast-featured-img":"","footer-sml-layout":"","theme-transparent-header-meta":"","adv-header-id-meta":"","stick-header-meta":"","header-above-stick-meta":"","header-main-stick-meta":"","header-below-stick-meta":"","astra-migrate-meta-layouts":"set","ast-page-background-enabled":"default","ast-page-background-meta":{"desktop":{"background-color":"var(--ast-global-color-4)","background-image":"","background-repeat":"repeat","background-position":"center center","background-size":"auto","background-attachment":"scroll","background-type":"","background-media":"","overlay-type":"","overlay-color":"","overlay-opacity":"","overlay-gradient":""},"tablet":{"background-color":"","background-image":"","background-repeat":"repeat","background-position":"center center","background-size":"auto","background-attachment":"scroll","background-type":"","background-media":"","overlay-type":"","overlay-color":"","overlay-opacity":"","overlay-gradient":""},"mobile":{"background-color":"","background-image":"","background-repeat":"repeat","background-position":"center center","background-size":"auto","background-attachment":"scroll","background-type":"","background-media":"","overlay-type":"","overlay-color":"","overlay-opacity":"","overlay-gradient":""}},"ast-content-background-meta":{"desktop":{"background-color":"var(--ast-global-color-5)","background-image":"","background-repeat":"repeat","background-position":"center center","background-size":"auto","background-attachment":"scroll","background-type":"","background-media":"","overlay-type":"","overlay-color":"","overlay-opacity":"","overlay-gradient":""},"tablet":{"background-color":"var(--ast-global-color-5)","background-image":"","background-repeat":"repeat","background-position":"center center","background-size":"auto","background-attachment":"scroll","background-type":"","background-media":"","overlay-type":"","overlay-color":"","overlay-opacity":"","overlay-gradient":""},"mobile":{"background-color":"var(--ast-global-color-5)","background-image":"","background-repeat":"repeat","background-position":"center center","background-size":"auto","background-attachment":"scroll","background-type":"","background-media":"","overlay-type":"","overlay-color":"","overlay-opacity":"","overlay-gradient":""}},"footnotes":""},"class_list":["post-4330","page","type-page","status-publish","hentry"],"post_mailing_queue_ids":[],"_links":{"self":[{"href":"https:\/\/agora.xtec.cat\/ceipcolnous\/wp-json\/wp\/v2\/pages\/4330","targetHints":{"allow":["GET"]}}],"collection":[{"href":"https:\/\/agora.xtec.cat\/ceipcolnous\/wp-json\/wp\/v2\/pages"}],"about":[{"href":"https:\/\/agora.xtec.cat\/ceipcolnous\/wp-json\/wp\/v2\/types\/page"}],"author":[{"embeddable":true,"href":"https:\/\/agora.xtec.cat\/ceipcolnous\/wp-json\/wp\/v2\/users\/1"}],"replies":[{"embeddable":true,"href":"https:\/\/agora.xtec.cat\/ceipcolnous\/wp-json\/wp\/v2\/comments?post=4330"}],"version-history":[{"count":6,"href":"https:\/\/agora.xtec.cat\/ceipcolnous\/wp-json\/wp\/v2\/pages\/4330\/revisions"}],"predecessor-version":[{"id":8541,"href":"https:\/\/agora.xtec.cat\/ceipcolnous\/wp-json\/wp\/v2\/pages\/4330\/revisions\/8541"}],"up":[{"embeddable":true,"href":"https:\/\/agora.xtec.cat\/ceipcolnous\/wp-json\/wp\/v2\/pages\/22"}],"wp:attachment":[{"href":"https:\/\/agora.xtec.cat\/ceipcolnous\/wp-json\/wp\/v2\/media?parent=4330"}],"curies":[{"name":"wp","href":"https:\/\/api.w.org\/{rel}","templated":true}]}}