{"id":2973,"date":"2019-11-12T23:21:06","date_gmt":"2019-11-12T22:21:06","guid":{"rendered":"https:\/\/agora.xtec.cat\/ceipcolnous\/?page_id=2973"},"modified":"2025-03-04T20:34:03","modified_gmt":"2025-03-04T19:34:03","slug":"afa","status":"publish","type":"page","link":"https:\/\/agora.xtec.cat\/ceipcolnous\/participa-a-lescola\/afa\/","title":{"rendered":"AFA Escola Col\u00b7legis Nous"},"content":{"rendered":"\n<figure class=\"wp-block-image aligncenter is-resized\"><a href=\"https:\/\/agora.xtec.cat\/ceipcolnous\/wp-content\/uploads\/usu139\/2022\/11\/LOGOconfondo.png\"><img loading=\"lazy\" decoding=\"async\" width=\"976\" height=\"917\" src=\"https:\/\/agora.xtec.cat\/ceipcolnous\/wp-content\/uploads\/usu139\/2022\/11\/LOGOconfondo.png\" alt=\"\" class=\"wp-image-5866\" style=\"aspect-ratio:1;object-fit:cover;width:262px;height:auto\" srcset=\"https:\/\/agora.xtec.cat\/ceipcolnous\/wp-content\/uploads\/usu139\/2022\/11\/LOGOconfondo.png 976w, https:\/\/agora.xtec.cat\/ceipcolnous\/wp-content\/uploads\/usu139\/2022\/11\/LOGOconfondo-300x282.png 300w, https:\/\/agora.xtec.cat\/ceipcolnous\/wp-content\/uploads\/usu139\/2022\/11\/LOGOconfondo-768x722.png 768w\" sizes=\"auto, (max-width: 976px) 100vw, 976px\" \/><\/a><\/figure>\n\n\n\n<ul class=\"wp-block-list\">\n<li><strong>Qu\u00e8 \u00e9s l\u2019AFA?<\/strong><\/li>\n<\/ul>\n\n\n\n<p>L\u2019AFA \u00e9s la l&#8217;Associaci\u00f3 de Fam\u00edlies d&#8217;Alumnes.&nbsp;\u00c9s una associaci\u00f3 sensa \u00e0nim de lucre que funciona gr\u00e0cies a la feina i temps volunt\u00e0ria i sense cobrar de les fam\u00edlies de l\u2019alumnat de l\u2019escola. Per aix\u00f2, l&#8217;associaci\u00f3 nom\u00e9s pot funcionar si les fam\u00edlies s&#8217;hi impliquen i hi col\u00b7laboren.<\/p>\n\n\n\n<ul class=\"wp-block-list\">\n<li><strong>Com funciona l&#8217;AFA?<\/strong><\/li>\n<\/ul>\n\n\n\n<p>L\u2019Assemblea General \u00e9s l\u2019\u00f2rgan sobir\u00e0 de l\u2019associaci\u00f3 i la forman les s\u00f2cies i socis de l\u2019AFA. \u00c9s a les assemblees on es decideix democr\u00e0ticament qu\u00e8 es fa i com. Per aix\u00f2 \u00e9s important participar a les assemblees. Treballem gr\u00e0cies a la feina de les fam\u00edlies.<\/p>\n\n\n\n<ul class=\"wp-block-list\">\n<li><strong>Quan i on es reuneix l&#8217;AFA?<\/strong><\/li>\n<\/ul>\n\n\n\n<p>L&#8217;assemblea general es convoca un cop cada mes i ens reunim a la sala de l&#8217;AFA o a la sala polivalent de l&#8217;escola. Aqu\u00ed es decideix tot el que es fa a l&#8217;associaci\u00f3.<\/p>\n\n\n\n<ul class=\"wp-block-list\">\n<li><strong>Qui pot ser s\u00f2cia de l&#8217;AFA?<\/strong><\/li>\n<\/ul>\n\n\n\n<p>Qualsevol mare, pare o tutor\/a amb nenes o nens matriculats a l&#8217;escola pot pert\u00e0nyer a l&#8217;associaci\u00f3. Nom\u00e9s cal el pagament de la quota anual i podreu ser s\u00f2cia des de la data d&#8217;alta fins a final de curs.<\/p>\n\n\n\n<ul class=\"wp-block-list\">\n<li><strong>Per qu\u00e8 pert\u00e0nyer a l&#8217;AFA?<\/strong><\/li>\n<\/ul>\n\n\n\n<p>El nostre objectiu \u00e9s col\u00b7laborar amb la comunitat educativa per oferir una educaci\u00f3 de qualitat a les nostres nenes i nens. A m\u00e9s, sent s\u00f2cia de l&#8217;AFA pots accedir a descomptes a l&#8217;extraescolar de piscina i poder assistir a esdeveniments organitzats per l&#8217;associaci\u00f3.<\/p>\n\n\n\n<ul class=\"wp-block-list\">\n<li><strong>Quant costa ser s\u00f2cia de l&#8217;AFA?<\/strong><\/li>\n<\/ul>\n\n\n\n<p>La nostra associaci\u00f3 principalment funciona econ\u00f2micament gr\u00e0cies a les quotes de les s\u00f2cies i socis i les subvencions. L\u2019AFA t\u00e9 moltes despeses: federaci\u00f3 d&#8217;AFA&#8217;s, assegurances, gestoria, etc. Sense pagar una quota, l&#8217;associaci\u00f3 desapareixer\u00e0.&nbsp;Cada fam\u00edlia paga una quota anual de 20\u20ac per poder ser s\u00f2cia. No importa quantes filles o fills tinguis matriculats al centre, la quota per al curs 24-25 \u00e9s de 20\u20ac per fam\u00edlia.<\/p>\n","protected":false},"excerpt":{"rendered":"<p>L\u2019AFA \u00e9s la l&#8217;Associaci\u00f3 de Fam\u00edlies d&#8217;Alumnes.&nbsp;\u00c9s una associaci\u00f3 sensa \u00e0nim de lucre que funciona gr\u00e0cies a la feina i [&hellip;]<\/p>\n","protected":false},"author":1,"featured_media":0,"parent":2411,"menu_order":30,"comment_status":"closed","ping_status":"closed","template":"","meta":{"_bbp_topic_count":0,"_bbp_reply_count":0,"_bbp_total_topic_count":0,"_bbp_total_reply_count":0,"_bbp_voice_count":0,"_bbp_anonymous_reply_count":0,"_bbp_topic_count_hidden":0,"_bbp_reply_count_hidden":0,"_bbp_forum_subforum_count":0,"site-sidebar-layout":"default","site-content-layout":"","ast-site-content-layout":"default","site-content-style":"default","site-sidebar-style":"default","ast-global-header-display":"","ast-banner-title-visibility":"","ast-main-header-display":"","ast-hfb-above-header-display":"","ast-hfb-below-header-display":"","ast-hfb-mobile-header-display":"","site-post-title":"","ast-breadcrumbs-content":"","ast-featured-img":"","footer-sml-layout":"","theme-transparent-header-meta":"","adv-header-id-meta":"","stick-header-meta":"","header-above-stick-meta":"","header-main-stick-meta":"","header-below-stick-meta":"","astra-migrate-meta-layouts":"set","ast-page-background-enabled":"default","ast-page-background-meta":{"desktop":{"background-color":"var(--ast-global-color-4)","background-image":"","background-repeat":"repeat","background-position":"center center","background-size":"auto","background-attachment":"scroll","background-type":"","background-media":"","overlay-type":"","overlay-color":"","overlay-opacity":"","overlay-gradient":""},"tablet":{"background-color":"","background-image":"","background-repeat":"repeat","background-position":"center center","background-size":"auto","background-attachment":"scroll","background-type":"","background-media":"","overlay-type":"","overlay-color":"","overlay-opacity":"","overlay-gradient":""},"mobile":{"background-color":"","background-image":"","background-repeat":"repeat","background-position":"center center","background-size":"auto","background-attachment":"scroll","background-type":"","background-media":"","overlay-type":"","overlay-color":"","overlay-opacity":"","overlay-gradient":""}},"ast-content-background-meta":{"desktop":{"background-color":"var(--ast-global-color-5)","background-image":"","background-repeat":"repeat","background-position":"center center","background-size":"auto","background-attachment":"scroll","background-type":"","background-media":"","overlay-type":"","overlay-color":"","overlay-opacity":"","overlay-gradient":""},"tablet":{"background-color":"var(--ast-global-color-5)","background-image":"","background-repeat":"repeat","background-position":"center center","background-size":"auto","background-attachment":"scroll","background-type":"","background-media":"","overlay-type":"","overlay-color":"","overlay-opacity":"","overlay-gradient":""},"mobile":{"background-color":"var(--ast-global-color-5)","background-image":"","background-repeat":"repeat","background-position":"center center","background-size":"auto","background-attachment":"scroll","background-type":"","background-media":"","overlay-type":"","overlay-color":"","overlay-opacity":"","overlay-gradient":""}},"footnotes":""},"class_list":["post-2973","page","type-page","status-publish","hentry"],"post_mailing_queue_ids":[],"_links":{"self":[{"href":"https:\/\/agora.xtec.cat\/ceipcolnous\/wp-json\/wp\/v2\/pages\/2973","targetHints":{"allow":["GET"]}}],"collection":[{"href":"https:\/\/agora.xtec.cat\/ceipcolnous\/wp-json\/wp\/v2\/pages"}],"about":[{"href":"https:\/\/agora.xtec.cat\/ceipcolnous\/wp-json\/wp\/v2\/types\/page"}],"author":[{"embeddable":true,"href":"https:\/\/agora.xtec.cat\/ceipcolnous\/wp-json\/wp\/v2\/users\/1"}],"replies":[{"embeddable":true,"href":"https:\/\/agora.xtec.cat\/ceipcolnous\/wp-json\/wp\/v2\/comments?post=2973"}],"version-history":[{"count":4,"href":"https:\/\/agora.xtec.cat\/ceipcolnous\/wp-json\/wp\/v2\/pages\/2973\/revisions"}],"predecessor-version":[{"id":8245,"href":"https:\/\/agora.xtec.cat\/ceipcolnous\/wp-json\/wp\/v2\/pages\/2973\/revisions\/8245"}],"up":[{"embeddable":true,"href":"https:\/\/agora.xtec.cat\/ceipcolnous\/wp-json\/wp\/v2\/pages\/2411"}],"wp:attachment":[{"href":"https:\/\/agora.xtec.cat\/ceipcolnous\/wp-json\/wp\/v2\/media?parent=2973"}],"curies":[{"name":"wp","href":"https:\/\/api.w.org\/{rel}","templated":true}]}}