{"id":2965,"date":"2019-11-12T23:19:12","date_gmt":"2019-11-12T22:19:12","guid":{"rendered":"https:\/\/agora.xtec.cat\/ceipcolnous\/?page_id=2965"},"modified":"2026-01-12T10:08:23","modified_gmt":"2026-01-12T09:08:23","slug":"consell-escolar","status":"publish","type":"page","link":"https:\/\/agora.xtec.cat\/ceipcolnous\/participa-a-lescola\/consell-escolar\/","title":{"rendered":"Consell Escolar"},"content":{"rendered":"\n<div class=\"wp-block-getwid-toggle has-icon-left\">\n<div class=\"wp-block-getwid-toggle__row\"><div class=\"wp-block-getwid-toggle__header-wrapper\"><h4 class=\"wp-block-getwid-toggle__header\"><a href=\"#\"><span class=\"wp-block-getwid-toggle__header-title\"><strong>FUNCIONS DEL CONSELL ESCOLAR<\/strong><\/span><span class=\"wp-block-getwid-toggle__icon is-active\"><i class=\"fas fa-chevron-down\"><\/i><\/span><span class=\"wp-block-getwid-toggle__icon is-passive\"><i class=\"fas fa-chevron-up\"><\/i><\/span><\/a><\/h4><\/div><div class=\"wp-block-getwid-toggle__content-wrapper\"><div class=\"wp-block-getwid-toggle__content\">\n<p>Corresponen al consell escolar les funcions seg\u00fcents (Art. 148. LEC):<\/p>\n\n\n\n<p>a) Aprovar el projecte educatiu i les modificacions corresponents per una majoria de tres cinquenes parts dels membres.<\/p>\n\n\n\n<p>b) Aprovar la programaci\u00f3 general anual del centre i avaluar-ne el&nbsp; desenvolupament i els resultats.<\/p>\n\n\n\n<p>c) Aprovar les propostes d\u2019acords de corresponsabilitat, convenis i altres acords de col\u00b7laboraci\u00f3 del centre amb entitats o institucions.<\/p>\n\n\n\n<p>d) Aprovar les normes d\u2019organitzaci\u00f3 i funcionament i les modificacions corresponents.<\/p>\n\n\n\n<p>e) Aprovar la carta de comprom\u00eds educatiu.<\/p>\n\n\n\n<p>f) Aprovar el pressupost del centre i el rendiment de comptes.<\/p>\n\n\n\n<p>g) Intervenir en el procediment d\u2019admissi\u00f3 d\u2019alumnes.<\/p>\n\n\n\n<p>h) Participar en el procediment de selecci\u00f3 i en la proposta de cessament del director o directora.<\/p>\n\n\n\n<p>i) Intervenir en la resoluci\u00f3 dels conflictes i, si escau, revisar les sancions als alumnes.<\/p>\n\n\n\n<p>j) Aprovar les directrius per a la programaci\u00f3 d\u2019activitats escolars&nbsp; complement\u00e0ries i d\u2019activitats extraescolars, i avaluar-ne el desenvolupament.<\/p>\n\n\n\n<p>k) Participar en les an\u00e0lisis i les avaluacions del funcionament general del centre i con\u00e8ixer l\u2019evoluci\u00f3 del rendiment escolar.<\/p>\n\n\n\n<p>l) Aprovar els criteris de col\u00b7laboraci\u00f3 amb altres centres i amb l\u2019entorn.<\/p>\n<\/div><\/div><\/div>\n\n\n\n<div class=\"wp-block-getwid-toggle__row\"><div class=\"wp-block-getwid-toggle__header-wrapper\"><h4 class=\"wp-block-getwid-toggle__header\"><a href=\"#\"><span class=\"wp-block-getwid-toggle__header-title\"><strong>INTEGRANTS DEL CONSELL ESCOLAR<\/strong><\/span><span class=\"wp-block-getwid-toggle__icon is-active\"><i class=\"fas fa-chevron-down\"><\/i><\/span><span class=\"wp-block-getwid-toggle__icon is-passive\"><i class=\"fas fa-chevron-up\"><\/i><\/span><\/a><\/h4><\/div><div class=\"wp-block-getwid-toggle__content-wrapper\"><div class=\"wp-block-getwid-toggle__content\">\n<p><strong>President:<\/strong> Fco. Javier R.<\/p>\n\n\n\n<p><strong>Cap d&#8217;estudis:<\/strong> Gemma P.<\/p>\n\n\n\n<p><strong>Secret\u00e0ria:<\/strong> Zaida D.<\/p>\n\n\n\n<p><strong>Representant PAE: <\/strong>M\u00edriam V.<\/p>\n\n\n\n<p><strong>Representant PAS: <\/strong>Susana T.<\/p>\n\n\n\n<p><strong>Representants sector mestres:<\/strong> David P., Mari C., Dolors M., Judit R., Elisa A., Laura C.<\/p>\n\n\n\n<p><strong>Representant AFA: <\/strong>Daniel P.<\/p>\n\n\n\n<p><strong>Representants sector fam\u00edlies:<\/strong> Fouzia E., Hakima S., Ibtissam Z., Kelly M., Zoubida T.<\/p>\n\n\n\n<p><strong>Representant Ajuntament: <\/strong>Laura C.<\/p>\n<\/div><\/div><\/div>\n\n\n\n<div class=\"wp-block-getwid-toggle__row\"><div class=\"wp-block-getwid-toggle__header-wrapper\"><h4 class=\"wp-block-getwid-toggle__header\"><a href=\"#\"><span class=\"wp-block-getwid-toggle__header-title\"><strong>QU\u00c8 \u00c9S I COM FUNCIONA EL CONSELL ESCOLAR?<\/strong><\/span><span class=\"wp-block-getwid-toggle__icon is-active\"><i class=\"fas fa-chevron-down\"><\/i><\/span><span class=\"wp-block-getwid-toggle__icon is-passive\"><i class=\"fas fa-chevron-up\"><\/i><\/span><\/a><\/h4><\/div><div class=\"wp-block-getwid-toggle__content-wrapper\"><div class=\"wp-block-getwid-toggle__content\">\n<p>El Consell Escolar \u00e9s l\u2019\u00f2rgan de participaci\u00f3 de la comunitat educativa en el govern dels centres docents, amb funcions en l\u2019\u00e0mbit de la programaci\u00f3 general del centre i en el seguiment i l\u2019avaluaci\u00f3 de les seves activitats.<\/p>\n\n\n\n<p>En el consell escolar hi ha representats tots els col\u00b7lectius que intervenen en la comunitat educativa: equip directiu, 5 membres del professorat, 1 membre del personal d\u2019administraci\u00f3 i serveis, 1 membre del personal d&#8217;atenci\u00f3 educativa (PAE), 5 representants de les fam\u00edlies, una persona representant de l&#8217;AFA i una persona representant de l&#8217;Ajuntament.<\/p>\n\n\n\n<p>Els membres del consell escolar s\u00f3n escollits per un per\u00edode de quatre anys i es renoven per meitats cada dos anys.<\/p>\n<\/div><\/div><\/div>\n\n\n\n<div class=\"wp-block-getwid-toggle__row\"><div class=\"wp-block-getwid-toggle__header-wrapper\"><h4 class=\"wp-block-getwid-toggle__header\"><a href=\"#\"><span class=\"wp-block-getwid-toggle__header-title\"><strong>ACORDS DEL CONSELL ESCOLAR<\/strong><\/span><span class=\"wp-block-getwid-toggle__icon is-active\"><i class=\"fas fa-chevron-down\"><\/i><\/span><span class=\"wp-block-getwid-toggle__icon is-passive\"><i class=\"fas fa-chevron-up\"><\/i><\/span><\/a><\/h4><\/div><div class=\"wp-block-getwid-toggle__content-wrapper\"><div class=\"wp-block-getwid-toggle__content\">\n<p>Podeu accedir als acords del consell escolar del curs 2025-26 a trav\u00e9s d&#8217;<strong><a href=\"https:\/\/drive.google.com\/drive\/folders\/1ZwZVHCbuSyO3yX2nKx5Mtie90Dbe6v2F?usp=sharing\" target=\"_blank\" rel=\"noreferrer noopener\">aquest enlla\u00e7<\/a><\/strong>.<\/p>\n<\/div><\/div><\/div>\n<\/div>\n","protected":false},"excerpt":{"rendered":"","protected":false},"author":1,"featured_media":0,"parent":2411,"menu_order":10,"comment_status":"closed","ping_status":"closed","template":"","meta":{"_bbp_topic_count":0,"_bbp_reply_count":0,"_bbp_total_topic_count":0,"_bbp_total_reply_count":0,"_bbp_voice_count":0,"_bbp_anonymous_reply_count":0,"_bbp_topic_count_hidden":0,"_bbp_reply_count_hidden":0,"_bbp_forum_subforum_count":0,"site-sidebar-layout":"default","site-content-layout":"","ast-site-content-layout":"default","site-content-style":"default","site-sidebar-style":"default","ast-global-header-display":"","ast-banner-title-visibility":"","ast-main-header-display":"","ast-hfb-above-header-display":"","ast-hfb-below-header-display":"","ast-hfb-mobile-header-display":"","site-post-title":"","ast-breadcrumbs-content":"","ast-featured-img":"","footer-sml-layout":"","theme-transparent-header-meta":"","adv-header-id-meta":"","stick-header-meta":"","header-above-stick-meta":"","header-main-stick-meta":"","header-below-stick-meta":"","astra-migrate-meta-layouts":"set","ast-page-background-enabled":"default","ast-page-background-meta":{"desktop":{"background-color":"var(--ast-global-color-4)","background-image":"","background-repeat":"repeat","background-position":"center center","background-size":"auto","background-attachment":"scroll","background-type":"","background-media":"","overlay-type":"","overlay-color":"","overlay-opacity":"","overlay-gradient":""},"tablet":{"background-color":"","background-image":"","background-repeat":"repeat","background-position":"center center","background-size":"auto","background-attachment":"scroll","background-type":"","background-media":"","overlay-type":"","overlay-color":"","overlay-opacity":"","overlay-gradient":""},"mobile":{"background-color":"","background-image":"","background-repeat":"repeat","background-position":"center center","background-size":"auto","background-attachment":"scroll","background-type":"","background-media":"","overlay-type":"","overlay-color":"","overlay-opacity":"","overlay-gradient":""}},"ast-content-background-meta":{"desktop":{"background-color":"var(--ast-global-color-5)","background-image":"","background-repeat":"repeat","background-position":"center center","background-size":"auto","background-attachment":"scroll","background-type":"","background-media":"","overlay-type":"","overlay-color":"","overlay-opacity":"","overlay-gradient":""},"tablet":{"background-color":"var(--ast-global-color-5)","background-image":"","background-repeat":"repeat","background-position":"center center","background-size":"auto","background-attachment":"scroll","background-type":"","background-media":"","overlay-type":"","overlay-color":"","overlay-opacity":"","overlay-gradient":""},"mobile":{"background-color":"var(--ast-global-color-5)","background-image":"","background-repeat":"repeat","background-position":"center center","background-size":"auto","background-attachment":"scroll","background-type":"","background-media":"","overlay-type":"","overlay-color":"","overlay-opacity":"","overlay-gradient":""}},"footnotes":""},"class_list":["post-2965","page","type-page","status-publish","hentry"],"post_mailing_queue_ids":[],"_links":{"self":[{"href":"https:\/\/agora.xtec.cat\/ceipcolnous\/wp-json\/wp\/v2\/pages\/2965","targetHints":{"allow":["GET"]}}],"collection":[{"href":"https:\/\/agora.xtec.cat\/ceipcolnous\/wp-json\/wp\/v2\/pages"}],"about":[{"href":"https:\/\/agora.xtec.cat\/ceipcolnous\/wp-json\/wp\/v2\/types\/page"}],"author":[{"embeddable":true,"href":"https:\/\/agora.xtec.cat\/ceipcolnous\/wp-json\/wp\/v2\/users\/1"}],"replies":[{"embeddable":true,"href":"https:\/\/agora.xtec.cat\/ceipcolnous\/wp-json\/wp\/v2\/comments?post=2965"}],"version-history":[{"count":6,"href":"https:\/\/agora.xtec.cat\/ceipcolnous\/wp-json\/wp\/v2\/pages\/2965\/revisions"}],"predecessor-version":[{"id":8733,"href":"https:\/\/agora.xtec.cat\/ceipcolnous\/wp-json\/wp\/v2\/pages\/2965\/revisions\/8733"}],"up":[{"embeddable":true,"href":"https:\/\/agora.xtec.cat\/ceipcolnous\/wp-json\/wp\/v2\/pages\/2411"}],"wp:attachment":[{"href":"https:\/\/agora.xtec.cat\/ceipcolnous\/wp-json\/wp\/v2\/media?parent=2965"}],"curies":[{"name":"wp","href":"https:\/\/api.w.org\/{rel}","templated":true}]}}