{"id":626,"date":"2018-07-26T12:27:47","date_gmt":"2018-07-26T10:27:47","guid":{"rendered":"http:\/\/agora.xtec.cat\/ceipcollbaix\/?page_id=626"},"modified":"2022-09-05T10:25:19","modified_gmt":"2022-09-05T08:25:19","slug":"acollida","status":"publish","type":"page","link":"https:\/\/agora.xtec.cat\/ceipcollbaix\/serveis\/acollida\/","title":{"rendered":"Acollida"},"content":{"rendered":"<p>Des del primer dia de curs, l&#8217;escola ofereix el servei d&#8217;acollida matinal, de les 8h fins a les 9h. La Marta Jov\u00e9, de l&#8217;empresa CAE, monitoritza les activitats que s&#8217;hi fan.<\/p>\n<p>El preu per un mes sencer \u00e9s de 40\u20ac. Si se n&#8217;ha de fer un \u00fas puntual, el preu \u00e9s per fraccions de 15 minuts, a ra\u00f3 d&#8217;1\u20ac per cada quart d&#8217;hora.<\/p>\n<div class=\"\"><\/div>\n","protected":false},"excerpt":{"rendered":"<p>Des del primer dia de curs, l&#8217;escola ofereix el servei d&#8217;acollida matinal, de les 8h fins a les 9h. La Marta Jov\u00e9, de l&#8217;empresa CAE, monitoritza les activitats que s&#8217;hi fan.<br \/>\nEl preu per un mes sencer \u00e9s de 40\u20ac. Si se n&#8217;ha de fer un&hellip;  <a href=\"https:\/\/agora.xtec.cat\/ceipcollbaix\/serveis\/acollida\/\" title=\"Read Acollida\">Llegeix m\u00e9s\u00bb<\/a><\/p>\n","protected":false},"author":7,"featured_media":0,"parent":622,"menu_order":0,"comment_status":"closed","ping_status":"closed","template":"page-templates\/side-menu.php","meta":{"_bbp_topic_count":0,"_bbp_reply_count":0,"_bbp_total_topic_count":0,"_bbp_total_reply_count":0,"_bbp_voice_count":0,"_bbp_anonymous_reply_count":0,"_bbp_topic_count_hidden":0,"_bbp_reply_count_hidden":0,"_bbp_forum_subforum_count":0,"footnotes":""},"class_list":["post-626","page","type-page","status-publish","hentry"],"post_mailing_queue_ids":[],"_links":{"self":[{"href":"https:\/\/agora.xtec.cat\/ceipcollbaix\/wp-json\/wp\/v2\/pages\/626","targetHints":{"allow":["GET"]}}],"collection":[{"href":"https:\/\/agora.xtec.cat\/ceipcollbaix\/wp-json\/wp\/v2\/pages"}],"about":[{"href":"https:\/\/agora.xtec.cat\/ceipcollbaix\/wp-json\/wp\/v2\/types\/page"}],"author":[{"embeddable":true,"href":"https:\/\/agora.xtec.cat\/ceipcollbaix\/wp-json\/wp\/v2\/users\/7"}],"replies":[{"embeddable":true,"href":"https:\/\/agora.xtec.cat\/ceipcollbaix\/wp-json\/wp\/v2\/comments?post=626"}],"version-history":[{"count":3,"href":"https:\/\/agora.xtec.cat\/ceipcollbaix\/wp-json\/wp\/v2\/pages\/626\/revisions"}],"predecessor-version":[{"id":5740,"href":"https:\/\/agora.xtec.cat\/ceipcollbaix\/wp-json\/wp\/v2\/pages\/626\/revisions\/5740"}],"up":[{"embeddable":true,"href":"https:\/\/agora.xtec.cat\/ceipcollbaix\/wp-json\/wp\/v2\/pages\/622"}],"wp:attachment":[{"href":"https:\/\/agora.xtec.cat\/ceipcollbaix\/wp-json\/wp\/v2\/media?parent=626"}],"curies":[{"name":"wp","href":"https:\/\/api.w.org\/{rel}","templated":true}]}}