{"id":624,"date":"2018-07-26T12:27:26","date_gmt":"2018-07-26T10:27:26","guid":{"rendered":"http:\/\/agora.xtec.cat\/ceipcollbaix\/?page_id=624"},"modified":"2024-07-11T12:18:40","modified_gmt":"2024-07-11T10:18:40","slug":"serveis-digitals","status":"publish","type":"page","link":"https:\/\/agora.xtec.cat\/ceipcollbaix\/serveis\/serveis-digitals\/","title":{"rendered":"Recursos digitals"},"content":{"rendered":"<p>L&#8217;alumnat d\u2019avui dia ha estat en contacte amb les tecnologies des dels primers passos de la seva vida. S\u00f3n nadius digitals. Els nens i les nenes tenen facilitat per a la comprensi\u00f3 del funcionament b\u00e0sic dels dispositius, per\u00f2 aix\u00f2 no vol dir que entenguin millor la societat actual.<\/p>\n<p>A l&#8217;escola Collbaix considerem que \u00e9s imprescindible apostar per una formaci\u00f3 human\u00edstica associada a les noves tecnologies, que permeti una comprensi\u00f3 de l\u2019entorn digital i que, a m\u00e9s, contribueixi a fer els ciutadans m\u00e9s cr\u00edtics i implicats en el futur de la societat.<\/p>\n<p>Hi ha canons projectors a totes les aules de l&#8217;escola, aix\u00ed com ordinadors amb connexi\u00f3 a Internet i servei Wi-fi. A les aules de 3r, 4t, 5\u00e8 i 6\u00e8 hi ha, a m\u00e9s a m\u00e9s, un carro amb ordinadors portatils personals per a cada alumne.<\/p>\n<p>L&#8217;any 2020, alumnes, fam\u00edlies i mestres van fer un curset accelerat per adaptar-nos a la nova situaci\u00f3 digital. Una de les primeres mesures va ser crear un banc de recursos digitals per a poder aprendre des de casa. Tamb\u00e9, de forma setmanal, s&#8217;han fet propostes adaptades a cada curs. Hi podreu accedir fent clic a la seg\u00fcent imatge.<\/p>\n<p>L&#8217;any 2023, els docents de l&#8217;escola han realitzat un altre curs digital de nivell A1, tutoritzat per els coordinadors digitals del centre amb l&#8217;objectiu d&#8217;assegurar un nivell b\u00e0sic de compet\u00e8ncia digital entre el professorat.<\/p>\n<p>L&#8217;any 2024, el departament d&#8217;educaci\u00f3 ha dotat l&#8217;escola de panells digitals interactius per a totes les aules de l&#8217;escola. Aquest mateix any, arriben tamb\u00e9 des del departament, una dotaci\u00f3 de diversos kits de rob\u00f2tica amb complexitats segons l&#8217;edat de l&#8217;infant. Una part importants dels docents de l&#8217;escola realitzen el juny d&#8217;aquest any una formaci\u00f3 en l&#8217;\u00e0mbit de rob\u00f2tica per poder garantir una aplicaci\u00f3 pedag\u00f2gica real i progressiva a les aules.<\/p>\n<p>Tamb\u00e9 posem a disposici\u00f3 de mestres i alumnes uns tutorials per a gesti\u00f3 de les adreces de correu electr\u00f2nic i tamb\u00e9 per a crear Formularis de Google, una eina molt \u00fatil per a crear preguntes i recollir-ne les respostes.<a href=\"https:\/\/sites.google.com\/xtec.cat\/tutorial\/p%C3%A0gina-principal\" target=\"_blank\" rel=\"noopener noreferrer\"><img loading=\"lazy\" decoding=\"async\" class=\"alignnone wp-image-2642 size-full\" src=\"https:\/\/agora.xtec.cat\/ceipcollbaix\/wp-content\/uploads\/usu1796\/2020\/05\/Untitled-7.png\" alt=\"\" width=\"672\" height=\"210\" srcset=\"https:\/\/agora.xtec.cat\/ceipcollbaix\/wp-content\/uploads\/usu1796\/2020\/05\/Untitled-7.png 672w, https:\/\/agora.xtec.cat\/ceipcollbaix\/wp-content\/uploads\/usu1796\/2020\/05\/Untitled-7-300x94.png 300w\" sizes=\"auto, (max-width: 672px) 100vw, 672px\" \/><\/a><\/p>\n<p>&nbsp;<\/p>\n","protected":false},"excerpt":{"rendered":"<p>L&#8217;alumnat d\u2019avui dia ha estat en contacte amb les tecnologies des dels primers passos de la seva vida. S\u00f3n nadius digitals. Els nens i les nenes tenen facilitat per a la comprensi\u00f3 del funcionament b\u00e0sic dels dispositius, per\u00f2 aix\u00f2 no vol dir que entenguin millor&hellip;  <a href=\"https:\/\/agora.xtec.cat\/ceipcollbaix\/serveis\/serveis-digitals\/\" title=\"Read Recursos digitals\">Llegeix m\u00e9s\u00bb<\/a><\/p>\n","protected":false},"author":7,"featured_media":0,"parent":622,"menu_order":0,"comment_status":"closed","ping_status":"closed","template":"page-templates\/side-menu.php","meta":{"_bbp_topic_count":0,"_bbp_reply_count":0,"_bbp_total_topic_count":0,"_bbp_total_reply_count":0,"_bbp_voice_count":0,"_bbp_anonymous_reply_count":0,"_bbp_topic_count_hidden":0,"_bbp_reply_count_hidden":0,"_bbp_forum_subforum_count":0,"footnotes":""},"class_list":["post-624","page","type-page","status-publish","hentry"],"post_mailing_queue_ids":[],"_links":{"self":[{"href":"https:\/\/agora.xtec.cat\/ceipcollbaix\/wp-json\/wp\/v2\/pages\/624","targetHints":{"allow":["GET"]}}],"collection":[{"href":"https:\/\/agora.xtec.cat\/ceipcollbaix\/wp-json\/wp\/v2\/pages"}],"about":[{"href":"https:\/\/agora.xtec.cat\/ceipcollbaix\/wp-json\/wp\/v2\/types\/page"}],"author":[{"embeddable":true,"href":"https:\/\/agora.xtec.cat\/ceipcollbaix\/wp-json\/wp\/v2\/users\/7"}],"replies":[{"embeddable":true,"href":"https:\/\/agora.xtec.cat\/ceipcollbaix\/wp-json\/wp\/v2\/comments?post=624"}],"version-history":[{"count":5,"href":"https:\/\/agora.xtec.cat\/ceipcollbaix\/wp-json\/wp\/v2\/pages\/624\/revisions"}],"predecessor-version":[{"id":7333,"href":"https:\/\/agora.xtec.cat\/ceipcollbaix\/wp-json\/wp\/v2\/pages\/624\/revisions\/7333"}],"up":[{"embeddable":true,"href":"https:\/\/agora.xtec.cat\/ceipcollbaix\/wp-json\/wp\/v2\/pages\/622"}],"wp:attachment":[{"href":"https:\/\/agora.xtec.cat\/ceipcollbaix\/wp-json\/wp\/v2\/media?parent=624"}],"curies":[{"name":"wp","href":"https:\/\/api.w.org\/{rel}","templated":true}]}}