{"id":6008,"date":"2023-01-23T13:10:11","date_gmt":"2023-01-23T12:10:11","guid":{"rendered":"https:\/\/agora.xtec.cat\/ceipcollbaix\/?page_id=6008"},"modified":"2024-03-07T16:16:53","modified_gmt":"2024-03-07T15:16:53","slug":"cultura-digital","status":"publish","type":"page","link":"https:\/\/agora.xtec.cat\/ceipcollbaix\/projecte-educatiu\/edc-estrategia-digital-de-centre\/cultura-digital\/","title":{"rendered":"Cultura Digital"},"content":{"rendered":"<p><strong>Aqu\u00ed hi trobareu el pla d&#8217;acollida digital, fent clic als seg\u00fcents enlla\u00e7os.\u00a0<\/strong><\/p>\n<p><a href=\"https:\/\/drive.google.com\/file\/d\/1sgGJcXJ7u_GNd30BB67qA8hkov9nHa-k\/view?usp=sharing\">PLA D&#8217;ACOLLIDA DIGITAL (NOUS DOCENTS)<\/a><\/p>\n<p><a href=\"https:\/\/drive.google.com\/file\/d\/1-UcnLljZxx4DTGoLvQz7_epoJtt0Vpeu\/view?usp=sharing\">PLA D&#8217;ACOLLIDA DIGITAL (NOU ALUMNAT)\u00a0<\/a><\/p>\n<p><a href=\"https:\/\/drive.google.com\/file\/d\/1N4CCTx0yHfuOciAqVGbhSBe59RnNBhUB\/view?usp=sharing\">PLA D&#8217;ACOLLIDA DIGITAL (NOVES FAM\u00cdLIES)<\/a><\/p>\n<p>&nbsp;<\/p>\n","protected":false},"excerpt":{"rendered":"<p>Aqu\u00ed hi trobareu el pla d&#8217;acollida digital, fent clic als seg\u00fcents enlla\u00e7os.\u00a0<br \/>\n<a href=\"https:\/\/drive.google.com\/file\/d\/1sgGJcXJ7u_GNd30BB67qA8hkov9nHa-k\/view?usp=sharing\">PLA D&#8217;ACOLLIDA DIGITAL (NOUS DOCENTS)<\/a><br \/>\n<a href=\"https:\/\/drive.google.com\/file\/d\/1-UcnLljZxx4DTGoLvQz7_epoJtt0Vpeu\/view?usp=sharing\">PLA D&#8217;ACOLLIDA DIGITAL (NOU ALUMNAT)\u00a0<\/a><br \/>\n<a href=\"https:\/\/drive.google.com\/file\/d\/1N4CCTx0yHfuOciAqVGbhSBe59RnNBhUB\/view?usp=sharing\">PLA D&#8217;ACOLLIDA DIGITAL (NOVES FAM\u00cdLIES)<\/a><br \/>\n&nbsp;<\/p>\n","protected":false},"author":7,"featured_media":0,"parent":6003,"menu_order":0,"comment_status":"closed","ping_status":"closed","template":"","meta":{"_bbp_topic_count":0,"_bbp_reply_count":0,"_bbp_total_topic_count":0,"_bbp_total_reply_count":0,"_bbp_voice_count":0,"_bbp_anonymous_reply_count":0,"_bbp_topic_count_hidden":0,"_bbp_reply_count_hidden":0,"_bbp_forum_subforum_count":0,"footnotes":""},"class_list":["post-6008","page","type-page","status-publish","hentry"],"post_mailing_queue_ids":[],"_links":{"self":[{"href":"https:\/\/agora.xtec.cat\/ceipcollbaix\/wp-json\/wp\/v2\/pages\/6008","targetHints":{"allow":["GET"]}}],"collection":[{"href":"https:\/\/agora.xtec.cat\/ceipcollbaix\/wp-json\/wp\/v2\/pages"}],"about":[{"href":"https:\/\/agora.xtec.cat\/ceipcollbaix\/wp-json\/wp\/v2\/types\/page"}],"author":[{"embeddable":true,"href":"https:\/\/agora.xtec.cat\/ceipcollbaix\/wp-json\/wp\/v2\/users\/7"}],"replies":[{"embeddable":true,"href":"https:\/\/agora.xtec.cat\/ceipcollbaix\/wp-json\/wp\/v2\/comments?post=6008"}],"version-history":[{"count":5,"href":"https:\/\/agora.xtec.cat\/ceipcollbaix\/wp-json\/wp\/v2\/pages\/6008\/revisions"}],"predecessor-version":[{"id":7084,"href":"https:\/\/agora.xtec.cat\/ceipcollbaix\/wp-json\/wp\/v2\/pages\/6008\/revisions\/7084"}],"up":[{"embeddable":true,"href":"https:\/\/agora.xtec.cat\/ceipcollbaix\/wp-json\/wp\/v2\/pages\/6003"}],"wp:attachment":[{"href":"https:\/\/agora.xtec.cat\/ceipcollbaix\/wp-json\/wp\/v2\/media?parent=6008"}],"curies":[{"name":"wp","href":"https:\/\/api.w.org\/{rel}","templated":true}]}}