{"id":591,"date":"2018-07-26T12:02:56","date_gmt":"2018-07-26T10:02:56","guid":{"rendered":"http:\/\/agora.xtec.cat\/ceipcollbaix\/?page_id=591"},"modified":"2023-07-14T09:31:52","modified_gmt":"2023-07-14T07:31:52","slug":"autoritzacions","status":"publish","type":"page","link":"https:\/\/agora.xtec.cat\/ceipcollbaix\/projecte-educatiu\/autoritzacions\/","title":{"rendered":"Autoritzacions"},"content":{"rendered":"<blockquote><p><strong>Salut<\/strong><\/p><\/blockquote>\n<p><a href=\"http:\/\/agora.xtec.cat\/ceipcollbaix\/wp-content\/uploads\/usu1796\/2018\/09\/AUTORITZACI\u00d3-MEDICAMENTS.pdf\">Subministrament medicaments en horari lectiu<\/a><\/p>\n<p><a href=\"https:\/\/agora.xtec.cat\/ceipcollbaix\/wp-content\/uploads\/usu1796\/2019\/01\/SIM-080445419011614150.pdf\">Subministrament medicaments a l&#8217;hora del menjador<\/a><\/p>\n<p><a href=\"https:\/\/agora.xtec.cat\/ceipcollbaix\/wp-content\/uploads\/usu1796\/2020\/09\/A027-V02-19_LCNE_Form-Vacunaci\u00f3-escolar-a-sis\u00e8-EP-i-primer-ESO_2020-21.pdf\" target=\"_blank\" rel=\"noopener noreferrer\">Vacunes de 6\u00e8<\/a><\/p>\n<p><strong>Documents sobre al\u00b7l\u00e8rgies i\/o intoler\u00e0ncies (tots 4 s\u00f3n necessaris, si es d\u00f3na el cas)<\/strong><\/p>\n<table style=\"height: 45px; width: 550px;\" width=\"606\">\n<tbody>\n<tr>\n<td style=\"width: 100px;\"><a href=\"https:\/\/agora.xtec.cat\/ceipcollbaix\/wp-content\/uploads\/usu1796\/2020\/11\/Recollida-info.-alumnes-amb-al.l\u00e8rgies.pdf\" target=\"_blank\" rel=\"noopener noreferrer\">Document 1<\/a><\/td>\n<td style=\"width: 99px;\"><a href=\"https:\/\/agora.xtec.cat\/ceipcollbaix\/wp-content\/uploads\/usu1796\/2020\/11\/Autoritzaci\u00f3-a-donar-medicaci\u00f3-en-reacci\u00f3-al.l\u00e8rgica.pdf\" target=\"_blank\" rel=\"noopener noreferrer\">Document 2<\/a><\/td>\n<td style=\"width: 119px;\"><a href=\"https:\/\/agora.xtec.cat\/ceipcollbaix\/wp-content\/uploads\/usu1796\/2020\/11\/Pautes-actuaci\u00f3-en-cas-reacci\u00f3-al.l\u00e8rgica.pdf\" target=\"_blank\" rel=\"noopener noreferrer\">Document 3<\/a><\/td>\n<td style=\"width: 220px;\"><a href=\"https:\/\/agora.xtec.cat\/ceipcollbaix\/wp-content\/uploads\/usu1796\/2020\/11\/Informaci\u00f3-CAP.pdf\" target=\"_blank\" rel=\"noopener noreferrer\">Document 4 (a omplir pel CAP)<\/a><\/td>\n<\/tr>\n<\/tbody>\n<\/table>\n<blockquote><p><strong>Altres<\/strong><\/p><\/blockquote>\n<p><a href=\"https:\/\/agora.xtec.cat\/ceipcollbaix\/wp-content\/uploads\/usu1796\/2020\/10\/Autoritzaci\u00f3-serveis-digitals.pdf\" target=\"_blank\" rel=\"noopener noreferrer\">\u00das de serveis i eines digitals (G-Suite)<\/a><\/p>\n<p><a href=\"https:\/\/agora.xtec.cat\/ceipcollbaix\/wp-content\/uploads\/usu1796\/2020\/09\/imatge-drets-1.pdf\" target=\"_blank\" rel=\"noopener noreferrer\">Drets d&#8217;imatge dels infants<\/a><\/p>\n<p><a href=\"https:\/\/agora.xtec.cat\/ceipcollbaix\/wp-content\/uploads\/usu1796\/2021\/09\/AUTORITZACIO-SORTIDES-anuals-21-22-copia.pdf\" target=\"_blank\" rel=\"noopener noreferrer\">Sortides anuals<\/a><\/p>\n<p><a href=\"https:\/\/agora.xtec.cat\/ceipcollbaix\/wp-content\/uploads\/usu1796\/2021\/09\/AUTORITZACIO_Sortides-poble-2021-22-copia.pdf\" target=\"_blank\" rel=\"noopener noreferrer\">Sortides pel poble<\/a><\/p>\n<p><a href=\"http:\/\/agora.xtec.cat\/ceipcollbaix\/wp-content\/uploads\/usu1796\/2018\/10\/AUTORITZACI\u00d3-PER-A-RECOLLIR-GERMANS.pdf\" target=\"_blank\" rel=\"noopener noreferrer\">Recollir un germ\u00e0 o germana (cal cursar 4t, com a m\u00ednim)<\/a><\/p>\n","protected":false},"excerpt":{"rendered":"<p>Salut<br \/>\n<a href=\"http:\/\/agora.xtec.cat\/ceipcollbaix\/wp-content\/uploads\/usu1796\/2018\/09\/AUTORITZACI\u00d3-MEDICAMENTS.pdf\">Subministrament medicaments en horari lectiu<\/a><br \/>\n<a href=\"https:\/\/agora.xtec.cat\/ceipcollbaix\/wp-content\/uploads\/usu1796\/2019\/01\/SIM-080445419011614150.pdf\">Subministrament medicaments a l&#8217;hora del menjador<\/a><br \/>\n<a href=\"https:\/\/agora.xtec.cat\/ceipcollbaix\/wp-content\/uploads\/usu1796\/2020\/09\/A027-V02-19_LCNE_Form-Vacunaci\u00f3-escolar-a-sis\u00e8-EP-i-primer-ESO_2020-21.pdf\" target=\"_blank\" rel=\"noopener noreferrer\">Vacunes de 6\u00e8<\/a><br \/>\nDocuments sobre al\u00b7l\u00e8rgies i\/o intoler\u00e0ncies (tots 4 s\u00f3n necessaris, si es d\u00f3na el cas)<\/p>\n<p><a href=\"https:\/\/agora.xtec.cat\/ceipcollbaix\/wp-content\/uploads\/usu1796\/2020\/11\/Recollida-info.-alumnes-amb-al.l\u00e8rgies.pdf\" target=\"_blank\" rel=\"noopener noreferrer\">Document 1<\/a><br \/>\n<a href=\"https:\/\/agora.xtec.cat\/ceipcollbaix\/wp-content\/uploads\/usu1796\/2020\/11\/Autoritzaci\u00f3-a-donar-medicaci\u00f3-en-reacci\u00f3-al.l\u00e8rgica.pdf\" target=\"_blank\" rel=\"noopener noreferrer\">Document 2<\/a><br \/>\n<a href=\"https:\/\/agora.xtec.cat\/ceipcollbaix\/wp-content\/uploads\/usu1796\/2020\/11\/Pautes-actuaci\u00f3-en-cas-reacci\u00f3-al.l\u00e8rgica.pdf\" target=\"_blank\" rel=\"noopener noreferrer\">Document&hellip;  <a href=\"https:\/\/agora.xtec.cat\/ceipcollbaix\/projecte-educatiu\/autoritzacions\/\" title=\"Read Autoritzacions\">Llegeix m\u00e9s\u00bb<\/a><\/p>\n","protected":false},"author":7,"featured_media":0,"parent":64,"menu_order":0,"comment_status":"closed","ping_status":"closed","template":"page-templates\/side-menu.php","meta":{"_bbp_topic_count":0,"_bbp_reply_count":0,"_bbp_total_topic_count":0,"_bbp_total_reply_count":0,"_bbp_voice_count":0,"_bbp_anonymous_reply_count":0,"_bbp_topic_count_hidden":0,"_bbp_reply_count_hidden":0,"_bbp_forum_subforum_count":0,"footnotes":""},"class_list":["post-591","page","type-page","status-publish","hentry"],"post_mailing_queue_ids":[],"_links":{"self":[{"href":"https:\/\/agora.xtec.cat\/ceipcollbaix\/wp-json\/wp\/v2\/pages\/591","targetHints":{"allow":["GET"]}}],"collection":[{"href":"https:\/\/agora.xtec.cat\/ceipcollbaix\/wp-json\/wp\/v2\/pages"}],"about":[{"href":"https:\/\/agora.xtec.cat\/ceipcollbaix\/wp-json\/wp\/v2\/types\/page"}],"author":[{"embeddable":true,"href":"https:\/\/agora.xtec.cat\/ceipcollbaix\/wp-json\/wp\/v2\/users\/7"}],"replies":[{"embeddable":true,"href":"https:\/\/agora.xtec.cat\/ceipcollbaix\/wp-json\/wp\/v2\/comments?post=591"}],"version-history":[{"count":4,"href":"https:\/\/agora.xtec.cat\/ceipcollbaix\/wp-json\/wp\/v2\/pages\/591\/revisions"}],"predecessor-version":[{"id":6663,"href":"https:\/\/agora.xtec.cat\/ceipcollbaix\/wp-json\/wp\/v2\/pages\/591\/revisions\/6663"}],"up":[{"embeddable":true,"href":"https:\/\/agora.xtec.cat\/ceipcollbaix\/wp-json\/wp\/v2\/pages\/64"}],"wp:attachment":[{"href":"https:\/\/agora.xtec.cat\/ceipcollbaix\/wp-json\/wp\/v2\/media?parent=591"}],"curies":[{"name":"wp","href":"https:\/\/api.w.org\/{rel}","templated":true}]}}