{"id":587,"date":"2018-07-26T12:01:37","date_gmt":"2018-07-26T10:01:37","guid":{"rendered":"http:\/\/agora.xtec.cat\/ceipcollbaix\/?page_id=587"},"modified":"2026-01-30T14:51:50","modified_gmt":"2026-01-30T13:51:50","slug":"organitzacio-i-gestio-de-centre","status":"publish","type":"page","link":"https:\/\/agora.xtec.cat\/ceipcollbaix\/projecte-educatiu\/organitzacio-i-gestio-de-centre\/","title":{"rendered":"Organitzaci\u00f3 i gesti\u00f3 de centre"},"content":{"rendered":"<p>El dia 1 de juliol del 2023 es va iniciar un nou mandat de direcci\u00f3, el qual s&#8217;allargar\u00e0 fins al 30 de juny del 2027. La composici\u00f3 del nou equip directiu \u00e9s la seg\u00fcent:<\/p>\n<p>-Ana Bel\u00e9n Mateo, com a <strong>secret\u00e0ria<\/strong>.<\/p>\n<p>-Oriol Duocastella, com a <strong>cap d&#8217;estudis<\/strong>.<\/p>\n<p>-Jes\u00fas Mart\u00ednez, com a <strong>director<\/strong>.<\/p>\n<p>El document que recull el desplegament i l&#8217;aplicaci\u00f3 del Projecte Educatiu durant el mandat de direcci\u00f3 \u00e9s el Projecte de Direcci\u00f3. Els dos documents (Projecte Educatiu i Projecte de Direcci\u00f3) els trobareu aqu\u00ed sota:<\/p>\n<p><a href=\"https:\/\/agora.xtec.cat\/ceipcollbaix\/wp-content\/uploads\/usu1796\/2021\/02\/PEC-2016.pdf\" target=\"_blank\" rel=\"noopener noreferrer\">Projecte Educatiu de Centre (PEC) <em>(actualment en proc\u00e9s de revisi\u00f3 i actualitzaci\u00f3)<\/em><\/a><\/p>\n<p><a href=\"https:\/\/view.genial.ly\/642d7ab613a3b7001a4d10ee\/guide-presentacio-pdd-comissio\">Projecte de Direcci\u00f3 (PdD)<\/a><\/p>\n<p>Altres documents d&#8217;inter\u00e8s (aprovats en Consell Escolar):<\/p>\n<p><a href=\"https:\/\/agora.xtec.cat\/ceipcollbaix\/wp-content\/uploads\/usu1796\/2022\/05\/PLC-PROJECTE-LINGUISTIC-DE-CENTRE-2019.pdf\">Projecte Ling\u00fc\u00edstic de Centre (PLC) (actualitzat 2021)<\/a><\/p>\n<p><a href=\"https:\/\/agora.xtec.cat\/ceipcollbaix\/wp-content\/uploads\/usu1796\/2021\/02\/Pla-de-conviv\u00e8ncia-Collbaix-def.pdf\" target=\"_blank\" rel=\"noopener noreferrer\">Pla de Conviv\u00e8ncia<\/a><\/p>\n<p>Estrat\u00e8gia digital de centre (EDC)<\/p>\n<p><a href=\"https:\/\/drive.google.com\/file\/d\/1janV0GNWlk_PH5kgvrnfv3bXhcy0TJ1S\/view?usp=sharing\">Programaci\u00f3 General Anual (PGA) 2025-26<\/a><\/p>\n<p><a href=\"https:\/\/agora.xtec.cat\/ceipcollbaix\/wp-content\/uploads\/usu1796\/2023\/01\/Pla_acollida-collbaix.docx.pdf\">Pla d&#8217;acollida<\/a><\/p>\n<p><a href=\"https:\/\/drive.google.com\/file\/d\/15YDYZ_t0irSfLuDxDabpDEkPPij0vuKl\/view?usp=sharing\">Mem\u00f2ria Anual de Centre 24-25<\/a><\/p>\n<p>Tamb\u00e9 podeu consultar les Normes d&#8217;Organitzaci\u00f3 i de Funcionament de Centre fent clic <a href=\"http:\/\/agora.xtec.cat\/ceipcollbaix\/wp-content\/uploads\/usu1796\/2018\/10\/NOFC-2014.pdf\" target=\"_blank\" rel=\"noopener noreferrer\">aqu\u00ed<\/a>.<\/p>\n<p>Documents \u00fatils per al dia a dia:<\/p>\n<p><a href=\"https:\/\/agora.xtec.cat\/ceipcollbaix\/wp-content\/uploads\/usu1796\/2019\/10\/Comprom\u00eds-de-puntualitat.pdf\" target=\"_blank\" rel=\"noopener noreferrer\">Comprom\u00eds de puntualitat<\/a><\/p>\n<p><a href=\"https:\/\/drive.google.com\/file\/d\/1SK7TsS2hk3_xJS3U9LW8xMJWqtFfdk84\/view?usp=sharing\">Llibret Des de l&#8217;Escola curs 25-26<\/a><\/p>\n","protected":false},"excerpt":{"rendered":"<p>El dia 1 de juliol del 2023 es va iniciar un nou mandat de direcci\u00f3, el qual s&#8217;allargar\u00e0 fins al 30 de juny del 2027. La composici\u00f3 del nou equip directiu \u00e9s la seg\u00fcent:<br \/>\n-Ana Bel\u00e9n Mateo, com a secret\u00e0ria.<br \/>\n-Oriol Duocastella, com a cap d&#8217;estudis.<br \/>\n-Jes\u00fas Mart\u00ednez,&hellip;  <a href=\"https:\/\/agora.xtec.cat\/ceipcollbaix\/projecte-educatiu\/organitzacio-i-gestio-de-centre\/\" title=\"Read Organitzaci\u00f3 i gesti\u00f3 de centre\">Llegeix m\u00e9s\u00bb<\/a><\/p>\n","protected":false},"author":7,"featured_media":0,"parent":64,"menu_order":0,"comment_status":"closed","ping_status":"closed","template":"page-templates\/side-menu.php","meta":{"_bbp_topic_count":0,"_bbp_reply_count":0,"_bbp_total_topic_count":0,"_bbp_total_reply_count":0,"_bbp_voice_count":0,"_bbp_anonymous_reply_count":0,"_bbp_topic_count_hidden":0,"_bbp_reply_count_hidden":0,"_bbp_forum_subforum_count":0,"footnotes":""},"class_list":["post-587","page","type-page","status-publish","hentry"],"post_mailing_queue_ids":[],"_links":{"self":[{"href":"https:\/\/agora.xtec.cat\/ceipcollbaix\/wp-json\/wp\/v2\/pages\/587","targetHints":{"allow":["GET"]}}],"collection":[{"href":"https:\/\/agora.xtec.cat\/ceipcollbaix\/wp-json\/wp\/v2\/pages"}],"about":[{"href":"https:\/\/agora.xtec.cat\/ceipcollbaix\/wp-json\/wp\/v2\/types\/page"}],"author":[{"embeddable":true,"href":"https:\/\/agora.xtec.cat\/ceipcollbaix\/wp-json\/wp\/v2\/users\/7"}],"replies":[{"embeddable":true,"href":"https:\/\/agora.xtec.cat\/ceipcollbaix\/wp-json\/wp\/v2\/comments?post=587"}],"version-history":[{"count":6,"href":"https:\/\/agora.xtec.cat\/ceipcollbaix\/wp-json\/wp\/v2\/pages\/587\/revisions"}],"predecessor-version":[{"id":8152,"href":"https:\/\/agora.xtec.cat\/ceipcollbaix\/wp-json\/wp\/v2\/pages\/587\/revisions\/8152"}],"up":[{"embeddable":true,"href":"https:\/\/agora.xtec.cat\/ceipcollbaix\/wp-json\/wp\/v2\/pages\/64"}],"wp:attachment":[{"href":"https:\/\/agora.xtec.cat\/ceipcollbaix\/wp-json\/wp\/v2\/media?parent=587"}],"curies":[{"name":"wp","href":"https:\/\/api.w.org\/{rel}","templated":true}]}}