{"id":557,"date":"2019-09-12T09:00:43","date_gmt":"2019-09-12T07:00:43","guid":{"rendered":"http:\/\/agora.xtec.cat\/ceipcollbaix\/?page_id=557"},"modified":"2026-02-02T10:57:05","modified_gmt":"2026-02-02T09:57:05","slug":"qui-som","status":"publish","type":"page","link":"https:\/\/agora.xtec.cat\/ceipcollbaix\/lescola\/qui-som\/","title":{"rendered":"Qui som"},"content":{"rendered":"<p>L&#8217;equip de professionals que conformem la plantilla de l&#8217;escola per aquest curs 2025\/2026 \u00e9s el seg\u00fcent:<\/p>\n<p><strong>Mestres del Grup Petits<br \/>\n<\/strong><\/p>\n<p>EI3: Vanessa S\u00e1nchez i Lorena Blanquez<\/p>\n<p>EI4: Diana Gill i Ester Pal\u00e0<\/p>\n<p>EI5: Mireia Morales<\/p>\n<p>&nbsp;<\/p>\n<p><strong>Mestres del Grup Mitjans<br \/>\n<\/strong><\/p>\n<p>PRI1: Anna Sala<\/p>\n<p>PRI2: Alba Brugue<\/p>\n<p>PRI3: Ana Bel\u00e9n Mateo i Ester Jim\u00e9nez<\/p>\n<p>&nbsp;<\/p>\n<p><strong>Mestres del Grup Grans<\/strong><\/p>\n<p>PRI4: Oriol Duocastella i Ester Jim\u00e9nez<\/p>\n<p>PRI5: David Pardo<\/p>\n<p>PRI6: Xavi Terrones<\/p>\n<p>&nbsp;<\/p>\n<p><strong>Especialistes<\/strong><\/p>\n<p>M\u00fasica: Nat\u00e0lia Cort\u00e9s<\/p>\n<p>Educaci\u00f3 F\u00edsica: Gemma Serrat<\/p>\n<p>Angl\u00e8s: Patricia Lanza (I4, I5, P1, P2, P5 i P6), Ana Bel\u00e9n Mateo i Oriol Duocastella (P3 i P4)<\/p>\n<p>Atenci\u00f3 a la diversitat: Mireia Rebollo i Alba Gateu<\/p>\n<p>&nbsp;<\/p>\n<p><strong>Equip directiu<\/strong><\/p>\n<p><strong>Secret\u00e0ria<\/strong>: Ana Bel\u00e9n Mateo<\/p>\n<p><strong>Cap d&#8217;Estudis:<\/strong> Oriol Duocastella<\/p>\n<p><strong>Director<\/strong>: Jes\u00fas Mart\u00ednez<\/p>\n<p>&nbsp;<\/p>\n<p><strong>Personal PAE \/ PAS<\/strong><\/p>\n<p>Conserge: Jordi Pierola i Laimon<\/p>\n<p>Auxiliar d&#8217;Educaci\u00f3 Especial: Joana Vargas<\/p>\n<p>T\u00e8cnica d&#8217;Educaci\u00f3 Infantil: Alba Marsi\u00f1ach<\/p>\n<p>Administrativa: Anna Rodriguez<\/p>\n<p>&nbsp;<\/p>\n<p><strong>Suport a la tasca educativa<\/strong><\/p>\n<p>EAP: Eva Soto<\/p>\n<p>CREDA: Paz Castellanos<\/p>\n<p>Vetlladora: Queralt Mart\u00ednez<\/p>\n<p>&nbsp;<\/p>\n<p><strong>Servei menjador\u00a0<\/strong><\/p>\n<p>Cuinera: Salom\u00e9 Mu\u00f1oz<\/p>\n<p>Monitoratge: Alba Santamaria<\/p>\n<p>&nbsp;<\/p>\n<p><strong>Altres serveis<\/strong><\/p>\n<p>Acollida: Marta Jov\u00e9<\/p>\n","protected":false},"excerpt":{"rendered":"<p>L&#8217;equip de professionals que conformem la plantilla de l&#8217;escola per aquest curs 2025\/2026 \u00e9s el seg\u00fcent:<br \/>\nMestres del Grup Petits<\/p>\n<p>EI3: Vanessa S\u00e1nchez i Lorena Blanquez<br \/>\nEI4: Diana Gill i Ester Pal\u00e0<br \/>\nEI5: Mireia Morales<br \/>\n&nbsp;<br \/>\nMestres del Grup Mitjans<\/p>\n<p>PRI1: Anna Sala<br \/>\nPRI2: Alba Brugue<br \/>\nPRI3: Ana Bel\u00e9n Mateo i Ester Jim\u00e9nez<br \/>\n&nbsp;<br \/>\nMestres del&hellip;  <a href=\"https:\/\/agora.xtec.cat\/ceipcollbaix\/lescola\/qui-som\/\" title=\"Read Qui som\">Llegeix m\u00e9s\u00bb<\/a><\/p>\n","protected":false},"author":7,"featured_media":0,"parent":22,"menu_order":0,"comment_status":"closed","ping_status":"closed","template":"page-templates\/side-menu.php","meta":{"_bbp_topic_count":0,"_bbp_reply_count":0,"_bbp_total_topic_count":0,"_bbp_total_reply_count":0,"_bbp_voice_count":0,"_bbp_anonymous_reply_count":0,"_bbp_topic_count_hidden":0,"_bbp_reply_count_hidden":0,"_bbp_forum_subforum_count":0,"footnotes":""},"class_list":["post-557","page","type-page","status-publish","hentry"],"post_mailing_queue_ids":[],"_links":{"self":[{"href":"https:\/\/agora.xtec.cat\/ceipcollbaix\/wp-json\/wp\/v2\/pages\/557","targetHints":{"allow":["GET"]}}],"collection":[{"href":"https:\/\/agora.xtec.cat\/ceipcollbaix\/wp-json\/wp\/v2\/pages"}],"about":[{"href":"https:\/\/agora.xtec.cat\/ceipcollbaix\/wp-json\/wp\/v2\/types\/page"}],"author":[{"embeddable":true,"href":"https:\/\/agora.xtec.cat\/ceipcollbaix\/wp-json\/wp\/v2\/users\/7"}],"replies":[{"embeddable":true,"href":"https:\/\/agora.xtec.cat\/ceipcollbaix\/wp-json\/wp\/v2\/comments?post=557"}],"version-history":[{"count":6,"href":"https:\/\/agora.xtec.cat\/ceipcollbaix\/wp-json\/wp\/v2\/pages\/557\/revisions"}],"predecessor-version":[{"id":8174,"href":"https:\/\/agora.xtec.cat\/ceipcollbaix\/wp-json\/wp\/v2\/pages\/557\/revisions\/8174"}],"up":[{"embeddable":true,"href":"https:\/\/agora.xtec.cat\/ceipcollbaix\/wp-json\/wp\/v2\/pages\/22"}],"wp:attachment":[{"href":"https:\/\/agora.xtec.cat\/ceipcollbaix\/wp-json\/wp\/v2\/media?parent=557"}],"curies":[{"name":"wp","href":"https:\/\/api.w.org\/{rel}","templated":true}]}}